{"id":18199,"date":"2020-07-22T16:36:32","date_gmt":"2020-07-22T16:36:32","guid":{"rendered":"http:\/\/www.pando.es\/?page_id=18199"},"modified":"2020-09-15T16:25:45","modified_gmt":"2020-09-15T16:25:45","slug":"cookies-policy","status":"publish","type":"page","link":"https:\/\/pando.es\/en\/cookies-policy\/","title":{"rendered":"Cookies Policy"},"content":{"rendered":"<h3><strong>Cookies POLICY<\/strong><\/h3>\n<p>&nbsp;<\/p>\n<p><strong>What are cookies?<\/strong><\/p>\n<p>Cookies are small data files that are received in the terminal from the visited website and are used to record certain browsing interactions on a website storing data that can be updated and retrieved. These files are stores on the user\u2019s computer and contain anonymous data that is not harmful to your computer. They are used to remember user preferences, such as the selected language, access data or personalization of the page.<\/p>\n<p>Cookies can also be used to record anonymous information about how a visitor uses a site. For example, from which Web page you have accessed, or if you have used an advertising banner to get there.<\/p>\n<p>&nbsp;<\/p>\n<p><strong>What use do we give to different types of cookies?<\/strong><\/p>\n<p><strong>According to its purpose: <\/strong><\/p>\n<table>\n<tbody>\n<tr>\n<td width=\"325\"><strong>\u00a0<\/strong><\/p>\n<p><strong>\u00a0<\/strong><\/p>\n<p><strong>\u00a0<\/strong><\/p>\n<p><strong>\u00a0<\/strong><\/p>\n<p><strong>Technical cookies<\/strong><\/td>\n<td width=\"325\">&nbsp;<\/p>\n<p>Technical cookies are those that facilitate user navigation and the use of the different options or services offered by the web such as identifying the session, allowing access to certain areas, facilitating orders, purchases, filling in forms, registrations, security, facilitate functionalities (videos, social networks\u2026).<\/td>\n<\/tr>\n<tr>\n<td width=\"325\"><strong>\u00a0<\/strong><\/p>\n<p><strong>\u00a0<\/strong><\/p>\n<p><strong>Personalization cookies<\/strong><\/td>\n<td width=\"325\">&nbsp;<\/p>\n<p>Personalization cookies allow the user to access the services according to their preferences (language, browser, configuration\u2026).<\/p>\n<p>&nbsp;<\/td>\n<\/tr>\n<tr>\n<td width=\"325\"><strong>\u00a0<\/strong><\/p>\n<p><strong>\u00a0<\/strong><\/p>\n<p><strong>Analytical cookies<\/strong><\/td>\n<td width=\"325\">&nbsp;<\/p>\n<p>The analysis cookies are those used to carry out the anonymous analysis of the behaviour of the users of the web and that allow to measure the activity of the user and to elaborate navigation profiles in order to improve the websites.<\/td>\n<\/tr>\n<tr>\n<td width=\"325\"><strong>\u00a0<\/strong><\/p>\n<p><strong>\u00a0<\/strong><\/p>\n<p><strong>\u00a0<\/strong><\/p>\n<p><strong>\u00a0<\/strong><\/p>\n<p><strong>Advertising cookies<\/strong><\/td>\n<td width=\"325\">&nbsp;<\/p>\n<p>Advertising cookies allow the management of the advertising spaces of the web. In addition, these cookies can be personalized advertising and thus allow the management of the advertising spaces of the web based on the behaviour and habits of user navigation, where your profile is obtained and allow you to customize the advertising shown in the browse of the user or other profiles and social networks of the user.<\/td>\n<\/tr>\n<\/tbody>\n<\/table>\n<p>&nbsp;<\/p>\n<p><strong>According to its term: <\/strong><\/p>\n<table>\n<tbody>\n<tr>\n<td width=\"325\"><strong>\u00a0<\/strong><\/p>\n<p><strong>Session cookies<\/strong><\/td>\n<td width=\"325\">&nbsp;<\/p>\n<p>Session cookies are those that last as long as the user is browsing the website and are deleted when the browser is closed.<\/td>\n<\/tr>\n<tr>\n<td width=\"325\"><strong>\u00a0<\/strong><\/p>\n<p><strong>\u00a0<\/strong><\/p>\n<p><strong>Persistent cookies<\/strong><\/td>\n<td width=\"325\">&nbsp;<\/p>\n<p>These cookies are stored in the user\u2019s terminal until they are manually deleted, or the period of duration established for said cookie has ended.<\/td>\n<\/tr>\n<\/tbody>\n<\/table>\n<p><strong>\u00a0<\/strong><\/p>\n<p><strong>\u00a0<\/strong><\/p>\n<p><strong>According to its ownership: <\/strong><\/p>\n<table>\n<tbody>\n<tr>\n<td width=\"325\"><strong>\u00a0<\/strong><\/p>\n<p><strong>Own cookies<\/strong><\/td>\n<td width=\"325\">&nbsp;<\/p>\n<p>Those that are sent to the user\u2019 terminal equipment from a computer or domain managed by the editor itself and from which the service requested by the user is provided.<\/td>\n<\/tr>\n<tr>\n<td width=\"325\"><strong>\u00a0<\/strong><\/p>\n<p><strong>\u00a0<\/strong><\/p>\n<p><strong>Third-party cookies<\/strong><\/td>\n<td width=\"325\">&nbsp;<\/p>\n<p>Those that are sent to the user\u2019s terminal equipment from a computer or domain that is not managed by the editor, but by another entity that processes the data obtained through cookies.<\/td>\n<\/tr>\n<\/tbody>\n<\/table>\n<p><strong>\u00a0<\/strong><\/p>\n<p><strong>\u00a0<\/strong><\/p>\n<p><strong>The following table includes the classification and description of the cookies used on this website so you can identify them in your browser: <\/strong><\/p>\n<p><strong>\u00a0<\/strong><\/p>\n<table width=\"100%\">\n<tbody>\n<tr>\n<td width=\"26%\"><strong>Name<\/strong><\/td>\n<td width=\"16%\"><strong>Holder<\/strong><\/td>\n<td width=\"16%\"><strong>Data Collected<\/strong><\/td>\n<td width=\"12%\"><strong>Purpose<\/strong><\/td>\n<td width=\"28%\"><strong>Duration<\/strong><\/td>\n<\/tr>\n<tr>\n<td width=\"26%\"><strong>_ga<\/strong><\/td>\n<td width=\"16%\">Own cookie (.pando.es)<\/td>\n<td width=\"16%\">Visitor sessions.<\/td>\n<td width=\"12%\">Analytic.<\/td>\n<td width=\"28%\">2 years.<\/td>\n<\/tr>\n<tr>\n<td width=\"26%\">&nbsp;<\/p>\n<p><strong>_gid<\/strong><\/td>\n<td width=\"16%\">Own cookie (.pando.es)<\/td>\n<td width=\"16%\">Visitor sessions.<\/td>\n<td width=\"12%\">Analytic.<\/td>\n<td width=\"28%\">24 hours since end of last visit.<\/td>\n<\/tr>\n<tr>\n<td width=\"26%\"><strong>_gat<\/strong><\/td>\n<td width=\"16%\">Own cookie (.pando.es)<\/td>\n<td width=\"16%\">Visitor sessions.<\/td>\n<td width=\"12%\">Analytic.<\/td>\n<td width=\"28%\">1 minute.<\/td>\n<\/tr>\n<tr>\n<td width=\"26%\"><strong>_sf_form_id<\/strong><\/td>\n<td width=\"16%\">Own cookie (www.pando.es)<\/td>\n<td width=\"16%\">Visitor sessions.<\/td>\n<td width=\"12%\">Technical.<\/td>\n<td width=\"28%\">End of session.<\/td>\n<\/tr>\n<tr>\n<td width=\"26%\"><strong>PHPSESSID<\/strong><\/td>\n<td width=\"16%\">Own cookie (www.pando.es)<\/td>\n<td width=\"16%\">Visitor sessions and preferences.<\/td>\n<td width=\"12%\">Technical.<\/td>\n<td width=\"28%\">End of session.<\/td>\n<\/tr>\n<tr>\n<td width=\"26%\"><strong>ASPSESSIONID[ID NUMBER]<\/strong><\/td>\n<td width=\"16%\">Own cookie (sat.pando.es)<\/td>\n<td width=\"16%\">Visitor sessions.<\/td>\n<td width=\"12%\">Technical.<\/td>\n<td width=\"28%\">End of session.<\/td>\n<\/tr>\n<tr>\n<td width=\"26%\"><strong>CONSENT &amp; NID<\/strong><\/td>\n<td width=\"16%\">Third-party cookie (.google.com)<\/td>\n<td width=\"16%\">Google services. It handles data on preferences, links, conversions and ad interactions.<\/td>\n<td width=\"12%\">Advertising.<\/td>\n<td width=\"28%\">The duration depends on type of cookie installed: From 10 minutes to 20 years.<\/p>\n<p>&nbsp;<\/p>\n<p>For more information:<\/p>\n<p>Google <a href=\"https:\/\/policies.google.com\/technologies\/cookies\">Cookies<\/a> Policy<\/td>\n<\/tr>\n<tr>\n<td width=\"26%\"><strong>VISITOR_INFO1.LIVE<\/strong><\/td>\n<td width=\"16%\">Third-party cookie (.youtube.com)<\/td>\n<td width=\"16%\">Visitor sessions.<\/td>\n<td width=\"12%\">Analytic.<\/td>\n<td width=\"28%\">Aproximately 240 days.<\/td>\n<\/tr>\n<tr>\n<td width=\"26%\"><strong>YSC<\/strong><\/td>\n<td width=\"16%\">Third-party cookie (.youtube.com)<\/td>\n<td width=\"16%\">User preferences.<\/td>\n<td width=\"12%\">Technical.<\/td>\n<td width=\"28%\">End of session.<\/td>\n<\/tr>\n<tr>\n<td width=\"26%\"><strong>GPS<\/strong><\/td>\n<td width=\"16%\">Third-party cookie (.youtube.com)<\/td>\n<td width=\"16%\">This records a unique identification on mobile devices to track by the geographic location via GPS.<\/td>\n<td width=\"12%\">Technical.<\/td>\n<td width=\"28%\">24 hours since end of last visit.<\/td>\n<\/tr>\n<\/tbody>\n<\/table>\n<p>&nbsp;<\/p>\n<p>PANDO uses technical, personalization, analytic and advertising cookies; own and third-party ones. They treat connection data and\/or from the device and web navigation for statistical (and advertising) purposes.<\/p>\n<p>Consequently, in accordance with article 22 of the Ley de Servicios de la Sociedad de la Informaci\u00f3n, when accessing to our website we have asked for your consent for its navigation.<\/p>\n<p>The supplying of personal data through our portal and the consent for using the cookies requires a minimum age of 14 years old and the express consent of our Privacy Policy.<\/p>\n<p>&nbsp;<\/p>\n<p><strong>In any case, we inform you that you can activate or disactivate cookies by following the instructions of your browser: <\/strong><\/p>\n<table width=\"760\">\n<tbody>\n<tr>\n<td width=\"142\"><strong>Chrome<\/strong><\/p>\n<p><strong>\u00a0<\/strong><\/td>\n<td width=\"274\">Settings \u00e0 Show advanced options \u00e0 Privacy \u00e0 Content settings.<\/td>\n<td width=\"246\">support.google.com<\/p>\n<p>&nbsp;<\/td>\n<td width=\"99\"><\/td>\n<\/tr>\n<tr>\n<td width=\"142\"><strong>\u00a0<\/strong><\/p>\n<p><strong>Firefox<\/strong><\/p>\n<p><strong>\u00a0<\/strong><\/td>\n<td width=\"274\">Tools \u00e0 Options \u00e0 Privacy \u00e0 History \u00e0 Custom Settings.<\/td>\n<td width=\"246\">support.mozilla.org<\/td>\n<td width=\"99\"><\/td>\n<\/tr>\n<tr>\n<td width=\"142\"><strong>Internet Explorer<\/strong><\/p>\n<p><strong>\u00a0<\/strong><\/td>\n<td width=\"274\">&nbsp;<\/p>\n<p>Tools \u00e0 Internet Options \u00e0 Privacy \u00e0 Settings<\/p>\n<p>&nbsp;<\/td>\n<td width=\"246\">windows.microsoft.com<\/td>\n<td width=\"99\"><\/td>\n<\/tr>\n<tr>\n<td width=\"142\"><strong>Opera<\/strong><\/p>\n<p><strong>\u00a0<\/strong><\/td>\n<td width=\"274\">&nbsp;<\/p>\n<p>Tools \u00e0 Preferences \u00e0 Edit preferences \u00e0 Cookies.<\/p>\n<p>&nbsp;<\/td>\n<td width=\"246\"><a href=\"http:\/\/www.opera.com\/help\/tutorials\/security\/cookies\/\">http:\/\/www.opera.com\/help\/tutorials\/security\/cookies\/<\/a><\/td>\n<td width=\"99\">&nbsp;<\/p>\n<p>&nbsp;<\/td>\n<\/tr>\n<tr>\n<td width=\"142\"><strong>\u00a0<\/strong><\/p>\n<p><strong>Safari<\/strong><\/p>\n<p><strong>\u00a0<\/strong><\/td>\n<td width=\"274\">&nbsp;<\/p>\n<p>Preferences \u00e0 Security.<\/p>\n<p>&nbsp;<\/td>\n<td width=\"246\"><a href=\"http:\/\/www.apple.com\">http:\/\/www.apple.com<\/a><\/td>\n<td width=\"99\"><\/td>\n<\/tr>\n<tr>\n<td width=\"142\"><strong>Edge<\/strong><\/p>\n<p><strong>\u00a0<\/strong><\/td>\n<td width=\"274\">&nbsp;<\/p>\n<p>Settings \u00e0 See advanced settings \u00e0 Privacy and services \u00e0 Cookies.<\/p>\n<p>&nbsp;<\/td>\n<td width=\"246\"><a href=\"https:\/\/privacy.microsoft.com\/es-es\/windows-10-microsoft-edge-and-privacy\">https:\/\/privacy.microsoft.com\/es-es\/windows-10-microsoft-edge-and-privacy<\/a><\/p>\n<p>&nbsp;<\/td>\n<td width=\"99\"><\/td>\n<\/tr>\n<\/tbody>\n<\/table>\n<p>&nbsp;<\/p>\n<p>&nbsp;<\/p>\n","protected":false},"excerpt":{"rendered":"<p>Cookies POLICY &nbsp; What are cookies? Cookies are small data files that are received in the terminal from the visited website and are used to record certain browsing interactions on a website storing data that can be updated and retrieved. These files are stores on the user\u2019s computer and contain anonymous data that is not [&hellip;]<\/p>\n","protected":false},"author":5,"featured_media":0,"parent":0,"menu_order":0,"comment_status":"closed","ping_status":"closed","template":"","meta":{"_acf_changed":false,"footnotes":""},"class_list":["post-18199","page","type-page","status-publish","hentry"],"acf":[],"yoast_head":"<!-- This site is optimized with the Yoast SEO Premium plugin v23.0 (Yoast SEO v26.9) - https:\/\/yoast.com\/product\/yoast-seo-premium-wordpress\/ -->\n<title>Cookies Policy - Pando Integral Cooking<\/title>\n<meta name=\"robots\" content=\"index, follow, max-snippet:-1, max-image-preview:large, max-video-preview:-1\" \/>\n<link rel=\"canonical\" href=\"https:\/\/pando.es\/en\/cookies-policy\/\" \/>\n<meta property=\"og:locale\" content=\"en_US\" \/>\n<meta property=\"og:type\" content=\"article\" \/>\n<meta property=\"og:title\" content=\"Cookies Policy\" \/>\n<meta property=\"og:description\" content=\"Cookies POLICY &nbsp; What are cookies? Cookies are small data files that are received in the terminal from the visited website and are used to record certain browsing interactions on a website storing data that can be updated and retrieved. These files are stores on the user\u2019s computer and contain anonymous data that is not [&hellip;]\" \/>\n<meta property=\"og:url\" content=\"https:\/\/pando.es\/en\/cookies-policy\/\" \/>\n<meta property=\"og:site_name\" content=\"Pando Integral Cooking\" \/>\n<meta property=\"article:publisher\" content=\"https:\/\/www.facebook.com\/PandoIntegralCooking\" \/>\n<meta property=\"article:modified_time\" content=\"2020-09-15T16:25:45+00:00\" \/>\n<meta name=\"twitter:card\" content=\"summary_large_image\" \/>\n<meta name=\"twitter:site\" content=\"@pandocampanas\" \/>\n<script type=\"application\/ld+json\" class=\"yoast-schema-graph\">{\"@context\":\"https:\/\/schema.org\",\"@graph\":[{\"@type\":\"WebPage\",\"@id\":\"https:\/\/pando.es\/en\/cookies-policy\/\",\"url\":\"https:\/\/pando.es\/en\/cookies-policy\/\",\"name\":\"Cookies Policy - Pando Integral Cooking\",\"isPartOf\":{\"@id\":\"https:\/\/pando.es\/en\/#website\"},\"datePublished\":\"2020-07-22T16:36:32+00:00\",\"dateModified\":\"2020-09-15T16:25:45+00:00\",\"breadcrumb\":{\"@id\":\"https:\/\/pando.es\/en\/cookies-policy\/#breadcrumb\"},\"inLanguage\":\"en-US\",\"potentialAction\":[{\"@type\":\"ReadAction\",\"target\":[\"https:\/\/pando.es\/en\/cookies-policy\/\"]}]},{\"@type\":\"BreadcrumbList\",\"@id\":\"https:\/\/pando.es\/en\/cookies-policy\/#breadcrumb\",\"itemListElement\":[{\"@type\":\"ListItem\",\"position\":1,\"name\":\"Portada\",\"item\":\"https:\/\/pando.es\/en\/inicio-3v3\/\"},{\"@type\":\"ListItem\",\"position\":2,\"name\":\"Cookies Policy\"}]},{\"@type\":\"WebSite\",\"@id\":\"https:\/\/pando.es\/en\/#website\",\"url\":\"https:\/\/pando.es\/en\/\",\"name\":\"Pando Integral Cooking\",\"description\":\"The Global Kitchen Partner\",\"publisher\":{\"@id\":\"https:\/\/pando.es\/en\/#organization\"},\"potentialAction\":[{\"@type\":\"SearchAction\",\"target\":{\"@type\":\"EntryPoint\",\"urlTemplate\":\"https:\/\/pando.es\/en\/?s={search_term_string}\"},\"query-input\":{\"@type\":\"PropertyValueSpecification\",\"valueRequired\":true,\"valueName\":\"search_term_string\"}}],\"inLanguage\":\"en-US\"},{\"@type\":\"Organization\",\"@id\":\"https:\/\/pando.es\/en\/#organization\",\"name\":\"Pando Integral Cooking\",\"url\":\"https:\/\/pando.es\/en\/\",\"logo\":{\"@type\":\"ImageObject\",\"inLanguage\":\"en-US\",\"@id\":\"https:\/\/pando.es\/en\/#\/schema\/logo\/image\/\",\"url\":\"https:\/\/pando.es\/wp-content\/uploads\/logo-Pando-integral-cooking.png\",\"contentUrl\":\"https:\/\/pando.es\/wp-content\/uploads\/logo-Pando-integral-cooking.png\",\"width\":500,\"height\":250,\"caption\":\"Pando Integral Cooking\"},\"image\":{\"@id\":\"https:\/\/pando.es\/en\/#\/schema\/logo\/image\/\"},\"sameAs\":[\"https:\/\/www.facebook.com\/PandoIntegralCooking\",\"https:\/\/x.com\/pandocampanas\",\"https:\/\/www.pinterest.es\/pandocampanas\/\",\"https:\/\/www.youtube.com\/pandocampanas\",\"https:\/\/www.linkedin.com\/company\/pando-inoxpan\/\",\"https:\/\/www.instagram.com\/pandointegralcooking.es\/\"]}]}<\/script>\n<!-- \/ Yoast SEO Premium plugin. -->","yoast_head_json":{"title":"Cookies Policy - Pando Integral Cooking","robots":{"index":"index","follow":"follow","max-snippet":"max-snippet:-1","max-image-preview":"max-image-preview:large","max-video-preview":"max-video-preview:-1"},"canonical":"https:\/\/pando.es\/en\/cookies-policy\/","og_locale":"en_US","og_type":"article","og_title":"Cookies Policy","og_description":"Cookies POLICY &nbsp; What are cookies? Cookies are small data files that are received in the terminal from the visited website and are used to record certain browsing interactions on a website storing data that can be updated and retrieved. These files are stores on the user\u2019s computer and contain anonymous data that is not [&hellip;]","og_url":"https:\/\/pando.es\/en\/cookies-policy\/","og_site_name":"Pando Integral Cooking","article_publisher":"https:\/\/www.facebook.com\/PandoIntegralCooking","article_modified_time":"2020-09-15T16:25:45+00:00","twitter_card":"summary_large_image","twitter_site":"@pandocampanas","schema":{"@context":"https:\/\/schema.org","@graph":[{"@type":"WebPage","@id":"https:\/\/pando.es\/en\/cookies-policy\/","url":"https:\/\/pando.es\/en\/cookies-policy\/","name":"Cookies Policy - Pando Integral Cooking","isPartOf":{"@id":"https:\/\/pando.es\/en\/#website"},"datePublished":"2020-07-22T16:36:32+00:00","dateModified":"2020-09-15T16:25:45+00:00","breadcrumb":{"@id":"https:\/\/pando.es\/en\/cookies-policy\/#breadcrumb"},"inLanguage":"en-US","potentialAction":[{"@type":"ReadAction","target":["https:\/\/pando.es\/en\/cookies-policy\/"]}]},{"@type":"BreadcrumbList","@id":"https:\/\/pando.es\/en\/cookies-policy\/#breadcrumb","itemListElement":[{"@type":"ListItem","position":1,"name":"Portada","item":"https:\/\/pando.es\/en\/inicio-3v3\/"},{"@type":"ListItem","position":2,"name":"Cookies Policy"}]},{"@type":"WebSite","@id":"https:\/\/pando.es\/en\/#website","url":"https:\/\/pando.es\/en\/","name":"Pando Integral Cooking","description":"The Global Kitchen Partner","publisher":{"@id":"https:\/\/pando.es\/en\/#organization"},"potentialAction":[{"@type":"SearchAction","target":{"@type":"EntryPoint","urlTemplate":"https:\/\/pando.es\/en\/?s={search_term_string}"},"query-input":{"@type":"PropertyValueSpecification","valueRequired":true,"valueName":"search_term_string"}}],"inLanguage":"en-US"},{"@type":"Organization","@id":"https:\/\/pando.es\/en\/#organization","name":"Pando Integral Cooking","url":"https:\/\/pando.es\/en\/","logo":{"@type":"ImageObject","inLanguage":"en-US","@id":"https:\/\/pando.es\/en\/#\/schema\/logo\/image\/","url":"https:\/\/pando.es\/wp-content\/uploads\/logo-Pando-integral-cooking.png","contentUrl":"https:\/\/pando.es\/wp-content\/uploads\/logo-Pando-integral-cooking.png","width":500,"height":250,"caption":"Pando Integral Cooking"},"image":{"@id":"https:\/\/pando.es\/en\/#\/schema\/logo\/image\/"},"sameAs":["https:\/\/www.facebook.com\/PandoIntegralCooking","https:\/\/x.com\/pandocampanas","https:\/\/www.pinterest.es\/pandocampanas\/","https:\/\/www.youtube.com\/pandocampanas","https:\/\/www.linkedin.com\/company\/pando-inoxpan\/","https:\/\/www.instagram.com\/pandointegralcooking.es\/"]}]}},"_links":{"self":[{"href":"https:\/\/pando.es\/en\/wp-json\/wp\/v2\/pages\/18199","targetHints":{"allow":["GET"]}}],"collection":[{"href":"https:\/\/pando.es\/en\/wp-json\/wp\/v2\/pages"}],"about":[{"href":"https:\/\/pando.es\/en\/wp-json\/wp\/v2\/types\/page"}],"author":[{"embeddable":true,"href":"https:\/\/pando.es\/en\/wp-json\/wp\/v2\/users\/5"}],"replies":[{"embeddable":true,"href":"https:\/\/pando.es\/en\/wp-json\/wp\/v2\/comments?post=18199"}],"version-history":[{"count":3,"href":"https:\/\/pando.es\/en\/wp-json\/wp\/v2\/pages\/18199\/revisions"}],"predecessor-version":[{"id":26231,"href":"https:\/\/pando.es\/en\/wp-json\/wp\/v2\/pages\/18199\/revisions\/26231"}],"wp:attachment":[{"href":"https:\/\/pando.es\/en\/wp-json\/wp\/v2\/media?parent=18199"}],"curies":[{"name":"wp","href":"https:\/\/api.w.org\/{rel}","templated":true}]}}