{"id":39189,"date":"2024-02-15T11:04:57","date_gmt":"2024-02-15T10:04:57","guid":{"rendered":"https:\/\/pando.es\/?page_id=39189"},"modified":"2024-03-27T13:30:32","modified_gmt":"2024-03-27T12:30:32","slug":"sistema-ads","status":"publish","type":"page","link":"https:\/\/pando.es\/en\/sistema-ads\/","title":{"rendered":"Sistema ADS"},"content":{"rendered":"\t\t<div data-elementor-type=\"wp-page\" data-elementor-id=\"39189\" class=\"elementor elementor-39189 elementor-39188\" data-elementor-post-type=\"page\">\n\t\t\t\t\t\t<section class=\"elementor-section elementor-top-section elementor-element elementor-element-7711e96 elementor-section-full_width elementor-section-height-min-height elementor-section-items-top elementor-section-stretched elementor-section-height-default\" data-id=\"7711e96\" data-element_type=\"section\" data-e-type=\"section\" data-settings=\"{&quot;stretch_section&quot;:&quot;section-stretched&quot;}\">\n\t\t\t\t\t\t<div class=\"elementor-container elementor-column-gap-default\">\n\t\t\t\t\t<div class=\"elementor-column elementor-col-100 elementor-top-column elementor-element elementor-element-53b72b1\" data-id=\"53b72b1\" data-element_type=\"column\" data-e-type=\"column\">\n\t\t\t<div class=\"elementor-widget-wrap elementor-element-populated\">\n\t\t\t\t\t\t<section class=\"elementor-section elementor-inner-section elementor-element elementor-element-92d1856 elementor-section-full_width elementor-section-height-min-height elementor-reverse-mobile elementor-section-height-default elementor-invisible\" data-id=\"92d1856\" data-element_type=\"section\" data-e-type=\"section\" data-settings=\"{&quot;background_background&quot;:&quot;classic&quot;,&quot;shape_divider_bottom&quot;:&quot;arrow&quot;,&quot;shape_divider_bottom_negative&quot;:&quot;yes&quot;,&quot;animation&quot;:&quot;fadeInUp&quot;,&quot;animation_delay&quot;:500}\">\n\t\t\t\t\t<div class=\"elementor-shape elementor-shape-bottom\" aria-hidden=\"true\" data-negative=\"true\">\n\t\t\t<svg xmlns=\"http:\/\/www.w3.org\/2000\/svg\" viewBox=\"0 0 700 10\" preserveAspectRatio=\"none\">\n\t<path class=\"elementor-shape-fill\" d=\"M360 0L350 9.9 340 0 0 0 0 10 700 10 700 0\"\/>\n<\/svg>\t\t<\/div>\n\t\t\t\t\t<div class=\"elementor-container elementor-column-gap-default\">\n\t\t\t\t\t<div class=\"elementor-column elementor-col-50 elementor-inner-column elementor-element elementor-element-d2c9cc2\" data-id=\"d2c9cc2\" data-element_type=\"column\" data-e-type=\"column\">\n\t\t\t<div class=\"elementor-widget-wrap elementor-element-populated\">\n\t\t\t\t\t\t<div class=\"elementor-element elementor-element-3240278 elementor-widget__width-auto elementor-widget-mobile__width-inherit elementor-widget elementor-widget-image\" data-id=\"3240278\" data-element_type=\"widget\" data-e-type=\"widget\" data-widget_type=\"image.default\">\n\t\t\t\t<div class=\"elementor-widget-container\">\n\t\t\t\t\t\t\t\t\t\t\t\t\t\t\t<img decoding=\"async\" width=\"225\" height=\"153\" src=\"https:\/\/pando.es\/wp-content\/uploads\/logo-ADS-blanc.png\" class=\"attachment-large size-large wp-image-39183\" alt=\"\" \/>\t\t\t\t\t\t\t\t\t\t\t\t\t\t\t<\/div>\n\t\t\t\t<\/div>\n\t\t\t\t\t<\/div>\n\t\t<\/div>\n\t\t\t\t<div class=\"elementor-column elementor-col-50 elementor-inner-column elementor-element elementor-element-0f38b03\" data-id=\"0f38b03\" data-element_type=\"column\" data-e-type=\"column\" data-settings=\"{&quot;background_background&quot;:&quot;classic&quot;}\">\n\t\t\t<div class=\"elementor-widget-wrap elementor-element-populated\">\n\t\t\t\t\t\t<div class=\"elementor-element elementor-element-6a43e85 elementor-widget elementor-widget-heading\" data-id=\"6a43e85\" data-element_type=\"widget\" data-e-type=\"widget\" data-widget_type=\"heading.default\">\n\t\t\t\t<div class=\"elementor-widget-container\">\n\t\t\t\t\t<h2 class=\"elementor-heading-title elementor-size-default\">Campanas de techo:<br>Doble sistema de f\u00e1cil instalaci\u00f3n\n<\/h2>\t\t\t\t<\/div>\n\t\t\t\t<\/div>\n\t\t\t\t\t<\/div>\n\t\t<\/div>\n\t\t\t\t\t<\/div>\n\t\t<\/section>\n\t\t\t\t<section class=\"elementor-section elementor-inner-section elementor-element elementor-element-46540f0 elementor-section-full_width elementor-section-height-min-height elementor-reverse-mobile elementor-section-height-default elementor-invisible\" data-id=\"46540f0\" data-element_type=\"section\" data-e-type=\"section\" data-settings=\"{&quot;background_background&quot;:&quot;classic&quot;,&quot;animation&quot;:&quot;fadeInUp&quot;,&quot;animation_delay&quot;:500}\">\n\t\t\t\t\t\t<div class=\"elementor-container elementor-column-gap-default\">\n\t\t\t\t\t<div class=\"elementor-column elementor-col-50 elementor-inner-column elementor-element elementor-element-3bf6ab2\" data-id=\"3bf6ab2\" data-element_type=\"column\" data-e-type=\"column\">\n\t\t\t<div class=\"elementor-widget-wrap elementor-element-populated\">\n\t\t\t\t\t\t<div class=\"elementor-element elementor-element-0d13275 elementor-widget elementor-widget-heading\" data-id=\"0d13275\" data-element_type=\"widget\" data-e-type=\"widget\" data-widget_type=\"heading.default\">\n\t\t\t\t<div class=\"elementor-widget-container\">\n\t\t\t\t\t<h2 class=\"elementor-heading-title elementor-size-default\">Sistema de instalaci\u00f3n&lt;brcon varillas roscadas<\/h2>\t\t\t\t<\/div>\n\t\t\t\t<\/div>\n\t\t\t\t<div class=\"elementor-element elementor-element-2349ec7 elementor-widget elementor-widget-text-editor\" data-id=\"2349ec7\" data-element_type=\"widget\" data-e-type=\"widget\" data-widget_type=\"text-editor.default\">\n\t\t\t\t<div class=\"elementor-widget-container\">\n\t\t\t\t\t\t\t\t\t<p>Este es el sistema m\u00e1s tradicional para el montaje de las campanas de techo. Previamente debemos instalar las varillas al techo ajustando la altura deseada. La instalaci\u00f3n es tan sencilla como introducir las varillas por los orificios.<\/p>\t\t\t\t\t\t\t\t<\/div>\n\t\t\t\t<\/div>\n\t\t\t\t<div class=\"elementor-element elementor-element-ad95919 elementor-widget elementor-widget-video\" data-id=\"ad95919\" data-element_type=\"widget\" data-e-type=\"widget\" data-settings=\"{&quot;video_type&quot;:&quot;hosted&quot;,&quot;start&quot;:2,&quot;controls&quot;:&quot;yes&quot;}\" data-widget_type=\"video.default\">\n\t\t\t\t<div class=\"elementor-widget-container\">\n\t\t\t\t\t\t\t<div class=\"e-hosted-video elementor-wrapper elementor-open-inline\">\n\t\t\t\t\t<video class=\"elementor-video\" src=\"http:\/\/www.pando.es\/wp-content\/uploads\/E-221-Pando_Varilla_low.mp4#t=2\" controls=\"\" preload=\"metadata\" controlsList=\"nodownload\"><\/video>\n\t\t\t\t<\/div>\n\t\t\t\t\t\t<\/div>\n\t\t\t\t<\/div>\n\t\t\t\t\t<\/div>\n\t\t<\/div>\n\t\t\t\t<div class=\"elementor-column elementor-col-50 elementor-inner-column elementor-element elementor-element-0e8c053\" data-id=\"0e8c053\" data-element_type=\"column\" data-e-type=\"column\" data-settings=\"{&quot;background_background&quot;:&quot;classic&quot;}\">\n\t\t\t<div class=\"elementor-widget-wrap elementor-element-populated\">\n\t\t\t\t\t\t<div class=\"elementor-element elementor-element-ce6dbb9 elementor-widget elementor-widget-heading\" data-id=\"ce6dbb9\" data-element_type=\"widget\" data-e-type=\"widget\" data-widget_type=\"heading.default\">\n\t\t\t\t<div class=\"elementor-widget-container\">\n\t\t\t\t\t<h2 class=\"elementor-heading-title elementor-size-default\">Sistema de instalaci\u00f3n con grapas directamente a falso techo<\/h2>\t\t\t\t<\/div>\n\t\t\t\t<\/div>\n\t\t\t\t<div class=\"elementor-element elementor-element-acedf0a elementor-widget elementor-widget-text-editor\" data-id=\"acedf0a\" data-element_type=\"widget\" data-e-type=\"widget\" data-widget_type=\"text-editor.default\">\n\t\t\t\t<div class=\"elementor-widget-container\">\n\t\t\t\t\t\t\t\t\t<p>La zona de anclaje, se deber\u00e1 reforzar previamente en relaci\u00f3n al peso de la campana de techo a instalar.<\/p>\t\t\t\t\t\t\t\t<\/div>\n\t\t\t\t<\/div>\n\t\t\t\t<div class=\"elementor-element elementor-element-384c4ff elementor-widget elementor-widget-video\" data-id=\"384c4ff\" data-element_type=\"widget\" data-e-type=\"widget\" data-settings=\"{&quot;video_type&quot;:&quot;hosted&quot;,&quot;start&quot;:2,&quot;controls&quot;:&quot;yes&quot;}\" data-widget_type=\"video.default\">\n\t\t\t\t<div class=\"elementor-widget-container\">\n\t\t\t\t\t\t\t<div class=\"e-hosted-video elementor-wrapper elementor-open-inline\">\n\t\t\t\t\t<video class=\"elementor-video\" src=\"http:\/\/www.pando.es\/wp-content\/uploads\/E-221-Pando_Grapas_low.mp4#t=2\" controls=\"\" preload=\"metadata\" controlsList=\"nodownload\"><\/video>\n\t\t\t\t<\/div>\n\t\t\t\t\t\t<\/div>\n\t\t\t\t<\/div>\n\t\t\t\t\t<\/div>\n\t\t<\/div>\n\t\t\t\t\t<\/div>\n\t\t<\/section>\n\t\t\t\t<section class=\"elementor-section elementor-inner-section elementor-element elementor-element-2d54eeb elementor-section-full_width elementor-section-height-min-height elementor-reverse-mobile elementor-section-height-default elementor-invisible\" data-id=\"2d54eeb\" data-element_type=\"section\" data-e-type=\"section\" data-settings=\"{&quot;background_background&quot;:&quot;classic&quot;,&quot;animation&quot;:&quot;fadeInUp&quot;,&quot;animation_delay&quot;:500}\">\n\t\t\t\t\t\t<div class=\"elementor-container elementor-column-gap-default\">\n\t\t\t\t\t<div class=\"elementor-column elementor-col-50 elementor-inner-column elementor-element elementor-element-7a5cc29\" data-id=\"7a5cc29\" data-element_type=\"column\" data-e-type=\"column\">\n\t\t\t<div class=\"elementor-widget-wrap elementor-element-populated\">\n\t\t\t\t\t\t<div class=\"elementor-element elementor-element-aaf4f7f elementor-widget elementor-widget-heading\" data-id=\"aaf4f7f\" data-element_type=\"widget\" data-e-type=\"widget\" data-widget_type=\"heading.default\">\n\t\t\t\t<div class=\"elementor-widget-container\">\n\t\t\t\t\t<h2 class=\"elementor-heading-title elementor-size-default\">Box-motor<br> giratorio<\/h2>\t\t\t\t<\/div>\n\t\t\t\t<\/div>\n\t\t\t\t<div class=\"elementor-element elementor-element-9bbe869 elementor-widget elementor-widget-text-editor\" data-id=\"9bbe869\" data-element_type=\"widget\" data-e-type=\"widget\" data-widget_type=\"text-editor.default\">\n\t\t\t\t<div class=\"elementor-widget-container\">\n\t\t\t\t\t\t\t\t\t<p>Permite el cambio de direcci\u00f3n de la salida del aire, <br \/>facilitando de esta forma su instalaci\u00f3n.<\/p>\t\t\t\t\t\t\t\t<\/div>\n\t\t\t\t<\/div>\n\t\t\t\t<div class=\"elementor-element elementor-element-a0931b6 elementor-widget elementor-widget-video\" data-id=\"a0931b6\" data-element_type=\"widget\" data-e-type=\"widget\" data-settings=\"{&quot;video_type&quot;:&quot;hosted&quot;,&quot;start&quot;:2,&quot;controls&quot;:&quot;yes&quot;}\" data-widget_type=\"video.default\">\n\t\t\t\t<div class=\"elementor-widget-container\">\n\t\t\t\t\t\t\t<div class=\"e-hosted-video elementor-wrapper elementor-open-inline\">\n\t\t\t\t\t<video class=\"elementor-video\" src=\"http:\/\/www.pando.es\/wp-content\/uploads\/E-221-Pando_Box-Motor-Rotatorio_low.mp4#t=2\" controls=\"\" preload=\"metadata\" controlsList=\"nodownload\"><\/video>\n\t\t\t\t<\/div>\n\t\t\t\t\t\t<\/div>\n\t\t\t\t<\/div>\n\t\t\t\t\t<\/div>\n\t\t<\/div>\n\t\t\t\t<div class=\"elementor-column elementor-col-50 elementor-inner-column elementor-element elementor-element-88e9e97\" data-id=\"88e9e97\" data-element_type=\"column\" data-e-type=\"column\" data-settings=\"{&quot;background_background&quot;:&quot;classic&quot;}\">\n\t\t\t<div class=\"elementor-widget-wrap elementor-element-populated\">\n\t\t\t\t\t\t<div class=\"elementor-element elementor-element-eb1c03f elementor-widget elementor-widget-heading\" data-id=\"eb1c03f\" data-element_type=\"widget\" data-e-type=\"widget\" data-widget_type=\"heading.default\">\n\t\t\t\t<div class=\"elementor-widget-container\">\n\t\t\t\t\t<h2 class=\"elementor-heading-title elementor-size-default\">Cambio del sentido de la apertura de la puerta inferior<\/h2>\t\t\t\t<\/div>\n\t\t\t\t<\/div>\n\t\t\t\t<div class=\"elementor-element elementor-element-4ac904c elementor-widget elementor-widget-text-editor\" data-id=\"4ac904c\" data-element_type=\"widget\" data-e-type=\"widget\" data-widget_type=\"text-editor.default\">\n\t\t\t\t<div class=\"elementor-widget-container\">\n\t\t\t\t\t\t\t\t\t<p>Gracias a este sistema, podremos cambiar el sentido de apertura de la puerta inferior dependiendo de la orientaci\u00f3n que nos sea m\u00e1s favorable en el momento de su instalaci\u00f3n.<\/p>\t\t\t\t\t\t\t\t<\/div>\n\t\t\t\t<\/div>\n\t\t\t\t<div class=\"elementor-element elementor-element-0c3d7ee elementor-widget elementor-widget-video\" data-id=\"0c3d7ee\" data-element_type=\"widget\" data-e-type=\"widget\" data-settings=\"{&quot;video_type&quot;:&quot;hosted&quot;,&quot;start&quot;:2,&quot;controls&quot;:&quot;yes&quot;}\" data-widget_type=\"video.default\">\n\t\t\t\t<div class=\"elementor-widget-container\">\n\t\t\t\t\t\t\t<div class=\"e-hosted-video elementor-wrapper elementor-open-inline\">\n\t\t\t\t\t<video class=\"elementor-video\" src=\"http:\/\/www.pando.es\/wp-content\/uploads\/E-221-Pando_Apertura-puerta_low.mp4#t=2\" controls=\"\" preload=\"metadata\" controlsList=\"nodownload\"><\/video>\n\t\t\t\t<\/div>\n\t\t\t\t\t\t<\/div>\n\t\t\t\t<\/div>\n\t\t\t\t\t<\/div>\n\t\t<\/div>\n\t\t\t\t\t<\/div>\n\t\t<\/section>\n\t\t\t\t\t<\/div>\n\t\t<\/div>\n\t\t\t\t\t<\/div>\n\t\t<\/section>\n\t\t\t\t<section class=\"elementor-section elementor-top-section elementor-element elementor-element-bfd8d09 elementor-section-boxed elementor-section-height-default elementor-section-height-default\" data-id=\"bfd8d09\" data-element_type=\"section\" data-e-type=\"section\">\n\t\t\t\t\t\t<div class=\"elementor-container elementor-column-gap-default\">\n\t\t\t\t\t<div class=\"elementor-column elementor-col-100 elementor-top-column elementor-element elementor-element-2cdee19\" data-id=\"2cdee19\" data-element_type=\"column\" data-e-type=\"column\">\n\t\t\t<div class=\"elementor-widget-wrap\">\n\t\t\t\t\t\t\t<\/div>\n\t\t<\/div>\n\t\t\t\t\t<\/div>\n\t\t<\/section>\n\t\t\t\t<\/div>\n\t\t","protected":false},"excerpt":{"rendered":"","protected":false},"author":5,"featured_media":0,"parent":0,"menu_order":0,"comment_status":"closed","ping_status":"closed","template":"","meta":{"_acf_changed":false,"footnotes":""},"class_list":["post-39189","page","type-page","status-publish","hentry"],"acf":[],"yoast_head":"<!-- This site is optimized with the Yoast SEO Premium plugin v23.0 (Yoast SEO v26.9) - https:\/\/yoast.com\/product\/yoast-seo-premium-wordpress\/ -->\n<title>Sistema ADS Pando Integral Cooking -<\/title>\n<meta name=\"description\" content=\"Sistema de f\u00e1cil instalaci\u00f3n para campanas\" \/>\n<meta name=\"robots\" content=\"index, follow, max-snippet:-1, max-image-preview:large, max-video-preview:-1\" \/>\n<link rel=\"canonical\" href=\"https:\/\/pando.es\/en\/sistema-ads\/\" \/>\n<meta property=\"og:locale\" content=\"en_US\" \/>\n<meta property=\"og:type\" content=\"article\" \/>\n<meta property=\"og:title\" content=\"Sistema ADS\" \/>\n<meta property=\"og:description\" content=\"Sistema de f\u00e1cil instalaci\u00f3n para campanas\" \/>\n<meta property=\"og:url\" content=\"https:\/\/pando.es\/en\/sistema-ads\/\" \/>\n<meta property=\"og:site_name\" content=\"Pando Integral Cooking\" \/>\n<meta property=\"article:publisher\" content=\"https:\/\/www.facebook.com\/PandoIntegralCooking\" \/>\n<meta property=\"article:modified_time\" content=\"2024-03-27T12:30:32+00:00\" \/>\n<meta name=\"twitter:card\" content=\"summary_large_image\" \/>\n<meta name=\"twitter:site\" content=\"@pandocampanas\" \/>\n<script type=\"application\/ld+json\" class=\"yoast-schema-graph\">{\"@context\":\"https:\/\/schema.org\",\"@graph\":[{\"@type\":\"WebPage\",\"@id\":\"https:\/\/pando.es\/en\/sistema-ads\/\",\"url\":\"https:\/\/pando.es\/en\/sistema-ads\/\",\"name\":\"Sistema ADS Pando Integral Cooking -\",\"isPartOf\":{\"@id\":\"https:\/\/pando.es\/en\/#website\"},\"datePublished\":\"2024-02-15T10:04:57+00:00\",\"dateModified\":\"2024-03-27T12:30:32+00:00\",\"description\":\"Sistema de f\u00e1cil instalaci\u00f3n para campanas\",\"breadcrumb\":{\"@id\":\"https:\/\/pando.es\/en\/sistema-ads\/#breadcrumb\"},\"inLanguage\":\"en-US\",\"potentialAction\":[{\"@type\":\"ReadAction\",\"target\":[\"https:\/\/pando.es\/en\/sistema-ads\/\"]}]},{\"@type\":\"BreadcrumbList\",\"@id\":\"https:\/\/pando.es\/en\/sistema-ads\/#breadcrumb\",\"itemListElement\":[{\"@type\":\"ListItem\",\"position\":1,\"name\":\"Portada\",\"item\":\"https:\/\/pando.es\/en\/inicio-3v3\/\"},{\"@type\":\"ListItem\",\"position\":2,\"name\":\"Sistema ADS\"}]},{\"@type\":\"WebSite\",\"@id\":\"https:\/\/pando.es\/en\/#website\",\"url\":\"https:\/\/pando.es\/en\/\",\"name\":\"Pando Integral Cooking\",\"description\":\"The Global Kitchen Partner\",\"publisher\":{\"@id\":\"https:\/\/pando.es\/en\/#organization\"},\"potentialAction\":[{\"@type\":\"SearchAction\",\"target\":{\"@type\":\"EntryPoint\",\"urlTemplate\":\"https:\/\/pando.es\/en\/?s={search_term_string}\"},\"query-input\":{\"@type\":\"PropertyValueSpecification\",\"valueRequired\":true,\"valueName\":\"search_term_string\"}}],\"inLanguage\":\"en-US\"},{\"@type\":\"Organization\",\"@id\":\"https:\/\/pando.es\/en\/#organization\",\"name\":\"Pando Integral Cooking\",\"url\":\"https:\/\/pando.es\/en\/\",\"logo\":{\"@type\":\"ImageObject\",\"inLanguage\":\"en-US\",\"@id\":\"https:\/\/pando.es\/en\/#\/schema\/logo\/image\/\",\"url\":\"https:\/\/pando.es\/wp-content\/uploads\/logo-Pando-integral-cooking.png\",\"contentUrl\":\"https:\/\/pando.es\/wp-content\/uploads\/logo-Pando-integral-cooking.png\",\"width\":500,\"height\":250,\"caption\":\"Pando Integral Cooking\"},\"image\":{\"@id\":\"https:\/\/pando.es\/en\/#\/schema\/logo\/image\/\"},\"sameAs\":[\"https:\/\/www.facebook.com\/PandoIntegralCooking\",\"https:\/\/x.com\/pandocampanas\",\"https:\/\/www.pinterest.es\/pandocampanas\/\",\"https:\/\/www.youtube.com\/pandocampanas\",\"https:\/\/www.linkedin.com\/company\/pando-inoxpan\/\",\"https:\/\/www.instagram.com\/pandointegralcooking.es\/\"]}]}<\/script>\n<!-- \/ Yoast SEO Premium plugin. -->","yoast_head_json":{"title":"Sistema ADS Pando Integral Cooking -","description":"Sistema de f\u00e1cil instalaci\u00f3n para campanas","robots":{"index":"index","follow":"follow","max-snippet":"max-snippet:-1","max-image-preview":"max-image-preview:large","max-video-preview":"max-video-preview:-1"},"canonical":"https:\/\/pando.es\/en\/sistema-ads\/","og_locale":"en_US","og_type":"article","og_title":"Sistema ADS","og_description":"Sistema de f\u00e1cil instalaci\u00f3n para campanas","og_url":"https:\/\/pando.es\/en\/sistema-ads\/","og_site_name":"Pando Integral Cooking","article_publisher":"https:\/\/www.facebook.com\/PandoIntegralCooking","article_modified_time":"2024-03-27T12:30:32+00:00","twitter_card":"summary_large_image","twitter_site":"@pandocampanas","schema":{"@context":"https:\/\/schema.org","@graph":[{"@type":"WebPage","@id":"https:\/\/pando.es\/en\/sistema-ads\/","url":"https:\/\/pando.es\/en\/sistema-ads\/","name":"Sistema ADS Pando Integral Cooking -","isPartOf":{"@id":"https:\/\/pando.es\/en\/#website"},"datePublished":"2024-02-15T10:04:57+00:00","dateModified":"2024-03-27T12:30:32+00:00","description":"Sistema de f\u00e1cil instalaci\u00f3n para campanas","breadcrumb":{"@id":"https:\/\/pando.es\/en\/sistema-ads\/#breadcrumb"},"inLanguage":"en-US","potentialAction":[{"@type":"ReadAction","target":["https:\/\/pando.es\/en\/sistema-ads\/"]}]},{"@type":"BreadcrumbList","@id":"https:\/\/pando.es\/en\/sistema-ads\/#breadcrumb","itemListElement":[{"@type":"ListItem","position":1,"name":"Portada","item":"https:\/\/pando.es\/en\/inicio-3v3\/"},{"@type":"ListItem","position":2,"name":"Sistema ADS"}]},{"@type":"WebSite","@id":"https:\/\/pando.es\/en\/#website","url":"https:\/\/pando.es\/en\/","name":"Pando Integral Cooking","description":"The Global Kitchen Partner","publisher":{"@id":"https:\/\/pando.es\/en\/#organization"},"potentialAction":[{"@type":"SearchAction","target":{"@type":"EntryPoint","urlTemplate":"https:\/\/pando.es\/en\/?s={search_term_string}"},"query-input":{"@type":"PropertyValueSpecification","valueRequired":true,"valueName":"search_term_string"}}],"inLanguage":"en-US"},{"@type":"Organization","@id":"https:\/\/pando.es\/en\/#organization","name":"Pando Integral Cooking","url":"https:\/\/pando.es\/en\/","logo":{"@type":"ImageObject","inLanguage":"en-US","@id":"https:\/\/pando.es\/en\/#\/schema\/logo\/image\/","url":"https:\/\/pando.es\/wp-content\/uploads\/logo-Pando-integral-cooking.png","contentUrl":"https:\/\/pando.es\/wp-content\/uploads\/logo-Pando-integral-cooking.png","width":500,"height":250,"caption":"Pando Integral Cooking"},"image":{"@id":"https:\/\/pando.es\/en\/#\/schema\/logo\/image\/"},"sameAs":["https:\/\/www.facebook.com\/PandoIntegralCooking","https:\/\/x.com\/pandocampanas","https:\/\/www.pinterest.es\/pandocampanas\/","https:\/\/www.youtube.com\/pandocampanas","https:\/\/www.linkedin.com\/company\/pando-inoxpan\/","https:\/\/www.instagram.com\/pandointegralcooking.es\/"]}]}},"_links":{"self":[{"href":"https:\/\/pando.es\/en\/wp-json\/wp\/v2\/pages\/39189","targetHints":{"allow":["GET"]}}],"collection":[{"href":"https:\/\/pando.es\/en\/wp-json\/wp\/v2\/pages"}],"about":[{"href":"https:\/\/pando.es\/en\/wp-json\/wp\/v2\/types\/page"}],"author":[{"embeddable":true,"href":"https:\/\/pando.es\/en\/wp-json\/wp\/v2\/users\/5"}],"replies":[{"embeddable":true,"href":"https:\/\/pando.es\/en\/wp-json\/wp\/v2\/comments?post=39189"}],"version-history":[{"count":3,"href":"https:\/\/pando.es\/en\/wp-json\/wp\/v2\/pages\/39189\/revisions"}],"predecessor-version":[{"id":40773,"href":"https:\/\/pando.es\/en\/wp-json\/wp\/v2\/pages\/39189\/revisions\/40773"}],"wp:attachment":[{"href":"https:\/\/pando.es\/en\/wp-json\/wp\/v2\/media?parent=39189"}],"curies":[{"name":"wp","href":"https:\/\/api.w.org\/{rel}","templated":true}]}}