{"id":12386,"date":"2018-09-13T16:34:02","date_gmt":"2018-09-13T16:34:02","guid":{"rendered":"http:\/\/www.pando.es\/certificaciones\/"},"modified":"2025-11-25T13:48:14","modified_gmt":"2025-11-25T12:48:14","slug":"certificaciones","status":"publish","type":"page","link":"https:\/\/pando.es\/fr\/certificaciones\/","title":{"rendered":"Certification"},"content":{"rendered":"<div id='av_section_1'  class='avia-section av-2fmydaa-544e5ead6dae361c0c8d0990c741768a main_color avia-section-default avia-no-border-styling  avia-builder-el-0  avia-builder-el-no-sibling  avia-bg-style-scroll container_wrap sidebar_right'  ><div class='container av-section-cont-open' ><main  role=\"main\" itemprop=\"mainContentOfPage\"  class='template-page content  av-content-small alpha units'><div class='post-entry post-entry-type-page post-entry-12386'><div class='entry-content-wrapper clearfix'>\n\n<style type=\"text\/css\" data-created_by=\"avia_inline_auto\" id=\"style-css-av-24kndky-7146a3b824040d4059a65336dc70157f\">\n.flex_column.av-24kndky-7146a3b824040d4059a65336dc70157f{\nborder-radius:0px 0px 0px 0px;\npadding:0px 0px 0px 0px;\n}\n<\/style>\n<div  class='flex_column av-24kndky-7146a3b824040d4059a65336dc70157f av_one_third  avia-builder-el-1  el_before_av_two_third  avia-builder-el-first  first flex_column_div av-zero-column-padding  '     ><p>\n<style type=\"text\/css\" data-created_by=\"avia_inline_auto\" id=\"style-css-av-av_heading-d5c4eba81f488aec154374c86c348a67\">\n#top .av-special-heading.av-av_heading-d5c4eba81f488aec154374c86c348a67{\npadding-bottom:10px;\nfont-size:39px;\n}\nbody .av-special-heading.av-av_heading-d5c4eba81f488aec154374c86c348a67 .av-special-heading-tag .heading-char{\nfont-size:25px;\n}\n#top #wrap_all .av-special-heading.av-av_heading-d5c4eba81f488aec154374c86c348a67 .av-special-heading-tag{\nfont-size:39px;\n}\n.av-special-heading.av-av_heading-d5c4eba81f488aec154374c86c348a67 .av-subheading{\nfont-size:15px;\n}\n\n@media only screen and (min-width: 480px) and (max-width: 767px){ \n#top #wrap_all .av-special-heading.av-av_heading-d5c4eba81f488aec154374c86c348a67 .av-special-heading-tag{\nfont-size:0.8em;\n}\n}\n\n@media only screen and (max-width: 479px){ \n#top #wrap_all .av-special-heading.av-av_heading-d5c4eba81f488aec154374c86c348a67 .av-special-heading-tag{\nfont-size:0.8em;\n}\n}\n<\/style>\n<div  class='av-special-heading av-av_heading-d5c4eba81f488aec154374c86c348a67 av-special-heading-h3 blockquote modern-quote  avia-builder-el-2  el_before_av_hr  avia-builder-el-first  av-inherit-size'><h3 class='av-special-heading-tag'  itemprop=\"headline\"  >Certifications Pando <\/h3><div class=\"special-heading-border\"><div class=\"special-heading-inner-border\"><\/div><\/div><\/div><br \/>\n<div  class='hr av-7pndxwi-35e8a02cec7006ea05ba000ad95b3b8a hr-default  avia-builder-el-3  el_after_av_heading  el_before_av_image '><span class='hr-inner '><span class=\"hr-inner-style\"><\/span><\/span><\/div><br \/>\n\n<style type=\"text\/css\" data-created_by=\"avia_inline_auto\" id=\"style-css-av-6kwx5s2-8f397ea0aa0f86d214e1cbf1630a7b5d\">\n.avia-image-container.av-6kwx5s2-8f397ea0aa0f86d214e1cbf1630a7b5d img.avia_image{\nbox-shadow:none;\n}\n.avia-image-container.av-6kwx5s2-8f397ea0aa0f86d214e1cbf1630a7b5d .av-image-caption-overlay-center{\ncolor:#ffffff;\n}\n<\/style>\n<div  class='avia-image-container av-6kwx5s2-8f397ea0aa0f86d214e1cbf1630a7b5d av-styling- avia-align-center  avia-builder-el-4  el_after_av_hr  el_before_av_textblock '   itemprop=\"image\" itemscope=\"itemscope\" itemtype=\"https:\/\/schema.org\/ImageObject\" ><div class=\"avia-image-container-inner\"><div class=\"avia-image-overlay-wrap\"><img fetchpriority=\"high\" decoding=\"async\" fetchpriority=\"high\" fetchpriority=\"high\" class='wp-image-12323 avia-img-lazy-loading-not-12323 avia_image ' src=\"https:\/\/pando.es\/wp-content\/uploads\/Pando-certificado-SGS.png\" alt='' title='Pando-certificado-SGS'  height=\"147\" width=\"250\"  itemprop=\"thumbnailUrl\"  \/><\/div><\/div><\/div><br \/>\n<section  class='av_textblock_section av-5lulwzm-f925b78bb9ccea9f4f7907eec79f8f08 '   itemscope=\"itemscope\" itemtype=\"https:\/\/schema.org\/CreativeWork\" ><div class='avia_textblock'  itemprop=\"text\" ><p>(*) Certification de produit SGS conforme \u00e0 la norme UNE-EN 60335<\/p>\n<\/div><\/section><br \/>\n<div  class='hr av-7pndxwi-35e8a02cec7006ea05ba000ad95b3b8a hr-default  avia-builder-el-6  el_after_av_textblock  el_before_av_image '><span class='hr-inner '><span class=\"hr-inner-style\"><\/span><\/span><\/div><br \/>\n\n<style type=\"text\/css\" data-created_by=\"avia_inline_auto\" id=\"style-css-av-gwpug2-359eda880d7d2f19d605da4e0bfecc9b\">\n.avia-image-container.av-gwpug2-359eda880d7d2f19d605da4e0bfecc9b img.avia_image{\nbox-shadow:none;\n}\n.avia-image-container.av-gwpug2-359eda880d7d2f19d605da4e0bfecc9b .av-image-caption-overlay-center{\ncolor:#ffffff;\n}\n<\/style>\n<div  class='avia-image-container av-gwpug2-359eda880d7d2f19d605da4e0bfecc9b av-styling- avia-align-center  avia-builder-el-7  el_after_av_hr  el_before_av_textblock '   itemprop=\"image\" itemscope=\"itemscope\" itemtype=\"https:\/\/schema.org\/ImageObject\" ><div class=\"avia-image-container-inner\"><div class=\"avia-image-overlay-wrap\"><img fetchpriority=\"high\" decoding=\"async\" fetchpriority=\"high\" fetchpriority=\"high\" class='wp-image-14116 avia-img-lazy-loading-not-14116 avia_image ' src=\"https:\/\/pando.es\/wp-content\/uploads\/Pando-certificado-SGS-Empresa.png\" alt='' title='Pando-certificado-SGS-Empresa'  height=\"147\" width=\"250\"  itemprop=\"thumbnailUrl\"  \/><\/div><\/div><\/div><br \/>\n<section  class='av_textblock_section av-3ui109u-2a7b8244447199aa98732d4415979b4a '   itemscope=\"itemscope\" itemtype=\"https:\/\/schema.org\/CreativeWork\" ><div class='avia_textblock'  itemprop=\"text\" ><p>ISO 9001:2015 &#8211; Quality Management System Certification \u2013 Register number ES19\/86566<\/p>\n<\/div><\/section><br \/>\n<div  class='avia-button-wrap av-3cul2bm-be40723c6f82504a96d490a5eb95252e-wrap avia-button-center  avia-builder-el-9  el_after_av_textblock  el_before_av_hr '><a href='\/docs\/SGS_ISO 9001_2015_ES1986566_FR.pdf' class='avia-button av-3cul2bm-be40723c6f82504a96d490a5eb95252e avia-icon_select-no avia-size-small avia-position-center avia-color-theme-color' target=\"_blank\" rel=\"noopener noreferrer\"><span class='avia_iconbox_title' >Voir certificat<\/span><\/a><\/div><br \/>\n<div  class='hr av-2wawvky-57bda270af5ae02d951ddde704b0f6c6 hr-default  avia-builder-el-10  el_after_av_button  el_before_av_image '><span class='hr-inner '><span class=\"hr-inner-style\"><\/span><\/span><\/div><br \/>\n\n<style type=\"text\/css\" data-created_by=\"avia_inline_auto\" id=\"style-css-av-gwpug2-79a0b9eeb37d98d9fbb3ecc27dae0798\">\n.avia-image-container.av-gwpug2-79a0b9eeb37d98d9fbb3ecc27dae0798 img.avia_image{\nbox-shadow:none;\n}\n.avia-image-container.av-gwpug2-79a0b9eeb37d98d9fbb3ecc27dae0798 .av-image-caption-overlay-center{\ncolor:#ffffff;\n}\n<\/style>\n<div  class='avia-image-container av-gwpug2-79a0b9eeb37d98d9fbb3ecc27dae0798 av-styling- avia-align-center  avia-builder-el-11  el_after_av_hr  el_before_av_textblock '   itemprop=\"image\" itemscope=\"itemscope\" itemtype=\"https:\/\/schema.org\/ImageObject\" ><div class=\"avia-image-container-inner\"><div class=\"avia-image-overlay-wrap\"><img fetchpriority=\"high\" decoding=\"async\" fetchpriority=\"high\" fetchpriority=\"high\" class='wp-image-22344 avia-img-lazy-loading-not-22344 avia_image ' src=\"https:\/\/pando.es\/wp-content\/uploads\/Pando-certificado-SGS-Empresa-1.png\" alt='' title='Pando-certificado-SGS-Empresa'  height=\"147\" width=\"250\"  itemprop=\"thumbnailUrl\"  \/><\/div><\/div><\/div><br \/>\n<section  class='av_textblock_section av-3ui109u-2a7b8244447199aa98732d4415979b4a '   itemscope=\"itemscope\" itemtype=\"https:\/\/schema.org\/CreativeWork\" ><div class='avia_textblock'  itemprop=\"text\" ><p>ISO 14001:2015 &#8211; Environmental Management System Certification \u2013 Register number ES20\/208675<\/p>\n<\/div><\/section><br \/>\n<div  class='avia-button-wrap av-3cul2bm-ca8cc550715e272c64fc564f90454561-wrap avia-button-center  avia-builder-el-13  el_after_av_textblock  el_before_av_hr '><a href='\/docs\/SGS_ISO 14001_2015_ES20208675_FR.pdf' class='avia-button av-3cul2bm-ca8cc550715e272c64fc564f90454561 avia-icon_select-no avia-size-small avia-position-center avia-color-theme-color' target=\"_blank\" rel=\"noopener noreferrer\"><span class='avia_iconbox_title' >Voir certificat<\/span><\/a><\/div><br \/>\n<div  class='hr av-2wawvky-57bda270af5ae02d951ddde704b0f6c6 hr-default  avia-builder-el-14  el_after_av_button  el_before_av_image '><span class='hr-inner '><span class=\"hr-inner-style\"><\/span><\/span><\/div><br \/>\n\n<style type=\"text\/css\" data-created_by=\"avia_inline_auto\" id=\"style-css-av-gwpug2-bb3e2d22a6d95e22910029bebec408ca\">\n.avia-image-container.av-gwpug2-bb3e2d22a6d95e22910029bebec408ca img.avia_image{\nbox-shadow:none;\n}\n.avia-image-container.av-gwpug2-bb3e2d22a6d95e22910029bebec408ca .av-image-caption-overlay-center{\ncolor:#ffffff;\n}\n<\/style>\n<div  class='avia-image-container av-gwpug2-bb3e2d22a6d95e22910029bebec408ca av-styling- avia-align-center  avia-builder-el-15  el_after_av_hr  el_before_av_textblock '   itemprop=\"image\" itemscope=\"itemscope\" itemtype=\"https:\/\/schema.org\/ImageObject\" ><div class=\"avia-image-container-inner\"><div class=\"avia-image-overlay-wrap\"><img fetchpriority=\"high\" decoding=\"async\" fetchpriority=\"high\" fetchpriority=\"high\" class='wp-image-41685 avia-img-lazy-loading-not-41685 avia_image ' src=\"https:\/\/pando.es\/wp-content\/uploads\/logo-2022_C-2.png\" alt='' title='logo-2022_C-2'  height=\"180\" width=\"138\"  itemprop=\"thumbnailUrl\"  \/><\/div><\/div><\/div><br \/>\n<section  class='av_textblock_section av-3ui109u-353a56cd6f3308ad950c2daff8ddc965 '   itemscope=\"itemscope\" itemtype=\"https:\/\/schema.org\/CreativeWork\" ><div class='avia_textblock'  itemprop=\"text\" ><p>Certificat d&rsquo;enregistrement de l&#8217;empreinte carbone, de compensation et de projets d&rsquo;absorption de CO2 du Minist\u00e8re de la Transition \u00e9cologique et du D\u00e9fi d\u00e9mographique (MITERD), correspondant aux \u00e9missions de 2022 &#8211; Code empreinte carbone : 2023-a3746.<\/p>\n<\/div><\/section><br \/>\n<div  class='avia-button-wrap av-3cul2bm-35c592d2a89fbf323d37ef7f27e6142a-wrap avia-button-center  avia-builder-el-17  el_after_av_textblock  el_before_av_hr '><a href='\/docs\/CERTIFICADO-INSCRIPCION_2022_C.pdf' class='avia-button av-3cul2bm-35c592d2a89fbf323d37ef7f27e6142a avia-icon_select-no avia-size-small avia-position-center avia-color-theme-color' target=\"_blank\" rel=\"noopener noreferrer\"><span class='avia_iconbox_title' >Voir certificat<\/span><\/a><\/div><br \/>\n<div  class='hr av-2wawvky-57bda270af5ae02d951ddde704b0f6c6 hr-default  avia-builder-el-18  el_after_av_button  el_before_av_textblock '><span class='hr-inner '><span class=\"hr-inner-style\"><\/span><\/span><\/div><br \/>\n<section  class='av_textblock_section av-2htwg3m-cf4a0d6326c543ba8aff101076b510c4 '   itemscope=\"itemscope\" itemtype=\"https:\/\/schema.org\/CreativeWork\" ><div class='avia_textblock'  itemprop=\"text\" ><p>(*) L\u2019utilisation de la certification est exclusive pour de produits, dont l\u2019\u00e9tiquette porte le marquage de ce symbole.<\/p>\n<\/div><\/section><\/p><\/div>\n<style type=\"text\/css\" data-created_by=\"avia_inline_auto\" id=\"style-css-av-17ndmgy-343a6238a35358de141245e422f4ad30\">\n.flex_column.av-17ndmgy-343a6238a35358de141245e422f4ad30{\nborder-radius:0px 0px 0px 0px;\npadding:0px 0px 0px 0px;\n}\n<\/style>\n<div  class='flex_column av-17ndmgy-343a6238a35358de141245e422f4ad30 av_two_third  avia-builder-el-20  el_after_av_one_third  avia-builder-el-last  flex_column_div av-zero-column-padding  '     ><p>\n<style type=\"text\/css\" data-created_by=\"avia_inline_auto\" id=\"style-css-av-av_heading-bddf2ba57e85c0a45980af669f57c318\">\n#top .av-special-heading.av-av_heading-bddf2ba57e85c0a45980af669f57c318{\npadding-bottom:10px;\nfont-size:39px;\n}\nbody .av-special-heading.av-av_heading-bddf2ba57e85c0a45980af669f57c318 .av-special-heading-tag .heading-char{\nfont-size:25px;\n}\n#top #wrap_all .av-special-heading.av-av_heading-bddf2ba57e85c0a45980af669f57c318 .av-special-heading-tag{\nfont-size:39px;\n}\n.av-special-heading.av-av_heading-bddf2ba57e85c0a45980af669f57c318 .av-subheading{\nfont-size:15px;\n}\n\n@media only screen and (min-width: 480px) and (max-width: 767px){ \n#top #wrap_all .av-special-heading.av-av_heading-bddf2ba57e85c0a45980af669f57c318 .av-special-heading-tag{\nfont-size:0.8em;\n}\n}\n\n@media only screen and (max-width: 479px){ \n#top #wrap_all .av-special-heading.av-av_heading-bddf2ba57e85c0a45980af669f57c318 .av-special-heading-tag{\nfont-size:0.8em;\n}\n}\n<\/style>\n<div  class='av-special-heading av-av_heading-bddf2ba57e85c0a45980af669f57c318 av-special-heading-h3 blockquote modern-quote  avia-builder-el-21  el_before_av_hr  avia-builder-el-first  av-inherit-size av-linked-heading'><h3 class='av-special-heading-tag'  itemprop=\"headline\"  >La Politique de Qualit\u00e9 et de respect de l\u2019Environnement d\u2019INOXPAN S.L.<\/h3><div class=\"special-heading-border\"><div class=\"special-heading-inner-border\"><\/div><\/div><\/div><br \/>\n<div  class='hr av-zwkbvm-7976122636b1e709dfda5e36132a5846 hr-default  avia-builder-el-22  el_after_av_heading  el_before_av_textblock '><span class='hr-inner '><span class=\"hr-inner-style\"><\/span><\/span><\/div><br \/>\n<section  class='av_textblock_section av-usao5e-bbaa54a8aef9918edd0c194fc2187df6 '   itemscope=\"itemscope\" itemtype=\"https:\/\/schema.org\/CreativeWork\" ><div class='avia_textblock'  itemprop=\"text\" ><p><strong>La politique de qualit\u00e9 et de respect de l\u2019environnement d\u2019INOXPAN S.L. est bas\u00e9e sur l\u2019engagement de la Direction de r\u00e9aliser toutes les activit\u00e9s de l\u2019organisation selon un syst\u00e8me de gestion de la Qualit\u00e9 et du Respect de l\u2019Environnement. Il se veut efficace et dynamique et permettant la livraison de produits qui satisfassent les besoins de nos clients, ainsi que les obligations l\u00e9gales et r\u00e9glementaires nationales et internationales en vigueurs, incluant le respect de l\u2019environnement, \u00e0 des prix comp\u00e9titifs, avec des conditions de services correctes, et ayant un impact sur l\u2019environnement le plus faible possible. <\/strong><\/p>\n<p><strong>Cette politique est assum\u00e9e par toutes les parties prenantes de l\u2019entreprise, qui participent activement au d\u00e9veloppement et \u00e0 l\u2019am\u00e9lioration du Syst\u00e8me de Qualit\u00e9 et du Respect de l\u2019Environnement, et est appliqu\u00e9e \u00e0 chaque activit\u00e9 d\u00e9velopp\u00e9e par l\u2019entreprise.<\/strong><\/p>\n<p><strong>La Politique de Qualit\u00e9 et de Respect de l\u2019Environnement d\u2019 INOXPAN S.L. est fond\u00e9e sur les principes suivant :<\/strong><\/p>\n<h3><strong>Satisfaction client et engagement pour le respect de l\u2019environnement<\/strong><\/h3>\n<p>Au c\u0153ur de notre politique, la gestion de l\u2019organisation est orient\u00e9e vers une am\u00e9lioration permanente du degr\u00e9 de satisfaction des clients, ainsi que dans la focalisation de sa performance environnementale, la mise en place de m\u00e9canismes efficaces pour sa connaissance et son contr\u00f4le, et avec l&rsquo;inclusion de crit\u00e8res environnementaux dans toute d\u00e9cision commerciale impliquant de nouveaux projets, l&rsquo;acquisition de produits ou de services.<\/p>\n<h3><strong>Am\u00e9lioration continue<\/strong><\/h3>\n<p>L&rsquo;optimisation de la gestion des processus, d\u00e9velopp\u00e9e conjointement avec la planification, la mise en \u0153uvre et le contr\u00f4le des actions d&rsquo;am\u00e9lioration constitueront une activit\u00e9 essentielle dans les op\u00e9rations de gestion de l&rsquo;organisation.<\/p>\n<h3><strong>Exigences mises \u00e0 jour<\/strong><\/h3>\n<p>Que le Syst\u00e8me de Gestion de la Qualit\u00e9 et de l&rsquo;Environnement soit mis \u00e0 jour \u00e0 tout moment, afin qu&rsquo;il conserve son efficacit\u00e9 face aux changements de produits, \u00e0 l&rsquo;\u00e9volution des demandes du march\u00e9 et des exigences environnementales, induisant dans la gestion de l&rsquo;organisation une dynamique d&rsquo;am\u00e9lioration permanent.<\/p>\n<h3><strong>Qualit\u00e9 des produits et services et impact environnemental<\/strong><\/h3>\n<p>La gestion des processus d&rsquo;INOXPAN SL est bas\u00e9e sur la pr\u00e9vention en tant que moyen le plus efficace d&rsquo;atteindre des niveaux de qualit\u00e9 de produit et de service satisfaisants pour nos clients, ainsi que de produire le moins d&rsquo;impact possible sur l&rsquo;environnement, en poursuivant une innovation et un d\u00e9veloppement technologique constant de la conception des produits sur la base des r\u00e9glementations en vigueur.<\/p>\n<h3><strong>La communication<\/strong><\/h3>\n<p>Les niveaux de communication, tant internes qu&rsquo;externes, n\u00e9cessaires au d\u00e9veloppement optimal de l&rsquo;activit\u00e9 et \u00e0 la bonne ex\u00e9cution du Syst\u00e8me de Management Qualit\u00e9 et Environnement seront \u00e9tablis dans les termes d\u00e9crits dans la pr\u00e9sente Politique, en les adaptant au destinataire et en utilisant les moyens appropri\u00e9s de tous ceux qui sont disponibles, et qui sont donc obligatoires pour tout le personnel de l&rsquo;organisation, dans l&rsquo;exercice de leurs activit\u00e9s.<\/p>\n<\/div><\/section><\/p><\/div><\/div><\/div><\/main><!-- close content main element --><\/div><\/div><div id='after_section_1'  class='main_color av_default_container_wrap container_wrap sidebar_right'  ><div class='container av-section-cont-open' ><div class='template-page content  av-content-small alpha units'><div class='post-entry post-entry-type-page post-entry-12386'><div class='entry-content-wrapper clearfix'>\n","protected":false},"excerpt":{"rendered":"","protected":false},"author":5,"featured_media":0,"parent":0,"menu_order":0,"comment_status":"closed","ping_status":"closed","template":"","meta":{"_acf_changed":false,"footnotes":""},"class_list":["post-12386","page","type-page","status-publish","hentry"],"acf":[],"yoast_head":"<!-- This site is optimized with the Yoast SEO Premium plugin v23.0 (Yoast SEO v26.9) - https:\/\/yoast.com\/product\/yoast-seo-premium-wordpress\/ -->\n<title>Certification - Pando<\/title>\n<meta name=\"robots\" content=\"index, follow, max-snippet:-1, max-image-preview:large, max-video-preview:-1\" \/>\n<link rel=\"canonical\" href=\"https:\/\/pando.es\/fr\/certificaciones\/\" \/>\n<meta property=\"og:locale\" content=\"fr_FR\" \/>\n<meta property=\"og:type\" content=\"article\" \/>\n<meta property=\"og:title\" content=\"Certification\" \/>\n<meta property=\"og:url\" content=\"https:\/\/pando.es\/fr\/certificaciones\/\" \/>\n<meta property=\"og:site_name\" content=\"Pando\" \/>\n<meta property=\"article:publisher\" content=\"https:\/\/www.facebook.com\/PandoIntegralCooking\" \/>\n<meta property=\"article:modified_time\" content=\"2025-11-25T12:48:14+00:00\" \/>\n<meta name=\"twitter:card\" content=\"summary_large_image\" \/>\n<meta name=\"twitter:site\" content=\"@pandocampanas\" \/>\n<script type=\"application\/ld+json\" class=\"yoast-schema-graph\">{\"@context\":\"https:\/\/schema.org\",\"@graph\":[{\"@type\":\"WebPage\",\"@id\":\"https:\/\/pando.es\/fr\/certificaciones\/\",\"url\":\"https:\/\/pando.es\/fr\/certificaciones\/\",\"name\":\"Certification - Pando\",\"isPartOf\":{\"@id\":\"https:\/\/pando.es\/fr\/#website\"},\"datePublished\":\"2018-09-13T16:34:02+00:00\",\"dateModified\":\"2025-11-25T12:48:14+00:00\",\"breadcrumb\":{\"@id\":\"https:\/\/pando.es\/fr\/certificaciones\/#breadcrumb\"},\"inLanguage\":\"fr-FR\",\"potentialAction\":[{\"@type\":\"ReadAction\",\"target\":[\"https:\/\/pando.es\/fr\/certificaciones\/\"]}]},{\"@type\":\"BreadcrumbList\",\"@id\":\"https:\/\/pando.es\/fr\/certificaciones\/#breadcrumb\",\"itemListElement\":[{\"@type\":\"ListItem\",\"position\":1,\"name\":\"Portada\",\"item\":\"https:\/\/pando.es\/fr\/inicio-fr\/\"},{\"@type\":\"ListItem\",\"position\":2,\"name\":\"Certification\"}]},{\"@type\":\"WebSite\",\"@id\":\"https:\/\/pando.es\/fr\/#website\",\"url\":\"https:\/\/pando.es\/fr\/\",\"name\":\"Pando\",\"description\":\"Campanas decorativas de cocina\",\"publisher\":{\"@id\":\"https:\/\/pando.es\/fr\/#organization\"},\"potentialAction\":[{\"@type\":\"SearchAction\",\"target\":{\"@type\":\"EntryPoint\",\"urlTemplate\":\"https:\/\/pando.es\/fr\/?s={search_term_string}\"},\"query-input\":{\"@type\":\"PropertyValueSpecification\",\"valueRequired\":true,\"valueName\":\"search_term_string\"}}],\"inLanguage\":\"fr-FR\"},{\"@type\":\"Organization\",\"@id\":\"https:\/\/pando.es\/fr\/#organization\",\"name\":\"Pando\",\"url\":\"https:\/\/pando.es\/fr\/\",\"logo\":{\"@type\":\"ImageObject\",\"inLanguage\":\"fr-FR\",\"@id\":\"https:\/\/pando.es\/fr\/#\/schema\/logo\/image\/\",\"url\":\"https:\/\/pando.es\/wp-content\/uploads\/logo-Pando-integral-cooking.png\",\"contentUrl\":\"https:\/\/pando.es\/wp-content\/uploads\/logo-Pando-integral-cooking.png\",\"width\":500,\"height\":250,\"caption\":\"Pando\"},\"image\":{\"@id\":\"https:\/\/pando.es\/fr\/#\/schema\/logo\/image\/\"},\"sameAs\":[\"https:\/\/www.facebook.com\/PandoIntegralCooking\",\"https:\/\/x.com\/pandocampanas\",\"https:\/\/www.pinterest.es\/pandocampanas\/\",\"https:\/\/www.youtube.com\/pandocampanas\",\"https:\/\/www.linkedin.com\/company\/pando-inoxpan\/\",\"https:\/\/www.instagram.com\/pandointegralcooking.es\/\"]}]}<\/script>\n<!-- \/ Yoast SEO Premium plugin. -->","yoast_head_json":{"title":"Certification - Pando","robots":{"index":"index","follow":"follow","max-snippet":"max-snippet:-1","max-image-preview":"max-image-preview:large","max-video-preview":"max-video-preview:-1"},"canonical":"https:\/\/pando.es\/fr\/certificaciones\/","og_locale":"fr_FR","og_type":"article","og_title":"Certification","og_url":"https:\/\/pando.es\/fr\/certificaciones\/","og_site_name":"Pando","article_publisher":"https:\/\/www.facebook.com\/PandoIntegralCooking","article_modified_time":"2025-11-25T12:48:14+00:00","twitter_card":"summary_large_image","twitter_site":"@pandocampanas","schema":{"@context":"https:\/\/schema.org","@graph":[{"@type":"WebPage","@id":"https:\/\/pando.es\/fr\/certificaciones\/","url":"https:\/\/pando.es\/fr\/certificaciones\/","name":"Certification - Pando","isPartOf":{"@id":"https:\/\/pando.es\/fr\/#website"},"datePublished":"2018-09-13T16:34:02+00:00","dateModified":"2025-11-25T12:48:14+00:00","breadcrumb":{"@id":"https:\/\/pando.es\/fr\/certificaciones\/#breadcrumb"},"inLanguage":"fr-FR","potentialAction":[{"@type":"ReadAction","target":["https:\/\/pando.es\/fr\/certificaciones\/"]}]},{"@type":"BreadcrumbList","@id":"https:\/\/pando.es\/fr\/certificaciones\/#breadcrumb","itemListElement":[{"@type":"ListItem","position":1,"name":"Portada","item":"https:\/\/pando.es\/fr\/inicio-fr\/"},{"@type":"ListItem","position":2,"name":"Certification"}]},{"@type":"WebSite","@id":"https:\/\/pando.es\/fr\/#website","url":"https:\/\/pando.es\/fr\/","name":"Pando","description":"Campanas decorativas de cocina","publisher":{"@id":"https:\/\/pando.es\/fr\/#organization"},"potentialAction":[{"@type":"SearchAction","target":{"@type":"EntryPoint","urlTemplate":"https:\/\/pando.es\/fr\/?s={search_term_string}"},"query-input":{"@type":"PropertyValueSpecification","valueRequired":true,"valueName":"search_term_string"}}],"inLanguage":"fr-FR"},{"@type":"Organization","@id":"https:\/\/pando.es\/fr\/#organization","name":"Pando","url":"https:\/\/pando.es\/fr\/","logo":{"@type":"ImageObject","inLanguage":"fr-FR","@id":"https:\/\/pando.es\/fr\/#\/schema\/logo\/image\/","url":"https:\/\/pando.es\/wp-content\/uploads\/logo-Pando-integral-cooking.png","contentUrl":"https:\/\/pando.es\/wp-content\/uploads\/logo-Pando-integral-cooking.png","width":500,"height":250,"caption":"Pando"},"image":{"@id":"https:\/\/pando.es\/fr\/#\/schema\/logo\/image\/"},"sameAs":["https:\/\/www.facebook.com\/PandoIntegralCooking","https:\/\/x.com\/pandocampanas","https:\/\/www.pinterest.es\/pandocampanas\/","https:\/\/www.youtube.com\/pandocampanas","https:\/\/www.linkedin.com\/company\/pando-inoxpan\/","https:\/\/www.instagram.com\/pandointegralcooking.es\/"]}]}},"_links":{"self":[{"href":"https:\/\/pando.es\/fr\/wp-json\/wp\/v2\/pages\/12386","targetHints":{"allow":["GET"]}}],"collection":[{"href":"https:\/\/pando.es\/fr\/wp-json\/wp\/v2\/pages"}],"about":[{"href":"https:\/\/pando.es\/fr\/wp-json\/wp\/v2\/types\/page"}],"author":[{"embeddable":true,"href":"https:\/\/pando.es\/fr\/wp-json\/wp\/v2\/users\/5"}],"replies":[{"embeddable":true,"href":"https:\/\/pando.es\/fr\/wp-json\/wp\/v2\/comments?post=12386"}],"version-history":[{"count":18,"href":"https:\/\/pando.es\/fr\/wp-json\/wp\/v2\/pages\/12386\/revisions"}],"predecessor-version":[{"id":50844,"href":"https:\/\/pando.es\/fr\/wp-json\/wp\/v2\/pages\/12386\/revisions\/50844"}],"wp:attachment":[{"href":"https:\/\/pando.es\/fr\/wp-json\/wp\/v2\/media?parent=12386"}],"curies":[{"name":"wp","href":"https:\/\/api.w.org\/{rel}","templated":true}]}}