{"id":18399,"date":"2020-07-22T16:34:33","date_gmt":"2020-07-22T16:34:33","guid":{"rendered":"https:\/\/www.pando.es\/aviso-legal\/"},"modified":"2023-06-27T10:59:35","modified_gmt":"2023-06-27T08:59:35","slug":"mention-legale","status":"publish","type":"page","link":"https:\/\/pando.es\/fr\/mention-legale\/","title":{"rendered":"Mention L\u00e9gale"},"content":{"rendered":"<h3>MENTION L\u00c9GALE<\/h3>\n<p>Ce site Web est la propri\u00e9t\u00e9 de INOXPAN, S.L. (ci-apr\u00e8s d\u00e9sign\u00e9e PANDO) dot\u00e9e du NIF n\u00ba B64325194 et sise \u00e0 Avda. del Moli de les Mateves, 11 Pol. Ind. el Cros, 08310, Argentona, elle est inscrite au Registre du Commerce de Barcelona en Hoja B-332675 &#8211; Tomo 43168 &#8211; Folio 99<\/p>\n<p>Pour toute consultation ou proposition, contactez-nous \u00e0 l&rsquo;adresse \u00e9lectronique <a href=\"mailto:com.pando@pando.es\">com.pando@pando.es<\/a>.<\/p>\n<p>Ce site est r\u00e9gi par la r\u00e9glementation exclusivement applicable en Espagne, s&rsquo;y soumettra toute personne nationale ou \u00e9trang\u00e8re qui utilise ce site.<\/p>\n<p>L&rsquo;acc\u00e8s \u00e0 notre site Web par l&rsquo;UTILISATEUR est gratuit, et conditionn\u00e9 \u00e0 la lecture pr\u00e9alable et l&rsquo;acceptation int\u00e9grale, formelle et sans r\u00e9serves des pr\u00e9sentes CONDITIONS G\u00c9N\u00c9RALES d&rsquo;utilisation en vigueur au moment de l&rsquo;acc\u00e8s, que nous demandons de lire avec attention. L&rsquo;UTILISATEUR d\u00e8s qu&rsquo;il utilise notre site, ses contenus ou services, accepte et se soumet express\u00e9ment \u00e0 ses conditions g\u00e9n\u00e9rales d&rsquo;utilisation. Si l&rsquo;utilisateur n&rsquo;\u00e9tait pas d&rsquo;accord avec les pr\u00e9sentes conditions d&rsquo;utilisation, il devra s&rsquo;abstenir d&rsquo;utiliser ce site, et d&rsquo;op\u00e9rer \u00e0 travers lui.<\/p>\n<p>La communication de donn\u00e9es personnelles et, le cas \u00e9ch\u00e9ant, l&rsquo;achat de services \u00e0 travers notre portail requiert d&rsquo;\u00eatre \u00e2g\u00e9 d\u2019au moins 14 ans, ou d&rsquo;avoir la capacit\u00e9 juridique suffisante de contracter.<\/p>\n<p>Nous pourrons, \u00e0 tout moment, modifier la pr\u00e9sentation et la configuration de notre site Web, \u00e9tendre ou limiter des services, voire m\u00eame le supprimer du r\u00e9seau, ainsi que les services et les contenus pr\u00eat\u00e9s, le tout de mani\u00e8re unilat\u00e9rale et sans pr\u00e9avis.<\/p>\n<p>&nbsp;<\/p>\n<p><strong>A. PROPRI\u00c9T\u00c9 INTELLECTUELLE<\/strong><\/p>\n<p>Tous les contenus, textes, images, marques et codes source sont de notre propri\u00e9t\u00e9 ou de tiers aupr\u00e8s desquels nous avons acquis les droits d&rsquo;exploitation, et sont prot\u00e9g\u00e9s par les droits de propri\u00e9t\u00e9 intellectuelle et industrielle.<\/p>\n<p>L&rsquo;utilisateur n&rsquo;a le droit qu&rsquo;\u00e0 un usage priv\u00e9 sur ces derniers, sans but lucratif, et requerra une autorisation expresse pour les modifier, les reproduire, les exploiter, les distribuer ou exercer tout droit appartenant \u00e0 son titulaire.<\/p>\n<p>PANDO est une marque d\u00e9pos\u00e9e, la reproduction, imitation, utilisation ou insertion de ces marques sans notre autorisation est strictement interdite.<\/p>\n<p>La mise en place de lien vers notre site ne conf\u00e8re aucun droit sur ce dernier. Ainsi, le simple fait d&rsquo;\u00e9tablir un lien vers notre page Web ne conf\u00e8re pas la condition de collaborateur ou d&rsquo;associ\u00e9.<\/p>\n<p>PANDO est exon\u00e9r\u00e9e de toute responsabilit\u00e9 au titre de toute r\u00e9clamation concernant les droits de propri\u00e9t\u00e9 intellectuelle des articles et images publi\u00e9s par des tiers sur son site.<\/p>\n<p>L&rsquo;imitation totale ou partielle de note site est strictement interdite.<\/p>\n<p>&nbsp;<\/p>\n<p><strong>B. CONDITIONS D&rsquo;ACC\u00c8S<\/strong><\/p>\n<p>L&rsquo;acc\u00e8s \u00e0 notre site Web est gratuit, et ne requiert aucun abonnement ou enregistrement.<\/p>\n<p>L&rsquo;envoi de r\u00e9f\u00e9rences personnelles implique l&rsquo;acceptation formelle de l&rsquo;UTILISATEUR de notre politique de confidentialit\u00e9.<\/p>\n<p>L&rsquo;utilisateur doit acc\u00e9der \u00e0 notre Site Web en toute bonne foi, conform\u00e9ment \u00e0 la r\u00e9glementation relative \u00e0 l&rsquo;ordre public, et aux pr\u00e9sentes Conditions g\u00e9n\u00e9rales d&rsquo;utilisation. L&rsquo;acc\u00e8s \u00e0 notre site Web est r\u00e9alis\u00e9 sous la responsabilit\u00e9 exclusive de l&rsquo;utilisateur qui r\u00e9pondra dans tous les cas des dommages et des pr\u00e9judices qu&rsquo;il pourra causer \u00e0 des tiers ou \u00e0 nous-m\u00eames.<\/p>\n<p>Compte tenu de l&rsquo;impossibilit\u00e9 de contr\u00f4ler les informations, contenus et services que contiennent d&rsquo;autres sites Web auxquels il est possible d&rsquo;acc\u00e9der \u00e0 travers des liens que notre site peut mettre \u00e0 votre disposition, nous vous communiquons que nous sommes d\u00e9gag\u00e9s de toute responsabilit\u00e9 au titre des dommages et pr\u00e9judices de quelque nature que ce soit d\u00e9coulant de l&rsquo;utilisation de ces sites Web, \u00e9trangers \u00e0 notre entreprise par l&rsquo;utilisateur.<\/p>\n<p>Il est interdit \u00e0 l&rsquo;utilisateur de r\u00e9aliser tout type d&rsquo;action sur notre site, donnant lieu \u00e0 une charge excessive de fonctionnement \u00e0 nos syst\u00e8mes informatiques, ainsi que l&rsquo;introduction de virus, ou l&rsquo;installation de robots, ou de logiciels alt\u00e9rant le fonctionnement normal de notre site, ou pouvant causer des dommages \u00e0 nos syst\u00e8mes informatiques.<\/p>\n<p>Compte tenu de l&rsquo;impossibilit\u00e9 de contr\u00f4ler les informations, contenus et services que contiennent d&rsquo;autres sites Web auxquels il est possible d&rsquo;acc\u00e9der \u00e0 travers des liens que notre site Web peut mettre \u00e0 votre disposition, nous vous communiquons que PANDO est d\u00e9gag\u00e9e de toute responsabilit\u00e9 au titre des dommages et pr\u00e9judices de quelque nature que ce soit d\u00e9coulant de l&rsquo;utilisation de ces sites Web, \u00e9trangers \u00e0 notre entreprise par l&rsquo;utilisateur.<\/p>\n<p>PANDO se r\u00e9serve le droit unilat\u00e9ral et sans pr\u00e9avis de d\u00e9sabonner un UTILISATEUR, lorsque l&rsquo;organisme consid\u00e9rera qu&rsquo;il a enfreint les conditions qui r\u00e9gissent l&rsquo;utilisation de notre site Web, sans que l&rsquo;UTITLISATEUR ne puisse rien r\u00e9clamer \u00e0 ce titre. Elle se r\u00e9serve \u00e9galement le droit d&rsquo;exercer les actions l\u00e9gales opportunes contre quiconque enfreint les pr\u00e9sentes conditions g\u00e9n\u00e9rales d&rsquo;utilisation, l&rsquo;UTILISATEUR acceptant que ne pas engager ces proc\u00e9dures ne constitue pas une renonciation \u00e0 ces derni\u00e8res, qui restent en vigueur jusqu&rsquo;aux d\u00e9lais l\u00e9gaux de prescription des infractions.<\/p>\n<p>&nbsp;<\/p>\n<p><strong>C. POLITIQUE DE CONFIDENTIALIT\u00c9<\/strong><\/p>\n<p>La confidentialit\u00e9 et la s\u00e9curit\u00e9 sont des valeurs primordiales de ##nombre##, et en cons\u00e9quence, nous assumons l&rsquo;engagement de garantir la confidentialit\u00e9 de l&rsquo;Utilisateur \u00e0 chaque instant, et de ne pas collecter d&rsquo;informations non utiles.<\/p>\n<p>La communication de donn\u00e9es personnelles \u00e0 travers notre site requiert d&rsquo;\u00eatre \u00e2g\u00e9 d\u2019au moins 14 ans, et l&rsquo;acceptation formelle de notre Politique de confidentialit\u00e9, il sera rigoureusement interdit de fournir des donn\u00e9es personnelles de mineurs de moins de 14 ans, sans le consentement des parents ou des tuteurs l\u00e9gaux.<\/p>\n<p>&nbsp;<\/p>\n<p><strong>D. RESPONSABILIT\u00c9S<\/strong><\/p>\n<p>En mettant \u00e0 la disposition de l&rsquo;utilisateur ce site Web, nous souhaitons lui proposer un service de qualit\u00e9 avec toute la diligence dans sa prestation, ainsi que dans les moyens technologiques employ\u00e9s. Toutefois, nous ne r\u00e9pondrons pas de la pr\u00e9sence de virus et d&rsquo;autres \u00e9l\u00e9ments pouvant porter pr\u00e9judice d&rsquo;une mani\u00e8re ou d&rsquo;une autre au syst\u00e8me informatique de l&rsquo;utilisateur.<\/p>\n<p>Nous ne garantissons pas une disponibilit\u00e9 continue et ininterrompue du service, du fait de circonstances caus\u00e9es par des probl\u00e8mes dans le r\u00e9seau Internet, des pannes dans les dispositifs informatiques ou toute autre situation impr\u00e9visible, de sorte que l&rsquo;UTILISATEUR accepte de supporter dans les limites raisonnables ces circonstances, et renonce express\u00e9ment \u00e0 toute r\u00e9clamation \u00e0 l&rsquo;encontre de PANDO pour d&rsquo;\u00e9ventuels d\u00e9fauts, erreurs et utilisation du service.<\/p>\n<p>L&rsquo;UTILISATEUR assume toute la responsabilit\u00e9 d\u00e9coulant de l&rsquo;utilisation de notre site Web, et est le seul responsable \u00e0 tous les effets directs ou indirects d\u00e9coulant du site Web, y compris de mani\u00e8re \u00e9nonciative et non exhaustive, des r\u00e9sultats \u00e9conomiques, techniques et\/ou juridiques d\u00e9favorables, ainsi que de la d\u00e9ception concernant les attentes suscit\u00e9es par notre site Web, l&rsquo;utilisateur s&rsquo;engageant \u00e0 ne rien r\u00e9clamer PANDO pour tout fait direct ou indirect en d\u00e9coulant.<\/p>\n<p>PANDO ne garantit pas l&rsquo;exactitude, v\u00e9racit\u00e9 et validit\u00e9 des contenus de ce site Web, qu&rsquo;ils lui appartiennent, appartiennent \u00e0 des tiers, ou pouvant \u00eatre li\u00e9s \u00e0 d&rsquo;autres sites, et est d\u00e9gag\u00e9e de toute responsabilit\u00e9 d\u00e9coulant de leur utilisation.<\/p>\n<p>PANDO est d\u00e9gag\u00e9e de toute responsabilit\u00e9 d\u00e9coulant de toute r\u00e9clamation, y compris le paiement d&rsquo;honoraires \u00e0 des avocats, au titre des demandes et r\u00e9clamations pr\u00e9sent\u00e9es par des tiers suite au manquement par l&rsquo;UTILISATEUR aux conditions d&rsquo;utilisation, acc\u00e8s et politique de confidentialit\u00e9, ou de toute autre r\u00e9clamation pour tout manquement \u00e0 la l\u00e9gislation en vigueur.<\/p>\n<p>L&rsquo;UTILISATEUR reconna\u00eet qu&rsquo;il a compris toutes les informations concernant les conditions d&rsquo;utilisation de notre site, et reconna\u00eet qu&rsquo;elles sont suffisantes pour exclure toute erreur, et les accepte donc int\u00e9gralement et formellement.<\/p>\n<p>L&rsquo;UTILISATEUR est pleinement conscient que la simple navigation dans le pr\u00e9sent site Web, ainsi que l&rsquo;utilisation de ses services, implique l&rsquo;acceptation des pr\u00e9sentes conditions d&rsquo;utilisation.<\/p>\n<p>Tout ce qui concerne notre site Web est r\u00e9gi exclusivement par les lois espagnoles. En cas de d\u00e9saccord, ou de diff\u00e9rend entre les parties concernant l&rsquo;interpr\u00e9tation et le contenu du pr\u00e9sent site Web, toutes les parties se soumettent, renon\u00e7ant express\u00e9ment \u00e0 tout autre for, \u00e0 la comp\u00e9tence des Tribunaux de Matar\u00f3.<\/p>\n<p>&nbsp;<\/p>\n<p><strong>E. VALIDIT\u00c9 DES CONDITIONS G\u00c9N\u00c9RALES D&rsquo;ACC\u00c8S AU SITE WEB <\/strong><\/p>\n<p>Les pr\u00e9sentes Conditions g\u00e9n\u00e9rales d&rsquo;utilisation ont \u00e9t\u00e9 modifi\u00e9es en date du XX\/XX\/XXXX. Nous pouvons proc\u00e9der \u00e0 leur modification \u00e0 tout moment : veuillez v\u00e9rifier la date d&rsquo;\u00e9mission \u00e0 chaque fois que vous vous connectez \u00e0 notre site Web et vous aurez ainsi la certitude qu&rsquo;aucune modification les concernant n&rsquo;a eu lieu.<\/p>\n<p>Pour toute question concernant les Conditions d&rsquo;utilisation de notre site Web, vous pouvez vous mettre en contact avec nous \u00e0 travers les coordonn\u00e9es indiqu\u00e9es ci-dessus, ou \u00e0 travers Lant Abogados \u00e0 <a href=\"mailto:info@lant-abogados.com\">info@lant-abogados.com<\/a> ou sur <a href=\"http:\/\/www.lant-abogados.com\/\">www.lant-abogados.com<\/a>.<\/p>\n<p>&nbsp;<\/p>\n<p>&nbsp;<\/p>\n","protected":false},"excerpt":{"rendered":"<p>MENTION L\u00c9GALE Ce site Web est la propri\u00e9t\u00e9 de INOXPAN, S.L. (ci-apr\u00e8s d\u00e9sign\u00e9e PANDO) dot\u00e9e du NIF n\u00ba B64325194 et sise \u00e0 Avda. del Moli de les Mateves, 11 Pol. Ind. el Cros, 08310, Argentona, elle est inscrite au Registre du Commerce de Barcelona en Hoja B-332675 &#8211; Tomo 43168 &#8211; Folio 99 Pour toute [&hellip;]<\/p>\n","protected":false},"author":5,"featured_media":0,"parent":0,"menu_order":0,"comment_status":"closed","ping_status":"closed","template":"","meta":{"_acf_changed":false,"footnotes":""},"class_list":["post-18399","page","type-page","status-publish","hentry"],"acf":[],"yoast_head":"<!-- This site is optimized with the Yoast SEO Premium plugin v23.0 (Yoast SEO v26.9) - https:\/\/yoast.com\/product\/yoast-seo-premium-wordpress\/ -->\n<title>Mention L\u00e9gale - Pando<\/title>\n<meta name=\"robots\" content=\"index, follow, max-snippet:-1, max-image-preview:large, max-video-preview:-1\" \/>\n<link rel=\"canonical\" href=\"https:\/\/pando.es\/fr\/mention-legale\/\" \/>\n<meta property=\"og:locale\" content=\"fr_FR\" \/>\n<meta property=\"og:type\" content=\"article\" \/>\n<meta property=\"og:title\" content=\"Mention L\u00e9gale\" \/>\n<meta property=\"og:description\" content=\"MENTION L\u00c9GALE Ce site Web est la propri\u00e9t\u00e9 de INOXPAN, S.L. (ci-apr\u00e8s d\u00e9sign\u00e9e PANDO) dot\u00e9e du NIF n\u00ba B64325194 et sise \u00e0 Avda. del Moli de les Mateves, 11 Pol. Ind. el Cros, 08310, Argentona, elle est inscrite au Registre du Commerce de Barcelona en Hoja B-332675 &#8211; Tomo 43168 &#8211; Folio 99 Pour toute [&hellip;]\" \/>\n<meta property=\"og:url\" content=\"https:\/\/pando.es\/fr\/mention-legale\/\" \/>\n<meta property=\"og:site_name\" content=\"Pando\" \/>\n<meta property=\"article:publisher\" content=\"https:\/\/www.facebook.com\/PandoIntegralCooking\" \/>\n<meta property=\"article:modified_time\" content=\"2023-06-27T08:59:35+00:00\" \/>\n<meta name=\"twitter:card\" content=\"summary_large_image\" \/>\n<meta name=\"twitter:site\" content=\"@pandocampanas\" \/>\n<script type=\"application\/ld+json\" class=\"yoast-schema-graph\">{\"@context\":\"https:\/\/schema.org\",\"@graph\":[{\"@type\":\"WebPage\",\"@id\":\"https:\/\/pando.es\/fr\/mention-legale\/\",\"url\":\"https:\/\/pando.es\/fr\/mention-legale\/\",\"name\":\"Mention L\u00e9gale - Pando\",\"isPartOf\":{\"@id\":\"https:\/\/pando.es\/fr\/#website\"},\"datePublished\":\"2020-07-22T16:34:33+00:00\",\"dateModified\":\"2023-06-27T08:59:35+00:00\",\"breadcrumb\":{\"@id\":\"https:\/\/pando.es\/fr\/mention-legale\/#breadcrumb\"},\"inLanguage\":\"fr-FR\",\"potentialAction\":[{\"@type\":\"ReadAction\",\"target\":[\"https:\/\/pando.es\/fr\/mention-legale\/\"]}]},{\"@type\":\"BreadcrumbList\",\"@id\":\"https:\/\/pando.es\/fr\/mention-legale\/#breadcrumb\",\"itemListElement\":[{\"@type\":\"ListItem\",\"position\":1,\"name\":\"Portada\",\"item\":\"https:\/\/pando.es\/fr\/inicio-fr\/\"},{\"@type\":\"ListItem\",\"position\":2,\"name\":\"Mention L\u00e9gale\"}]},{\"@type\":\"WebSite\",\"@id\":\"https:\/\/pando.es\/fr\/#website\",\"url\":\"https:\/\/pando.es\/fr\/\",\"name\":\"Pando\",\"description\":\"Campanas decorativas de cocina\",\"publisher\":{\"@id\":\"https:\/\/pando.es\/fr\/#organization\"},\"potentialAction\":[{\"@type\":\"SearchAction\",\"target\":{\"@type\":\"EntryPoint\",\"urlTemplate\":\"https:\/\/pando.es\/fr\/?s={search_term_string}\"},\"query-input\":{\"@type\":\"PropertyValueSpecification\",\"valueRequired\":true,\"valueName\":\"search_term_string\"}}],\"inLanguage\":\"fr-FR\"},{\"@type\":\"Organization\",\"@id\":\"https:\/\/pando.es\/fr\/#organization\",\"name\":\"Pando\",\"url\":\"https:\/\/pando.es\/fr\/\",\"logo\":{\"@type\":\"ImageObject\",\"inLanguage\":\"fr-FR\",\"@id\":\"https:\/\/pando.es\/fr\/#\/schema\/logo\/image\/\",\"url\":\"https:\/\/pando.es\/wp-content\/uploads\/logo-Pando-integral-cooking.png\",\"contentUrl\":\"https:\/\/pando.es\/wp-content\/uploads\/logo-Pando-integral-cooking.png\",\"width\":500,\"height\":250,\"caption\":\"Pando\"},\"image\":{\"@id\":\"https:\/\/pando.es\/fr\/#\/schema\/logo\/image\/\"},\"sameAs\":[\"https:\/\/www.facebook.com\/PandoIntegralCooking\",\"https:\/\/x.com\/pandocampanas\",\"https:\/\/www.pinterest.es\/pandocampanas\/\",\"https:\/\/www.youtube.com\/pandocampanas\",\"https:\/\/www.linkedin.com\/company\/pando-inoxpan\/\",\"https:\/\/www.instagram.com\/pandointegralcooking.es\/\"]}]}<\/script>\n<!-- \/ Yoast SEO Premium plugin. -->","yoast_head_json":{"title":"Mention L\u00e9gale - Pando","robots":{"index":"index","follow":"follow","max-snippet":"max-snippet:-1","max-image-preview":"max-image-preview:large","max-video-preview":"max-video-preview:-1"},"canonical":"https:\/\/pando.es\/fr\/mention-legale\/","og_locale":"fr_FR","og_type":"article","og_title":"Mention L\u00e9gale","og_description":"MENTION L\u00c9GALE Ce site Web est la propri\u00e9t\u00e9 de INOXPAN, S.L. (ci-apr\u00e8s d\u00e9sign\u00e9e PANDO) dot\u00e9e du NIF n\u00ba B64325194 et sise \u00e0 Avda. del Moli de les Mateves, 11 Pol. Ind. el Cros, 08310, Argentona, elle est inscrite au Registre du Commerce de Barcelona en Hoja B-332675 &#8211; Tomo 43168 &#8211; Folio 99 Pour toute [&hellip;]","og_url":"https:\/\/pando.es\/fr\/mention-legale\/","og_site_name":"Pando","article_publisher":"https:\/\/www.facebook.com\/PandoIntegralCooking","article_modified_time":"2023-06-27T08:59:35+00:00","twitter_card":"summary_large_image","twitter_site":"@pandocampanas","schema":{"@context":"https:\/\/schema.org","@graph":[{"@type":"WebPage","@id":"https:\/\/pando.es\/fr\/mention-legale\/","url":"https:\/\/pando.es\/fr\/mention-legale\/","name":"Mention L\u00e9gale - Pando","isPartOf":{"@id":"https:\/\/pando.es\/fr\/#website"},"datePublished":"2020-07-22T16:34:33+00:00","dateModified":"2023-06-27T08:59:35+00:00","breadcrumb":{"@id":"https:\/\/pando.es\/fr\/mention-legale\/#breadcrumb"},"inLanguage":"fr-FR","potentialAction":[{"@type":"ReadAction","target":["https:\/\/pando.es\/fr\/mention-legale\/"]}]},{"@type":"BreadcrumbList","@id":"https:\/\/pando.es\/fr\/mention-legale\/#breadcrumb","itemListElement":[{"@type":"ListItem","position":1,"name":"Portada","item":"https:\/\/pando.es\/fr\/inicio-fr\/"},{"@type":"ListItem","position":2,"name":"Mention L\u00e9gale"}]},{"@type":"WebSite","@id":"https:\/\/pando.es\/fr\/#website","url":"https:\/\/pando.es\/fr\/","name":"Pando","description":"Campanas decorativas de cocina","publisher":{"@id":"https:\/\/pando.es\/fr\/#organization"},"potentialAction":[{"@type":"SearchAction","target":{"@type":"EntryPoint","urlTemplate":"https:\/\/pando.es\/fr\/?s={search_term_string}"},"query-input":{"@type":"PropertyValueSpecification","valueRequired":true,"valueName":"search_term_string"}}],"inLanguage":"fr-FR"},{"@type":"Organization","@id":"https:\/\/pando.es\/fr\/#organization","name":"Pando","url":"https:\/\/pando.es\/fr\/","logo":{"@type":"ImageObject","inLanguage":"fr-FR","@id":"https:\/\/pando.es\/fr\/#\/schema\/logo\/image\/","url":"https:\/\/pando.es\/wp-content\/uploads\/logo-Pando-integral-cooking.png","contentUrl":"https:\/\/pando.es\/wp-content\/uploads\/logo-Pando-integral-cooking.png","width":500,"height":250,"caption":"Pando"},"image":{"@id":"https:\/\/pando.es\/fr\/#\/schema\/logo\/image\/"},"sameAs":["https:\/\/www.facebook.com\/PandoIntegralCooking","https:\/\/x.com\/pandocampanas","https:\/\/www.pinterest.es\/pandocampanas\/","https:\/\/www.youtube.com\/pandocampanas","https:\/\/www.linkedin.com\/company\/pando-inoxpan\/","https:\/\/www.instagram.com\/pandointegralcooking.es\/"]}]}},"_links":{"self":[{"href":"https:\/\/pando.es\/fr\/wp-json\/wp\/v2\/pages\/18399","targetHints":{"allow":["GET"]}}],"collection":[{"href":"https:\/\/pando.es\/fr\/wp-json\/wp\/v2\/pages"}],"about":[{"href":"https:\/\/pando.es\/fr\/wp-json\/wp\/v2\/types\/page"}],"author":[{"embeddable":true,"href":"https:\/\/pando.es\/fr\/wp-json\/wp\/v2\/users\/5"}],"replies":[{"embeddable":true,"href":"https:\/\/pando.es\/fr\/wp-json\/wp\/v2\/comments?post=18399"}],"version-history":[{"count":4,"href":"https:\/\/pando.es\/fr\/wp-json\/wp\/v2\/pages\/18399\/revisions"}],"predecessor-version":[{"id":32963,"href":"https:\/\/pando.es\/fr\/wp-json\/wp\/v2\/pages\/18399\/revisions\/32963"}],"wp:attachment":[{"href":"https:\/\/pando.es\/fr\/wp-json\/wp\/v2\/media?parent=18399"}],"curies":[{"name":"wp","href":"https:\/\/api.w.org\/{rel}","templated":true}]}}