{"id":18403,"date":"2020-07-22T16:36:32","date_gmt":"2020-07-22T16:36:32","guid":{"rendered":"https:\/\/www.pando.es\/cookies-policy\/"},"modified":"2020-09-15T16:17:47","modified_gmt":"2020-09-15T16:17:47","slug":"politique-cookies","status":"publish","type":"page","link":"https:\/\/pando.es\/fr\/politique-cookies\/","title":{"rendered":"Politique de cookies"},"content":{"rendered":"<h3><strong> INFORMATIONS SUR L&rsquo;UTILISATION DES COOKIES <\/strong><\/h3>\n<p><strong>Qu&rsquo;est-ce qu&rsquo;un cookie ? <\/strong><\/p>\n<p>&nbsp;<\/p>\n<p>Les cookies sont de petits fichiers de donn\u00e9es qui sont re\u00e7us par le terminal depuis le site Web visit\u00e9, et qui sont utilis\u00e9s pour enregistrer certaines interactions de la navigation sur un site Web qui stocke des donn\u00e9es qui pourront \u00eatre mises \u00e0 jour et r\u00e9cup\u00e9r\u00e9es. Ces fichiers sont stock\u00e9s dans l&rsquo;ordinateur de l&rsquo;utilisateur et contiennent des donn\u00e9es anonymes qui n&rsquo;ont pas d&rsquo;effet n\u00e9faste pour votre \u00e9quipement. Ils sont utilis\u00e9s pour rappeler les pr\u00e9f\u00e9rences de l&rsquo;utilisateur, la langue s\u00e9lectionn\u00e9e, les r\u00e9f\u00e9rences d&rsquo;acc\u00e8s ou la personnalisation de la page.<\/p>\n<p>&nbsp;<\/p>\n<p>Les Cookies peuvent \u00e9galement \u00eatre utilis\u00e9s pour enregistrer des informations anonymes sur la mani\u00e8re dont un visiteur utilise un site. Par exemple, \u00e0 partir de quel site Web il a acc\u00e9d\u00e9, ou s&rsquo;il a utilis\u00e9 une banni\u00e8re publicitaire pour y parvenir.<\/p>\n<p><strong>Comment utilisons-nous les diff\u00e9rents types de cookies ?<\/strong><\/p>\n<p><strong>Selon leur finalit\u00e9 : <\/strong><\/p>\n<p>&nbsp;<\/p>\n<table>\n<tbody>\n<tr>\n<td width=\"325\"><strong>\u00a0<\/strong><\/p>\n<p><strong>Cookies techniques <\/strong><\/td>\n<td width=\"325\">&nbsp;<\/p>\n<p>Les cookies techniques sont ceux qui facilitent la navigation de l&rsquo;utilisateur et l&rsquo;utilisation des diff\u00e9rentes options ou services propos\u00e9s par le site Web comme identifier la session, permettre l&rsquo;acc\u00e8s \u00e0 certains espaces, faciliter des commandes, des achats, compl\u00e9ter des formulaires, inscriptions, s\u00e9curit\u00e9, procurer des fonctionnalit\u00e9s (vid\u00e9os, r\u00e9seaux sociaux).<\/p>\n<p>&nbsp;<\/td>\n<\/tr>\n<tr>\n<td width=\"325\"><strong>Cookies de personnalisation <\/strong><\/td>\n<td width=\"325\">&nbsp;<\/p>\n<p>Les cookies de personnalisation permettent \u00e0 l&rsquo;utilisateur d&rsquo;acc\u00e9der aux services selon leurs pr\u00e9f\u00e9rences (langue, navigateur, configuration).<\/p>\n<p>&nbsp;<\/td>\n<\/tr>\n<tr>\n<td width=\"325\"><strong>Cookies analytiques<\/strong><\/td>\n<td width=\"325\">&nbsp;<\/p>\n<p>Les cookies d&rsquo;analyse sont ceux utilis\u00e9s pour r\u00e9aliser l&rsquo;analyse anonyme du comportement des utilisateurs du site Web, et qui permettent de mesurer l&rsquo;activit\u00e9 de l&rsquo;utilisateur, et d&rsquo;\u00e9laborer des profils de navigation dans le but d&rsquo;am\u00e9liorer les sites Web.<\/p>\n<p>&nbsp;<\/td>\n<\/tr>\n<tr>\n<td width=\"325\"><strong>Cookies publicitaires<\/strong><\/td>\n<td width=\"325\">&nbsp;<\/p>\n<p>Les cookies publicitaires permettent la gestion des espaces publicitaires du site Web. De plus, ces cookies peuvent constituer une publicit\u00e9 personnalis\u00e9e et permettre ainsi la gestion des espaces publicitaires du site sur la base du comportement et des habitudes de navigation de l&rsquo;utilisateur, d&rsquo;o\u00f9 l&rsquo;on obtient son profil et qui permettent de personnaliser la publicit\u00e9 affich\u00e9e dans le navigateur de l&rsquo;utilisateur ou autres profils et r\u00e9seaux sociaux de l&rsquo;utilisateur.<\/p>\n<p>&nbsp;<\/td>\n<\/tr>\n<\/tbody>\n<\/table>\n<p><strong>\u00a0<\/strong><\/p>\n<p><strong>Selon sa dur\u00e9e : <\/strong><\/p>\n<p>&nbsp;<\/p>\n<table>\n<tbody>\n<tr>\n<td width=\"325\"><strong>Cookies de session<\/strong><\/td>\n<td width=\"325\">&nbsp;<\/p>\n<p>Les cookies de sessions sont ceux qui durent le temps de la navigation de l&rsquo;utilisateur sur le site Web, et qui sont supprim\u00e9s lorsque le navigateur se referme.<\/p>\n<p>&nbsp;<\/td>\n<\/tr>\n<tr>\n<td width=\"325\"><strong>Cookies persistants<\/strong><\/td>\n<td width=\"325\">&nbsp;<\/p>\n<p>Ces cookies sont stock\u00e9s dans le terminal de l&rsquo;utilisateur jusqu&rsquo;\u00e0 ce qu&rsquo;ils soient \u00e9limin\u00e9s manuellement ou que la dur\u00e9e \u00e9tablie pour ce cookie arrive \u00e0 sa fin.<\/p>\n<p>&nbsp;<\/td>\n<\/tr>\n<\/tbody>\n<\/table>\n<p>&nbsp;<\/p>\n<p><strong>Selon le titulaire : <\/strong><\/p>\n<p>&nbsp;<\/p>\n<table>\n<tbody>\n<tr>\n<td width=\"325\"><strong>Cookies particuliers<\/strong><\/td>\n<td width=\"325\">&nbsp;<\/p>\n<p>Ce sont ceux qui sont envoy\u00e9s au terminal de l&rsquo;utilisateur depuis un dispositif ou un domaine g\u00e9r\u00e9 par l&rsquo;\u00e9diteur lui-m\u00eame, et \u00e0 partir duquel est pr\u00eat\u00e9 le service demand\u00e9 par l&rsquo;utilisateur.<\/p>\n<p>&nbsp;<\/td>\n<\/tr>\n<tr>\n<td width=\"325\"><strong>Cookies de tiers <\/strong><\/td>\n<td width=\"325\">&nbsp;<\/p>\n<p>Ce sont ceux qui sont envoy\u00e9s au terminal de l&rsquo;utilisateur depuis un dispositif ou un domaine qui n&rsquo;est pas g\u00e9r\u00e9 par l&rsquo;\u00e9diteur, mais par un autre organisme qui traite les donn\u00e9es obtenues \u00e0 travers les cookies.<\/td>\n<\/tr>\n<\/tbody>\n<\/table>\n<p>&nbsp;<\/p>\n<p><strong>Le tableau suivant recueille la classification et la description des cookies utilis\u00e9s sur le site Web pr\u00e9sent, pour que vous puissiez les identifier dans votre navigateur : <\/strong><\/p>\n<p>&nbsp;<\/p>\n<table width=\"100%\">\n<tbody>\n<tr>\n<td width=\"26%\"><strong>Nom <\/strong><\/td>\n<td width=\"16%\"><strong>Titulaire<\/strong><\/td>\n<td width=\"16%\"><strong>R\u00e9f\u00e9rences recueillies <\/strong><\/td>\n<td width=\"12%\"><strong>Finalit\u00e9<\/strong><\/td>\n<td width=\"28%\"><strong>Dur\u00e9e<\/strong><\/td>\n<\/tr>\n<tr>\n<td width=\"26%\"><strong>_ga<\/strong><\/td>\n<td width=\"16%\">Cookie particulier (.pando.es)<\/td>\n<td width=\"16%\">Sessions des visiteurs.<\/td>\n<td width=\"12%\">Analytique.<\/td>\n<td width=\"28%\">2 ans.<\/td>\n<\/tr>\n<tr>\n<td width=\"26%\">&nbsp;<\/p>\n<p><strong>_gid<\/strong><\/td>\n<td width=\"16%\">Cookie particulier (.pando.es)<\/td>\n<td width=\"16%\">Sessions des visiteurs.<\/td>\n<td width=\"12%\">Analytique.<\/td>\n<td width=\"28%\">24 heures depuis la fin de la derni\u00e8re visite.<\/td>\n<\/tr>\n<tr>\n<td width=\"26%\"><strong>_gat<\/strong><\/td>\n<td width=\"16%\">Cookie particulier (.pando.es)<\/td>\n<td width=\"16%\">Sessions des visiteurs.<\/td>\n<td width=\"12%\">Analytique.<\/td>\n<td width=\"28%\">1 minute.<\/td>\n<\/tr>\n<tr>\n<td width=\"26%\"><strong>_sf_form_id<\/strong><\/td>\n<td width=\"16%\">Cookie particulier (.pando.es)<\/td>\n<td width=\"16%\">Sessions des visiteurs.<\/td>\n<td width=\"12%\">Technique.<\/td>\n<td width=\"28%\">\u00c0 la fin de la session avec le navigateur.<\/td>\n<\/tr>\n<tr>\n<td width=\"26%\"><strong>PHPSESSID<\/strong><\/td>\n<td width=\"16%\">Cookie particulier (.pando.es)<\/td>\n<td width=\"16%\">Sessions et pr\u00e9f\u00e9rences du visiteur.<\/td>\n<td width=\"12%\">Technique.<\/td>\n<td width=\"28%\">\u00c0 la fin de la session avec le navigateur.<\/td>\n<\/tr>\n<tr>\n<td width=\"26%\"><strong>ASPSESSIONID[ID NUMBER]<\/strong><\/td>\n<td width=\"16%\">Cookie particulier (.pando.es)<\/td>\n<td width=\"16%\">Sessions des visiteurs.<\/td>\n<td width=\"12%\">Technique.<\/td>\n<td width=\"28%\">\u00c0 la fin de la session avec le navigateur.<\/td>\n<\/tr>\n<tr>\n<td width=\"26%\"><strong>CONSENT &amp; NID<\/strong><\/td>\n<td width=\"16%\">Cookie de tiers (.google.com)<\/td>\n<td width=\"16%\">Services de Google. Traite des donn\u00e9es de pr\u00e9f\u00e9rences, des liens, des conversations et des interactions avec des annonces publicitaires.<\/td>\n<td width=\"12%\">Publicitaire.<\/td>\n<td width=\"28%\">La dur\u00e9e d\u00e9pend du type de cookie install\u00e9\u00a0: de 10 minutes \u00e0 20 ans.<\/p>\n<p>&nbsp;<\/p>\n<p>Pour plus d&rsquo;informations\u00a0:<\/p>\n<p><a href=\"https:\/\/policies.google.com\/technologies\/cookies\">Politique de Cookies de Google <\/a><\/p>\n<p>&nbsp;<\/td>\n<\/tr>\n<tr>\n<td width=\"26%\"><strong>VISITOR_INFO1.LIVE<\/strong><\/td>\n<td width=\"16%\">Cookie de tiers (.youtube.com)<\/td>\n<td width=\"16%\">Sessions des visiteurs.<\/td>\n<td width=\"12%\">Analytique.<\/td>\n<td width=\"28%\">Environ 240 jours.<\/td>\n<\/tr>\n<tr>\n<td width=\"26%\"><strong>YSC<\/strong><\/td>\n<td width=\"16%\">Cookie de tiers (.youtube.com)<\/td>\n<td width=\"16%\">Pr\u00e9f\u00e9rences de l&rsquo;utilisateur.<\/td>\n<td width=\"12%\">Technique.<\/td>\n<td width=\"28%\">\u00c0 la fin de la session avec le navigateur.<\/td>\n<\/tr>\n<tr>\n<td width=\"26%\"><strong>GPS<\/strong><\/td>\n<td width=\"16%\">Cookie de tiers (.youtube.com)<\/td>\n<td width=\"16%\">Identification unique du dispositif selon le l&#8217;emplacement g\u00e9ographique par GPS.<\/td>\n<td width=\"12%\">Technique.<\/td>\n<td width=\"28%\">24 heures depuis la fin de la derni\u00e8re visite.<\/td>\n<\/tr>\n<\/tbody>\n<\/table>\n<p>&nbsp;<\/p>\n<p>&nbsp;<\/p>\n<p>&nbsp;<\/p>\n<p>&nbsp;<\/p>\n<p>&nbsp;<\/p>\n<p>PANDO utilise des cookies techniques, de personnalisation, d&rsquo;analyse et publicitaires, particuliers ou appartenant \u00e0 des tiers, qui traitent des r\u00e9f\u00e9rences de connexion et\/ou du dispositif, ainsi que des habitudes de navigation \u00e0 des fins statistiques et publicitaires.<\/p>\n<p>&nbsp;<\/p>\n<p>C&rsquo;est pourquoi, en acc\u00e9dant \u00e0 notre site, en application de l&rsquo;article 22 de la Loi sur les Services de la Soci\u00e9t\u00e9 de l&rsquo;information, nous avons demand\u00e9 votre consentement \u00e0 leur utilisation.<\/p>\n<p>&nbsp;<\/p>\n<p>Pour la communication de r\u00e9f\u00e9rences personnelles \u00e0 travers notre site et le consentement aux fins de l&rsquo;utilisation de cookies, un \u00e2ge de 14 ans minimum est requis, ainsi que l&rsquo;acceptation formelle de notre Politique de confidentialit\u00e9.<\/p>\n<p>&nbsp;<\/p>\n<p>&nbsp;<\/p>\n<p><strong>Quoiqu&rsquo;il en soit, nous vous informons que vous pouvez activer ou d\u00e9sactiver les cookies en suivant les instructions de votre navigateur d&rsquo;Internet :<\/strong><\/p>\n<p><strong>\u00a0<\/strong><\/p>\n<table width=\"760\">\n<tbody>\n<tr>\n<td width=\"142\"><strong>Chrome<\/strong><\/p>\n<p><strong>\u00a0<\/strong><\/td>\n<td width=\"274\">Configuration -&gt; Monter des options avanc\u00e9es -&gt; Confidentialit\u00e9 -&gt; Configuration de contenu.<\/td>\n<td width=\"246\">support.google.com<\/p>\n<p>&nbsp;<\/td>\n<td width=\"99\">&nbsp;<\/td>\n<\/tr>\n<tr>\n<td width=\"142\"><strong>\u00a0<\/strong><\/p>\n<p><strong>Firefox<\/strong><\/p>\n<p><strong>\u00a0<\/strong><\/td>\n<td width=\"274\">Outils -&gt; Options -&gt; Confidentialit\u00e9 -&gt; Historique -&gt; Configuration personnalis\u00e9e.<\/td>\n<td width=\"246\">support.mozilla.org<\/td>\n<td width=\"99\">&nbsp;<\/td>\n<\/tr>\n<tr>\n<td width=\"142\"><strong>Internet Explorer<\/strong><\/p>\n<p><strong>\u00a0<\/strong><\/td>\n<td width=\"274\">&nbsp;<\/p>\n<p>Outils -&gt; Options Internet -&gt; Confidentialit\u00e9 -&gt; Configuration.<\/p>\n<p>Safari : Pr\u00e9f\u00e9rences -&gt; S\u00e9curit\u00e9.<\/p>\n<p>&nbsp;<\/td>\n<td width=\"246\">windows.microsoft.com<\/td>\n<td width=\"99\">&nbsp;<\/td>\n<\/tr>\n<tr>\n<td width=\"142\"><strong>Opera<\/strong><\/p>\n<p><strong>\u00a0<\/strong><\/td>\n<td width=\"274\">&nbsp;<\/p>\n<p>Outils -&gt; Pr\u00e9f\u00e9rences -&gt; \u00c9diter pr\u00e9f\u00e9rences &gt; Cookies<\/p>\n<p>&nbsp;<\/td>\n<td width=\"246\"><a href=\"http:\/\/www.opera.com\/help\/tutorials\/security\/cookies\/\">http:\/\/www.opera.com\/help\/tutorials\/security\/cookies\/<\/a><\/td>\n<td width=\"99\">&nbsp;<\/p>\n<p>&nbsp;<\/td>\n<\/tr>\n<tr>\n<td width=\"142\"><strong>\u00a0<\/strong><\/p>\n<p><strong>Safari<\/strong><\/p>\n<p><strong>\u00a0<\/strong><\/td>\n<td width=\"274\">&nbsp;<\/p>\n<p>Pr\u00e9f\u00e9rences -&gt; S\u00e9curit\u00e9.<\/p>\n<p>&nbsp;<\/td>\n<td width=\"246\"><a href=\"http:\/\/www.apple.com\">http:\/\/www.apple.com<\/a><\/td>\n<td width=\"99\">&nbsp;<\/td>\n<\/tr>\n<tr>\n<td width=\"142\"><strong>Edge<\/strong><\/p>\n<p><strong>\u00a0<\/strong><\/td>\n<td width=\"274\">&nbsp;<\/p>\n<p>Configuration -&gt; Voir configuration avanc\u00e9e -&gt; Confidentialit\u00e9 et services -&gt; Cookies<\/td>\n<td width=\"246\"><a href=\"https:\/\/privacy.microsoft.com\/es-es\/windows-10-microsoft-edge-and-privacy\">https:\/\/privacy.microsoft.com\/es-es\/windows-10-microsoft-edge-and-privacy<\/a><\/p>\n<p>&nbsp;<\/td>\n<td width=\"99\">&nbsp;<\/td>\n<\/tr>\n<\/tbody>\n<\/table>\n<p>&nbsp;<\/p>\n<p>&nbsp;<\/p>\n<p>&nbsp;<\/p>\n<p>&nbsp;<\/p>\n<p>&nbsp;<\/p>\n","protected":false},"excerpt":{"rendered":"<p>INFORMATIONS SUR L&rsquo;UTILISATION DES COOKIES Qu&rsquo;est-ce qu&rsquo;un cookie ? &nbsp; Les cookies sont de petits fichiers de donn\u00e9es qui sont re\u00e7us par le terminal depuis le site Web visit\u00e9, et qui sont utilis\u00e9s pour enregistrer certaines interactions de la navigation sur un site Web qui stocke des donn\u00e9es qui pourront \u00eatre mises \u00e0 jour et [&hellip;]<\/p>\n","protected":false},"author":5,"featured_media":0,"parent":0,"menu_order":0,"comment_status":"closed","ping_status":"closed","template":"","meta":{"_acf_changed":false,"footnotes":""},"class_list":["post-18403","page","type-page","status-publish","hentry"],"acf":[],"yoast_head":"<!-- This site is optimized with the Yoast SEO Premium plugin v23.0 (Yoast SEO v26.9) - https:\/\/yoast.com\/product\/yoast-seo-premium-wordpress\/ -->\n<title>Politique de cookies - Pando<\/title>\n<meta name=\"robots\" content=\"index, follow, max-snippet:-1, max-image-preview:large, max-video-preview:-1\" \/>\n<link rel=\"canonical\" href=\"https:\/\/pando.es\/fr\/politique-cookies\/\" \/>\n<meta property=\"og:locale\" content=\"fr_FR\" \/>\n<meta property=\"og:type\" content=\"article\" \/>\n<meta property=\"og:title\" content=\"Politique de cookies\" \/>\n<meta property=\"og:description\" content=\"INFORMATIONS SUR L&rsquo;UTILISATION DES COOKIES Qu&rsquo;est-ce qu&rsquo;un cookie ? &nbsp; Les cookies sont de petits fichiers de donn\u00e9es qui sont re\u00e7us par le terminal depuis le site Web visit\u00e9, et qui sont utilis\u00e9s pour enregistrer certaines interactions de la navigation sur un site Web qui stocke des donn\u00e9es qui pourront \u00eatre mises \u00e0 jour et [&hellip;]\" \/>\n<meta property=\"og:url\" content=\"https:\/\/pando.es\/fr\/politique-cookies\/\" \/>\n<meta property=\"og:site_name\" content=\"Pando\" \/>\n<meta property=\"article:publisher\" content=\"https:\/\/www.facebook.com\/PandoIntegralCooking\" \/>\n<meta property=\"article:modified_time\" content=\"2020-09-15T16:17:47+00:00\" \/>\n<meta name=\"twitter:card\" content=\"summary_large_image\" \/>\n<meta name=\"twitter:site\" content=\"@pandocampanas\" \/>\n<script type=\"application\/ld+json\" class=\"yoast-schema-graph\">{\"@context\":\"https:\/\/schema.org\",\"@graph\":[{\"@type\":\"WebPage\",\"@id\":\"https:\/\/pando.es\/fr\/politique-cookies\/\",\"url\":\"https:\/\/pando.es\/fr\/politique-cookies\/\",\"name\":\"Politique de cookies - Pando\",\"isPartOf\":{\"@id\":\"https:\/\/pando.es\/fr\/#website\"},\"datePublished\":\"2020-07-22T16:36:32+00:00\",\"dateModified\":\"2020-09-15T16:17:47+00:00\",\"breadcrumb\":{\"@id\":\"https:\/\/pando.es\/fr\/politique-cookies\/#breadcrumb\"},\"inLanguage\":\"fr-FR\",\"potentialAction\":[{\"@type\":\"ReadAction\",\"target\":[\"https:\/\/pando.es\/fr\/politique-cookies\/\"]}]},{\"@type\":\"BreadcrumbList\",\"@id\":\"https:\/\/pando.es\/fr\/politique-cookies\/#breadcrumb\",\"itemListElement\":[{\"@type\":\"ListItem\",\"position\":1,\"name\":\"Portada\",\"item\":\"https:\/\/pando.es\/fr\/inicio-fr\/\"},{\"@type\":\"ListItem\",\"position\":2,\"name\":\"Politique de cookies\"}]},{\"@type\":\"WebSite\",\"@id\":\"https:\/\/pando.es\/fr\/#website\",\"url\":\"https:\/\/pando.es\/fr\/\",\"name\":\"Pando\",\"description\":\"Campanas decorativas de cocina\",\"publisher\":{\"@id\":\"https:\/\/pando.es\/fr\/#organization\"},\"potentialAction\":[{\"@type\":\"SearchAction\",\"target\":{\"@type\":\"EntryPoint\",\"urlTemplate\":\"https:\/\/pando.es\/fr\/?s={search_term_string}\"},\"query-input\":{\"@type\":\"PropertyValueSpecification\",\"valueRequired\":true,\"valueName\":\"search_term_string\"}}],\"inLanguage\":\"fr-FR\"},{\"@type\":\"Organization\",\"@id\":\"https:\/\/pando.es\/fr\/#organization\",\"name\":\"Pando\",\"url\":\"https:\/\/pando.es\/fr\/\",\"logo\":{\"@type\":\"ImageObject\",\"inLanguage\":\"fr-FR\",\"@id\":\"https:\/\/pando.es\/fr\/#\/schema\/logo\/image\/\",\"url\":\"https:\/\/pando.es\/wp-content\/uploads\/logo-Pando-integral-cooking.png\",\"contentUrl\":\"https:\/\/pando.es\/wp-content\/uploads\/logo-Pando-integral-cooking.png\",\"width\":500,\"height\":250,\"caption\":\"Pando\"},\"image\":{\"@id\":\"https:\/\/pando.es\/fr\/#\/schema\/logo\/image\/\"},\"sameAs\":[\"https:\/\/www.facebook.com\/PandoIntegralCooking\",\"https:\/\/x.com\/pandocampanas\",\"https:\/\/www.pinterest.es\/pandocampanas\/\",\"https:\/\/www.youtube.com\/pandocampanas\",\"https:\/\/www.linkedin.com\/company\/pando-inoxpan\/\",\"https:\/\/www.instagram.com\/pandointegralcooking.es\/\"]}]}<\/script>\n<!-- \/ Yoast SEO Premium plugin. -->","yoast_head_json":{"title":"Politique de cookies - Pando","robots":{"index":"index","follow":"follow","max-snippet":"max-snippet:-1","max-image-preview":"max-image-preview:large","max-video-preview":"max-video-preview:-1"},"canonical":"https:\/\/pando.es\/fr\/politique-cookies\/","og_locale":"fr_FR","og_type":"article","og_title":"Politique de cookies","og_description":"INFORMATIONS SUR L&rsquo;UTILISATION DES COOKIES Qu&rsquo;est-ce qu&rsquo;un cookie ? &nbsp; Les cookies sont de petits fichiers de donn\u00e9es qui sont re\u00e7us par le terminal depuis le site Web visit\u00e9, et qui sont utilis\u00e9s pour enregistrer certaines interactions de la navigation sur un site Web qui stocke des donn\u00e9es qui pourront \u00eatre mises \u00e0 jour et [&hellip;]","og_url":"https:\/\/pando.es\/fr\/politique-cookies\/","og_site_name":"Pando","article_publisher":"https:\/\/www.facebook.com\/PandoIntegralCooking","article_modified_time":"2020-09-15T16:17:47+00:00","twitter_card":"summary_large_image","twitter_site":"@pandocampanas","schema":{"@context":"https:\/\/schema.org","@graph":[{"@type":"WebPage","@id":"https:\/\/pando.es\/fr\/politique-cookies\/","url":"https:\/\/pando.es\/fr\/politique-cookies\/","name":"Politique de cookies - Pando","isPartOf":{"@id":"https:\/\/pando.es\/fr\/#website"},"datePublished":"2020-07-22T16:36:32+00:00","dateModified":"2020-09-15T16:17:47+00:00","breadcrumb":{"@id":"https:\/\/pando.es\/fr\/politique-cookies\/#breadcrumb"},"inLanguage":"fr-FR","potentialAction":[{"@type":"ReadAction","target":["https:\/\/pando.es\/fr\/politique-cookies\/"]}]},{"@type":"BreadcrumbList","@id":"https:\/\/pando.es\/fr\/politique-cookies\/#breadcrumb","itemListElement":[{"@type":"ListItem","position":1,"name":"Portada","item":"https:\/\/pando.es\/fr\/inicio-fr\/"},{"@type":"ListItem","position":2,"name":"Politique de cookies"}]},{"@type":"WebSite","@id":"https:\/\/pando.es\/fr\/#website","url":"https:\/\/pando.es\/fr\/","name":"Pando","description":"Campanas decorativas de cocina","publisher":{"@id":"https:\/\/pando.es\/fr\/#organization"},"potentialAction":[{"@type":"SearchAction","target":{"@type":"EntryPoint","urlTemplate":"https:\/\/pando.es\/fr\/?s={search_term_string}"},"query-input":{"@type":"PropertyValueSpecification","valueRequired":true,"valueName":"search_term_string"}}],"inLanguage":"fr-FR"},{"@type":"Organization","@id":"https:\/\/pando.es\/fr\/#organization","name":"Pando","url":"https:\/\/pando.es\/fr\/","logo":{"@type":"ImageObject","inLanguage":"fr-FR","@id":"https:\/\/pando.es\/fr\/#\/schema\/logo\/image\/","url":"https:\/\/pando.es\/wp-content\/uploads\/logo-Pando-integral-cooking.png","contentUrl":"https:\/\/pando.es\/wp-content\/uploads\/logo-Pando-integral-cooking.png","width":500,"height":250,"caption":"Pando"},"image":{"@id":"https:\/\/pando.es\/fr\/#\/schema\/logo\/image\/"},"sameAs":["https:\/\/www.facebook.com\/PandoIntegralCooking","https:\/\/x.com\/pandocampanas","https:\/\/www.pinterest.es\/pandocampanas\/","https:\/\/www.youtube.com\/pandocampanas","https:\/\/www.linkedin.com\/company\/pando-inoxpan\/","https:\/\/www.instagram.com\/pandointegralcooking.es\/"]}]}},"_links":{"self":[{"href":"https:\/\/pando.es\/fr\/wp-json\/wp\/v2\/pages\/18403","targetHints":{"allow":["GET"]}}],"collection":[{"href":"https:\/\/pando.es\/fr\/wp-json\/wp\/v2\/pages"}],"about":[{"href":"https:\/\/pando.es\/fr\/wp-json\/wp\/v2\/types\/page"}],"author":[{"embeddable":true,"href":"https:\/\/pando.es\/fr\/wp-json\/wp\/v2\/users\/5"}],"replies":[{"embeddable":true,"href":"https:\/\/pando.es\/fr\/wp-json\/wp\/v2\/comments?post=18403"}],"version-history":[{"count":2,"href":"https:\/\/pando.es\/fr\/wp-json\/wp\/v2\/pages\/18403\/revisions"}],"predecessor-version":[{"id":18405,"href":"https:\/\/pando.es\/fr\/wp-json\/wp\/v2\/pages\/18403\/revisions\/18405"}],"wp:attachment":[{"href":"https:\/\/pando.es\/fr\/wp-json\/wp\/v2\/media?parent=18403"}],"curies":[{"name":"wp","href":"https:\/\/api.w.org\/{rel}","templated":true}]}}