{"id":18408,"date":"2020-07-22T16:35:03","date_gmt":"2020-07-22T16:35:03","guid":{"rendered":"https:\/\/www.pando.es\/politica-de-privacidad\/"},"modified":"2023-06-29T17:32:25","modified_gmt":"2023-06-29T15:32:25","slug":"politique-de-confidentialite","status":"publish","type":"page","link":"https:\/\/pando.es\/fr\/politique-de-confidentialite\/","title":{"rendered":"Politique de Confidentialit\u00e9"},"content":{"rendered":"<h3>POLITIQUE DE CONFIDENTIALIT\u00c9<\/h3>\n<p>La confidentialit\u00e9 et la s\u00e9curit\u00e9 sont des valeurs primordiales de PANDO, et en cons\u00e9quence, nous assumons l&rsquo;engagement de garantir la confidentialit\u00e9 de l&rsquo;Utilisateur \u00e0 chaque instant, et de ne pas collecter d&rsquo;informations non utiles. Nous vous communiquons ci-apr\u00e8s toutes les informations n\u00e9cessaires sur notre politique de confidentialit\u00e9 concernant les r\u00e9f\u00e9rences personnelles que nous recueillons, en vous expliquant:<\/p>\n<ul>\n<li>Qui est responsable du traitement de vos donn\u00e9es.<\/li>\n<li>\u00c0 quelles fins collectons-nous les r\u00e9f\u00e9rences que nous demandons.<\/li>\n<li>Quelle est la l\u00e9gitimit\u00e9 de leur traitement.<\/li>\n<li>Pendant combien de temps nous les conservons.<\/li>\n<li>\u00c0 quels destinataires sont communiqu\u00e9es vos r\u00e9f\u00e9rences.<\/li>\n<\/ul>\n<ul>\n<li>Quels sont vos droits et comment les exercer.<\/li>\n<\/ul>\n<ol>\n<li><strong>Responsable: <\/strong><\/li>\n<\/ol>\n<p>INOXPAN, S.L. (B64325194)<\/p>\n<p>Avda. del Moli de les Mateves, 11 Pol. Ind. el Cros, 08310<\/p>\n<p>Argentona<\/p>\n<p><a href=\"mailto:com.pando@pando.es\" target=\"_blank\" rel=\"noopener\">com.pando@pando.es<\/a><\/p>\n<ol start=\"2\">\n<li><strong>Finalit\u00e9s, l\u00e9gitimit\u00e9 et conservation des traitements de donn\u00e9es envoy\u00e9es \u00e0 travers: <\/strong><\/li>\n<\/ol>\n<ul>\n<li>FORMULAIRE DE CONTACT<\/li>\n<\/ul>\n<p style=\"padding-left: 80px;\"><strong>Finalit\u00e9<\/strong>: Vous fournir un moyen de vous mettre en contact avec nous, et r\u00e9pondre \u00e0 vos demandes d&rsquo;informations, ainsi que vous envoyer des communications sur nos produits, services et activit\u00e9s, y compris par voie \u00e9lectronique (courriels, SMS, etc.), si vous cochez la case d&rsquo;acceptation.<\/p>\n<p style=\"padding-left: 80px;\"><strong>Justification<\/strong>: Le consentement de l&rsquo;utilisateur lorsqu&rsquo;il nous demande des informations \u00e0 travers notre formulaire de contact, et en cochant la case d&rsquo;acceptation d&rsquo;envoi d&rsquo;informations.<\/p>\n<p style=\"padding-left: 80px;\"><strong>Conservation<\/strong>: Une fois votre demande prise en charge \u00e0 travers notre formulaire, ou en cas de r\u00e9ponse par courrier \u00e9lectronique, si vous n&rsquo;\u00eates pas \u00e0 l&rsquo;origine d&rsquo;un nouveau traitement, et si vous avez accept\u00e9 de recevoir des envois commerciaux, jusqu&rsquo;\u00e0 ce que vous demandiez votre d\u00e9sinscription.<\/p>\n<ul>\n<li>ENVOI DE COURRIERS ELECTRONIQUES.<\/li>\n<\/ul>\n<p style=\"padding-left: 80px;\"><strong>Finalit\u00e9<\/strong>: R\u00e9pondre \u00e0 vos demandes d&rsquo;informations, r\u00e9pondre \u00e0 vos questions et \u00e0 vos consultations ou doutes. Si nous recevons votre Curriculum Vitae, vos r\u00e9f\u00e9rences personnelles et relatives \u00e0 vos \u00e9tudes, elles pourront faire partie de nos bases de donn\u00e9es pour participer \u00e0 nos processus de s\u00e9lection pr\u00e9sents et futurs.<\/p>\n<p style=\"padding-left: 80px;\"><strong>L\u00e9gitimation<\/strong>: Le consentement de l&rsquo;utilisateur quand il nous demande des informations \u00e0 travers l&rsquo;adresse \u00e9lectronique ou en nous envoyant ses donn\u00e9es et CV pour participer \u00e0 nos processus de s\u00e9lection.<\/p>\n<p style=\"padding-left: 80px;\"><strong>Conservation<\/strong>: Une fois la demande trait\u00e9e par courrier \u00e9lectronique, si aucun autre traitement n&rsquo;a \u00e9t\u00e9 demand\u00e9. En cas de r\u00e9ception de votre CV, vos donn\u00e9es pourront \u00eatre conserv\u00e9es pendant un an maximum pour de futurs processus de s\u00e9lection.<\/p>\n<ul>\n<li>ENVOI DU CURRICULUM VITAE PAR COURRIER \u00c9LECTRONIQUE<\/li>\n<\/ul>\n<p style=\"padding-left: 80px;\"><strong>Finalit\u00e9 <\/strong>: Disposer de votre curriculum pour participer \u00e0 nos processus de s\u00e9lection de personnel.<\/p>\n<p style=\"padding-left: 80px;\"><strong>Justification <\/strong>: Le consentement de l&rsquo;utilisateur quand il nous transmet ses r\u00e9f\u00e9rences personnelles et les informations relatives \u00e0 ses \u00e9tudes, pour nos processus de s\u00e9lection de personnel.<\/p>\n<p style=\"padding-left: 80px;\"><strong>Conservation<\/strong> : Pendant la mise en \u0153uvre du processus de s\u00e9lection du personnel ouvert et pendant une dur\u00e9e d&rsquo;un an pour de futurs processus.<\/p>\n<ul>\n<li>FORMULAIRE DU PROCESSUS DE PAIEMENT.<\/li>\n<\/ul>\n<p style=\"padding-left: 80px;\"><strong>Finalit\u00e9 <\/strong>: G\u00e9rer le paiement de vos commandes et vous informer sur nos produits et services, y compris par des moyens \u00e9lectroniques.<\/p>\n<p style=\"padding-left: 80px;\"><strong>Justification <\/strong>: Ex\u00e9cution du contrat de vente et int\u00e9r\u00eat l\u00e9gitime visant \u00e0 informer nos clients sur nos produits et services.<\/p>\n<p style=\"padding-left: 80px;\"><strong>Conservation<\/strong> : Pendant la dur\u00e9e de la relation contractuelle, et au terme de celle-ci pendant les d\u00e9lais de conservation exig\u00e9s par la loi pour r\u00e9pondre \u00e0 d&rsquo;\u00e9ventuelles responsabilit\u00e9s et ult\u00e9rieurement pendant les d\u00e9lais l\u00e9galement pr\u00e9vus.<\/p>\n<ul>\n<li>FORMULAIRE DE GARANTIE.<\/li>\n<\/ul>\n<p style=\"padding-left: 80px;\"><strong>Finalit\u00e9 <\/strong>: Vous fournir un moyen de vous mettre en contact avec nous et de g\u00e9rer les demandes de garantie de produits, ainsi que vous faire parvenir des informations sur nos produits, services et activit\u00e9s, y compris par voie \u00e9lectronique, si vous donnez votre accord en cochant la case pr\u00e9vue \u00e0 cet effet.<\/p>\n<p style=\"padding-left: 80px;\"><strong>Justification <\/strong>: Le consentement de l&rsquo;utilisateur lorsqu&rsquo;il nous demande la garantie des produits \u00e0 travers notre formulaire de garantie et lorsqu&rsquo;il a coch\u00e9 la case d&rsquo;acceptation de l&rsquo;envoi d&rsquo;informations.<\/p>\n<p style=\"padding-left: 80px;\"><strong>Conservation <\/strong>: Jusqu&rsquo;\u00e0 ce que vous ayez obtenu une r\u00e9ponse \u00e0 votre demande au moyen de notre formulaire ou jusqu&rsquo;\u00e0 la r\u00e9ponse communiqu\u00e9e par voie \u00e9lectronique, si aucun autre traitement n&rsquo;a \u00e9t\u00e9 lanc\u00e9. Si vous avez accept\u00e9 de recevoir des communications commerciales, jusqu&rsquo;\u00e0 ce que vous demandiez votre d\u00e9sabonnement.<\/p>\n<p>&nbsp;<\/p>\n<p><strong>Obligation de nous fournir vos r\u00e9f\u00e9rences personnelles et cons\u00e9quences si vous ne le faites pas. <\/strong><\/p>\n<p>La communication des r\u00e9f\u00e9rences personnelles n&rsquo;est admise qu&rsquo;\u00e0 partir de l&rsquo;\u00e2ge de 14 ans, ou le cas \u00e9ch\u00e9ant, disposer de la capacit\u00e9 juridique de contracter.<\/p>\n<p>Les r\u00e9f\u00e9rences personnelles sont n\u00e9cessaires pour la gestion de vos demandes, vous inscrire en qualit\u00e9 d&rsquo;utilisateur et\/ou vous pr\u00eater les services que vous pouvez contracter, ainsi, si vous ne nous les fournissez pas, nous ne pourrons r\u00e9pondre de mani\u00e8re ad\u00e9quate \u00e0 vos demandes ou vous pr\u00eater le service demand\u00e9.<\/p>\n<ol start=\"3\">\n<li><strong>Destinataire de vos donn\u00e9es.<\/strong><\/li>\n<\/ol>\n<p>Vos r\u00e9f\u00e9rences sont confidentielles, elles seront utilis\u00e9es exclusivement de mani\u00e8re interne aux fins indiqu\u00e9es, et ne seront pas c\u00e9d\u00e9es \u00e0 des tiers, sauf obligation l\u00e9gale.<\/p>\n<ol start=\"4\">\n<li><strong>Droits en relation avec vos donn\u00e9es personnelles. <\/strong><\/li>\n<\/ol>\n<p>Le consentement peut \u00eatre retir\u00e9 \u00e0 tout moment, s&rsquo;il a \u00e9t\u00e9 accord\u00e9 aux fins du traitement de vos donn\u00e9es. En aucun cas, le retrait de ce consentement ne conditionnera l&rsquo;ex\u00e9cution du contrat d&rsquo;abonnement ou les relations existantes.<\/p>\n<p>Vous pouvez \u00e9galement exercer les droits suivants :<\/p>\n<ul>\n<li>Demander l&rsquo;acc\u00e8s \u00e0 vos r\u00e9f\u00e9rences personnelles ou leur rectification quand elles sont inexactes.<\/li>\n<li>Demander leur suppression, quand, entre autres, les donn\u00e9es ne sont plus n\u00e9cessaires \u00e0 ce pour quoi elles ont \u00e9t\u00e9 recueillies.<\/li>\n<li>Demander la limitation de leur traitement dans certaines circonstances.<\/li>\n<li>Demander l&rsquo;opposition au traitement de vos donn\u00e9es pour des raisons li\u00e9es \u00e0 votre situation particuli\u00e8re.<\/li>\n<li>Demander la portabilit\u00e9 des donn\u00e9es dans les cas pr\u00e9vus par la r\u00e9glementation.<\/li>\n<li>Autres droits reconnus dans les r\u00e9glementations applicables.<\/li>\n<\/ul>\n<p><strong><u>O\u00f9 et comment demander vos Droits<\/u><\/strong>: \u00c0 travers un \u00e9crit adress\u00e9 au responsable \u00e0 son adresse postale ou \u00e9lectronique (indiqu\u00e9es au paragraphe A), en indiquant la r\u00e9f\u00e9rence \u00ab\u00a0Donn\u00e9es personnelles\u00a0\u00bb, et en sp\u00e9cifiant le droit que l&rsquo;on souhaite exercer et par rapport \u00e0 quelles donn\u00e9es personnelles.<\/p>\n<p>En cas de d\u00e9saccord avec l&rsquo;entreprise concernant le traitement de vos donn\u00e9es, vous pouvez pr\u00e9senter une r\u00e9clamation aupr\u00e8s de la CNIL.<\/p>\n<ol start=\"5\">\n<li><strong>Cookies<\/strong><\/li>\n<\/ol>\n<p>Ce site Web n&rsquo;utilise que des cookies techniques, de personnalisation, d&rsquo;analyse, et publicitaire propres ou de tiers, qui enregistrent des donn\u00e9es de connexion et\/ou du dispositif, ainsi que des habitudes de navigation \u00e0 des fins statistiques et publicitaires.<\/p>\n<p>Pour cela, en acc\u00e9dant \u00e0 notre site, et en application de l&rsquo;article 22 de la Loi sur les services de la soci\u00e9t\u00e9 de l&rsquo;information, s&rsquo;agissant de cookies d&rsquo;analyse, nous vous avons demand\u00e9 votre consentement pour leur utilisation, et vous avons communiqu\u00e9 des informations les concernant.<\/p>\n<ol start=\"6\">\n<li><strong>S\u00e9curit\u00e9 de vos r\u00e9f\u00e9rences personnelles <\/strong><\/li>\n<\/ol>\n<p>Pour assurer la s\u00e9curit\u00e9 de vos r\u00e9f\u00e9rences personnelles, nous vous informons que nous avons adopt\u00e9 toutes les mesures de nature technique et organisationnelle n\u00e9cessaires contre leur alt\u00e9ration, perte et traitements ou acc\u00e8s abusifs.<\/p>\n<ol start=\"7\">\n<li><strong>Mise \u00e0 jour de vos donn\u00e9es<\/strong><\/li>\n<\/ol>\n<p>Il est important que pour que nous disposions de donn\u00e9es \u00e0 jour, vous nous communiquiez tout changement, dans le cas contraire, nous ne r\u00e9pondrons pas de leur v\u00e9racit\u00e9.<\/p>\n<p>Nous ne serons pas tenus responsables de la politique de confidentialit\u00e9 concernant les donn\u00e9es personnelles que vous pouvez fournir \u00e0 des tiers au moyen de liens disponibles sur notre site Web.<\/p>\n<p>La pr\u00e9sente Politique de confidentialit\u00e9 peut \u00eatre modifi\u00e9e en fonction pour l&rsquo;adapter aux modifications se produisant dans notre site, ainsi que suite \u00e0 des modifications l\u00e9gislatives ou jurisprudentielles relatives aux donn\u00e9es personnelles qui auront lieu, il est donc demand\u00e9 de les lire \u00e0 chaque fois que vous nous communiquez vos r\u00e9f\u00e9rences \u00e0 travers ce site Web.<\/p>\n<p>&nbsp;<\/p>\n","protected":false},"excerpt":{"rendered":"<p>POLITIQUE DE CONFIDENTIALIT\u00c9 La confidentialit\u00e9 et la s\u00e9curit\u00e9 sont des valeurs primordiales de PANDO, et en cons\u00e9quence, nous assumons l&rsquo;engagement de garantir la confidentialit\u00e9 de l&rsquo;Utilisateur \u00e0 chaque instant, et de ne pas collecter d&rsquo;informations non utiles. Nous vous communiquons ci-apr\u00e8s toutes les informations n\u00e9cessaires sur notre politique de confidentialit\u00e9 concernant les r\u00e9f\u00e9rences personnelles que [&hellip;]<\/p>\n","protected":false},"author":5,"featured_media":0,"parent":0,"menu_order":0,"comment_status":"closed","ping_status":"closed","template":"","meta":{"_acf_changed":false,"footnotes":""},"class_list":["post-18408","page","type-page","status-publish","hentry"],"acf":[],"yoast_head":"<!-- This site is optimized with the Yoast SEO Premium plugin v23.0 (Yoast SEO v26.9) - https:\/\/yoast.com\/product\/yoast-seo-premium-wordpress\/ -->\n<title>Politique de Confidentialit\u00e9 - Pando<\/title>\n<meta name=\"robots\" content=\"index, follow, max-snippet:-1, max-image-preview:large, max-video-preview:-1\" \/>\n<link rel=\"canonical\" href=\"https:\/\/pando.es\/fr\/politique-de-confidentialite\/\" \/>\n<meta property=\"og:locale\" content=\"fr_FR\" \/>\n<meta property=\"og:type\" content=\"article\" \/>\n<meta property=\"og:title\" content=\"Politique de Confidentialit\u00e9\" \/>\n<meta property=\"og:description\" content=\"POLITIQUE DE CONFIDENTIALIT\u00c9 La confidentialit\u00e9 et la s\u00e9curit\u00e9 sont des valeurs primordiales de PANDO, et en cons\u00e9quence, nous assumons l&rsquo;engagement de garantir la confidentialit\u00e9 de l&rsquo;Utilisateur \u00e0 chaque instant, et de ne pas collecter d&rsquo;informations non utiles. Nous vous communiquons ci-apr\u00e8s toutes les informations n\u00e9cessaires sur notre politique de confidentialit\u00e9 concernant les r\u00e9f\u00e9rences personnelles que [&hellip;]\" \/>\n<meta property=\"og:url\" content=\"https:\/\/pando.es\/fr\/politique-de-confidentialite\/\" \/>\n<meta property=\"og:site_name\" content=\"Pando\" \/>\n<meta property=\"article:publisher\" content=\"https:\/\/www.facebook.com\/PandoIntegralCooking\" \/>\n<meta property=\"article:modified_time\" content=\"2023-06-29T15:32:25+00:00\" \/>\n<meta name=\"twitter:card\" content=\"summary_large_image\" \/>\n<meta name=\"twitter:site\" content=\"@pandocampanas\" \/>\n<script type=\"application\/ld+json\" class=\"yoast-schema-graph\">{\"@context\":\"https:\/\/schema.org\",\"@graph\":[{\"@type\":\"WebPage\",\"@id\":\"https:\/\/pando.es\/fr\/politique-de-confidentialite\/\",\"url\":\"https:\/\/pando.es\/fr\/politique-de-confidentialite\/\",\"name\":\"Politique de Confidentialit\u00e9 - Pando\",\"isPartOf\":{\"@id\":\"https:\/\/pando.es\/fr\/#website\"},\"datePublished\":\"2020-07-22T16:35:03+00:00\",\"dateModified\":\"2023-06-29T15:32:25+00:00\",\"breadcrumb\":{\"@id\":\"https:\/\/pando.es\/fr\/politique-de-confidentialite\/#breadcrumb\"},\"inLanguage\":\"fr-FR\",\"potentialAction\":[{\"@type\":\"ReadAction\",\"target\":[\"https:\/\/pando.es\/fr\/politique-de-confidentialite\/\"]}]},{\"@type\":\"BreadcrumbList\",\"@id\":\"https:\/\/pando.es\/fr\/politique-de-confidentialite\/#breadcrumb\",\"itemListElement\":[{\"@type\":\"ListItem\",\"position\":1,\"name\":\"Portada\",\"item\":\"https:\/\/pando.es\/fr\/inicio-fr\/\"},{\"@type\":\"ListItem\",\"position\":2,\"name\":\"Politique de Confidentialit\u00e9\"}]},{\"@type\":\"WebSite\",\"@id\":\"https:\/\/pando.es\/fr\/#website\",\"url\":\"https:\/\/pando.es\/fr\/\",\"name\":\"Pando\",\"description\":\"Campanas decorativas de cocina\",\"publisher\":{\"@id\":\"https:\/\/pando.es\/fr\/#organization\"},\"potentialAction\":[{\"@type\":\"SearchAction\",\"target\":{\"@type\":\"EntryPoint\",\"urlTemplate\":\"https:\/\/pando.es\/fr\/?s={search_term_string}\"},\"query-input\":{\"@type\":\"PropertyValueSpecification\",\"valueRequired\":true,\"valueName\":\"search_term_string\"}}],\"inLanguage\":\"fr-FR\"},{\"@type\":\"Organization\",\"@id\":\"https:\/\/pando.es\/fr\/#organization\",\"name\":\"Pando\",\"url\":\"https:\/\/pando.es\/fr\/\",\"logo\":{\"@type\":\"ImageObject\",\"inLanguage\":\"fr-FR\",\"@id\":\"https:\/\/pando.es\/fr\/#\/schema\/logo\/image\/\",\"url\":\"https:\/\/pando.es\/wp-content\/uploads\/logo-Pando-integral-cooking.png\",\"contentUrl\":\"https:\/\/pando.es\/wp-content\/uploads\/logo-Pando-integral-cooking.png\",\"width\":500,\"height\":250,\"caption\":\"Pando\"},\"image\":{\"@id\":\"https:\/\/pando.es\/fr\/#\/schema\/logo\/image\/\"},\"sameAs\":[\"https:\/\/www.facebook.com\/PandoIntegralCooking\",\"https:\/\/x.com\/pandocampanas\",\"https:\/\/www.pinterest.es\/pandocampanas\/\",\"https:\/\/www.youtube.com\/pandocampanas\",\"https:\/\/www.linkedin.com\/company\/pando-inoxpan\/\",\"https:\/\/www.instagram.com\/pandointegralcooking.es\/\"]}]}<\/script>\n<!-- \/ Yoast SEO Premium plugin. -->","yoast_head_json":{"title":"Politique de Confidentialit\u00e9 - Pando","robots":{"index":"index","follow":"follow","max-snippet":"max-snippet:-1","max-image-preview":"max-image-preview:large","max-video-preview":"max-video-preview:-1"},"canonical":"https:\/\/pando.es\/fr\/politique-de-confidentialite\/","og_locale":"fr_FR","og_type":"article","og_title":"Politique de Confidentialit\u00e9","og_description":"POLITIQUE DE CONFIDENTIALIT\u00c9 La confidentialit\u00e9 et la s\u00e9curit\u00e9 sont des valeurs primordiales de PANDO, et en cons\u00e9quence, nous assumons l&rsquo;engagement de garantir la confidentialit\u00e9 de l&rsquo;Utilisateur \u00e0 chaque instant, et de ne pas collecter d&rsquo;informations non utiles. Nous vous communiquons ci-apr\u00e8s toutes les informations n\u00e9cessaires sur notre politique de confidentialit\u00e9 concernant les r\u00e9f\u00e9rences personnelles que [&hellip;]","og_url":"https:\/\/pando.es\/fr\/politique-de-confidentialite\/","og_site_name":"Pando","article_publisher":"https:\/\/www.facebook.com\/PandoIntegralCooking","article_modified_time":"2023-06-29T15:32:25+00:00","twitter_card":"summary_large_image","twitter_site":"@pandocampanas","schema":{"@context":"https:\/\/schema.org","@graph":[{"@type":"WebPage","@id":"https:\/\/pando.es\/fr\/politique-de-confidentialite\/","url":"https:\/\/pando.es\/fr\/politique-de-confidentialite\/","name":"Politique de Confidentialit\u00e9 - Pando","isPartOf":{"@id":"https:\/\/pando.es\/fr\/#website"},"datePublished":"2020-07-22T16:35:03+00:00","dateModified":"2023-06-29T15:32:25+00:00","breadcrumb":{"@id":"https:\/\/pando.es\/fr\/politique-de-confidentialite\/#breadcrumb"},"inLanguage":"fr-FR","potentialAction":[{"@type":"ReadAction","target":["https:\/\/pando.es\/fr\/politique-de-confidentialite\/"]}]},{"@type":"BreadcrumbList","@id":"https:\/\/pando.es\/fr\/politique-de-confidentialite\/#breadcrumb","itemListElement":[{"@type":"ListItem","position":1,"name":"Portada","item":"https:\/\/pando.es\/fr\/inicio-fr\/"},{"@type":"ListItem","position":2,"name":"Politique de Confidentialit\u00e9"}]},{"@type":"WebSite","@id":"https:\/\/pando.es\/fr\/#website","url":"https:\/\/pando.es\/fr\/","name":"Pando","description":"Campanas decorativas de cocina","publisher":{"@id":"https:\/\/pando.es\/fr\/#organization"},"potentialAction":[{"@type":"SearchAction","target":{"@type":"EntryPoint","urlTemplate":"https:\/\/pando.es\/fr\/?s={search_term_string}"},"query-input":{"@type":"PropertyValueSpecification","valueRequired":true,"valueName":"search_term_string"}}],"inLanguage":"fr-FR"},{"@type":"Organization","@id":"https:\/\/pando.es\/fr\/#organization","name":"Pando","url":"https:\/\/pando.es\/fr\/","logo":{"@type":"ImageObject","inLanguage":"fr-FR","@id":"https:\/\/pando.es\/fr\/#\/schema\/logo\/image\/","url":"https:\/\/pando.es\/wp-content\/uploads\/logo-Pando-integral-cooking.png","contentUrl":"https:\/\/pando.es\/wp-content\/uploads\/logo-Pando-integral-cooking.png","width":500,"height":250,"caption":"Pando"},"image":{"@id":"https:\/\/pando.es\/fr\/#\/schema\/logo\/image\/"},"sameAs":["https:\/\/www.facebook.com\/PandoIntegralCooking","https:\/\/x.com\/pandocampanas","https:\/\/www.pinterest.es\/pandocampanas\/","https:\/\/www.youtube.com\/pandocampanas","https:\/\/www.linkedin.com\/company\/pando-inoxpan\/","https:\/\/www.instagram.com\/pandointegralcooking.es\/"]}]}},"_links":{"self":[{"href":"https:\/\/pando.es\/fr\/wp-json\/wp\/v2\/pages\/18408","targetHints":{"allow":["GET"]}}],"collection":[{"href":"https:\/\/pando.es\/fr\/wp-json\/wp\/v2\/pages"}],"about":[{"href":"https:\/\/pando.es\/fr\/wp-json\/wp\/v2\/types\/page"}],"author":[{"embeddable":true,"href":"https:\/\/pando.es\/fr\/wp-json\/wp\/v2\/users\/5"}],"replies":[{"embeddable":true,"href":"https:\/\/pando.es\/fr\/wp-json\/wp\/v2\/comments?post=18408"}],"version-history":[{"count":3,"href":"https:\/\/pando.es\/fr\/wp-json\/wp\/v2\/pages\/18408\/revisions"}],"predecessor-version":[{"id":33081,"href":"https:\/\/pando.es\/fr\/wp-json\/wp\/v2\/pages\/18408\/revisions\/33081"}],"wp:attachment":[{"href":"https:\/\/pando.es\/fr\/wp-json\/wp\/v2\/media?parent=18408"}],"curies":[{"name":"wp","href":"https:\/\/api.w.org\/{rel}","templated":true}]}}