{"id":21240,"date":"2020-11-04T10:11:36","date_gmt":"2020-11-04T10:11:36","guid":{"rendered":"https:\/\/www.pando.es\/seccion-campanas-techo\/"},"modified":"2022-05-03T17:48:00","modified_gmt":"2022-05-03T17:48:00","slug":"seccion-campanas-techo","status":"publish","type":"page","link":"https:\/\/pando.es\/fr\/seccion-campanas-techo\/","title":{"rendered":"Seccion campanas techo FRA"},"content":{"rendered":"\n<style type=\"text\/css\" data-created_by=\"avia_inline_auto\" id=\"style-css-av-833wk-cf10c48b041266376c4578f0861af3b8\">\n.avia-section.av-833wk-cf10c48b041266376c4578f0861af3b8{\nbackground-color:#e8e8e8;\nbackground-image:unset;\n}\n<\/style>\n<div id='av_section_1'  class='avia-section av-833wk-cf10c48b041266376c4578f0861af3b8 main_color avia-section-default avia-no-shadow  avia-builder-el-0  avia-builder-el-no-sibling  avia-bg-style-scroll container_wrap sidebar_right'  ><div class='container av-section-cont-open' ><main  role=\"main\" itemprop=\"mainContentOfPage\"  class='template-page content  av-content-small alpha units'><div class='post-entry post-entry-type-page post-entry-21240'><div class='entry-content-wrapper clearfix'>\n<section  class='av_textblock_section av-av1z2c-d0cfb4a74591cdaa157368a1421bf178 '   itemscope=\"itemscope\" itemtype=\"https:\/\/schema.org\/CreativeWork\" ><div class='avia_textblock'  itemprop=\"text\" ><h2 class=\"p1\">Caract\u00e9ristiques et recommandations pour les hottes fix\u00e9es au plafond.<\/h2>\n<\/div><\/section>\n<div  class='flex_column av-21vpys-7b6162d4a0f8050505c145969dd2a5e4 av_three_fifth  avia-builder-el-2  el_after_av_textblock  el_before_av_two_fifth  first flex_column_div  column-top-margin'     ><section  class='av_textblock_section av-jp3azo-81bebb458a8363182a6693f52aa4d0ef '   itemscope=\"itemscope\" itemtype=\"https:\/\/schema.org\/CreativeWork\" ><div class='avia_textblock'  itemprop=\"text\" ><h3>SUIVI DE LA QUALIT\u00c9<\/h3>\n<\/div><\/section><br \/>\n<section  class='av_textblock_section av-av1z2c-d0cfb4a74591cdaa157368a1421bf178 '   itemscope=\"itemscope\" itemtype=\"https:\/\/schema.org\/CreativeWork\" ><div class='avia_textblock'  itemprop=\"text\" ><p>Afin de certifier que votre projet ne pr\u00e9sentera aucune difficult\u00e9 non pr\u00e9vue, Pando vous recommande de lui envoyer une \u00e9tude technique avec quelques informations bien pr\u00e9cises pour garantir le bon fonctionnement du produit.<\/p>\n<\/div><\/section><br \/>\n\n<style type=\"text\/css\" data-created_by=\"avia_inline_auto\" id=\"style-css-av-kfwtjlu9-3bde81bf6d99f876d1038493c583b0ff\">\n#top .hr.hr-invisible.av-kfwtjlu9-3bde81bf6d99f876d1038493c583b0ff{\nheight:30px;\n}\n<\/style>\n<div  class='hr av-kfwtjlu9-3bde81bf6d99f876d1038493c583b0ff hr-invisible  avia-builder-el-5  el_after_av_textblock  el_before_av_button '><span class='hr-inner '><span class=\"hr-inner-style\"><\/span><\/span><\/div><br \/>\n<div  class='avia-button-wrap av-kh2di6r5-c6a94ad58aabb752cb6212542fde2d10-wrap avia-button-left  avia-builder-el-6  el_after_av_hr  el_before_av_hr '><a href='https:\/\/www.pando.es\/docs\/Pando_ESTUDIO-TECNICO-FR-V20-3.pdf' class='avia-button av-kh2di6r5-c6a94ad58aabb752cb6212542fde2d10 avia-icon_select-no avia-size-large avia-position-left avia-color-theme-color' target=\"_blank\" rel=\"noopener noreferrer\"><span class='avia_iconbox_title' >Vous pouvez t\u00e9l\u00e9charger la fiche technique \u00e0 ce lien<\/span><\/a><\/div><br \/>\n\n<style type=\"text\/css\" data-created_by=\"avia_inline_auto\" id=\"style-css-av-kfwtjlu9-3bde81bf6d99f876d1038493c583b0ff\">\n#top .hr.hr-invisible.av-kfwtjlu9-3bde81bf6d99f876d1038493c583b0ff{\nheight:30px;\n}\n<\/style>\n<div  class='hr av-kfwtjlu9-3bde81bf6d99f876d1038493c583b0ff hr-invisible  avia-builder-el-7  el_after_av_button  el_before_av_toggle_container '><span class='hr-inner '><span class=\"hr-inner-style\"><\/span><\/span><\/div><br \/>\n<div  class='togglecontainer av-kh38ogy7-fecade7b2f7cc68b3d80fe2147fdedd0  avia-builder-el-8  el_after_av_hr  avia-builder-el-last  toggle_close_all' >\n<section class='av_toggle_section av-jn2uew-16a2fcc2c9201cfb4cf64b8b80ba7dd4'  itemscope=\"itemscope\" itemtype=\"https:\/\/schema.org\/CreativeWork\" ><div role=\"tablist\" class=\"single_toggle\" data-tags=\"{Tout} \"  ><p data-fake-id='#toggle-id-1' class='toggler   '  itemprop=\"headline\"  role='tab' tabindex='0' aria-controls='toggle-id-1'>Caract\u00e9ristiques et recommandations pour les hottes fix\u00e9es au plafond.<span class=\"toggle_icon\"><span class=\"vert_icon\"><\/span><span class=\"hor_icon\"><\/span><\/span><\/p><div id='toggle-id-1' class='toggle_wrap  '  ><div class='toggle_content invers-color '  itemprop=\"text\" ><p class=\"p1\"><span class=\"s1\"><b>FORME DU PLAFOND: <\/b>Le plafond id\u00e9al pour la fixation de ces mod\u00e8les de hottes est compl\u00e8tement d\u00e9gag\u00e9 et lisse sur toute la surface. Si, pour des raisons de conception, la d\u00e9cision est prise de la fixer \u00e0 diff\u00e9rents niveaux ou hauteurs de plafond, nous devrons alors garantir que la zone dans laquelle est pos\u00e9e la hotte est enti\u00e8rement lisse, avec un p\u00e9rim\u00e8tre le plus grand possible pour \u00e9viter toute perte d\u2019aspiration (merci d\u2019envoyer un plan pour d\u00e9terminer si le plafond p\u00e9riph\u00e9rique est optimum).<\/span><\/p>\n<p class=\"p1\"><span class=\"s2\"><strong>HAUTEUR DE PLAFOND<\/strong>: La distance maximale recommand\u00e9e entre le sol et la hotte est de 2,5 m. Pour des hauteurs sup\u00e9rieures, merci de consulter notre Service technique.<\/span><\/p>\n<p class=\"p1\"><span class=\"s2\"><strong>GRILLE D\u2019ADMISSION DE L\u2019AIR<\/strong>: Pour une bonne aspiration de la hotte, une prise constante d\u2019entr\u00e9e d\u2019air doit exister dans la cuisine ; \u00e0 ce titre, une grille de ventilation situ\u00e9e au ras du sol peut parfaitement servir.<\/span><\/p>\n<p><span class=\"s2\"><strong>POSITION DE LA HOTTE<\/strong>: La hotte doit \u00eatre centr\u00e9e par rapport \u00e0 la zone de cuisson.<\/span><\/p>\n<p class=\"p1\"><span class=\"s2\"><strong>INSTALLATION DE LA CONDUITE D\u2019\u00c9VACUATION DES FUM\u00c9ES<\/strong> : Il est recommand\u00e9 d\u2019utiliser des tubes d\u2019\u00e9vacuation des fum\u00e9es S.E.C. System\u00ae de Pando qui am\u00e9liorent consid\u00e9rablement le confort d\u2019utilisation et le niveau sonore de l\u2019appareil. .<\/span><\/p>\n<p class=\"p1\"><span class=\"s1\"><b>INCLUS:<\/b><\/span><span class=\"s2\"><br \/>\n<\/span><span class=\"s2\">Tous les mod\u00e8les avec motorisation V. 2450 ext\u00e9rieure et V 2350 pour toit sont \u00e9quip\u00e9s en s\u00e9rie de 5 m de tube d\u2019\u00e9vacuation des fum\u00e9es S.E.C. System\u00ae de \u00d8 int\u00e9rieur de 203 mm et \u00d8 ext\u00e9rieur de 253 mm.<br \/>\nAll models comes with 2 m of 150 diameter circular spiral extractor flue as standard<br \/>\n<\/span><\/p>\n<\/div><\/div><\/div><\/section>\n<\/div><\/p><\/div>\n<style type=\"text\/css\" data-created_by=\"avia_inline_auto\" id=\"style-css-av-bzilc4-abb73f27f2f6c1d89249279c04674daa\">\n.flex_column.av-bzilc4-abb73f27f2f6c1d89249279c04674daa{\nborder-radius:0px 0px 0px 0px;\npadding:0px 0px 0px 0px;\n}\n<\/style>\n<div  class='flex_column av-bzilc4-abb73f27f2f6c1d89249279c04674daa av_two_fifth  avia-builder-el-9  el_after_av_three_fifth  avia-builder-el-last  flex_column_div av-zero-column-padding  column-top-margin'     ><section  class='av_textblock_section av-av1z2c-d0cfb4a74591cdaa157368a1421bf178 '   itemscope=\"itemscope\" itemtype=\"https:\/\/schema.org\/CreativeWork\" ><div class='avia_textblock'  itemprop=\"text\" ><h3><\/h3>\n<h3 class=\"p1\"><strong><span class=\"s1\">EN OPTION: Ensemble de touches \u00e0 encastrer au mur<\/span><span class=\"s1\">. Inox ou Blanc<\/span><\/strong><\/h3>\n<p class=\"p1\">Les hottes pour plafond peuvent dor\u00e9navant inclure en option un ensemble de touches de contr\u00f4le \u00e0 encastrer au mur. Le syst\u00e8me est livr\u00e9 avec jusqu\u2019\u00e0 10 m de c\u00e2blage en standard. Il est important de ne pas couper ce c\u00e2ble car il contient un fil \u00ab signal \u00bb qui ne doit pas \u00eatre sectionn\u00e9.<br \/>\n<strong>Except E-205 et E-237 models.<\/strong><\/p>\n<p class=\"p1\"><strong>Important: L\u2019ensemble de touches \u00e0 encastrer au mur doit \u00eatre command\u00e9e imperativement avec la hotte (dans la m\u00eame commande).<\/strong><\/p>\n<\/div><\/section><br \/>\n\n<style type=\"text\/css\" data-created_by=\"avia_inline_auto\" id=\"style-css-av-94qqw4-aef0fb34d439c342535043013e2acf56\">\n.avia-image-container.av-94qqw4-aef0fb34d439c342535043013e2acf56 img.avia_image{\nbox-shadow:none;\n}\n.avia-image-container.av-94qqw4-aef0fb34d439c342535043013e2acf56 .av-image-caption-overlay-center{\ncolor:#ffffff;\n}\n<\/style>\n<div  class='avia-image-container av-94qqw4-aef0fb34d439c342535043013e2acf56 av-styling- avia-align-center  avia-builder-el-11  el_after_av_textblock  avia-builder-el-last '   itemprop=\"image\" itemscope=\"itemscope\" itemtype=\"https:\/\/schema.org\/ImageObject\" ><div class=\"avia-image-container-inner\"><div class=\"avia-image-overlay-wrap\"><img fetchpriority=\"high\" decoding=\"async\" fetchpriority=\"high\" fetchpriority=\"high\" class='wp-image-15553 avia-img-lazy-loading-not-15553 avia_image ' src=\"https:\/\/pando.es\/wp-content\/uploads\/botonera-encastre-pared-esquema.jpg\" alt='' title='botonera-encastre-pared-esquema'  height=\"300\" width=\"500\"  itemprop=\"thumbnailUrl\" srcset=\"https:\/\/pando.es\/wp-content\/uploads\/botonera-encastre-pared-esquema.jpg 500w, https:\/\/pando.es\/wp-content\/uploads\/botonera-encastre-pared-esquema-300x180.jpg 300w, https:\/\/pando.es\/wp-content\/uploads\/botonera-encastre-pared-esquema-450x270.jpg 450w\" sizes=\"(max-width: 500px) 100vw, 500px\" \/><\/div><\/div><\/div><\/p><\/div>\n<\/div><\/div><\/main><!-- close content main element --><\/div><\/div><div id='after_section_1'  class='main_color av_default_container_wrap container_wrap sidebar_right'  ><div class='container av-section-cont-open' ><div class='template-page content  av-content-small alpha units'><div class='post-entry post-entry-type-page post-entry-21240'><div class='entry-content-wrapper clearfix'>\n","protected":false},"excerpt":{"rendered":"","protected":false},"author":5,"featured_media":0,"parent":0,"menu_order":0,"comment_status":"closed","ping_status":"closed","template":"","meta":{"_acf_changed":false,"footnotes":""},"class_list":["post-21240","page","type-page","status-publish","hentry"],"acf":[],"yoast_head":"<!-- This site is optimized with the Yoast SEO Premium plugin v23.0 (Yoast SEO v26.9) - https:\/\/yoast.com\/product\/yoast-seo-premium-wordpress\/ -->\n<title>Seccion campanas techo FRA - Pando<\/title>\n<meta name=\"robots\" content=\"index, follow, max-snippet:-1, max-image-preview:large, max-video-preview:-1\" \/>\n<link rel=\"canonical\" href=\"https:\/\/pando.es\/fr\/seccion-campanas-techo\/\" \/>\n<meta property=\"og:locale\" content=\"fr_FR\" \/>\n<meta property=\"og:type\" content=\"article\" \/>\n<meta property=\"og:title\" content=\"Seccion campanas techo FRA\" \/>\n<meta property=\"og:url\" content=\"https:\/\/pando.es\/fr\/seccion-campanas-techo\/\" \/>\n<meta property=\"og:site_name\" content=\"Pando\" \/>\n<meta property=\"article:publisher\" content=\"https:\/\/www.facebook.com\/PandoIntegralCooking\" \/>\n<meta property=\"article:modified_time\" content=\"2022-05-03T17:48:00+00:00\" \/>\n<meta name=\"twitter:card\" content=\"summary_large_image\" \/>\n<meta name=\"twitter:site\" content=\"@pandocampanas\" \/>\n<script type=\"application\/ld+json\" class=\"yoast-schema-graph\">{\"@context\":\"https:\/\/schema.org\",\"@graph\":[{\"@type\":\"WebPage\",\"@id\":\"https:\/\/pando.es\/fr\/seccion-campanas-techo\/\",\"url\":\"https:\/\/pando.es\/fr\/seccion-campanas-techo\/\",\"name\":\"Seccion campanas techo FRA - Pando\",\"isPartOf\":{\"@id\":\"https:\/\/pando.es\/fr\/#website\"},\"datePublished\":\"2020-11-04T10:11:36+00:00\",\"dateModified\":\"2022-05-03T17:48:00+00:00\",\"breadcrumb\":{\"@id\":\"https:\/\/pando.es\/fr\/seccion-campanas-techo\/#breadcrumb\"},\"inLanguage\":\"fr-FR\",\"potentialAction\":[{\"@type\":\"ReadAction\",\"target\":[\"https:\/\/pando.es\/fr\/seccion-campanas-techo\/\"]}]},{\"@type\":\"BreadcrumbList\",\"@id\":\"https:\/\/pando.es\/fr\/seccion-campanas-techo\/#breadcrumb\",\"itemListElement\":[{\"@type\":\"ListItem\",\"position\":1,\"name\":\"Portada\",\"item\":\"https:\/\/pando.es\/fr\/inicio-fr\/\"},{\"@type\":\"ListItem\",\"position\":2,\"name\":\"Seccion campanas techo FRA\"}]},{\"@type\":\"WebSite\",\"@id\":\"https:\/\/pando.es\/fr\/#website\",\"url\":\"https:\/\/pando.es\/fr\/\",\"name\":\"Pando\",\"description\":\"Campanas decorativas de cocina\",\"publisher\":{\"@id\":\"https:\/\/pando.es\/fr\/#organization\"},\"potentialAction\":[{\"@type\":\"SearchAction\",\"target\":{\"@type\":\"EntryPoint\",\"urlTemplate\":\"https:\/\/pando.es\/fr\/?s={search_term_string}\"},\"query-input\":{\"@type\":\"PropertyValueSpecification\",\"valueRequired\":true,\"valueName\":\"search_term_string\"}}],\"inLanguage\":\"fr-FR\"},{\"@type\":\"Organization\",\"@id\":\"https:\/\/pando.es\/fr\/#organization\",\"name\":\"Pando\",\"url\":\"https:\/\/pando.es\/fr\/\",\"logo\":{\"@type\":\"ImageObject\",\"inLanguage\":\"fr-FR\",\"@id\":\"https:\/\/pando.es\/fr\/#\/schema\/logo\/image\/\",\"url\":\"https:\/\/pando.es\/wp-content\/uploads\/logo-Pando-integral-cooking.png\",\"contentUrl\":\"https:\/\/pando.es\/wp-content\/uploads\/logo-Pando-integral-cooking.png\",\"width\":500,\"height\":250,\"caption\":\"Pando\"},\"image\":{\"@id\":\"https:\/\/pando.es\/fr\/#\/schema\/logo\/image\/\"},\"sameAs\":[\"https:\/\/www.facebook.com\/PandoIntegralCooking\",\"https:\/\/x.com\/pandocampanas\",\"https:\/\/www.pinterest.es\/pandocampanas\/\",\"https:\/\/www.youtube.com\/pandocampanas\",\"https:\/\/www.linkedin.com\/company\/pando-inoxpan\/\",\"https:\/\/www.instagram.com\/pandointegralcooking.es\/\"]}]}<\/script>\n<!-- \/ Yoast SEO Premium plugin. -->","yoast_head_json":{"title":"Seccion campanas techo FRA - Pando","robots":{"index":"index","follow":"follow","max-snippet":"max-snippet:-1","max-image-preview":"max-image-preview:large","max-video-preview":"max-video-preview:-1"},"canonical":"https:\/\/pando.es\/fr\/seccion-campanas-techo\/","og_locale":"fr_FR","og_type":"article","og_title":"Seccion campanas techo FRA","og_url":"https:\/\/pando.es\/fr\/seccion-campanas-techo\/","og_site_name":"Pando","article_publisher":"https:\/\/www.facebook.com\/PandoIntegralCooking","article_modified_time":"2022-05-03T17:48:00+00:00","twitter_card":"summary_large_image","twitter_site":"@pandocampanas","schema":{"@context":"https:\/\/schema.org","@graph":[{"@type":"WebPage","@id":"https:\/\/pando.es\/fr\/seccion-campanas-techo\/","url":"https:\/\/pando.es\/fr\/seccion-campanas-techo\/","name":"Seccion campanas techo FRA - Pando","isPartOf":{"@id":"https:\/\/pando.es\/fr\/#website"},"datePublished":"2020-11-04T10:11:36+00:00","dateModified":"2022-05-03T17:48:00+00:00","breadcrumb":{"@id":"https:\/\/pando.es\/fr\/seccion-campanas-techo\/#breadcrumb"},"inLanguage":"fr-FR","potentialAction":[{"@type":"ReadAction","target":["https:\/\/pando.es\/fr\/seccion-campanas-techo\/"]}]},{"@type":"BreadcrumbList","@id":"https:\/\/pando.es\/fr\/seccion-campanas-techo\/#breadcrumb","itemListElement":[{"@type":"ListItem","position":1,"name":"Portada","item":"https:\/\/pando.es\/fr\/inicio-fr\/"},{"@type":"ListItem","position":2,"name":"Seccion campanas techo FRA"}]},{"@type":"WebSite","@id":"https:\/\/pando.es\/fr\/#website","url":"https:\/\/pando.es\/fr\/","name":"Pando","description":"Campanas decorativas de cocina","publisher":{"@id":"https:\/\/pando.es\/fr\/#organization"},"potentialAction":[{"@type":"SearchAction","target":{"@type":"EntryPoint","urlTemplate":"https:\/\/pando.es\/fr\/?s={search_term_string}"},"query-input":{"@type":"PropertyValueSpecification","valueRequired":true,"valueName":"search_term_string"}}],"inLanguage":"fr-FR"},{"@type":"Organization","@id":"https:\/\/pando.es\/fr\/#organization","name":"Pando","url":"https:\/\/pando.es\/fr\/","logo":{"@type":"ImageObject","inLanguage":"fr-FR","@id":"https:\/\/pando.es\/fr\/#\/schema\/logo\/image\/","url":"https:\/\/pando.es\/wp-content\/uploads\/logo-Pando-integral-cooking.png","contentUrl":"https:\/\/pando.es\/wp-content\/uploads\/logo-Pando-integral-cooking.png","width":500,"height":250,"caption":"Pando"},"image":{"@id":"https:\/\/pando.es\/fr\/#\/schema\/logo\/image\/"},"sameAs":["https:\/\/www.facebook.com\/PandoIntegralCooking","https:\/\/x.com\/pandocampanas","https:\/\/www.pinterest.es\/pandocampanas\/","https:\/\/www.youtube.com\/pandocampanas","https:\/\/www.linkedin.com\/company\/pando-inoxpan\/","https:\/\/www.instagram.com\/pandointegralcooking.es\/"]}]}},"_links":{"self":[{"href":"https:\/\/pando.es\/fr\/wp-json\/wp\/v2\/pages\/21240","targetHints":{"allow":["GET"]}}],"collection":[{"href":"https:\/\/pando.es\/fr\/wp-json\/wp\/v2\/pages"}],"about":[{"href":"https:\/\/pando.es\/fr\/wp-json\/wp\/v2\/types\/page"}],"author":[{"embeddable":true,"href":"https:\/\/pando.es\/fr\/wp-json\/wp\/v2\/users\/5"}],"replies":[{"embeddable":true,"href":"https:\/\/pando.es\/fr\/wp-json\/wp\/v2\/comments?post=21240"}],"version-history":[{"count":7,"href":"https:\/\/pando.es\/fr\/wp-json\/wp\/v2\/pages\/21240\/revisions"}],"predecessor-version":[{"id":27299,"href":"https:\/\/pando.es\/fr\/wp-json\/wp\/v2\/pages\/21240\/revisions\/27299"}],"wp:attachment":[{"href":"https:\/\/pando.es\/fr\/wp-json\/wp\/v2\/media?parent=21240"}],"curies":[{"name":"wp","href":"https:\/\/api.w.org\/{rel}","templated":true}]}}