{"id":39252,"date":"2024-02-22T10:15:24","date_gmt":"2024-02-22T09:15:24","guid":{"rendered":"https:\/\/pando.es\/?page_id=39252"},"modified":"2025-10-30T16:45:14","modified_gmt":"2025-10-30T15:45:14","slug":"service-apres-vente","status":"publish","type":"page","link":"https:\/\/pando.es\/fr\/service-apres-vente\/","title":{"rendered":"Service apr\u00e8s-vente"},"content":{"rendered":"\t\t<div data-elementor-type=\"wp-page\" data-elementor-id=\"39252\" class=\"elementor elementor-39252 elementor-39250\" data-elementor-post-type=\"page\">\n\t\t\t\t\t\t<section class=\"elementor-section elementor-top-section elementor-element elementor-element-a5c574d elementor-section-full_width elementor-section-stretched elementor-section-height-min-height elementor-section-height-default elementor-section-items-middle\" data-id=\"a5c574d\" data-element_type=\"section\" data-e-type=\"section\" data-settings=\"{&quot;stretch_section&quot;:&quot;section-stretched&quot;}\">\n\t\t\t\t\t\t<div class=\"elementor-container elementor-column-gap-default\">\n\t\t\t\t\t<div class=\"elementor-column elementor-col-50 elementor-top-column elementor-element elementor-element-8d2767f\" data-id=\"8d2767f\" data-element_type=\"column\" data-e-type=\"column\" data-settings=\"{&quot;background_background&quot;:&quot;classic&quot;}\">\n\t\t\t<div class=\"elementor-widget-wrap elementor-element-populated\">\n\t\t\t\t\t\t<div class=\"elementor-element elementor-element-4162a51 elementor-widget elementor-widget-heading\" data-id=\"4162a51\" data-element_type=\"widget\" data-e-type=\"widget\" data-widget_type=\"heading.default\">\n\t\t\t\t<div class=\"elementor-widget-container\">\n\t\t\t\t\t<p class=\"elementor-heading-title elementor-size-default\">Service <br>apr\u00e8s-vente<\/p>\t\t\t\t<\/div>\n\t\t\t\t<\/div>\n\t\t\t\t<div class=\"elementor-element elementor-element-7aa7eea elementor-widget elementor-widget-image\" data-id=\"7aa7eea\" data-element_type=\"widget\" data-e-type=\"widget\" data-widget_type=\"image.default\">\n\t\t\t\t<div class=\"elementor-widget-container\">\n\t\t\t\t\t\t\t\t\t\t\t\t\t\t\t<img fetchpriority=\"high\" decoding=\"async\" width=\"400\" height=\"400\" src=\"https:\/\/pando.es\/wp-content\/uploads\/Pando-logo-5-years-garantia-b-FR-1-2.png\" class=\"attachment-full size-full wp-image-41226\" alt=\"\" srcset=\"https:\/\/pando.es\/wp-content\/uploads\/Pando-logo-5-years-garantia-b-FR-1-2.png 400w, https:\/\/pando.es\/wp-content\/uploads\/Pando-logo-5-years-garantia-b-FR-1-2-300x300.png 300w, https:\/\/pando.es\/wp-content\/uploads\/Pando-logo-5-years-garantia-b-FR-1-2-80x80.png 80w, https:\/\/pando.es\/wp-content\/uploads\/Pando-logo-5-years-garantia-b-FR-1-2-36x36.png 36w, https:\/\/pando.es\/wp-content\/uploads\/Pando-logo-5-years-garantia-b-FR-1-2-180x180.png 180w\" sizes=\"(max-width: 400px) 100vw, 400px\" \/>\t\t\t\t\t\t\t\t\t\t\t\t\t\t\t<\/div>\n\t\t\t\t<\/div>\n\t\t\t\t<div class=\"elementor-element elementor-element-0a0ce99 elementor-mobile-align-center elementor-align-right elementor-tablet-align-center elementor-widget elementor-widget-button\" data-id=\"0a0ce99\" data-element_type=\"widget\" data-e-type=\"widget\" data-widget_type=\"button.default\">\n\t\t\t\t<div class=\"elementor-widget-container\">\n\t\t\t\t\t\t\t\t\t<div class=\"elementor-button-wrapper\">\n\t\t\t\t\t<a class=\"elementor-button elementor-button-link elementor-size-sm\" href=\"https:\/\/pando.es\/fr\/pando-guarantee-5-years\/\">\n\t\t\t\t\t\t<span class=\"elementor-button-content-wrapper\">\n\t\t\t\t\t\t\t\t\t<span class=\"elementor-button-text\">Acc\u00e8s au formulaire<\/span>\n\t\t\t\t\t<\/span>\n\t\t\t\t\t<\/a>\n\t\t\t\t<\/div>\n\t\t\t\t\t\t\t\t<\/div>\n\t\t\t\t<\/div>\n\t\t\t\t\t<\/div>\n\t\t<\/div>\n\t\t\t\t<div class=\"elementor-column elementor-col-50 elementor-top-column elementor-element elementor-element-c38802e\" data-id=\"c38802e\" data-element_type=\"column\" data-e-type=\"column\">\n\t\t\t<div class=\"elementor-widget-wrap elementor-element-populated\">\n\t\t\t\t\t\t<div class=\"elementor-element elementor-element-861e446 elementor-widget elementor-widget-spacer\" data-id=\"861e446\" data-element_type=\"widget\" data-e-type=\"widget\" data-widget_type=\"spacer.default\">\n\t\t\t\t<div class=\"elementor-widget-container\">\n\t\t\t\t\t\t\t<div class=\"elementor-spacer\">\n\t\t\t<div class=\"elementor-spacer-inner\"><\/div>\n\t\t<\/div>\n\t\t\t\t\t\t<\/div>\n\t\t\t\t<\/div>\n\t\t\t\t\t<\/div>\n\t\t<\/div>\n\t\t\t\t\t<\/div>\n\t\t<\/section>\n\t\t\t\t<section class=\"elementor-section elementor-top-section elementor-element elementor-element-2117bc0 elementor-section-full_width elementor-section-stretched elementor-section-height-default elementor-section-height-default\" data-id=\"2117bc0\" data-element_type=\"section\" data-e-type=\"section\" data-settings=\"{&quot;stretch_section&quot;:&quot;section-stretched&quot;}\">\n\t\t\t\t\t\t<div class=\"elementor-container elementor-column-gap-default\">\n\t\t\t\t\t<div class=\"elementor-column elementor-col-50 elementor-top-column elementor-element elementor-element-8741488\" data-id=\"8741488\" data-element_type=\"column\" data-e-type=\"column\" data-settings=\"{&quot;background_background&quot;:&quot;classic&quot;}\">\n\t\t\t<div class=\"elementor-widget-wrap elementor-element-populated\">\n\t\t\t\t\t\t<div class=\"elementor-element elementor-element-7e54195 elementor-cta--layout-image-above elementor-cta--mobile-layout-image-above elementor-cta--skin-classic elementor-animated-content elementor-bg-transform elementor-bg-transform-zoom-in elementor-widget elementor-widget-call-to-action\" data-id=\"7e54195\" data-element_type=\"widget\" data-e-type=\"widget\" data-widget_type=\"call-to-action.default\">\n\t\t\t\t<div class=\"elementor-widget-container\">\n\t\t\t\t\t\t\t<a class=\"elementor-cta\" href=\"https:\/\/pando.es\/fr\/service-apres-vente-2\/etiquette-didentification\/\">\n\t\t\t\t\t<div class=\"elementor-cta__bg-wrapper\">\n\t\t\t\t<div class=\"elementor-cta__bg elementor-bg\" style=\"background-image: url(https:\/\/pando.es\/wp-content\/uploads\/Pando-icono-etiqueta-identificativa.png);\" role=\"img\" aria-label=\"Pando-icono-etiqueta-identificativa\"><\/div>\n\t\t\t\t<div class=\"elementor-cta__bg-overlay\"><\/div>\n\t\t\t<\/div>\n\t\t\t\t\t\t\t<div class=\"elementor-cta__content\">\n\t\t\t\t\n\t\t\t\t\t\t\t\t\t<h2 class=\"elementor-cta__title elementor-cta__content-item elementor-content-item\">\n\t\t\t\t\t\t\u00c9tiquette d\u2019identification du produit\t\t\t\t\t<\/h2>\n\t\t\t\t\n\t\t\t\t\t\t\t\t\t<div class=\"elementor-cta__description elementor-cta__content-item elementor-content-item\">\n\t\t\t\t\t\tIL EST ESSENTIEL que pour tout type d\u2019incident, vous envoyiez \u00e0 notre Service d\u2019Assistance Technique (SAT) une photographie de cette \u00e9tiquette\t\t\t\t\t<\/div>\n\t\t\t\t\n\t\t\t\t\t\t\t<\/div>\n\t\t\t\t\t\t<\/a>\n\t\t\t\t\t\t<\/div>\n\t\t\t\t<\/div>\n\t\t\t\t<div class=\"elementor-element elementor-element-87d0615 elementor-cta--layout-image-above elementor-cta--mobile-layout-image-above elementor-cta--skin-classic elementor-animated-content elementor-bg-transform elementor-bg-transform-zoom-in elementor-widget elementor-widget-call-to-action\" data-id=\"87d0615\" data-element_type=\"widget\" data-e-type=\"widget\" data-widget_type=\"call-to-action.default\">\n\t\t\t\t<div class=\"elementor-widget-container\">\n\t\t\t\t\t\t\t<a class=\"elementor-cta\" href=\"https:\/\/pando.es\/fr\/service-apres-vente-2\/garantie-pando\/\">\n\t\t\t\t\t<div class=\"elementor-cta__bg-wrapper\">\n\t\t\t\t<div class=\"elementor-cta__bg elementor-bg\" style=\"background-image: url(https:\/\/pando.es\/wp-content\/uploads\/Pando-icono-garantia.png);\" role=\"img\" aria-label=\"Pando-icono-garantia\"><\/div>\n\t\t\t\t<div class=\"elementor-cta__bg-overlay\"><\/div>\n\t\t\t<\/div>\n\t\t\t\t\t\t\t<div class=\"elementor-cta__content\">\n\t\t\t\t\n\t\t\t\t\t\t\t\t\t<h2 class=\"elementor-cta__title elementor-cta__content-item elementor-content-item\">\n\t\t\t\t\t\tR\u00e9parations en garantie\t\t\t\t\t<\/h2>\n\t\t\t\t\n\t\t\t\t\t\t\t\t\t<div class=\"elementor-cta__description elementor-cta__content-item elementor-content-item\">\n\t\t\t\t\t\tContactez directement votre service d\u2019assistance technique agr\u00e9e Pando local\t\t\t\t\t<\/div>\n\t\t\t\t\n\t\t\t\t\t\t\t<\/div>\n\t\t\t\t\t\t<\/a>\n\t\t\t\t\t\t<\/div>\n\t\t\t\t<\/div>\n\t\t\t\t<div class=\"elementor-element elementor-element-97b9511 elementor-cta--layout-image-above elementor-cta--mobile-layout-image-above elementor-cta--skin-classic elementor-animated-content elementor-bg-transform elementor-bg-transform-zoom-in elementor-widget elementor-widget-call-to-action\" data-id=\"97b9511\" data-element_type=\"widget\" data-e-type=\"widget\" data-widget_type=\"call-to-action.default\">\n\t\t\t\t<div class=\"elementor-widget-container\">\n\t\t\t\t\t\t\t<a class=\"elementor-cta\" href=\"https:\/\/pando.es\/fr\/information-technique\/\">\n\t\t\t\t\t<div class=\"elementor-cta__bg-wrapper\">\n\t\t\t\t<div class=\"elementor-cta__bg elementor-bg\" style=\"background-image: url(https:\/\/pando.es\/wp-content\/uploads\/Pando-icono-faq-2.png);\" role=\"img\" aria-label=\"Pando-icono-faq-2\"><\/div>\n\t\t\t\t<div class=\"elementor-cta__bg-overlay\"><\/div>\n\t\t\t<\/div>\n\t\t\t\t\t\t\t<div class=\"elementor-cta__content\">\n\t\t\t\t\n\t\t\t\t\t\t\t\t\t<h2 class=\"elementor-cta__title elementor-cta__content-item elementor-content-item\">\n\t\t\t\t\t\tInformation technique\t\t\t\t\t<\/h2>\n\t\t\t\t\n\t\t\t\t\n\t\t\t\t\t\t\t<\/div>\n\t\t\t\t\t\t<\/a>\n\t\t\t\t\t\t<\/div>\n\t\t\t\t<\/div>\n\t\t\t\t\t<\/div>\n\t\t<\/div>\n\t\t\t\t<div class=\"elementor-column elementor-col-50 elementor-top-column elementor-element elementor-element-2aa1cf4\" data-id=\"2aa1cf4\" data-element_type=\"column\" data-e-type=\"column\" data-settings=\"{&quot;background_background&quot;:&quot;classic&quot;}\">\n\t\t\t<div class=\"elementor-widget-wrap elementor-element-populated\">\n\t\t\t\t\t\t<div class=\"elementor-element elementor-element-6385aac elementor-cta--layout-image-above elementor-cta--mobile-layout-image-above elementor-cta--skin-classic elementor-animated-content elementor-bg-transform elementor-bg-transform-zoom-in elementor-widget elementor-widget-call-to-action\" data-id=\"6385aac\" data-element_type=\"widget\" data-e-type=\"widget\" data-widget_type=\"call-to-action.default\">\n\t\t\t\t<div class=\"elementor-widget-container\">\n\t\t\t\t\t\t\t<a class=\"elementor-cta\" href=\"https:\/\/pando.es\/fr\/service-apres-vente-2\/efficacite-energetique\/\">\n\t\t\t\t\t<div class=\"elementor-cta__bg-wrapper\">\n\t\t\t\t<div class=\"elementor-cta__bg elementor-bg\" style=\"background-image: url(https:\/\/pando.es\/wp-content\/uploads\/Pando-icono-etiqueta-energetica.png);\" role=\"img\" aria-label=\"Pando-icono-etiqueta-energetica\"><\/div>\n\t\t\t\t<div class=\"elementor-cta__bg-overlay\"><\/div>\n\t\t\t<\/div>\n\t\t\t\t\t\t\t<div class=\"elementor-cta__content\">\n\t\t\t\t\n\t\t\t\t\t\t\t\t\t<h2 class=\"elementor-cta__title elementor-cta__content-item elementor-content-item\">\n\t\t\t\t\t\tEfficacit\u00e9 Energ\u00e9tique\t\t\t\t\t<\/h2>\n\t\t\t\t\n\t\t\t\t\t\t\t\t\t<div class=\"elementor-cta__description elementor-cta__content-item elementor-content-item\">\n\t\t\t\t\t\tAcceda a nuestro formulario web de solicitud de reparaci\u00f3n\t\t\t\t\t<\/div>\n\t\t\t\t\n\t\t\t\t\t\t\t<\/div>\n\t\t\t\t\t\t<\/a>\n\t\t\t\t\t\t<\/div>\n\t\t\t\t<\/div>\n\t\t\t\t<div class=\"elementor-element elementor-element-a0f2000 elementor-cta--layout-image-above elementor-cta--mobile-layout-image-above elementor-cta--skin-classic elementor-animated-content elementor-bg-transform elementor-bg-transform-zoom-in elementor-widget elementor-widget-call-to-action\" data-id=\"a0f2000\" data-element_type=\"widget\" data-e-type=\"widget\" data-widget_type=\"call-to-action.default\">\n\t\t\t\t<div class=\"elementor-widget-container\">\n\t\t\t\t\t\t\t<a class=\"elementor-cta\" href=\"https:\/\/pando.es\/fr\/service-apres-vente-2\/services-assistance\/\">\n\t\t\t\t\t<div class=\"elementor-cta__bg-wrapper\">\n\t\t\t\t<div class=\"elementor-cta__bg elementor-bg\" style=\"background-image: url(https:\/\/pando.es\/wp-content\/uploads\/Pando-icono-SAT.png);\" role=\"img\" aria-label=\"Pando-icono-SAT\"><\/div>\n\t\t\t\t<div class=\"elementor-cta__bg-overlay\"><\/div>\n\t\t\t<\/div>\n\t\t\t\t\t\t\t<div class=\"elementor-cta__content\">\n\t\t\t\t\n\t\t\t\t\t\t\t\t\t<h2 class=\"elementor-cta__title elementor-cta__content-item elementor-content-item\">\n\t\t\t\t\t\tR\u00e9parations hors garantie\t\t\t\t\t<\/h2>\n\t\t\t\t\n\t\t\t\t\t\t\t\t\t<div class=\"elementor-cta__description elementor-cta__content-item elementor-content-item\">\n\t\t\t\t\t\tContactez directement votre service d\u2019assistance technique agr\u00e9e Pando local\t\t\t\t\t<\/div>\n\t\t\t\t\n\t\t\t\t\t\t\t<\/div>\n\t\t\t\t\t\t<\/a>\n\t\t\t\t\t\t<\/div>\n\t\t\t\t<\/div>\n\t\t\t\t<div class=\"elementor-element elementor-element-8f2a86f elementor-cta--layout-image-above elementor-cta--mobile-layout-image-above elementor-cta--skin-classic elementor-animated-content elementor-bg-transform elementor-bg-transform-zoom-in elementor-widget elementor-widget-call-to-action\" data-id=\"8f2a86f\" data-element_type=\"widget\" data-e-type=\"widget\" data-widget_type=\"call-to-action.default\">\n\t\t\t\t<div class=\"elementor-widget-container\">\n\t\t\t\t\t\t\t<a class=\"elementor-cta\" href=\"https:\/\/pando.es\/fr\/service-apres-vente-2\/contact-apres-vente\/\">\n\t\t\t\t\t<div class=\"elementor-cta__bg-wrapper\">\n\t\t\t\t<div class=\"elementor-cta__bg elementor-bg\" style=\"background-image: url(https:\/\/pando.es\/wp-content\/uploads\/Pando-icono-contactar.png);\" role=\"img\" aria-label=\"Pando-icono-contactar\"><\/div>\n\t\t\t\t<div class=\"elementor-cta__bg-overlay\"><\/div>\n\t\t\t<\/div>\n\t\t\t\t\t\t\t<div class=\"elementor-cta__content\">\n\t\t\t\t\n\t\t\t\t\t\t\t\t\t<h2 class=\"elementor-cta__title elementor-cta__content-item elementor-content-item\">\n\t\t\t\t\t\tContacter le Service Apr\u00e8s-ventev\t\t\t\t\t<\/h2>\n\t\t\t\t\n\t\t\t\t\t\t\t\t\t<div class=\"elementor-cta__description elementor-cta__content-item elementor-content-item\">\n\t\t\t\t\t\tContactez directement votre service d\u2019assistance technique agr\u00e9e Pando local\t\t\t\t\t<\/div>\n\t\t\t\t\n\t\t\t\t\t\t\t<\/div>\n\t\t\t\t\t\t<\/a>\n\t\t\t\t\t\t<\/div>\n\t\t\t\t<\/div>\n\t\t\t\t\t<\/div>\n\t\t<\/div>\n\t\t\t\t\t<\/div>\n\t\t<\/section>\n\t\t\t\t<\/div>\n\t\t","protected":false},"excerpt":{"rendered":"<p>Service apr\u00e8s-vente Acc\u00e8s au formulaire \u00c9tiquette d\u2019identification du produit IL EST ESSENTIEL que pour tout type d\u2019incident, vous envoyiez \u00e0 notre Service d\u2019Assistance Technique (SAT) une photographie de cette \u00e9tiquette R\u00e9parations en garantie Contactez directement votre service d\u2019assistance technique agr\u00e9e Pando local Information technique Efficacit\u00e9 Energ\u00e9tique Acceda a nuestro formulario web de solicitud de reparaci\u00f3n [&hellip;]<\/p>\n","protected":false},"author":5,"featured_media":0,"parent":0,"menu_order":0,"comment_status":"closed","ping_status":"closed","template":"","meta":{"_acf_changed":false,"footnotes":""},"class_list":["post-39252","page","type-page","status-publish","hentry"],"acf":[],"yoast_head":"<!-- This site is optimized with the Yoast SEO Premium plugin v23.0 (Yoast SEO v26.9) - https:\/\/yoast.com\/product\/yoast-seo-premium-wordpress\/ -->\n<title>Service apr\u00e8s-vente<\/title>\n<meta name=\"robots\" content=\"index, follow, max-snippet:-1, max-image-preview:large, max-video-preview:-1\" \/>\n<link rel=\"canonical\" href=\"https:\/\/pando.es\/fr\/service-apres-vente\/\" \/>\n<meta property=\"og:locale\" content=\"fr_FR\" \/>\n<meta property=\"og:type\" content=\"article\" \/>\n<meta property=\"og:title\" content=\"Service apr\u00e8s-vente\" \/>\n<meta property=\"og:description\" content=\"Service apr\u00e8s-vente Acc\u00e8s au formulaire \u00c9tiquette d\u2019identification du produit IL EST ESSENTIEL que pour tout type d\u2019incident, vous envoyiez \u00e0 notre Service d\u2019Assistance Technique (SAT) une photographie de cette \u00e9tiquette R\u00e9parations en garantie Contactez directement votre service d\u2019assistance technique agr\u00e9e Pando local Information technique Efficacit\u00e9 Energ\u00e9tique Acceda a nuestro formulario web de solicitud de reparaci\u00f3n [&hellip;]\" \/>\n<meta property=\"og:url\" content=\"https:\/\/pando.es\/fr\/service-apres-vente\/\" \/>\n<meta property=\"og:site_name\" content=\"Pando\" \/>\n<meta property=\"article:publisher\" content=\"https:\/\/www.facebook.com\/PandoIntegralCooking\" \/>\n<meta property=\"article:modified_time\" content=\"2025-10-30T15:45:14+00:00\" \/>\n<meta property=\"og:image\" content=\"http:\/\/pando.es\/wp-content\/uploads\/Pando-logo-5-years-garantia-b-FR-1-2.png\" \/>\n<meta name=\"twitter:card\" content=\"summary_large_image\" \/>\n<meta name=\"twitter:site\" content=\"@pandocampanas\" \/>\n<script type=\"application\/ld+json\" class=\"yoast-schema-graph\">{\"@context\":\"https:\/\/schema.org\",\"@graph\":[{\"@type\":\"WebPage\",\"@id\":\"https:\/\/pando.es\/fr\/service-apres-vente\/\",\"url\":\"https:\/\/pando.es\/fr\/service-apres-vente\/\",\"name\":\"Service apr\u00e8s-vente\",\"isPartOf\":{\"@id\":\"https:\/\/pando.es\/fr\/#website\"},\"primaryImageOfPage\":{\"@id\":\"https:\/\/pando.es\/fr\/service-apres-vente\/#primaryimage\"},\"image\":{\"@id\":\"https:\/\/pando.es\/fr\/service-apres-vente\/#primaryimage\"},\"thumbnailUrl\":\"http:\/\/pando.es\/wp-content\/uploads\/Pando-logo-5-years-garantia-b-FR-1-2.png\",\"datePublished\":\"2024-02-22T09:15:24+00:00\",\"dateModified\":\"2025-10-30T15:45:14+00:00\",\"breadcrumb\":{\"@id\":\"https:\/\/pando.es\/fr\/service-apres-vente\/#breadcrumb\"},\"inLanguage\":\"fr-FR\",\"potentialAction\":[{\"@type\":\"ReadAction\",\"target\":[\"https:\/\/pando.es\/fr\/service-apres-vente\/\"]}]},{\"@type\":\"ImageObject\",\"inLanguage\":\"fr-FR\",\"@id\":\"https:\/\/pando.es\/fr\/service-apres-vente\/#primaryimage\",\"url\":\"http:\/\/pando.es\/wp-content\/uploads\/Pando-logo-5-years-garantia-b-FR-1-2.png\",\"contentUrl\":\"http:\/\/pando.es\/wp-content\/uploads\/Pando-logo-5-years-garantia-b-FR-1-2.png\"},{\"@type\":\"BreadcrumbList\",\"@id\":\"https:\/\/pando.es\/fr\/service-apres-vente\/#breadcrumb\",\"itemListElement\":[{\"@type\":\"ListItem\",\"position\":1,\"name\":\"Portada\",\"item\":\"https:\/\/pando.es\/fr\/inicio-fr\/\"},{\"@type\":\"ListItem\",\"position\":2,\"name\":\"Service apr\u00e8s-vente\"}]},{\"@type\":\"WebSite\",\"@id\":\"https:\/\/pando.es\/fr\/#website\",\"url\":\"https:\/\/pando.es\/fr\/\",\"name\":\"Pando\",\"description\":\"Campanas decorativas de cocina\",\"publisher\":{\"@id\":\"https:\/\/pando.es\/fr\/#organization\"},\"potentialAction\":[{\"@type\":\"SearchAction\",\"target\":{\"@type\":\"EntryPoint\",\"urlTemplate\":\"https:\/\/pando.es\/fr\/?s={search_term_string}\"},\"query-input\":{\"@type\":\"PropertyValueSpecification\",\"valueRequired\":true,\"valueName\":\"search_term_string\"}}],\"inLanguage\":\"fr-FR\"},{\"@type\":\"Organization\",\"@id\":\"https:\/\/pando.es\/fr\/#organization\",\"name\":\"Pando\",\"url\":\"https:\/\/pando.es\/fr\/\",\"logo\":{\"@type\":\"ImageObject\",\"inLanguage\":\"fr-FR\",\"@id\":\"https:\/\/pando.es\/fr\/#\/schema\/logo\/image\/\",\"url\":\"https:\/\/pando.es\/wp-content\/uploads\/logo-Pando-integral-cooking.png\",\"contentUrl\":\"https:\/\/pando.es\/wp-content\/uploads\/logo-Pando-integral-cooking.png\",\"width\":500,\"height\":250,\"caption\":\"Pando\"},\"image\":{\"@id\":\"https:\/\/pando.es\/fr\/#\/schema\/logo\/image\/\"},\"sameAs\":[\"https:\/\/www.facebook.com\/PandoIntegralCooking\",\"https:\/\/x.com\/pandocampanas\",\"https:\/\/www.pinterest.es\/pandocampanas\/\",\"https:\/\/www.youtube.com\/pandocampanas\",\"https:\/\/www.linkedin.com\/company\/pando-inoxpan\/\",\"https:\/\/www.instagram.com\/pandointegralcooking.es\/\"]}]}<\/script>\n<!-- \/ Yoast SEO Premium plugin. -->","yoast_head_json":{"title":"Service apr\u00e8s-vente","robots":{"index":"index","follow":"follow","max-snippet":"max-snippet:-1","max-image-preview":"max-image-preview:large","max-video-preview":"max-video-preview:-1"},"canonical":"https:\/\/pando.es\/fr\/service-apres-vente\/","og_locale":"fr_FR","og_type":"article","og_title":"Service apr\u00e8s-vente","og_description":"Service apr\u00e8s-vente Acc\u00e8s au formulaire \u00c9tiquette d\u2019identification du produit IL EST ESSENTIEL que pour tout type d\u2019incident, vous envoyiez \u00e0 notre Service d\u2019Assistance Technique (SAT) une photographie de cette \u00e9tiquette R\u00e9parations en garantie Contactez directement votre service d\u2019assistance technique agr\u00e9e Pando local Information technique Efficacit\u00e9 Energ\u00e9tique Acceda a nuestro formulario web de solicitud de reparaci\u00f3n [&hellip;]","og_url":"https:\/\/pando.es\/fr\/service-apres-vente\/","og_site_name":"Pando","article_publisher":"https:\/\/www.facebook.com\/PandoIntegralCooking","article_modified_time":"2025-10-30T15:45:14+00:00","og_image":[{"url":"http:\/\/pando.es\/wp-content\/uploads\/Pando-logo-5-years-garantia-b-FR-1-2.png","type":"","width":"","height":""}],"twitter_card":"summary_large_image","twitter_site":"@pandocampanas","schema":{"@context":"https:\/\/schema.org","@graph":[{"@type":"WebPage","@id":"https:\/\/pando.es\/fr\/service-apres-vente\/","url":"https:\/\/pando.es\/fr\/service-apres-vente\/","name":"Service apr\u00e8s-vente","isPartOf":{"@id":"https:\/\/pando.es\/fr\/#website"},"primaryImageOfPage":{"@id":"https:\/\/pando.es\/fr\/service-apres-vente\/#primaryimage"},"image":{"@id":"https:\/\/pando.es\/fr\/service-apres-vente\/#primaryimage"},"thumbnailUrl":"http:\/\/pando.es\/wp-content\/uploads\/Pando-logo-5-years-garantia-b-FR-1-2.png","datePublished":"2024-02-22T09:15:24+00:00","dateModified":"2025-10-30T15:45:14+00:00","breadcrumb":{"@id":"https:\/\/pando.es\/fr\/service-apres-vente\/#breadcrumb"},"inLanguage":"fr-FR","potentialAction":[{"@type":"ReadAction","target":["https:\/\/pando.es\/fr\/service-apres-vente\/"]}]},{"@type":"ImageObject","inLanguage":"fr-FR","@id":"https:\/\/pando.es\/fr\/service-apres-vente\/#primaryimage","url":"http:\/\/pando.es\/wp-content\/uploads\/Pando-logo-5-years-garantia-b-FR-1-2.png","contentUrl":"http:\/\/pando.es\/wp-content\/uploads\/Pando-logo-5-years-garantia-b-FR-1-2.png"},{"@type":"BreadcrumbList","@id":"https:\/\/pando.es\/fr\/service-apres-vente\/#breadcrumb","itemListElement":[{"@type":"ListItem","position":1,"name":"Portada","item":"https:\/\/pando.es\/fr\/inicio-fr\/"},{"@type":"ListItem","position":2,"name":"Service apr\u00e8s-vente"}]},{"@type":"WebSite","@id":"https:\/\/pando.es\/fr\/#website","url":"https:\/\/pando.es\/fr\/","name":"Pando","description":"Campanas decorativas de cocina","publisher":{"@id":"https:\/\/pando.es\/fr\/#organization"},"potentialAction":[{"@type":"SearchAction","target":{"@type":"EntryPoint","urlTemplate":"https:\/\/pando.es\/fr\/?s={search_term_string}"},"query-input":{"@type":"PropertyValueSpecification","valueRequired":true,"valueName":"search_term_string"}}],"inLanguage":"fr-FR"},{"@type":"Organization","@id":"https:\/\/pando.es\/fr\/#organization","name":"Pando","url":"https:\/\/pando.es\/fr\/","logo":{"@type":"ImageObject","inLanguage":"fr-FR","@id":"https:\/\/pando.es\/fr\/#\/schema\/logo\/image\/","url":"https:\/\/pando.es\/wp-content\/uploads\/logo-Pando-integral-cooking.png","contentUrl":"https:\/\/pando.es\/wp-content\/uploads\/logo-Pando-integral-cooking.png","width":500,"height":250,"caption":"Pando"},"image":{"@id":"https:\/\/pando.es\/fr\/#\/schema\/logo\/image\/"},"sameAs":["https:\/\/www.facebook.com\/PandoIntegralCooking","https:\/\/x.com\/pandocampanas","https:\/\/www.pinterest.es\/pandocampanas\/","https:\/\/www.youtube.com\/pandocampanas","https:\/\/www.linkedin.com\/company\/pando-inoxpan\/","https:\/\/www.instagram.com\/pandointegralcooking.es\/"]}]}},"_links":{"self":[{"href":"https:\/\/pando.es\/fr\/wp-json\/wp\/v2\/pages\/39252","targetHints":{"allow":["GET"]}}],"collection":[{"href":"https:\/\/pando.es\/fr\/wp-json\/wp\/v2\/pages"}],"about":[{"href":"https:\/\/pando.es\/fr\/wp-json\/wp\/v2\/types\/page"}],"author":[{"embeddable":true,"href":"https:\/\/pando.es\/fr\/wp-json\/wp\/v2\/users\/5"}],"replies":[{"embeddable":true,"href":"https:\/\/pando.es\/fr\/wp-json\/wp\/v2\/comments?post=39252"}],"version-history":[{"count":18,"href":"https:\/\/pando.es\/fr\/wp-json\/wp\/v2\/pages\/39252\/revisions"}],"predecessor-version":[{"id":50582,"href":"https:\/\/pando.es\/fr\/wp-json\/wp\/v2\/pages\/39252\/revisions\/50582"}],"wp:attachment":[{"href":"https:\/\/pando.es\/fr\/wp-json\/wp\/v2\/media?parent=39252"}],"curies":[{"name":"wp","href":"https:\/\/api.w.org\/{rel}","templated":true}]}}