{"id":41024,"date":"2024-01-09T12:11:59","date_gmt":"2024-01-09T11:11:59","guid":{"rendered":"https:\/\/pando.es\/temp\/"},"modified":"2024-04-15T12:31:22","modified_gmt":"2024-04-15T10:31:22","slug":"distributeur-pando","status":"publish","type":"page","link":"https:\/\/pando.es\/fr\/distributeur-pando\/","title":{"rendered":"Distributeur PANDO"},"content":{"rendered":"\t\t<div data-elementor-type=\"wp-page\" data-elementor-id=\"41024\" class=\"elementor elementor-41024\" data-elementor-post-type=\"page\">\n\t\t\t\t\t\t<section class=\"elementor-section elementor-top-section elementor-element elementor-element-6f695dc elementor-section-full_width elementor-section-height-min-height elementor-section-stretched elementor-section-height-default elementor-section-items-middle\" data-id=\"6f695dc\" data-element_type=\"section\" data-e-type=\"section\" data-settings=\"{&quot;stretch_section&quot;:&quot;section-stretched&quot;,&quot;background_background&quot;:&quot;classic&quot;}\">\n\t\t\t\t\t\t<div class=\"elementor-container elementor-column-gap-default\">\n\t\t\t\t\t<div class=\"elementor-column elementor-col-100 elementor-top-column elementor-element elementor-element-8f357e9\" data-id=\"8f357e9\" data-element_type=\"column\" data-e-type=\"column\">\n\t\t\t<div class=\"elementor-widget-wrap\">\n\t\t\t\t\t\t\t<\/div>\n\t\t<\/div>\n\t\t\t\t\t<\/div>\n\t\t<\/section>\n\t\t\t\t<section class=\"elementor-section elementor-top-section elementor-element elementor-element-08109cb elementor-section-boxed elementor-section-height-default elementor-section-height-default\" data-id=\"08109cb\" data-element_type=\"section\" data-e-type=\"section\">\n\t\t\t\t\t\t<div class=\"elementor-container elementor-column-gap-default\">\n\t\t\t\t\t<div class=\"elementor-column elementor-col-100 elementor-top-column elementor-element elementor-element-4f077ab\" data-id=\"4f077ab\" data-element_type=\"column\" data-e-type=\"column\">\n\t\t\t<div class=\"elementor-widget-wrap elementor-element-populated\">\n\t\t\t\t\t\t<div class=\"elementor-element elementor-element-4972b36 elementor-widget elementor-widget-heading\" data-id=\"4972b36\" data-element_type=\"widget\" data-e-type=\"widget\" data-widget_type=\"heading.default\">\n\t\t\t\t<div class=\"elementor-widget-container\">\n\t\t\t\t\t<h3 class=\"elementor-heading-title elementor-size-default\">Trouver votre Distributeur PANDO<\/h3>\t\t\t\t<\/div>\n\t\t\t\t<\/div>\n\t\t\t\t<div class=\"elementor-element elementor-element-0a01b13 elementor-widget elementor-widget-heading\" data-id=\"0a01b13\" data-element_type=\"widget\" data-e-type=\"widget\" data-widget_type=\"heading.default\">\n\t\t\t\t<div class=\"elementor-widget-container\">\n\t\t\t\t\t<p class=\"elementor-heading-title elementor-size-default\">Distributeurs Officiels <i>Pando<\/i> pr\u00e8s de chez vous<\/p>\t\t\t\t<\/div>\n\t\t\t\t<\/div>\n\t\t\t\t<div class=\"elementor-element elementor-element-6ba0f22 elementor-widget elementor-widget-heading\" data-id=\"6ba0f22\" data-element_type=\"widget\" data-e-type=\"widget\" data-widget_type=\"heading.default\">\n\t\t\t\t<div class=\"elementor-widget-container\">\n\t\t\t\t\t<h3 class=\"elementor-heading-title elementor-size-default\">Venez d\u00e9couvrir l\u2019univers <i>Pando<\/i> chez un de nos distributeurs officiels pr\u00e8s de chez vous etlaissezvous conseiller par des experts en \u00e9lectrom\u00e9nagers.<\/h3>\t\t\t\t<\/div>\n\t\t\t\t<\/div>\n\t\t\t\t\t<\/div>\n\t\t<\/div>\n\t\t\t\t\t<\/div>\n\t\t<\/section>\n\t\t\t\t<section class=\"elementor-section elementor-top-section elementor-element elementor-element-95a9ed0 elementor-section-full_width elementor-section-stretched elementor-section-height-default elementor-section-height-default\" data-id=\"95a9ed0\" data-element_type=\"section\" data-e-type=\"section\" data-settings=\"{&quot;stretch_section&quot;:&quot;section-stretched&quot;,&quot;background_background&quot;:&quot;classic&quot;}\">\n\t\t\t\t\t\t<div class=\"elementor-container elementor-column-gap-default\">\n\t\t\t\t\t<div class=\"elementor-column elementor-col-100 elementor-top-column elementor-element elementor-element-fcdc431\" data-id=\"fcdc431\" data-element_type=\"column\" data-e-type=\"column\">\n\t\t\t<div class=\"elementor-widget-wrap elementor-element-populated\">\n\t\t\t\t\t\t<div class=\"elementor-element elementor-element-5e00506 elementor-widget elementor-widget-shortcode\" data-id=\"5e00506\" data-element_type=\"widget\" data-e-type=\"widget\" data-widget_type=\"shortcode.default\">\n\t\t\t\t<div class=\"elementor-widget-container\">\n\t\t\t\t\t\t\t<div class=\"elementor-shortcode\"><style type=\"text\/css\">\n.asl-p-cont .asl-print-btn,.asl-cont .asl-print-btn {display: none !important;}#asl-storelocator.asl-cont .sl-main-cont .asl-panel.pol-lg-12 {\n    order: 0;\n}\n\n#asl-storelocator.asl-cont .sl-main-cont .asl-panel.pol-lg-12 .asl-panel-inner {\n    position: relative;\n    height: 450px;\n}\n\n.asl-cont .onoffswitch .onoffswitch-label .onoffswitch-switch:before {\n    content: \"OUVRIR\" !important;\n}\n\n.asl-cont .onoffswitch .onoffswitch-label .onoffswitch-switch:after {\n    content: \"TOUS\" !important;\n}\n\n@media (max-width: 767px) {\n    #asl-storelocator.asl-cont .asl-panel {\n        order: 0;\n    }\n}\n\n.asl-cont.sl-search-only .Filter_section+.sl-row {\n    display: none;\n}\n\n.asl-cont .sl-hide-branches,\n.asl-cont .sl-hide-branches:hover {\n    color: #FFF !important;\n    text-decoration: none !important;\n    cursor: pointer;\n}\n<\/style>\n<div id=\"asl-storelocator\"\n    class=\"storelocator-main asl-cont asl-template-0 asl-layout-0 asl-bg-1  asl-text-1\">\n    <div class=\"asl-wrapper\">\n        <div class=\"sl-container\">\n                                    <div class=\"sl-row Filter_section\">\n                <div class=\"pol-lg-4 pol-md-5 pol-sm-12 search_filter\">\n                    <label class=\"mb-2\" for=\"auto-complete-search\">Emplacement de recherche<\/label>\n                    <div class=\"sl-search-group input-group d-flex\">\n                        <input type=\"text\" value=\"\" data-submit=\"disable\"\n                            id=\"auto-complete-search\" placeholder=\"Entrez un emplacement\"\n                            class=\"asl-search-address form-control isp_ignore\">\n                        <div class=\"input-group-append\">\n                            <button aria-label=\"Emplacement de recherche\"\n                                title=\"Emplacement de recherche\" type=\"button\" class=\"asl-search-event input-group-text span-geo\">\n                                <i class=\"icon-search\" aria-hidden=\"true\"><\/i>\n                            <\/button>\n                        <\/div>\n                    <\/div>\n                <\/div>\n                <div class=\"pol-lg-8 pol-md-7 pol-sm-12\">\n                    <div class=\"sl-row\">\n                        <div class=\"pol-sm-12 asl-advance-filters hide\">\n                            <div class=\"sl-row\">\n                                                                                                                                <div class=\"pol-lg-4 pol-md-6 pol-sm-12 range_filter asl-ddl-filters hide\">\n                                    <div class=\"rangeFilter asl-filter-cntrl\">\n                                        <label for=\"asl-radius-slide\"\n                                            class=\"asl-cntrl-lbl\">Port\u00e9e de distance<\/label>\n                                        <input id=\"asl-radius-slide\" type=\"text\" class=\"span2\" \/>\n                                        <span class=\"rad-unit\">Rayon: <span\n                                                id=\"asl-radius-input\"><\/span> <span\n                                                id=\"asl-dist-unit\">Km<\/span><\/span>\n                                    <\/div>\n                                <\/div>\n                                <div class=\"pol-lg-2 pol-md-3 pol-sm-12 Status_filter\">\n                                    <div class=\"asl-filter-cntrl\">\n                                        <label class=\"asl-cntrl-lbl\">Statut<\/label>\n                                        <div class=\"onoffswitch\">\n                                            <input type=\"checkbox\" name=\"onoffswitch\" class=\"onoffswitch-checkbox\"\n                                                id=\"asl-open-close\" checked>\n                                            <label aria-label=\"Magasins ouverts\"\n                                                title=\"Magasins ouverts\"\n                                                class=\"onoffswitch-label\" for=\"asl-open-close\">\n                                                <span class=\"onoffswitch-inner\"><\/span>\n                                                <span class=\"onoffswitch-switch\"><\/span>\n                                            <\/label>\n                                        <\/div>\n                                    <\/div>\n                                <\/div>\n                            <\/div>\n                        <\/div>\n                    <\/div>\n                <\/div>\n            <\/div>\n                        <div class=\"sl-row\">\n                <div class=\"pol-12\">\n                    <div class=\"sl-main-cont\">\n                        <div class=\"sl-row no-gutters sl-main-row\">\n                            <div id=\"asl-panel\" class=\"asl-panel pol-md-5 pol-lg-4 asl_locator-panel\">\n                                <div class=\"asl-overlay\" id=\"map-loading\">\n                                    <div class=\"white\"><\/div>\n                                    <div class=\"sl-loading\">\n                                        <i class=\"animate-sl-spin icon-spin3\"><\/i>\n                                        Chargement...                                    <\/div>\n                                <\/div>\n                                                                <!-- list -->\n                                <div class=\"asl-panel-inner\">\n                                    <div class=\"top-title Num_of_store\">\n                                        <span><span\n                                                class=\"sl-head-title\">Nombre de magasins<\/span>:\n                                            <span class=\"count-result\">0<\/span><\/span>\n                                                                            <\/div>\n                                    <div class=\"sl-main-cont-box\">\n                                        <div id=\"asl-list\" class=\"sl-list-wrapper\">\n                                            <ul id=\"p-statelist\" class=\"sl-list\">\n                                            <\/ul>\n                                        <\/div>\n                                    <\/div>\n                                <\/div>\n\n                                <div class=\"directions-cont hide\">\n                                    <div class=\"agile-modal-header\">\n                                        <button type=\"button\" class=\"close\"><span aria-hidden=\"true\">\u00d7<\/span><\/button>\n                                        <h4>Direction du magasin<\/h4>\n                                    <\/div>\n                                    <div class=\"rendered-directions\" id=\"asl-rendered-dir\" style=\"direction: ltr;\">\n                                    <\/div>\n                                <\/div>\n                            <\/div>\n                            <div class=\"pol-md-7 pol-lg-8 asl-map\">\n                                <div class=\"map-image\">\n                                    <div id=\"asl-map-canv\" class=\"asl-map-canv\"><\/div>\n                                    <div id=\"agile-modal-direction\" class=\"agile-modal fade\">\n    <div class=\"agile-modal-backdrop-in\"><\/div>\n    <div class=\"agile-modal-dialog in\">\n        <div class=\"agile-modal-content\">\n            <div class=\"sl-form-group d-flex justify-content-between\">\n                <h4>OBTENIR UN ITIN\u00c9RAIRE<\/h4>\n                <button type=\"button\" class=\"close-directions sl-close\" data-dismiss=\"agile-modal\"\n                    aria-label=\"Fermer\"><i aria-hidden=\"true\" class=\"icon-cancel-1\"><\/i><\/button>\n            <\/div>\n            <div class=\"sl-form-group\">\n                <label for=\"frm-lbl\">Depuis:<\/label>\n                <input type=\"text\" class=\"form-control frm-place\" id=\"frm-lbl\"\n                    placeholder=\"Entrez un emplacement\">\n            <\/div>\n            <div class=\"sl-form-group\">\n                <label for=\"to-lbl\">\u00c0:<\/label>\n                <input readonly=\"true\" type=\"text\" class=\"directions-to form-control\" id=\"to-lbl\"\n                    placeholder=\"Adresse de destination pr\u00e9remplie\">\n            <\/div>\n            <div class=\"sl-form-group mb-0\">\n                <label for=\"rbtn-km\" class=\"checkbox-inline\">\n                    <input type=\"radio\" name=\"dist-type\" id=\"rbtn-km\" value=\"0\"> Km                <\/label>\n                <label for=\"rbtn-mile\" class=\"checkbox-inline\">\n                    <input type=\"radio\" name=\"dist-type\" checked id=\"rbtn-mile\" value=\"1\">\n                    Milles                <\/label>\n            <\/div>\n            <div class=\"sl-form-group mb-0\">\n                <button type=\"submit\" aria-label=\"OBTENIR UN ITIN\u00c9RAIRE\"\n                    class=\"btn btn-default btn-submit\">OBTENIR UN ITIN\u00c9RAIRE<\/button>\n            <\/div>\n        <\/div>\n    <\/div>\n<\/div>\n\n<div id=\"asl-geolocation-agile-modal\" class=\"agile-modal fade\">\n    <div class=\"agile-modal-backdrop-in\"><\/div>\n    <div class=\"agile-modal-dialog in\">\n        <div class=\"agile-modal-content\">\n                        <div class=\"sl-form-group d-flex justify-content-between\">\n                <h2>LOCALISEZ VOTRE G\u00c9OPOSITION<\/h2>\n                <button type=\"button\" class=\"close-directions sl-close\" data-dismiss=\"agile-modal\"\n                    aria-label=\"Fermer\"><i aria-hidden=\"true\" class=\"icon-cancel-1\"><\/i><\/button>\n            <\/div>\n            <div class=\"sl-form-group\">\n                <label for=\"asl-current-loc\" class=\"sr-only\">Votre adresse<\/label>\n                <input type=\"text\" class=\"form-control\" id=\"asl-current-loc\"\n                placeholder=\"Votre adresse\">\n            <\/div>\n            <div class=\"sl-form-group mb-0\">\n                <button type=\"button\" id=\"asl-btn-locate\" aria-label=\"SITUER\" class=\"btn btn-block btn-default\">SITUER<\/button>\n            <\/div>\n                    <\/div>\n    <\/div>\n<\/div>\n\n<div id=\"asl-desc-agile-modal\" class=\"agile-modal fade\">\n    <div class=\"agile-modal-backdrop-in\"><\/div>\n    <div class=\"agile-modal-dialog in\">\n        <div class=\"agile-modal-content\">\n            <div class=\"sl-row\">\n                <div class=\"pol-md-12\">\n                    <div class=\"sl-form-group d-flex justify-content-between\">\n                        <h4 class=\"sl-title\">Voir la description<\/h4>\n                        <button type=\"button\" class=\"close-directions sl-close\" data-dismiss=\"agile-modal\"\n                            aria-label=\"Close\"><i aria-hidden=\"true\" class=\"icon-cancel-1\"><\/i><\/button>\n                    <\/div>\n                    <div class=\"sl-desc\"><\/div>\n                <\/div>\n            <\/div>\n        <\/div>\n    <\/div>\n<\/div>                                <\/div>\n                            <\/div>\n                        <\/div>\n                    <\/div>\n                <\/div>\n            <\/div>\n        <\/div>\n            <\/div>\n<\/div>\n<!-- This plugin is developed by \"Agile Store Locator for WordPress\" https:\/\/agilestorelocator.com --><\/div>\n\t\t\t\t\t\t<\/div>\n\t\t\t\t<\/div>\n\t\t\t\t\t<\/div>\n\t\t<\/div>\n\t\t\t\t\t<\/div>\n\t\t<\/section>\n\t\t\t\t<\/div>\n\t\t","protected":false},"excerpt":{"rendered":"<p>Trouver votre Distributeur PANDO Distributeurs Officiels Pando pr\u00e8s de chez vous Venez d\u00e9couvrir l\u2019univers Pando chez un de nos distributeurs officiels pr\u00e8s de chez vous etlaissezvous conseiller par des experts en \u00e9lectrom\u00e9nagers.<\/p>\n","protected":false},"author":9,"featured_media":0,"parent":0,"menu_order":0,"comment_status":"closed","ping_status":"closed","template":"","meta":{"_acf_changed":false,"footnotes":""},"class_list":["post-41024","page","type-page","status-publish","hentry"],"acf":[],"yoast_head":"<!-- This site is optimized with the Yoast SEO Premium plugin v23.0 (Yoast SEO v26.9) - https:\/\/yoast.com\/product\/yoast-seo-premium-wordpress\/ -->\n<title>Distributeur PANDO - Pando<\/title>\n<meta name=\"robots\" content=\"index, follow, max-snippet:-1, max-image-preview:large, max-video-preview:-1\" \/>\n<link rel=\"canonical\" href=\"https:\/\/pando.es\/fr\/distributeur-pando\/\" \/>\n<meta property=\"og:locale\" content=\"fr_FR\" \/>\n<meta property=\"og:type\" content=\"article\" \/>\n<meta property=\"og:title\" content=\"Distributeur PANDO\" \/>\n<meta property=\"og:description\" content=\"Trouver votre Distributeur PANDO Distributeurs Officiels Pando pr\u00e8s de chez vous Venez d\u00e9couvrir l\u2019univers Pando chez un de nos distributeurs officiels pr\u00e8s de chez vous etlaissezvous conseiller par des experts en \u00e9lectrom\u00e9nagers.\" \/>\n<meta property=\"og:url\" content=\"https:\/\/pando.es\/fr\/distributeur-pando\/\" \/>\n<meta property=\"og:site_name\" content=\"Pando\" \/>\n<meta property=\"article:publisher\" content=\"https:\/\/www.facebook.com\/PandoIntegralCooking\" \/>\n<meta property=\"article:modified_time\" content=\"2024-04-15T10:31:22+00:00\" \/>\n<meta name=\"twitter:card\" content=\"summary_large_image\" \/>\n<meta name=\"twitter:site\" content=\"@pandocampanas\" \/>\n<script type=\"application\/ld+json\" class=\"yoast-schema-graph\">{\"@context\":\"https:\/\/schema.org\",\"@graph\":[{\"@type\":\"WebPage\",\"@id\":\"https:\/\/pando.es\/fr\/distributeur-pando\/\",\"url\":\"https:\/\/pando.es\/fr\/distributeur-pando\/\",\"name\":\"Distributeur PANDO - Pando\",\"isPartOf\":{\"@id\":\"https:\/\/pando.es\/fr\/#website\"},\"datePublished\":\"2024-01-09T11:11:59+00:00\",\"dateModified\":\"2024-04-15T10:31:22+00:00\",\"breadcrumb\":{\"@id\":\"https:\/\/pando.es\/fr\/distributeur-pando\/#breadcrumb\"},\"inLanguage\":\"fr-FR\",\"potentialAction\":[{\"@type\":\"ReadAction\",\"target\":[\"https:\/\/pando.es\/fr\/distributeur-pando\/\"]}]},{\"@type\":\"BreadcrumbList\",\"@id\":\"https:\/\/pando.es\/fr\/distributeur-pando\/#breadcrumb\",\"itemListElement\":[{\"@type\":\"ListItem\",\"position\":1,\"name\":\"Portada\",\"item\":\"https:\/\/pando.es\/fr\/inicio-fr\/\"},{\"@type\":\"ListItem\",\"position\":2,\"name\":\"Distributeur PANDO\"}]},{\"@type\":\"WebSite\",\"@id\":\"https:\/\/pando.es\/fr\/#website\",\"url\":\"https:\/\/pando.es\/fr\/\",\"name\":\"Pando\",\"description\":\"Campanas decorativas de cocina\",\"publisher\":{\"@id\":\"https:\/\/pando.es\/fr\/#organization\"},\"potentialAction\":[{\"@type\":\"SearchAction\",\"target\":{\"@type\":\"EntryPoint\",\"urlTemplate\":\"https:\/\/pando.es\/fr\/?s={search_term_string}\"},\"query-input\":{\"@type\":\"PropertyValueSpecification\",\"valueRequired\":true,\"valueName\":\"search_term_string\"}}],\"inLanguage\":\"fr-FR\"},{\"@type\":\"Organization\",\"@id\":\"https:\/\/pando.es\/fr\/#organization\",\"name\":\"Pando\",\"url\":\"https:\/\/pando.es\/fr\/\",\"logo\":{\"@type\":\"ImageObject\",\"inLanguage\":\"fr-FR\",\"@id\":\"https:\/\/pando.es\/fr\/#\/schema\/logo\/image\/\",\"url\":\"https:\/\/pando.es\/wp-content\/uploads\/logo-Pando-integral-cooking.png\",\"contentUrl\":\"https:\/\/pando.es\/wp-content\/uploads\/logo-Pando-integral-cooking.png\",\"width\":500,\"height\":250,\"caption\":\"Pando\"},\"image\":{\"@id\":\"https:\/\/pando.es\/fr\/#\/schema\/logo\/image\/\"},\"sameAs\":[\"https:\/\/www.facebook.com\/PandoIntegralCooking\",\"https:\/\/x.com\/pandocampanas\",\"https:\/\/www.pinterest.es\/pandocampanas\/\",\"https:\/\/www.youtube.com\/pandocampanas\",\"https:\/\/www.linkedin.com\/company\/pando-inoxpan\/\",\"https:\/\/www.instagram.com\/pandointegralcooking.es\/\"]}]}<\/script>\n<!-- \/ Yoast SEO Premium plugin. -->","yoast_head_json":{"title":"Distributeur PANDO - Pando","robots":{"index":"index","follow":"follow","max-snippet":"max-snippet:-1","max-image-preview":"max-image-preview:large","max-video-preview":"max-video-preview:-1"},"canonical":"https:\/\/pando.es\/fr\/distributeur-pando\/","og_locale":"fr_FR","og_type":"article","og_title":"Distributeur PANDO","og_description":"Trouver votre Distributeur PANDO Distributeurs Officiels Pando pr\u00e8s de chez vous Venez d\u00e9couvrir l\u2019univers Pando chez un de nos distributeurs officiels pr\u00e8s de chez vous etlaissezvous conseiller par des experts en \u00e9lectrom\u00e9nagers.","og_url":"https:\/\/pando.es\/fr\/distributeur-pando\/","og_site_name":"Pando","article_publisher":"https:\/\/www.facebook.com\/PandoIntegralCooking","article_modified_time":"2024-04-15T10:31:22+00:00","twitter_card":"summary_large_image","twitter_site":"@pandocampanas","schema":{"@context":"https:\/\/schema.org","@graph":[{"@type":"WebPage","@id":"https:\/\/pando.es\/fr\/distributeur-pando\/","url":"https:\/\/pando.es\/fr\/distributeur-pando\/","name":"Distributeur PANDO - Pando","isPartOf":{"@id":"https:\/\/pando.es\/fr\/#website"},"datePublished":"2024-01-09T11:11:59+00:00","dateModified":"2024-04-15T10:31:22+00:00","breadcrumb":{"@id":"https:\/\/pando.es\/fr\/distributeur-pando\/#breadcrumb"},"inLanguage":"fr-FR","potentialAction":[{"@type":"ReadAction","target":["https:\/\/pando.es\/fr\/distributeur-pando\/"]}]},{"@type":"BreadcrumbList","@id":"https:\/\/pando.es\/fr\/distributeur-pando\/#breadcrumb","itemListElement":[{"@type":"ListItem","position":1,"name":"Portada","item":"https:\/\/pando.es\/fr\/inicio-fr\/"},{"@type":"ListItem","position":2,"name":"Distributeur PANDO"}]},{"@type":"WebSite","@id":"https:\/\/pando.es\/fr\/#website","url":"https:\/\/pando.es\/fr\/","name":"Pando","description":"Campanas decorativas de cocina","publisher":{"@id":"https:\/\/pando.es\/fr\/#organization"},"potentialAction":[{"@type":"SearchAction","target":{"@type":"EntryPoint","urlTemplate":"https:\/\/pando.es\/fr\/?s={search_term_string}"},"query-input":{"@type":"PropertyValueSpecification","valueRequired":true,"valueName":"search_term_string"}}],"inLanguage":"fr-FR"},{"@type":"Organization","@id":"https:\/\/pando.es\/fr\/#organization","name":"Pando","url":"https:\/\/pando.es\/fr\/","logo":{"@type":"ImageObject","inLanguage":"fr-FR","@id":"https:\/\/pando.es\/fr\/#\/schema\/logo\/image\/","url":"https:\/\/pando.es\/wp-content\/uploads\/logo-Pando-integral-cooking.png","contentUrl":"https:\/\/pando.es\/wp-content\/uploads\/logo-Pando-integral-cooking.png","width":500,"height":250,"caption":"Pando"},"image":{"@id":"https:\/\/pando.es\/fr\/#\/schema\/logo\/image\/"},"sameAs":["https:\/\/www.facebook.com\/PandoIntegralCooking","https:\/\/x.com\/pandocampanas","https:\/\/www.pinterest.es\/pandocampanas\/","https:\/\/www.youtube.com\/pandocampanas","https:\/\/www.linkedin.com\/company\/pando-inoxpan\/","https:\/\/www.instagram.com\/pandointegralcooking.es\/"]}]}},"_links":{"self":[{"href":"https:\/\/pando.es\/fr\/wp-json\/wp\/v2\/pages\/41024","targetHints":{"allow":["GET"]}}],"collection":[{"href":"https:\/\/pando.es\/fr\/wp-json\/wp\/v2\/pages"}],"about":[{"href":"https:\/\/pando.es\/fr\/wp-json\/wp\/v2\/types\/page"}],"author":[{"embeddable":true,"href":"https:\/\/pando.es\/fr\/wp-json\/wp\/v2\/users\/9"}],"replies":[{"embeddable":true,"href":"https:\/\/pando.es\/fr\/wp-json\/wp\/v2\/comments?post=41024"}],"version-history":[{"count":19,"href":"https:\/\/pando.es\/fr\/wp-json\/wp\/v2\/pages\/41024\/revisions"}],"predecessor-version":[{"id":41074,"href":"https:\/\/pando.es\/fr\/wp-json\/wp\/v2\/pages\/41024\/revisions\/41074"}],"wp:attachment":[{"href":"https:\/\/pando.es\/fr\/wp-json\/wp\/v2\/media?parent=41024"}],"curies":[{"name":"wp","href":"https:\/\/api.w.org\/{rel}","templated":true}]}}