{"id":48619,"date":"2025-06-17T16:28:11","date_gmt":"2025-06-17T14:28:11","guid":{"rendered":"https:\/\/pando.es\/garantia-pando-5-anos-tf\/"},"modified":"2025-12-05T11:13:17","modified_gmt":"2025-12-05T10:13:17","slug":"pando-guarantee-5-years","status":"publish","type":"page","link":"https:\/\/pando.es\/fr\/pando-guarantee-5-years\/","title":{"rendered":"Garant\u00eda Pando 5 a\u00f1os"},"content":{"rendered":"\t\t<div data-elementor-type=\"wp-page\" data-elementor-id=\"48619\" class=\"elementor elementor-48619 elementor-47861\" data-elementor-post-type=\"page\">\n\t\t\t\t\t\t<section class=\"elementor-section elementor-top-section elementor-element elementor-element-5f7e2d8 elementor-section-full_width elementor-section-stretched elementor-section-height-min-height elementor-section-items-stretch elementor-section-height-default\" data-id=\"5f7e2d8\" data-element_type=\"section\" data-e-type=\"section\" data-settings=\"{&quot;stretch_section&quot;:&quot;section-stretched&quot;}\">\n\t\t\t\t\t\t<div class=\"elementor-container elementor-column-gap-default\">\n\t\t\t\t\t<div class=\"elementor-column elementor-col-50 elementor-top-column elementor-element elementor-element-477c151\" data-id=\"477c151\" data-element_type=\"column\" data-e-type=\"column\" data-settings=\"{&quot;background_background&quot;:&quot;classic&quot;}\">\n\t\t\t<div class=\"elementor-widget-wrap elementor-element-populated\">\n\t\t\t\t\t\t<div class=\"elementor-element elementor-element-08a2742 elementor-widget elementor-widget-image\" data-id=\"08a2742\" data-element_type=\"widget\" data-e-type=\"widget\" data-widget_type=\"image.default\">\n\t\t\t\t<div class=\"elementor-widget-container\">\n\t\t\t\t\t\t\t\t\t\t\t\t\t\t\t<img fetchpriority=\"high\" decoding=\"async\" width=\"400\" height=\"400\" src=\"https:\/\/pando.es\/wp-content\/uploads\/Pando-logo-5-years-garantia-b-FR-1-2.png\" class=\"attachment-large size-large wp-image-41226\" alt=\"\" srcset=\"https:\/\/pando.es\/wp-content\/uploads\/Pando-logo-5-years-garantia-b-FR-1-2.png 400w, https:\/\/pando.es\/wp-content\/uploads\/Pando-logo-5-years-garantia-b-FR-1-2-300x300.png 300w, https:\/\/pando.es\/wp-content\/uploads\/Pando-logo-5-years-garantia-b-FR-1-2-80x80.png 80w, https:\/\/pando.es\/wp-content\/uploads\/Pando-logo-5-years-garantia-b-FR-1-2-36x36.png 36w, https:\/\/pando.es\/wp-content\/uploads\/Pando-logo-5-years-garantia-b-FR-1-2-180x180.png 180w\" sizes=\"(max-width: 400px) 100vw, 400px\" \/>\t\t\t\t\t\t\t\t\t\t\t\t\t\t\t<\/div>\n\t\t\t\t<\/div>\n\t\t\t\t<div class=\"elementor-element elementor-element-d2e9d93 elementor-invisible elementor-widget elementor-widget-heading\" data-id=\"d2e9d93\" data-element_type=\"widget\" data-e-type=\"widget\" data-settings=\"{&quot;_animation&quot;:&quot;fadeInLeft&quot;,&quot;_animation_mobile&quot;:&quot;fadeInLeft&quot;}\" data-widget_type=\"heading.default\">\n\t\t\t\t<div class=\"elementor-widget-container\">\n\t\t\t\t\t<p class=\"elementor-heading-title elementor-size-default\">HOTTES D\u00c9CORATIVES <br>\nFOURS ET MICRO-ONDES <br>\nTABLES DE CUISSON \u00c0 GAZ ET \u00c0 INDUCTION <br>\nR\u00c9FRIG\u00c9RATEURS <br>\nLAVE-VAISSELLE <br>\nLAVE-LIGNE ET S\u00c8CHE-LINGE<br>\nREFROIDISSEURS \u00c0 VIN<\/p>\t\t\t\t<\/div>\n\t\t\t\t<\/div>\n\t\t\t\t\t<\/div>\n\t\t<\/div>\n\t\t\t\t<div class=\"elementor-column elementor-col-50 elementor-top-column elementor-element elementor-element-f7047b0\" data-id=\"f7047b0\" data-element_type=\"column\" data-e-type=\"column\" data-settings=\"{&quot;background_background&quot;:&quot;classic&quot;}\">\n\t\t\t<div class=\"elementor-widget-wrap elementor-element-populated\">\n\t\t\t\t\t<div class=\"elementor-background-overlay\"><\/div>\n\t\t\t\t\t\t<div class=\"elementor-element elementor-element-7c2d68e elementor-widget elementor-widget-heading\" data-id=\"7c2d68e\" data-element_type=\"widget\" data-e-type=\"widget\" data-widget_type=\"heading.default\">\n\t\t\t\t<div class=\"elementor-widget-container\">\n\t\t\t\t\t<p class=\"elementor-heading-title elementor-size-default\">Avec Pando vous pouvez oublier<br> les probl\u00e8mes de garantie!<\/p>\t\t\t\t<\/div>\n\t\t\t\t<\/div>\n\t\t\t\t<div class=\"elementor-element elementor-element-498b40e elementor-widget elementor-widget-heading\" data-id=\"498b40e\" data-element_type=\"widget\" data-e-type=\"widget\" data-widget_type=\"heading.default\">\n\t\t\t\t<div class=\"elementor-widget-container\">\n\t\t\t\t\t<p class=\"elementor-heading-title elementor-size-default\">Nous offrons une garantie de 5 ans sur tous nos produits.<br>\nAvec Pando, cuisiner est toujours un plaisir!<\/p>\t\t\t\t<\/div>\n\t\t\t\t<\/div>\n\t\t\t\t\t<\/div>\n\t\t<\/div>\n\t\t\t\t\t<\/div>\n\t\t<\/section>\n\t\t\t\t<section class=\"elementor-section elementor-top-section elementor-element elementor-element-0d8932c elementor-section-full_width elementor-section-stretched elementor-section-height-min-height elementor-section-items-stretch elementor-section-height-default\" data-id=\"0d8932c\" data-element_type=\"section\" data-e-type=\"section\" data-settings=\"{&quot;stretch_section&quot;:&quot;section-stretched&quot;}\">\n\t\t\t\t\t\t<div class=\"elementor-container elementor-column-gap-default\">\n\t\t\t\t\t<div class=\"elementor-column elementor-col-50 elementor-top-column elementor-element elementor-element-182253e\" data-id=\"182253e\" data-element_type=\"column\" data-e-type=\"column\" data-settings=\"{&quot;background_background&quot;:&quot;classic&quot;}\">\n\t\t\t<div class=\"elementor-widget-wrap elementor-element-populated\">\n\t\t\t\t\t\t<div class=\"elementor-element elementor-element-af41515 elementor-widget elementor-widget-text-editor\" data-id=\"af41515\" data-element_type=\"widget\" data-e-type=\"widget\" data-widget_type=\"text-editor.default\">\n\t\t\t\t<div class=\"elementor-widget-container\">\n\t\t\t\t\t\t\t\t\t<p>FORMULAIRE DE GARANTIE DE 5 ANS.<\/p>\t\t\t\t\t\t\t\t<\/div>\n\t\t\t\t<\/div>\n\t\t\t\t<div class=\"elementor-element elementor-element-88f9ed9 elementor-widget-divider--view-line elementor-widget elementor-widget-divider\" data-id=\"88f9ed9\" data-element_type=\"widget\" data-e-type=\"widget\" data-widget_type=\"divider.default\">\n\t\t\t\t<div class=\"elementor-widget-container\">\n\t\t\t\t\t\t\t<div class=\"elementor-divider\">\n\t\t\t<span class=\"elementor-divider-separator\">\n\t\t\t\t\t\t<\/span>\n\t\t<\/div>\n\t\t\t\t\t\t<\/div>\n\t\t\t\t<\/div>\n\t\t\t\t<div class=\"elementor-element elementor-element-7f10c9b elementor-widget elementor-widget-text-editor\" data-id=\"7f10c9b\" data-element_type=\"widget\" data-e-type=\"widget\" data-widget_type=\"text-editor.default\">\n\t\t\t\t<div class=\"elementor-widget-container\">\n\t\t\t\t\t\t\t\t\t<p>INFORMATIONS IMPORTANTES<\/p>\t\t\t\t\t\t\t\t<\/div>\n\t\t\t\t<\/div>\n\t\t\t\t<div class=\"elementor-element elementor-element-88abdd7 elementor-widget-divider--view-line elementor-widget elementor-widget-divider\" data-id=\"88abdd7\" data-element_type=\"widget\" data-e-type=\"widget\" data-widget_type=\"divider.default\">\n\t\t\t\t<div class=\"elementor-widget-container\">\n\t\t\t\t\t\t\t<div class=\"elementor-divider\">\n\t\t\t<span class=\"elementor-divider-separator\">\n\t\t\t\t\t\t<\/span>\n\t\t<\/div>\n\t\t\t\t\t\t<\/div>\n\t\t\t\t<\/div>\n\t\t\t\t<div class=\"elementor-element elementor-element-393300e elementor-widget elementor-widget-text-editor\" data-id=\"393300e\" data-element_type=\"widget\" data-e-type=\"widget\" data-widget_type=\"text-editor.default\">\n\t\t\t\t<div class=\"elementor-widget-container\">\n\t\t\t\t\t\t\t\t\t<ul><li>Le d\u00e9lai pour soumettre tous les documents et b\u00e9n\u00e9ficier de la garantie de 5 ans est de 90 jours \u00e0 compter de la date de la facture.<\/li><\/ul>\t\t\t\t\t\t\t\t<\/div>\n\t\t\t\t<\/div>\n\t\t\t\t<div class=\"elementor-element elementor-element-79fc649 elementor-widget elementor-widget-text-editor\" data-id=\"79fc649\" data-element_type=\"widget\" data-e-type=\"widget\" data-widget_type=\"text-editor.default\">\n\t\t\t\t<div class=\"elementor-widget-container\">\n\t\t\t\t\t\t\t\t\t<ul><li>La p\u00e9riode de garantie commence \u00e0 la date d&rsquo;achat indiqu\u00e9e sur la facture. Veuillez consulter le manuel d&rsquo;installation et d&rsquo;utilisation pour conna\u00eetre les conditions de garantie.<\/li><li>Pour activer la garantie, il est indispensable de joindre des photos de la facture d&rsquo;achat et de chacune des \u00e9tiquettes des produits achet\u00e9s, indiquant le num\u00e9ro de s\u00e9rie.<\/li><\/ul>\t\t\t\t\t\t\t\t<\/div>\n\t\t\t\t<\/div>\n\t\t\t\t\t<\/div>\n\t\t<\/div>\n\t\t\t\t<div class=\"elementor-column elementor-col-50 elementor-top-column elementor-element elementor-element-14150b1\" data-id=\"14150b1\" data-element_type=\"column\" data-e-type=\"column\" data-settings=\"{&quot;background_background&quot;:&quot;classic&quot;}\">\n\t\t\t<div class=\"elementor-widget-wrap elementor-element-populated\">\n\t\t\t\t\t\t<div class=\"elementor-element elementor-element-95d89da elementor-widget elementor-widget-text-editor\" data-id=\"95d89da\" data-element_type=\"widget\" data-e-type=\"widget\" data-widget_type=\"text-editor.default\">\n\t\t\t\t<div class=\"elementor-widget-container\">\n\t\t\t\t\t\t\t\t\t<div data-tf-live=\"01K0CDHR810D1V0MXFPRD46J9V\"><\/div><script src=\"\/\/embed.typeform.com\/next\/embed.js\"><\/script>\t\t\t\t\t\t\t\t<\/div>\n\t\t\t\t<\/div>\n\t\t\t\t\t<\/div>\n\t\t<\/div>\n\t\t\t\t\t<\/div>\n\t\t<\/section>\n\t\t\t\t<\/div>\n\t\t","protected":false},"excerpt":{"rendered":"<p>HOTTES D\u00c9CORATIVES FOURS ET MICRO-ONDES TABLES DE CUISSON \u00c0 GAZ ET \u00c0 INDUCTION R\u00c9FRIG\u00c9RATEURS LAVE-VAISSELLE LAVE-LIGNE ET S\u00c8CHE-LINGE REFROIDISSEURS \u00c0 VIN Avec Pando vous pouvez oublier les probl\u00e8mes de garantie! Nous offrons une garantie de 5 ans sur tous nos produits. Avec Pando, cuisiner est toujours un plaisir! FORMULAIRE DE GARANTIE DE 5 ANS. INFORMATIONS [&hellip;]<\/p>\n","protected":false},"author":9,"featured_media":0,"parent":0,"menu_order":0,"comment_status":"closed","ping_status":"closed","template":"","meta":{"_acf_changed":false,"footnotes":""},"class_list":["post-48619","page","type-page","status-publish","hentry"],"acf":[],"yoast_head":"<!-- This site is optimized with the Yoast SEO Premium plugin v23.0 (Yoast SEO v26.9) - https:\/\/yoast.com\/product\/yoast-seo-premium-wordpress\/ -->\n<title>Garant\u00eda Pando 5 a\u00f1os - Pando<\/title>\n<meta name=\"robots\" content=\"index, follow, max-snippet:-1, max-image-preview:large, max-video-preview:-1\" \/>\n<link rel=\"canonical\" href=\"https:\/\/pando.es\/fr\/pando-guarantee-5-years\/\" \/>\n<meta property=\"og:locale\" content=\"fr_FR\" \/>\n<meta property=\"og:type\" content=\"article\" \/>\n<meta property=\"og:title\" content=\"Garant\u00eda Pando 5 a\u00f1os\" \/>\n<meta property=\"og:description\" content=\"HOTTES D\u00c9CORATIVES FOURS ET MICRO-ONDES TABLES DE CUISSON \u00c0 GAZ ET \u00c0 INDUCTION R\u00c9FRIG\u00c9RATEURS LAVE-VAISSELLE LAVE-LIGNE ET S\u00c8CHE-LINGE REFROIDISSEURS \u00c0 VIN Avec Pando vous pouvez oublier les probl\u00e8mes de garantie! Nous offrons une garantie de 5 ans sur tous nos produits. Avec Pando, cuisiner est toujours un plaisir! FORMULAIRE DE GARANTIE DE 5 ANS. INFORMATIONS [&hellip;]\" \/>\n<meta property=\"og:url\" content=\"https:\/\/pando.es\/fr\/pando-guarantee-5-years\/\" \/>\n<meta property=\"og:site_name\" content=\"Pando\" \/>\n<meta property=\"article:publisher\" content=\"https:\/\/www.facebook.com\/PandoIntegralCooking\" \/>\n<meta property=\"article:modified_time\" content=\"2025-12-05T10:13:17+00:00\" \/>\n<meta property=\"og:image\" content=\"http:\/\/pando.es\/wp-content\/uploads\/Pando-logo-5-years-garantia-b-FR-1-2.png\" \/>\n<meta name=\"twitter:card\" content=\"summary_large_image\" \/>\n<meta name=\"twitter:site\" content=\"@pandocampanas\" \/>\n<script type=\"application\/ld+json\" class=\"yoast-schema-graph\">{\"@context\":\"https:\/\/schema.org\",\"@graph\":[{\"@type\":\"WebPage\",\"@id\":\"https:\/\/pando.es\/fr\/pando-guarantee-5-years\/\",\"url\":\"https:\/\/pando.es\/fr\/pando-guarantee-5-years\/\",\"name\":\"Garant\u00eda Pando 5 a\u00f1os - Pando\",\"isPartOf\":{\"@id\":\"https:\/\/pando.es\/fr\/#website\"},\"primaryImageOfPage\":{\"@id\":\"https:\/\/pando.es\/fr\/pando-guarantee-5-years\/#primaryimage\"},\"image\":{\"@id\":\"https:\/\/pando.es\/fr\/pando-guarantee-5-years\/#primaryimage\"},\"thumbnailUrl\":\"http:\/\/pando.es\/wp-content\/uploads\/Pando-logo-5-years-garantia-b-FR-1-2.png\",\"datePublished\":\"2025-06-17T14:28:11+00:00\",\"dateModified\":\"2025-12-05T10:13:17+00:00\",\"breadcrumb\":{\"@id\":\"https:\/\/pando.es\/fr\/pando-guarantee-5-years\/#breadcrumb\"},\"inLanguage\":\"fr-FR\",\"potentialAction\":[{\"@type\":\"ReadAction\",\"target\":[\"https:\/\/pando.es\/fr\/pando-guarantee-5-years\/\"]}]},{\"@type\":\"ImageObject\",\"inLanguage\":\"fr-FR\",\"@id\":\"https:\/\/pando.es\/fr\/pando-guarantee-5-years\/#primaryimage\",\"url\":\"http:\/\/pando.es\/wp-content\/uploads\/Pando-logo-5-years-garantia-b-FR-1-2.png\",\"contentUrl\":\"http:\/\/pando.es\/wp-content\/uploads\/Pando-logo-5-years-garantia-b-FR-1-2.png\"},{\"@type\":\"BreadcrumbList\",\"@id\":\"https:\/\/pando.es\/fr\/pando-guarantee-5-years\/#breadcrumb\",\"itemListElement\":[{\"@type\":\"ListItem\",\"position\":1,\"name\":\"Portada\",\"item\":\"https:\/\/pando.es\/fr\/inicio-fr\/\"},{\"@type\":\"ListItem\",\"position\":2,\"name\":\"Garant\u00eda Pando 5 a\u00f1os\"}]},{\"@type\":\"WebSite\",\"@id\":\"https:\/\/pando.es\/fr\/#website\",\"url\":\"https:\/\/pando.es\/fr\/\",\"name\":\"Pando\",\"description\":\"Campanas decorativas de cocina\",\"publisher\":{\"@id\":\"https:\/\/pando.es\/fr\/#organization\"},\"potentialAction\":[{\"@type\":\"SearchAction\",\"target\":{\"@type\":\"EntryPoint\",\"urlTemplate\":\"https:\/\/pando.es\/fr\/?s={search_term_string}\"},\"query-input\":{\"@type\":\"PropertyValueSpecification\",\"valueRequired\":true,\"valueName\":\"search_term_string\"}}],\"inLanguage\":\"fr-FR\"},{\"@type\":\"Organization\",\"@id\":\"https:\/\/pando.es\/fr\/#organization\",\"name\":\"Pando\",\"url\":\"https:\/\/pando.es\/fr\/\",\"logo\":{\"@type\":\"ImageObject\",\"inLanguage\":\"fr-FR\",\"@id\":\"https:\/\/pando.es\/fr\/#\/schema\/logo\/image\/\",\"url\":\"https:\/\/pando.es\/wp-content\/uploads\/logo-Pando-integral-cooking.png\",\"contentUrl\":\"https:\/\/pando.es\/wp-content\/uploads\/logo-Pando-integral-cooking.png\",\"width\":500,\"height\":250,\"caption\":\"Pando\"},\"image\":{\"@id\":\"https:\/\/pando.es\/fr\/#\/schema\/logo\/image\/\"},\"sameAs\":[\"https:\/\/www.facebook.com\/PandoIntegralCooking\",\"https:\/\/x.com\/pandocampanas\",\"https:\/\/www.pinterest.es\/pandocampanas\/\",\"https:\/\/www.youtube.com\/pandocampanas\",\"https:\/\/www.linkedin.com\/company\/pando-inoxpan\/\",\"https:\/\/www.instagram.com\/pandointegralcooking.es\/\"]}]}<\/script>\n<!-- \/ Yoast SEO Premium plugin. -->","yoast_head_json":{"title":"Garant\u00eda Pando 5 a\u00f1os - Pando","robots":{"index":"index","follow":"follow","max-snippet":"max-snippet:-1","max-image-preview":"max-image-preview:large","max-video-preview":"max-video-preview:-1"},"canonical":"https:\/\/pando.es\/fr\/pando-guarantee-5-years\/","og_locale":"fr_FR","og_type":"article","og_title":"Garant\u00eda Pando 5 a\u00f1os","og_description":"HOTTES D\u00c9CORATIVES FOURS ET MICRO-ONDES TABLES DE CUISSON \u00c0 GAZ ET \u00c0 INDUCTION R\u00c9FRIG\u00c9RATEURS LAVE-VAISSELLE LAVE-LIGNE ET S\u00c8CHE-LINGE REFROIDISSEURS \u00c0 VIN Avec Pando vous pouvez oublier les probl\u00e8mes de garantie! Nous offrons une garantie de 5 ans sur tous nos produits. Avec Pando, cuisiner est toujours un plaisir! FORMULAIRE DE GARANTIE DE 5 ANS. INFORMATIONS [&hellip;]","og_url":"https:\/\/pando.es\/fr\/pando-guarantee-5-years\/","og_site_name":"Pando","article_publisher":"https:\/\/www.facebook.com\/PandoIntegralCooking","article_modified_time":"2025-12-05T10:13:17+00:00","og_image":[{"url":"http:\/\/pando.es\/wp-content\/uploads\/Pando-logo-5-years-garantia-b-FR-1-2.png","type":"","width":"","height":""}],"twitter_card":"summary_large_image","twitter_site":"@pandocampanas","schema":{"@context":"https:\/\/schema.org","@graph":[{"@type":"WebPage","@id":"https:\/\/pando.es\/fr\/pando-guarantee-5-years\/","url":"https:\/\/pando.es\/fr\/pando-guarantee-5-years\/","name":"Garant\u00eda Pando 5 a\u00f1os - Pando","isPartOf":{"@id":"https:\/\/pando.es\/fr\/#website"},"primaryImageOfPage":{"@id":"https:\/\/pando.es\/fr\/pando-guarantee-5-years\/#primaryimage"},"image":{"@id":"https:\/\/pando.es\/fr\/pando-guarantee-5-years\/#primaryimage"},"thumbnailUrl":"http:\/\/pando.es\/wp-content\/uploads\/Pando-logo-5-years-garantia-b-FR-1-2.png","datePublished":"2025-06-17T14:28:11+00:00","dateModified":"2025-12-05T10:13:17+00:00","breadcrumb":{"@id":"https:\/\/pando.es\/fr\/pando-guarantee-5-years\/#breadcrumb"},"inLanguage":"fr-FR","potentialAction":[{"@type":"ReadAction","target":["https:\/\/pando.es\/fr\/pando-guarantee-5-years\/"]}]},{"@type":"ImageObject","inLanguage":"fr-FR","@id":"https:\/\/pando.es\/fr\/pando-guarantee-5-years\/#primaryimage","url":"http:\/\/pando.es\/wp-content\/uploads\/Pando-logo-5-years-garantia-b-FR-1-2.png","contentUrl":"http:\/\/pando.es\/wp-content\/uploads\/Pando-logo-5-years-garantia-b-FR-1-2.png"},{"@type":"BreadcrumbList","@id":"https:\/\/pando.es\/fr\/pando-guarantee-5-years\/#breadcrumb","itemListElement":[{"@type":"ListItem","position":1,"name":"Portada","item":"https:\/\/pando.es\/fr\/inicio-fr\/"},{"@type":"ListItem","position":2,"name":"Garant\u00eda Pando 5 a\u00f1os"}]},{"@type":"WebSite","@id":"https:\/\/pando.es\/fr\/#website","url":"https:\/\/pando.es\/fr\/","name":"Pando","description":"Campanas decorativas de cocina","publisher":{"@id":"https:\/\/pando.es\/fr\/#organization"},"potentialAction":[{"@type":"SearchAction","target":{"@type":"EntryPoint","urlTemplate":"https:\/\/pando.es\/fr\/?s={search_term_string}"},"query-input":{"@type":"PropertyValueSpecification","valueRequired":true,"valueName":"search_term_string"}}],"inLanguage":"fr-FR"},{"@type":"Organization","@id":"https:\/\/pando.es\/fr\/#organization","name":"Pando","url":"https:\/\/pando.es\/fr\/","logo":{"@type":"ImageObject","inLanguage":"fr-FR","@id":"https:\/\/pando.es\/fr\/#\/schema\/logo\/image\/","url":"https:\/\/pando.es\/wp-content\/uploads\/logo-Pando-integral-cooking.png","contentUrl":"https:\/\/pando.es\/wp-content\/uploads\/logo-Pando-integral-cooking.png","width":500,"height":250,"caption":"Pando"},"image":{"@id":"https:\/\/pando.es\/fr\/#\/schema\/logo\/image\/"},"sameAs":["https:\/\/www.facebook.com\/PandoIntegralCooking","https:\/\/x.com\/pandocampanas","https:\/\/www.pinterest.es\/pandocampanas\/","https:\/\/www.youtube.com\/pandocampanas","https:\/\/www.linkedin.com\/company\/pando-inoxpan\/","https:\/\/www.instagram.com\/pandointegralcooking.es\/"]}]}},"_links":{"self":[{"href":"https:\/\/pando.es\/fr\/wp-json\/wp\/v2\/pages\/48619","targetHints":{"allow":["GET"]}}],"collection":[{"href":"https:\/\/pando.es\/fr\/wp-json\/wp\/v2\/pages"}],"about":[{"href":"https:\/\/pando.es\/fr\/wp-json\/wp\/v2\/types\/page"}],"author":[{"embeddable":true,"href":"https:\/\/pando.es\/fr\/wp-json\/wp\/v2\/users\/9"}],"replies":[{"embeddable":true,"href":"https:\/\/pando.es\/fr\/wp-json\/wp\/v2\/comments?post=48619"}],"version-history":[{"count":28,"href":"https:\/\/pando.es\/fr\/wp-json\/wp\/v2\/pages\/48619\/revisions"}],"predecessor-version":[{"id":51941,"href":"https:\/\/pando.es\/fr\/wp-json\/wp\/v2\/pages\/48619\/revisions\/51941"}],"wp:attachment":[{"href":"https:\/\/pando.es\/fr\/wp-json\/wp\/v2\/media?parent=48619"}],"curies":[{"name":"wp","href":"https:\/\/api.w.org\/{rel}","templated":true}]}}