{"id":50601,"date":"2023-12-15T12:30:50","date_gmt":"2023-12-15T11:30:50","guid":{"rendered":"https:\/\/pando.es\/service-apres-vente\/garantie-pando\/formulario-garantia-sat-pando\/"},"modified":"2025-10-30T19:17:23","modified_gmt":"2025-10-30T18:17:23","slug":"formulaire-de-garantie-sat-pando","status":"publish","type":"page","link":"https:\/\/pando.es\/fr\/service-apres-vente\/garantie-pando\/formulaire-de-garantie-sat-pando\/","title":{"rendered":"Formulario Garant\u00eda SAT &#8211; Pando"},"content":{"rendered":"\t\t<div data-elementor-type=\"wp-page\" data-elementor-id=\"50601\" class=\"elementor elementor-50601 elementor-37290\" data-elementor-post-type=\"page\">\n\t\t\t\t\t\t<section class=\"elementor-section elementor-top-section elementor-element elementor-element-b67c372 elementor-section-full_width elementor-section-stretched elementor-section-height-min-height elementor-section-items-stretch elementor-section-height-default\" data-id=\"b67c372\" data-element_type=\"section\" data-e-type=\"section\" data-settings=\"{&quot;stretch_section&quot;:&quot;section-stretched&quot;}\">\n\t\t\t\t\t\t<div class=\"elementor-container elementor-column-gap-default\">\n\t\t\t\t\t<div class=\"elementor-column elementor-col-50 elementor-top-column elementor-element elementor-element-c9d906b\" data-id=\"c9d906b\" data-element_type=\"column\" data-e-type=\"column\" data-settings=\"{&quot;background_background&quot;:&quot;classic&quot;}\">\n\t\t\t<div class=\"elementor-widget-wrap elementor-element-populated\">\n\t\t\t\t\t\t<div class=\"elementor-element elementor-element-4724d70 elementor-widget elementor-widget-image\" data-id=\"4724d70\" data-element_type=\"widget\" data-e-type=\"widget\" data-widget_type=\"image.default\">\n\t\t\t\t<div class=\"elementor-widget-container\">\n\t\t\t\t\t\t\t\t\t\t\t\t\t\t\t<img fetchpriority=\"high\" decoding=\"async\" width=\"350\" height=\"350\" src=\"https:\/\/pando.es\/wp-content\/uploads\/Pando-icono-contactar.png\" class=\"attachment-large size-large wp-image-3384\" alt=\"\" srcset=\"https:\/\/pando.es\/wp-content\/uploads\/Pando-icono-contactar.png 350w, https:\/\/pando.es\/wp-content\/uploads\/Pando-icono-contactar-80x80.png 80w, https:\/\/pando.es\/wp-content\/uploads\/Pando-icono-contactar-300x300.png 300w, https:\/\/pando.es\/wp-content\/uploads\/Pando-icono-contactar-36x36.png 36w, https:\/\/pando.es\/wp-content\/uploads\/Pando-icono-contactar-180x180.png 180w, https:\/\/pando.es\/wp-content\/uploads\/Pando-icono-contactar-120x120.png 120w\" sizes=\"(max-width: 350px) 100vw, 350px\" \/>\t\t\t\t\t\t\t\t\t\t\t\t\t\t\t<\/div>\n\t\t\t\t<\/div>\n\t\t\t\t<div class=\"elementor-element elementor-element-c2fcad8 elementor-invisible elementor-widget elementor-widget-heading\" data-id=\"c2fcad8\" data-element_type=\"widget\" data-e-type=\"widget\" data-settings=\"{&quot;_animation&quot;:&quot;fadeInLeft&quot;,&quot;_animation_mobile&quot;:&quot;fadeInLeft&quot;}\" data-widget_type=\"heading.default\">\n\t\t\t\t<div class=\"elementor-widget-container\">\n\t\t\t\t\t<p class=\"elementor-heading-title elementor-size-default\">CAMPANES D\u00c9CORATIVES<br>\nFOURS &amp; MICRO-ONDES<br>\nPLAQUES \u00c0 GAZ ET \u00c0 INDUCTION<br>\nR\u00c9FRIG\u00c9RATEURS<br>\nLAVE-VAISSELLE<br>\nLAVE-LINGE ET S\u00c8CHE-LINGE<br>\nCAVES \u00c0 VIN<\/p>\t\t\t\t<\/div>\n\t\t\t\t<\/div>\n\t\t\t\t\t<\/div>\n\t\t<\/div>\n\t\t\t\t<div class=\"elementor-column elementor-col-50 elementor-top-column elementor-element elementor-element-8452e51\" data-id=\"8452e51\" data-element_type=\"column\" data-e-type=\"column\" data-settings=\"{&quot;background_background&quot;:&quot;classic&quot;}\">\n\t\t\t<div class=\"elementor-widget-wrap elementor-element-populated\">\n\t\t\t\t\t<div class=\"elementor-background-overlay\"><\/div>\n\t\t\t\t\t\t<div class=\"elementor-element elementor-element-5eeeea3 elementor-widget elementor-widget-heading\" data-id=\"5eeeea3\" data-element_type=\"widget\" data-e-type=\"widget\" data-widget_type=\"heading.default\">\n\t\t\t\t<div class=\"elementor-widget-container\">\n\t\t\t\t\t<p class=\"elementor-heading-title elementor-size-default\">Formulaire de demande<br \/>\nd\u2019Assistance Technique<br \/>\nService Apr\u00e8s-Vente Officiel Pando\n<\/p>\t\t\t\t<\/div>\n\t\t\t\t<\/div>\n\t\t\t\t\t<\/div>\n\t\t<\/div>\n\t\t\t\t\t<\/div>\n\t\t<\/section>\n\t\t\t\t<section class=\"elementor-section elementor-top-section elementor-element elementor-element-876bbaa elementor-section-full_width elementor-section-stretched elementor-section-height-min-height elementor-section-items-stretch elementor-section-height-default\" data-id=\"876bbaa\" data-element_type=\"section\" data-e-type=\"section\" data-settings=\"{&quot;stretch_section&quot;:&quot;section-stretched&quot;}\">\n\t\t\t\t\t\t<div class=\"elementor-container elementor-column-gap-default\">\n\t\t\t\t\t<div class=\"elementor-column elementor-col-50 elementor-top-column elementor-element elementor-element-d7c7d22\" data-id=\"d7c7d22\" data-element_type=\"column\" data-e-type=\"column\" data-settings=\"{&quot;background_background&quot;:&quot;classic&quot;}\">\n\t\t\t<div class=\"elementor-widget-wrap elementor-element-populated\">\n\t\t\t\t\t\t<div class=\"elementor-element elementor-element-02ae82a elementor-widget elementor-widget-text-editor\" data-id=\"02ae82a\" data-element_type=\"widget\" data-e-type=\"widget\" data-widget_type=\"text-editor.default\">\n\t\t\t\t<div class=\"elementor-widget-container\">\n\t\t\t\t\t\t\t\t\t<p>Formulaire de demande d\u2019Assistance Technique \u2013 SAV Officiel Pando<\/p>\t\t\t\t\t\t\t\t<\/div>\n\t\t\t\t<\/div>\n\t\t\t\t<div class=\"elementor-element elementor-element-c0e4b91 elementor-widget elementor-widget-text-editor\" data-id=\"c0e4b91\" data-element_type=\"widget\" data-e-type=\"widget\" data-widget_type=\"text-editor.default\">\n\t\t\t\t<div class=\"elementor-widget-container\">\n\t\t\t\t\t\t\t\t\t<p>Produits sous garantie.<\/p>\t\t\t\t\t\t\t\t<\/div>\n\t\t\t\t<\/div>\n\t\t\t\t<div class=\"elementor-element elementor-element-efd586c elementor-widget-divider--view-line elementor-widget elementor-widget-divider\" data-id=\"efd586c\" data-element_type=\"widget\" data-e-type=\"widget\" data-widget_type=\"divider.default\">\n\t\t\t\t<div class=\"elementor-widget-container\">\n\t\t\t\t\t\t\t<div class=\"elementor-divider\">\n\t\t\t<span class=\"elementor-divider-separator\">\n\t\t\t\t\t\t<\/span>\n\t\t<\/div>\n\t\t\t\t\t\t<\/div>\n\t\t\t\t<\/div>\n\t\t\t\t<div class=\"elementor-element elementor-element-ffd5a3a elementor-widget elementor-widget-text-editor\" data-id=\"ffd5a3a\" data-element_type=\"widget\" data-e-type=\"widget\" data-widget_type=\"text-editor.default\">\n\t\t\t\t<div class=\"elementor-widget-container\">\n\t\t\t\t\t\t\t\t\t<p>N&rsquo;oubliez pas de joindre une image de l&rsquo;\u00c9TIQUETTE D\u2019IDENTIFICATION DU PRODUIT Pando.<br \/>Dans ce lien, nous vous montrons o\u00f9 elle se trouve selon le type de produit.<\/p>\t\t\t\t\t\t\t\t<\/div>\n\t\t\t\t<\/div>\n\t\t\t\t<div class=\"elementor-element elementor-element-0cc0172 elementor-widget elementor-widget-image\" data-id=\"0cc0172\" data-element_type=\"widget\" data-e-type=\"widget\" data-widget_type=\"image.default\">\n\t\t\t\t<div class=\"elementor-widget-container\">\n\t\t\t\t\t\t\t\t\t\t\t\t\t\t\t\t<a href=\"https:\/\/pando.es\/servicio-tecnico-pando\/etiqueta-identificativa\/\" target=\"_blank\">\n\t\t\t\t\t\t\t<img decoding=\"async\" width=\"350\" height=\"350\" src=\"https:\/\/pando.es\/wp-content\/uploads\/Pando-icono-etiqueta-identificativa-blanc.png\" class=\"attachment-large size-large wp-image-50504\" alt=\"\" srcset=\"https:\/\/pando.es\/wp-content\/uploads\/Pando-icono-etiqueta-identificativa-blanc.png 350w, https:\/\/pando.es\/wp-content\/uploads\/Pando-icono-etiqueta-identificativa-blanc-300x300.png 300w, https:\/\/pando.es\/wp-content\/uploads\/Pando-icono-etiqueta-identificativa-blanc-80x80.png 80w, https:\/\/pando.es\/wp-content\/uploads\/Pando-icono-etiqueta-identificativa-blanc-36x36.png 36w, https:\/\/pando.es\/wp-content\/uploads\/Pando-icono-etiqueta-identificativa-blanc-180x180.png 180w\" sizes=\"(max-width: 350px) 100vw, 350px\" \/>\t\t\t\t\t\t\t\t<\/a>\n\t\t\t\t\t\t\t\t\t\t\t\t\t\t\t<\/div>\n\t\t\t\t<\/div>\n\t\t\t\t<div class=\"elementor-element elementor-element-1a3a3f3 elementor-widget elementor-widget-heading\" data-id=\"1a3a3f3\" data-element_type=\"widget\" data-e-type=\"widget\" data-widget_type=\"heading.default\">\n\t\t\t\t<div class=\"elementor-widget-container\">\n\t\t\t\t\t<h2 class=\"elementor-heading-title elementor-size-default\">INOXPAN, SL<\/h2>\t\t\t\t<\/div>\n\t\t\t\t<\/div>\n\t\t\t\t<div class=\"elementor-element elementor-element-d327758 elementor-widget elementor-widget-text-editor\" data-id=\"d327758\" data-element_type=\"widget\" data-e-type=\"widget\" data-widget_type=\"text-editor.default\">\n\t\t\t\t<div class=\"elementor-widget-container\">\n\t\t\t\t\t\t\t\t\t<p>Pol\u00edgono industrial El Cros<br \/>Av. El Mol\u00ed de les Mateves, 11<br \/>Apdo. Correos n\u00ba 21<br \/>08310 \u2013 ARGENTONA<br \/>(Barcelona \u2013 Spain)<\/p><p>Divisi\u00f3n T\u00e9cnica:<\/p><p><a href=\"mailto:garantia@pando.es\">garantia@pando.es<\/a><\/p>\t\t\t\t\t\t\t\t<\/div>\n\t\t\t\t<\/div>\n\t\t\t\t\t<\/div>\n\t\t<\/div>\n\t\t\t\t<div class=\"elementor-column elementor-col-50 elementor-top-column elementor-element elementor-element-b544f8f\" data-id=\"b544f8f\" data-element_type=\"column\" data-e-type=\"column\" data-settings=\"{&quot;background_background&quot;:&quot;classic&quot;}\">\n\t\t\t<div class=\"elementor-widget-wrap elementor-element-populated\">\n\t\t\t\t\t\t<div class=\"elementor-element elementor-element-88b2c01 elementor-widget elementor-widget-text-editor\" data-id=\"88b2c01\" data-element_type=\"widget\" data-e-type=\"widget\" data-widget_type=\"text-editor.default\">\n\t\t\t\t<div class=\"elementor-widget-container\">\n\t\t\t\t\t\t\t\t\t<div data-tf-live=\"01K8V50ZDWG01SY4SEX3GE7W1A\"><\/div><script src=\"\/\/embed.typeform.com\/next\/embed.js\"><\/script>\t\t\t\t\t\t\t\t<\/div>\n\t\t\t\t<\/div>\n\t\t\t\t\t<\/div>\n\t\t<\/div>\n\t\t\t\t\t<\/div>\n\t\t<\/section>\n\t\t\t\t<\/div>\n\t\t","protected":false},"excerpt":{"rendered":"<p>CAMPANES D\u00c9CORATIVES FOURS &amp; MICRO-ONDES PLAQUES \u00c0 GAZ ET \u00c0 INDUCTION R\u00c9FRIG\u00c9RATEURS LAVE-VAISSELLE LAVE-LINGE ET S\u00c8CHE-LINGE CAVES \u00c0 VIN Formulaire de demande d\u2019Assistance Technique Service Apr\u00e8s-Vente Officiel Pando Formulaire de demande d\u2019Assistance Technique \u2013 SAV Officiel Pando Produits sous garantie. N&rsquo;oubliez pas de joindre une image de l&rsquo;\u00c9TIQUETTE D\u2019IDENTIFICATION DU PRODUIT Pando. Dans ce lien, [&hellip;]<\/p>\n","protected":false},"author":5,"featured_media":0,"parent":5461,"menu_order":0,"comment_status":"closed","ping_status":"closed","template":"","meta":{"_acf_changed":false,"footnotes":""},"class_list":["post-50601","page","type-page","status-publish","hentry"],"acf":[],"yoast_head":"<!-- This site is optimized with the Yoast SEO Premium plugin v23.0 (Yoast SEO v26.9) - https:\/\/yoast.com\/product\/yoast-seo-premium-wordpress\/ -->\n<title>Formulario Garant\u00eda SAT - Pando - Pando<\/title>\n<meta name=\"robots\" content=\"index, follow, max-snippet:-1, max-image-preview:large, max-video-preview:-1\" \/>\n<link rel=\"canonical\" href=\"https:\/\/pando.es\/fr\/service-apres-vente\/garantie-pando\/formulaire-de-garantie-sat-pando\/\" \/>\n<meta property=\"og:locale\" content=\"fr_FR\" \/>\n<meta property=\"og:type\" content=\"article\" \/>\n<meta property=\"og:title\" content=\"Formulario Garant\u00eda SAT - Pando\" \/>\n<meta property=\"og:description\" content=\"CAMPANES D\u00c9CORATIVES FOURS &amp; MICRO-ONDES PLAQUES \u00c0 GAZ ET \u00c0 INDUCTION R\u00c9FRIG\u00c9RATEURS LAVE-VAISSELLE LAVE-LINGE ET S\u00c8CHE-LINGE CAVES \u00c0 VIN Formulaire de demande d\u2019Assistance Technique Service Apr\u00e8s-Vente Officiel Pando Formulaire de demande d\u2019Assistance Technique \u2013 SAV Officiel Pando Produits sous garantie. N&rsquo;oubliez pas de joindre une image de l&rsquo;\u00c9TIQUETTE D\u2019IDENTIFICATION DU PRODUIT Pando. Dans ce lien, [&hellip;]\" \/>\n<meta property=\"og:url\" content=\"https:\/\/pando.es\/fr\/service-apres-vente\/garantie-pando\/formulaire-de-garantie-sat-pando\/\" \/>\n<meta property=\"og:site_name\" content=\"Pando\" \/>\n<meta property=\"article:publisher\" content=\"https:\/\/www.facebook.com\/PandoIntegralCooking\" \/>\n<meta property=\"article:modified_time\" content=\"2025-10-30T18:17:23+00:00\" \/>\n<meta property=\"og:image\" content=\"http:\/\/pando.es\/wp-content\/uploads\/Pando-icono-contactar.png\" \/>\n<meta name=\"twitter:card\" content=\"summary_large_image\" \/>\n<meta name=\"twitter:site\" content=\"@pandocampanas\" \/>\n<script type=\"application\/ld+json\" class=\"yoast-schema-graph\">{\"@context\":\"https:\/\/schema.org\",\"@graph\":[{\"@type\":\"WebPage\",\"@id\":\"https:\/\/pando.es\/fr\/service-apres-vente\/garantie-pando\/formulaire-de-garantie-sat-pando\/\",\"url\":\"https:\/\/pando.es\/fr\/service-apres-vente\/garantie-pando\/formulaire-de-garantie-sat-pando\/\",\"name\":\"Formulario Garant\u00eda SAT - Pando - Pando\",\"isPartOf\":{\"@id\":\"https:\/\/pando.es\/fr\/#website\"},\"primaryImageOfPage\":{\"@id\":\"https:\/\/pando.es\/fr\/service-apres-vente\/garantie-pando\/formulaire-de-garantie-sat-pando\/#primaryimage\"},\"image\":{\"@id\":\"https:\/\/pando.es\/fr\/service-apres-vente\/garantie-pando\/formulaire-de-garantie-sat-pando\/#primaryimage\"},\"thumbnailUrl\":\"http:\/\/pando.es\/wp-content\/uploads\/Pando-icono-contactar.png\",\"datePublished\":\"2023-12-15T11:30:50+00:00\",\"dateModified\":\"2025-10-30T18:17:23+00:00\",\"breadcrumb\":{\"@id\":\"https:\/\/pando.es\/fr\/service-apres-vente\/garantie-pando\/formulaire-de-garantie-sat-pando\/#breadcrumb\"},\"inLanguage\":\"fr-FR\",\"potentialAction\":[{\"@type\":\"ReadAction\",\"target\":[\"https:\/\/pando.es\/fr\/service-apres-vente\/garantie-pando\/formulaire-de-garantie-sat-pando\/\"]}]},{\"@type\":\"ImageObject\",\"inLanguage\":\"fr-FR\",\"@id\":\"https:\/\/pando.es\/fr\/service-apres-vente\/garantie-pando\/formulaire-de-garantie-sat-pando\/#primaryimage\",\"url\":\"http:\/\/pando.es\/wp-content\/uploads\/Pando-icono-contactar.png\",\"contentUrl\":\"http:\/\/pando.es\/wp-content\/uploads\/Pando-icono-contactar.png\"},{\"@type\":\"BreadcrumbList\",\"@id\":\"https:\/\/pando.es\/fr\/service-apres-vente\/garantie-pando\/formulaire-de-garantie-sat-pando\/#breadcrumb\",\"itemListElement\":[{\"@type\":\"ListItem\",\"position\":1,\"name\":\"Portada\",\"item\":\"https:\/\/pando.es\/fr\/inicio-fr\/\"},{\"@type\":\"ListItem\",\"position\":2,\"name\":\"Service apr\u00e8s-vente\",\"item\":\"https:\/\/pando.es\/fr\/service-apres-vente\/\"},{\"@type\":\"ListItem\",\"position\":3,\"name\":\"Garantie Pando\",\"item\":\"https:\/\/pando.es\/fr\/service-apres-vente\/garantie-pando\/\"},{\"@type\":\"ListItem\",\"position\":4,\"name\":\"Formulario Garant\u00eda SAT &#8211; Pando\"}]},{\"@type\":\"WebSite\",\"@id\":\"https:\/\/pando.es\/fr\/#website\",\"url\":\"https:\/\/pando.es\/fr\/\",\"name\":\"Pando\",\"description\":\"Campanas decorativas de cocina\",\"publisher\":{\"@id\":\"https:\/\/pando.es\/fr\/#organization\"},\"potentialAction\":[{\"@type\":\"SearchAction\",\"target\":{\"@type\":\"EntryPoint\",\"urlTemplate\":\"https:\/\/pando.es\/fr\/?s={search_term_string}\"},\"query-input\":{\"@type\":\"PropertyValueSpecification\",\"valueRequired\":true,\"valueName\":\"search_term_string\"}}],\"inLanguage\":\"fr-FR\"},{\"@type\":\"Organization\",\"@id\":\"https:\/\/pando.es\/fr\/#organization\",\"name\":\"Pando\",\"url\":\"https:\/\/pando.es\/fr\/\",\"logo\":{\"@type\":\"ImageObject\",\"inLanguage\":\"fr-FR\",\"@id\":\"https:\/\/pando.es\/fr\/#\/schema\/logo\/image\/\",\"url\":\"https:\/\/pando.es\/wp-content\/uploads\/logo-Pando-integral-cooking.png\",\"contentUrl\":\"https:\/\/pando.es\/wp-content\/uploads\/logo-Pando-integral-cooking.png\",\"width\":500,\"height\":250,\"caption\":\"Pando\"},\"image\":{\"@id\":\"https:\/\/pando.es\/fr\/#\/schema\/logo\/image\/\"},\"sameAs\":[\"https:\/\/www.facebook.com\/PandoIntegralCooking\",\"https:\/\/x.com\/pandocampanas\",\"https:\/\/www.pinterest.es\/pandocampanas\/\",\"https:\/\/www.youtube.com\/pandocampanas\",\"https:\/\/www.linkedin.com\/company\/pando-inoxpan\/\",\"https:\/\/www.instagram.com\/pandointegralcooking.es\/\"]}]}<\/script>\n<!-- \/ Yoast SEO Premium plugin. -->","yoast_head_json":{"title":"Formulario Garant\u00eda SAT - Pando - Pando","robots":{"index":"index","follow":"follow","max-snippet":"max-snippet:-1","max-image-preview":"max-image-preview:large","max-video-preview":"max-video-preview:-1"},"canonical":"https:\/\/pando.es\/fr\/service-apres-vente\/garantie-pando\/formulaire-de-garantie-sat-pando\/","og_locale":"fr_FR","og_type":"article","og_title":"Formulario Garant\u00eda SAT - Pando","og_description":"CAMPANES D\u00c9CORATIVES FOURS &amp; MICRO-ONDES PLAQUES \u00c0 GAZ ET \u00c0 INDUCTION R\u00c9FRIG\u00c9RATEURS LAVE-VAISSELLE LAVE-LINGE ET S\u00c8CHE-LINGE CAVES \u00c0 VIN Formulaire de demande d\u2019Assistance Technique Service Apr\u00e8s-Vente Officiel Pando Formulaire de demande d\u2019Assistance Technique \u2013 SAV Officiel Pando Produits sous garantie. N&rsquo;oubliez pas de joindre une image de l&rsquo;\u00c9TIQUETTE D\u2019IDENTIFICATION DU PRODUIT Pando. Dans ce lien, [&hellip;]","og_url":"https:\/\/pando.es\/fr\/service-apres-vente\/garantie-pando\/formulaire-de-garantie-sat-pando\/","og_site_name":"Pando","article_publisher":"https:\/\/www.facebook.com\/PandoIntegralCooking","article_modified_time":"2025-10-30T18:17:23+00:00","og_image":[{"url":"http:\/\/pando.es\/wp-content\/uploads\/Pando-icono-contactar.png","type":"","width":"","height":""}],"twitter_card":"summary_large_image","twitter_site":"@pandocampanas","schema":{"@context":"https:\/\/schema.org","@graph":[{"@type":"WebPage","@id":"https:\/\/pando.es\/fr\/service-apres-vente\/garantie-pando\/formulaire-de-garantie-sat-pando\/","url":"https:\/\/pando.es\/fr\/service-apres-vente\/garantie-pando\/formulaire-de-garantie-sat-pando\/","name":"Formulario Garant\u00eda SAT - Pando - Pando","isPartOf":{"@id":"https:\/\/pando.es\/fr\/#website"},"primaryImageOfPage":{"@id":"https:\/\/pando.es\/fr\/service-apres-vente\/garantie-pando\/formulaire-de-garantie-sat-pando\/#primaryimage"},"image":{"@id":"https:\/\/pando.es\/fr\/service-apres-vente\/garantie-pando\/formulaire-de-garantie-sat-pando\/#primaryimage"},"thumbnailUrl":"http:\/\/pando.es\/wp-content\/uploads\/Pando-icono-contactar.png","datePublished":"2023-12-15T11:30:50+00:00","dateModified":"2025-10-30T18:17:23+00:00","breadcrumb":{"@id":"https:\/\/pando.es\/fr\/service-apres-vente\/garantie-pando\/formulaire-de-garantie-sat-pando\/#breadcrumb"},"inLanguage":"fr-FR","potentialAction":[{"@type":"ReadAction","target":["https:\/\/pando.es\/fr\/service-apres-vente\/garantie-pando\/formulaire-de-garantie-sat-pando\/"]}]},{"@type":"ImageObject","inLanguage":"fr-FR","@id":"https:\/\/pando.es\/fr\/service-apres-vente\/garantie-pando\/formulaire-de-garantie-sat-pando\/#primaryimage","url":"http:\/\/pando.es\/wp-content\/uploads\/Pando-icono-contactar.png","contentUrl":"http:\/\/pando.es\/wp-content\/uploads\/Pando-icono-contactar.png"},{"@type":"BreadcrumbList","@id":"https:\/\/pando.es\/fr\/service-apres-vente\/garantie-pando\/formulaire-de-garantie-sat-pando\/#breadcrumb","itemListElement":[{"@type":"ListItem","position":1,"name":"Portada","item":"https:\/\/pando.es\/fr\/inicio-fr\/"},{"@type":"ListItem","position":2,"name":"Service apr\u00e8s-vente","item":"https:\/\/pando.es\/fr\/service-apres-vente\/"},{"@type":"ListItem","position":3,"name":"Garantie Pando","item":"https:\/\/pando.es\/fr\/service-apres-vente\/garantie-pando\/"},{"@type":"ListItem","position":4,"name":"Formulario Garant\u00eda SAT &#8211; Pando"}]},{"@type":"WebSite","@id":"https:\/\/pando.es\/fr\/#website","url":"https:\/\/pando.es\/fr\/","name":"Pando","description":"Campanas decorativas de cocina","publisher":{"@id":"https:\/\/pando.es\/fr\/#organization"},"potentialAction":[{"@type":"SearchAction","target":{"@type":"EntryPoint","urlTemplate":"https:\/\/pando.es\/fr\/?s={search_term_string}"},"query-input":{"@type":"PropertyValueSpecification","valueRequired":true,"valueName":"search_term_string"}}],"inLanguage":"fr-FR"},{"@type":"Organization","@id":"https:\/\/pando.es\/fr\/#organization","name":"Pando","url":"https:\/\/pando.es\/fr\/","logo":{"@type":"ImageObject","inLanguage":"fr-FR","@id":"https:\/\/pando.es\/fr\/#\/schema\/logo\/image\/","url":"https:\/\/pando.es\/wp-content\/uploads\/logo-Pando-integral-cooking.png","contentUrl":"https:\/\/pando.es\/wp-content\/uploads\/logo-Pando-integral-cooking.png","width":500,"height":250,"caption":"Pando"},"image":{"@id":"https:\/\/pando.es\/fr\/#\/schema\/logo\/image\/"},"sameAs":["https:\/\/www.facebook.com\/PandoIntegralCooking","https:\/\/x.com\/pandocampanas","https:\/\/www.pinterest.es\/pandocampanas\/","https:\/\/www.youtube.com\/pandocampanas","https:\/\/www.linkedin.com\/company\/pando-inoxpan\/","https:\/\/www.instagram.com\/pandointegralcooking.es\/"]}]}},"_links":{"self":[{"href":"https:\/\/pando.es\/fr\/wp-json\/wp\/v2\/pages\/50601","targetHints":{"allow":["GET"]}}],"collection":[{"href":"https:\/\/pando.es\/fr\/wp-json\/wp\/v2\/pages"}],"about":[{"href":"https:\/\/pando.es\/fr\/wp-json\/wp\/v2\/types\/page"}],"author":[{"embeddable":true,"href":"https:\/\/pando.es\/fr\/wp-json\/wp\/v2\/users\/5"}],"replies":[{"embeddable":true,"href":"https:\/\/pando.es\/fr\/wp-json\/wp\/v2\/comments?post=50601"}],"version-history":[{"count":5,"href":"https:\/\/pando.es\/fr\/wp-json\/wp\/v2\/pages\/50601\/revisions"}],"predecessor-version":[{"id":50606,"href":"https:\/\/pando.es\/fr\/wp-json\/wp\/v2\/pages\/50601\/revisions\/50606"}],"up":[{"embeddable":true,"href":"https:\/\/pando.es\/fr\/wp-json\/wp\/v2\/pages\/5461"}],"wp:attachment":[{"href":"https:\/\/pando.es\/fr\/wp-json\/wp\/v2\/media?parent=50601"}],"curies":[{"name":"wp","href":"https:\/\/api.w.org\/{rel}","templated":true}]}}