{"id":5368,"date":"2015-07-09T10:01:13","date_gmt":"2015-07-09T10:01:13","guid":{"rendered":"http:\/\/www.pando.es\/fr\/asistencia-tecnica\/contacto-post-venta\/"},"modified":"2025-03-27T18:08:34","modified_gmt":"2025-03-27T17:08:34","slug":"contact-apres-vente","status":"publish","type":"page","link":"https:\/\/pando.es\/fr\/service-apres-vente\/contact-apres-vente\/","title":{"rendered":"Contact Apres Vente"},"content":{"rendered":"<div id='av-layout-grid-1'  class='av-layout-grid-container av-1342wyw-bcb8088b6c8dfd31abfe3b150515245d entry-content-wrapper main_color av-flex-cells  avia-builder-el-0  avia-builder-el-no-sibling   container_wrap sidebar_right'  >\n\n<style type=\"text\/css\" data-created_by=\"avia_inline_auto\" id=\"style-css-av-11t667s-4b9d354ad68f1b1e2c2831e20132485e\">\n.flex_cell.av-11t667s-4b9d354ad68f1b1e2c2831e20132485e{\nvertical-align:top;\nheight:600px;\nmin-height:600px;\nbackground-color:#f7f7f7;\n}\n.responsive #top #wrap_all .flex_cell.av-11t667s-4b9d354ad68f1b1e2c2831e20132485e{\npadding:30px 30px 30px 30px !important;\n}\n<\/style>\n<div class='flex_cell av-11t667s-4b9d354ad68f1b1e2c2831e20132485e av-gridrow-cell av_one_fifth no_margin  avia-builder-el-1  el_before_av_cell_four_fifth  avia-builder-el-first '  ><div class='flex_cell_inner'><p>\n<style type=\"text\/css\" data-created_by=\"avia_inline_auto\" id=\"style-css-av-z7f1l4-4e151416ecbd5326e084a3796c5deec4\">\n.avia-image-container.av-z7f1l4-4e151416ecbd5326e084a3796c5deec4 img.avia_image{\nbox-shadow:none;\n}\n.avia-image-container.av-z7f1l4-4e151416ecbd5326e084a3796c5deec4 .av-image-caption-overlay-center{\ncolor:#ffffff;\n}\n<\/style>\n<div  class='avia-image-container av-z7f1l4-4e151416ecbd5326e084a3796c5deec4 av-styling- avia-align-center  avia-builder-el-2  el_before_av_textblock  avia-builder-el-first '   itemprop=\"image\" itemscope=\"itemscope\" itemtype=\"https:\/\/schema.org\/ImageObject\" ><div class=\"avia-image-container-inner\"><div class=\"avia-image-overlay-wrap\"><img fetchpriority=\"high\" fetchpriority=\"high\" decoding=\"async\" fetchpriority=\"high\" class='wp-image-3384 avia-img-lazy-loading-not-3384 avia_image ' src=\"https:\/\/pando.es\/wp-content\/uploads\/Pando-icono-contactar.png\" alt='' title='Pando-icono-contactar'  height=\"350\" width=\"350\"  itemprop=\"thumbnailUrl\" srcset=\"https:\/\/pando.es\/wp-content\/uploads\/Pando-icono-contactar.png 350w, https:\/\/pando.es\/wp-content\/uploads\/Pando-icono-contactar-80x80.png 80w, https:\/\/pando.es\/wp-content\/uploads\/Pando-icono-contactar-300x300.png 300w, https:\/\/pando.es\/wp-content\/uploads\/Pando-icono-contactar-36x36.png 36w, https:\/\/pando.es\/wp-content\/uploads\/Pando-icono-contactar-180x180.png 180w, https:\/\/pando.es\/wp-content\/uploads\/Pando-icono-contactar-120x120.png 120w\" sizes=\"(max-width: 350px) 100vw, 350px\" \/><\/div><\/div><\/div><br \/>\n<section  class='av_textblock_section av-yjwmwo-b66503e8eef6506398a3ab5cdf907d61 '   itemscope=\"itemscope\" itemtype=\"https:\/\/schema.org\/CreativeWork\" ><div class='avia_textblock'  itemprop=\"text\" ><h3 style=\"text-align: center;\">Questions<br \/>\nTechnico-commerciales<\/h3>\n<\/div><\/section><\/p>\n<\/div><\/div>\n<style type=\"text\/css\" data-created_by=\"avia_inline_auto\" id=\"style-css-av-vrsljc-dff9da420316e797086dc7917b8970ef\">\n.flex_cell.av-vrsljc-dff9da420316e797086dc7917b8970ef{\nvertical-align:middle;\nheight:600px;\nmin-height:600px;\n}\n.responsive #top #wrap_all .flex_cell.av-vrsljc-dff9da420316e797086dc7917b8970ef{\npadding:30px 70px 30px 70px !important;\n}\n<\/style>\n<div class='flex_cell av-vrsljc-dff9da420316e797086dc7917b8970ef av-gridrow-cell av_four_fifth no_margin  avia-builder-el-4  el_after_av_cell_one_fifth  avia-builder-el-last '  ><div class='flex_cell_inner'><p>\n<style type=\"text\/css\" data-created_by=\"avia_inline_auto\" id=\"style-css-av-klm8jic4-9ef737bb8af55e6327a3c4f3c5ed1d79\">\n#top .av-special-heading.av-klm8jic4-9ef737bb8af55e6327a3c4f3c5ed1d79{\npadding-bottom:10px;\nfont-size:37px;\n}\nbody .av-special-heading.av-klm8jic4-9ef737bb8af55e6327a3c4f3c5ed1d79 .av-special-heading-tag .heading-char{\nfont-size:25px;\n}\n#top #wrap_all .av-special-heading.av-klm8jic4-9ef737bb8af55e6327a3c4f3c5ed1d79 .av-special-heading-tag{\nfont-size:37px;\n}\n.av-special-heading.av-klm8jic4-9ef737bb8af55e6327a3c4f3c5ed1d79 .av-subheading{\nfont-size:15px;\n}\n\n@media only screen and (min-width: 480px) and (max-width: 767px){ \n#top #wrap_all .av-special-heading.av-klm8jic4-9ef737bb8af55e6327a3c4f3c5ed1d79 .av-special-heading-tag{\nfont-size:0.8em;\n}\n}\n\n@media only screen and (max-width: 479px){ \n#top #wrap_all .av-special-heading.av-klm8jic4-9ef737bb8af55e6327a3c4f3c5ed1d79 .av-special-heading-tag{\nfont-size:0.8em;\n}\n}\n<\/style>\n<div  class='av-special-heading av-klm8jic4-9ef737bb8af55e6327a3c4f3c5ed1d79 av-special-heading-h3 blockquote modern-quote  avia-builder-el-5  el_before_av_textblock  avia-builder-el-first  av-inherit-size'><h3 class='av-special-heading-tag'  itemprop=\"headline\"  >N\u2018h\u00e9sitez pas \u00e0 nous contacter pour tout probl\u00e8me ou information complementaire<\/h3><div class=\"special-heading-border\"><div class=\"special-heading-inner-border\"><\/div><\/div><\/div><br \/>\n<section  class='av_textblock_section av-sew3q0-0d9df7bb88c726ca3e3c3bc933091f89 '   itemscope=\"itemscope\" itemtype=\"https:\/\/schema.org\/CreativeWork\" ><div class='avia_textblock'  itemprop=\"text\" ><h3>Vous pouvez nous contacter au t\u00e9l\u00e9phone 0034 93 757 94 11 ou en remplissant, si vous le pr\u00e9f\u00e9rez, le formulaire suivant.<br \/>\nNous prendrons contact avec vous dans les plus brefs d\u00e9lais.<\/h3>\n<\/div><\/section><br \/>\n\n<style type=\"text\/css\" data-created_by=\"avia_inline_auto\" id=\"style-css-av-rycgtk-072eaeb7ce10bfb124558c475c5b25d4\">\n#top .hr.hr-invisible.av-rycgtk-072eaeb7ce10bfb124558c475c5b25d4{\nheight:50px;\n}\n<\/style>\n<div  class='hr av-rycgtk-072eaeb7ce10bfb124558c475c5b25d4 hr-invisible  avia-builder-el-7  el_after_av_textblock  el_before_av_contact '><span class='hr-inner '><span class=\"hr-inner-style\"><\/span><\/span><\/div><br \/>\n<form action=\"https:\/\/pando.es\/fr\/service-apres-vente\/contact-apres-vente\/\" method=\"post\" data-fields-with-error=\"Erreurs trouv\u00e9es dans les champs suivants :\" class=\"avia_ajax_form av-form-labels-visible   avia-builder-el-8  el_after_av_hr  avia-builder-el-last   \" data-avia-form-id=\"1\" data-avia-redirect='' ><h3 class=''>Formulaire de contact-Service d\u2019Assistance apr\u00e8s-vente Pando-<\/h3><fieldset><p class='  first_form  form_element form_element_half' id='element_avia_1_1'><label for=\"avia_1_1\">Nom <abbr class=\"required\" title=\"requis(e)\">*<\/abbr><\/label> <input name=\"avia_1_1\" class=\"text_input is_empty\" type=\"text\" id=\"avia_1_1\" value=\"\" \/><\/p><p class='  form_element form_element_half' id='element_avia_2_1'><label for=\"avia_2_1\">Nom de famille<\/label> <input name=\"avia_2_1\" class=\"text_input \" type=\"text\" id=\"avia_2_1\" value=\"\" \/><\/p><p class='  first_form  form_element form_element_half' id='element_avia_3_1'><label for=\"avia_3_1\">T\u00e9l\u00e9phone de contact:<\/label> <input name=\"avia_3_1\" class=\"text_input \" type=\"text\" id=\"avia_3_1\" value=\"\" \/><\/p><p class='  form_element form_element_half' id='element_avia_4_1'><label for=\"avia_4_1\">e-mail: <abbr class=\"required\" title=\"requis(e)\">*<\/abbr><\/label> <input name=\"avia_4_1\" class=\"text_input is_email\" type=\"text\" id=\"avia_4_1\" value=\"\" \/><\/p><p class='  first_form  form_element form_element_half' id='element_avia_5_1'><label for=\"avia_5_1\">Adresse<\/label> <input name=\"avia_5_1\" class=\"text_input \" type=\"text\" id=\"avia_5_1\" value=\"\" \/><\/p><p class='  form_element form_element_half' id='element_avia_6_1'><label for=\"avia_6_1\">Ville<\/label> <input name=\"avia_6_1\" class=\"text_input \" type=\"text\" id=\"avia_6_1\" value=\"\" \/><\/p><p class='  first_form  form_element form_element_third' id='element_avia_7_1'><label for=\"avia_7_1\">Code postal <abbr class=\"required\" title=\"requis(e)\">*<\/abbr><\/label> <input name=\"avia_7_1\" class=\"text_input is_empty\" type=\"text\" id=\"avia_7_1\" value=\"\" \/><\/p><p class='  form_element form_element_third' id='element_avia_8_1'><label for=\"avia_8_1\">Province<\/label> <input name=\"avia_8_1\" class=\"text_input \" type=\"text\" id=\"avia_8_1\" value=\"\" \/><\/p><p class='  form_element form_element_fourth' id='element_avia_9_1'><label for=\"avia_9_1\">Pays<\/label> <input name=\"avia_9_1\" class=\"text_input \" type=\"text\" id=\"avia_9_1\" value=\"\" \/><\/p><p class='  first_form  form_element form_element_third' id='element_avia_10_1'><label for=\"avia_10_1\">Vous \u00eates: <abbr class=\"required\" title=\"requis(e)\">*<\/abbr><\/label><select  name=\"avia_10_1\" class=\"select is_empty\" id=\"avia_10_1\"><option   value='Utilisateur final'>Utilisateur final<\/option><option   value='Installateur'>Installateur<\/option><option   value='Distributeur'>Distributeur<\/option><option   value='D\u00e9corateur d\u2019int\u00e9rieur\/Architecte'>D\u00e9corateur d\u2019int\u00e9rieur\/Architecte<\/option><option  selected=\"selected\" value=''><\/option><\/select><\/p><p class='  form_element form_element_third' id='element_avia_11_1'><label for=\"avia_11_1\">Motif de votre consultation: <abbr class=\"required\" title=\"requis(e)\">*<\/abbr><\/label><select  name=\"avia_11_1\" class=\"select is_empty\" id=\"avia_11_1\"><option   value='Assistance Technique'>Assistance Technique<\/option><option   value='Information commerciale'>Information commerciale<\/option><option   value='Achat d\u2019accessoires'>Achat d\u2019accessoires<\/option><option   value='Pi\u00e8ces D\u00e9tach\u00e9es'>Pi\u00e8ces D\u00e9tach\u00e9es<\/option><option   value='Projets sur mesure'>Projets sur mesure<\/option><option  selected=\"selected\" value=''><\/option><\/select><\/p><p class='  form_element form_element_third' id='element_avia_12_1'><label for=\"avia_12_1\">Produit\/Mod\u00e8le:<\/label> <input name=\"avia_12_1\" class=\"text_input \" type=\"text\" id=\"avia_12_1\" value=\"\" \/><\/p><p class='  first_form  form_element form_fullwidth' id='element_avia_13_1'><label for=\"avia_13_1\">Objet <abbr class=\"required\" title=\"requis(e)\">*<\/abbr><\/label> <input name=\"avia_13_1\" class=\"text_input is_empty\" type=\"text\" id=\"avia_13_1\" value=\"\" \/><\/p><p class='  first_form  form_element form_fullwidth' id='element_avia_14_1'><label for=\"avia_14_1\" class=\"textare_label hidden textare_label_avia_14_1\">Message <abbr class=\"required\" title=\"requis(e)\">*<\/abbr><\/label><textarea  name=\"avia_14_1\" class=\"text_area is_empty\" cols=\"40\" rows=\"7\" id=\"avia_14_1\" ><\/textarea><\/p><p class='  first_form  form_element form_fullwidth' id='element_avia_15_1'><input  name=\"avia_15_1\" class=\"input_checkbox is_empty\" type=\"checkbox\" id=\"avia_15_1\" value=\"true\"\/><label class=\"input_checkbox_label\" for=\"avia_15_1\"><a href=\"http:\/\/www.pando.es\/fr\/mentions-legales\/\" target=\"_blank\" rel=\"noopener noreferrer\">J\u2018atteste avoir lu et j\u2019accepte les conditions l\u00e9gales.<\/a> <abbr class=\"required\" title=\"requis(e)\">*<\/abbr><\/label><\/p><p class=\"hidden\"><input type=\"text\" name=\"avia_16_1\" class=\"hidden \" id=\"avia_16_1\" value=\"\" \/><\/p><p class='   form_element form_fullwidth av-last-visible-form-element' id='element_avia_17_1'><span class='value_verifier_label'>4 + 3 = ?<\/span><input name=\"avia_17_1_verifier\" type=\"hidden\" id=\"avia_17_1_verifier\" value=\"673877736\"\/><label for=\"avia_17_1\">Merci de prouver que vous \u00eates un humain en donnant le r\u00e9sultat de cette op\u00e9ration <abbr class=\"required\" title=\"requis(e)\">*<\/abbr><\/label><input name=\"avia_17_1\" class=\"text_input captcha\" type=\"text\" id=\"avia_17_1\" value=\"\"\/><\/p><p class=' av_form_privacy_check av_contact_privacy_check first_form  form_element form_fullwidth' id='element_avia_18_1'><input  name=\"avia_18_1\" class=\"input_checkbox is_empty\" type=\"checkbox\" id=\"avia_18_1\" value=\"true\"\/><label class=\"input_checkbox_label\" for=\"avia_18_1\">J'ai lu et j'accepte la <a href='https:\/\/pando.es\/fr\/politique-de-confidentialite\/' target='_blank'>Politique de Confidentialit\u00e9<\/a> <abbr class=\"required\" title=\"requis(e)\">*<\/abbr><\/label><\/p><p class=\"form_element \"><input type=\"hidden\" value=\"1\" name=\"avia_generated_form1\" \/><input type=\"submit\" value=\"Envoyer\" class=\"button\"  data-sending-label=\"Envoi\"\/><\/p><\/fieldset><\/form><div id=\"ajaxresponse_1\" class=\"ajaxresponse ajaxresponse_1 hidden\"><\/div><\/p>\n<\/div><\/div><\/div>\n","protected":false},"excerpt":{"rendered":"","protected":false},"author":7,"featured_media":0,"parent":39252,"menu_order":0,"comment_status":"open","ping_status":"closed","template":"","meta":{"_acf_changed":false,"footnotes":""},"class_list":["post-5368","page","type-page","status-publish","hentry"],"acf":[],"yoast_head":"<!-- This site is optimized with the Yoast SEO Premium plugin v23.0 (Yoast SEO v26.9) - https:\/\/yoast.com\/product\/yoast-seo-premium-wordpress\/ -->\n<title>Contact Apres Vente - Pando<\/title>\n<meta name=\"robots\" content=\"index, follow, max-snippet:-1, max-image-preview:large, max-video-preview:-1\" \/>\n<link rel=\"canonical\" href=\"https:\/\/pando.es\/fr\/service-apres-vente\/contact-apres-vente\/\" \/>\n<meta property=\"og:locale\" content=\"fr_FR\" \/>\n<meta property=\"og:type\" content=\"article\" \/>\n<meta property=\"og:title\" content=\"Contact Apres Vente\" \/>\n<meta property=\"og:url\" content=\"https:\/\/pando.es\/fr\/service-apres-vente\/contact-apres-vente\/\" \/>\n<meta property=\"og:site_name\" content=\"Pando\" \/>\n<meta property=\"article:publisher\" content=\"https:\/\/www.facebook.com\/PandoIntegralCooking\" \/>\n<meta property=\"article:modified_time\" content=\"2025-03-27T17:08:34+00:00\" \/>\n<meta name=\"twitter:card\" content=\"summary_large_image\" \/>\n<meta name=\"twitter:site\" content=\"@pandocampanas\" \/>\n<script type=\"application\/ld+json\" class=\"yoast-schema-graph\">{\"@context\":\"https:\/\/schema.org\",\"@graph\":[{\"@type\":\"WebPage\",\"@id\":\"https:\/\/pando.es\/fr\/service-apres-vente\/contact-apres-vente\/\",\"url\":\"https:\/\/pando.es\/fr\/service-apres-vente\/contact-apres-vente\/\",\"name\":\"Contact Apres Vente - Pando\",\"isPartOf\":{\"@id\":\"https:\/\/pando.es\/fr\/#website\"},\"datePublished\":\"2015-07-09T10:01:13+00:00\",\"dateModified\":\"2025-03-27T17:08:34+00:00\",\"breadcrumb\":{\"@id\":\"https:\/\/pando.es\/fr\/service-apres-vente\/contact-apres-vente\/#breadcrumb\"},\"inLanguage\":\"fr-FR\",\"potentialAction\":[{\"@type\":\"ReadAction\",\"target\":[\"https:\/\/pando.es\/fr\/service-apres-vente\/contact-apres-vente\/\"]}]},{\"@type\":\"BreadcrumbList\",\"@id\":\"https:\/\/pando.es\/fr\/service-apres-vente\/contact-apres-vente\/#breadcrumb\",\"itemListElement\":[{\"@type\":\"ListItem\",\"position\":1,\"name\":\"Portada\",\"item\":\"https:\/\/pando.es\/fr\/inicio-fr\/\"},{\"@type\":\"ListItem\",\"position\":2,\"name\":\"Service apr\u00e8s-vente\",\"item\":\"https:\/\/pando.es\/fr\/service-apres-vente\/\"},{\"@type\":\"ListItem\",\"position\":3,\"name\":\"Contact Apres Vente\"}]},{\"@type\":\"WebSite\",\"@id\":\"https:\/\/pando.es\/fr\/#website\",\"url\":\"https:\/\/pando.es\/fr\/\",\"name\":\"Pando\",\"description\":\"Campanas decorativas de cocina\",\"publisher\":{\"@id\":\"https:\/\/pando.es\/fr\/#organization\"},\"potentialAction\":[{\"@type\":\"SearchAction\",\"target\":{\"@type\":\"EntryPoint\",\"urlTemplate\":\"https:\/\/pando.es\/fr\/?s={search_term_string}\"},\"query-input\":{\"@type\":\"PropertyValueSpecification\",\"valueRequired\":true,\"valueName\":\"search_term_string\"}}],\"inLanguage\":\"fr-FR\"},{\"@type\":\"Organization\",\"@id\":\"https:\/\/pando.es\/fr\/#organization\",\"name\":\"Pando\",\"url\":\"https:\/\/pando.es\/fr\/\",\"logo\":{\"@type\":\"ImageObject\",\"inLanguage\":\"fr-FR\",\"@id\":\"https:\/\/pando.es\/fr\/#\/schema\/logo\/image\/\",\"url\":\"https:\/\/pando.es\/wp-content\/uploads\/logo-Pando-integral-cooking.png\",\"contentUrl\":\"https:\/\/pando.es\/wp-content\/uploads\/logo-Pando-integral-cooking.png\",\"width\":500,\"height\":250,\"caption\":\"Pando\"},\"image\":{\"@id\":\"https:\/\/pando.es\/fr\/#\/schema\/logo\/image\/\"},\"sameAs\":[\"https:\/\/www.facebook.com\/PandoIntegralCooking\",\"https:\/\/x.com\/pandocampanas\",\"https:\/\/www.pinterest.es\/pandocampanas\/\",\"https:\/\/www.youtube.com\/pandocampanas\",\"https:\/\/www.linkedin.com\/company\/pando-inoxpan\/\",\"https:\/\/www.instagram.com\/pandointegralcooking.es\/\"]}]}<\/script>\n<!-- \/ Yoast SEO Premium plugin. -->","yoast_head_json":{"title":"Contact Apres Vente - Pando","robots":{"index":"index","follow":"follow","max-snippet":"max-snippet:-1","max-image-preview":"max-image-preview:large","max-video-preview":"max-video-preview:-1"},"canonical":"https:\/\/pando.es\/fr\/service-apres-vente\/contact-apres-vente\/","og_locale":"fr_FR","og_type":"article","og_title":"Contact Apres Vente","og_url":"https:\/\/pando.es\/fr\/service-apres-vente\/contact-apres-vente\/","og_site_name":"Pando","article_publisher":"https:\/\/www.facebook.com\/PandoIntegralCooking","article_modified_time":"2025-03-27T17:08:34+00:00","twitter_card":"summary_large_image","twitter_site":"@pandocampanas","schema":{"@context":"https:\/\/schema.org","@graph":[{"@type":"WebPage","@id":"https:\/\/pando.es\/fr\/service-apres-vente\/contact-apres-vente\/","url":"https:\/\/pando.es\/fr\/service-apres-vente\/contact-apres-vente\/","name":"Contact Apres Vente - Pando","isPartOf":{"@id":"https:\/\/pando.es\/fr\/#website"},"datePublished":"2015-07-09T10:01:13+00:00","dateModified":"2025-03-27T17:08:34+00:00","breadcrumb":{"@id":"https:\/\/pando.es\/fr\/service-apres-vente\/contact-apres-vente\/#breadcrumb"},"inLanguage":"fr-FR","potentialAction":[{"@type":"ReadAction","target":["https:\/\/pando.es\/fr\/service-apres-vente\/contact-apres-vente\/"]}]},{"@type":"BreadcrumbList","@id":"https:\/\/pando.es\/fr\/service-apres-vente\/contact-apres-vente\/#breadcrumb","itemListElement":[{"@type":"ListItem","position":1,"name":"Portada","item":"https:\/\/pando.es\/fr\/inicio-fr\/"},{"@type":"ListItem","position":2,"name":"Service apr\u00e8s-vente","item":"https:\/\/pando.es\/fr\/service-apres-vente\/"},{"@type":"ListItem","position":3,"name":"Contact Apres Vente"}]},{"@type":"WebSite","@id":"https:\/\/pando.es\/fr\/#website","url":"https:\/\/pando.es\/fr\/","name":"Pando","description":"Campanas decorativas de cocina","publisher":{"@id":"https:\/\/pando.es\/fr\/#organization"},"potentialAction":[{"@type":"SearchAction","target":{"@type":"EntryPoint","urlTemplate":"https:\/\/pando.es\/fr\/?s={search_term_string}"},"query-input":{"@type":"PropertyValueSpecification","valueRequired":true,"valueName":"search_term_string"}}],"inLanguage":"fr-FR"},{"@type":"Organization","@id":"https:\/\/pando.es\/fr\/#organization","name":"Pando","url":"https:\/\/pando.es\/fr\/","logo":{"@type":"ImageObject","inLanguage":"fr-FR","@id":"https:\/\/pando.es\/fr\/#\/schema\/logo\/image\/","url":"https:\/\/pando.es\/wp-content\/uploads\/logo-Pando-integral-cooking.png","contentUrl":"https:\/\/pando.es\/wp-content\/uploads\/logo-Pando-integral-cooking.png","width":500,"height":250,"caption":"Pando"},"image":{"@id":"https:\/\/pando.es\/fr\/#\/schema\/logo\/image\/"},"sameAs":["https:\/\/www.facebook.com\/PandoIntegralCooking","https:\/\/x.com\/pandocampanas","https:\/\/www.pinterest.es\/pandocampanas\/","https:\/\/www.youtube.com\/pandocampanas","https:\/\/www.linkedin.com\/company\/pando-inoxpan\/","https:\/\/www.instagram.com\/pandointegralcooking.es\/"]}]}},"_links":{"self":[{"href":"https:\/\/pando.es\/fr\/wp-json\/wp\/v2\/pages\/5368","targetHints":{"allow":["GET"]}}],"collection":[{"href":"https:\/\/pando.es\/fr\/wp-json\/wp\/v2\/pages"}],"about":[{"href":"https:\/\/pando.es\/fr\/wp-json\/wp\/v2\/types\/page"}],"author":[{"embeddable":true,"href":"https:\/\/pando.es\/fr\/wp-json\/wp\/v2\/users\/7"}],"replies":[{"embeddable":true,"href":"https:\/\/pando.es\/fr\/wp-json\/wp\/v2\/comments?post=5368"}],"version-history":[{"count":13,"href":"https:\/\/pando.es\/fr\/wp-json\/wp\/v2\/pages\/5368\/revisions"}],"predecessor-version":[{"id":45271,"href":"https:\/\/pando.es\/fr\/wp-json\/wp\/v2\/pages\/5368\/revisions\/45271"}],"up":[{"embeddable":true,"href":"https:\/\/pando.es\/fr\/wp-json\/wp\/v2\/pages\/39252"}],"wp:attachment":[{"href":"https:\/\/pando.es\/fr\/wp-json\/wp\/v2\/media?parent=5368"}],"curies":[{"name":"wp","href":"https:\/\/api.w.org\/{rel}","templated":true}]}}