{"id":5415,"date":"2013-11-26T10:18:07","date_gmt":"2013-11-26T10:18:07","guid":{"rendered":"http:\/\/www.pando.es\/fr\/service-apres-vente\/servicio-tecnico\/"},"modified":"2026-03-02T08:16:34","modified_gmt":"2026-03-02T07:16:34","slug":"services-assistance","status":"publish","type":"page","link":"https:\/\/pando.es\/fr\/service-apres-vente\/services-assistance\/","title":{"rendered":"Services Assistance"},"content":{"rendered":"<div id='av-layout-grid-1'  class='av-layout-grid-container av-l6xtlz-6055cb24245ebf741b4ab6faada2b7ef entry-content-wrapper main_color av-flex-cells  avia-builder-el-0  avia-builder-el-no-sibling   container_wrap sidebar_right'  >\n\n<style type=\"text\/css\" data-created_by=\"avia_inline_auto\" id=\"style-css-av-ik86p3-73c0d42c1bb2254f2fe62a60811b182e\">\n.flex_cell.av-ik86p3-73c0d42c1bb2254f2fe62a60811b182e{\nvertical-align:top;\nbackground-color:#f7f7f7;\n}\n.responsive #top #wrap_all .flex_cell.av-ik86p3-73c0d42c1bb2254f2fe62a60811b182e{\npadding:30px 30px 30px 30px !important;\n}\n<\/style>\n<div class='flex_cell av-ik86p3-73c0d42c1bb2254f2fe62a60811b182e av-gridrow-cell av_one_fifth no_margin  avia-builder-el-1  el_before_av_cell_four_fifth  avia-builder-el-first '  ><div class='flex_cell_inner'><section  class='av_textblock_section av-5wqhz-b5569e55d19ee689cdcfdf21af90b869 '   itemscope=\"itemscope\" itemtype=\"https:\/\/schema.org\/CreativeWork\" ><div class='avia_textblock'  itemprop=\"text\" ><h3 style=\"text-align: center;\">R\u00e9parations hors garantie<\/h3>\n<\/div><\/section><br \/>\n\n<style type=\"text\/css\" data-created_by=\"avia_inline_auto\" id=\"style-css-av-1rourb-eaf24eec159435ad7988b1e17643d94d\">\n.avia-image-container.av-1rourb-eaf24eec159435ad7988b1e17643d94d img.avia_image{\nbox-shadow:none;\n}\n.avia-image-container.av-1rourb-eaf24eec159435ad7988b1e17643d94d .av-image-caption-overlay-center{\ncolor:#ffffff;\n}\n<\/style>\n<div  class='avia-image-container av-1rourb-eaf24eec159435ad7988b1e17643d94d av-styling- avia-align-center  avia-builder-el-3  el_after_av_textblock  el_before_av_textblock '   itemprop=\"image\" itemscope=\"itemscope\" itemtype=\"https:\/\/schema.org\/ImageObject\" ><div class=\"avia-image-container-inner\"><div class=\"avia-image-overlay-wrap\"><img fetchpriority=\"high\" fetchpriority=\"high\" decoding=\"async\" fetchpriority=\"high\" class='wp-image-3378 avia-img-lazy-loading-not-3378 avia_image ' src=\"https:\/\/pando.es\/wp-content\/uploads\/Pando-icono-SAT.png\" alt='' title='Pando-icono-SAT'  height=\"350\" width=\"350\"  itemprop=\"thumbnailUrl\" srcset=\"https:\/\/pando.es\/wp-content\/uploads\/Pando-icono-SAT.png 350w, https:\/\/pando.es\/wp-content\/uploads\/Pando-icono-SAT-80x80.png 80w, https:\/\/pando.es\/wp-content\/uploads\/Pando-icono-SAT-300x300.png 300w, https:\/\/pando.es\/wp-content\/uploads\/Pando-icono-SAT-36x36.png 36w, https:\/\/pando.es\/wp-content\/uploads\/Pando-icono-SAT-180x180.png 180w, https:\/\/pando.es\/wp-content\/uploads\/Pando-icono-SAT-120x120.png 120w\" sizes=\"(max-width: 350px) 100vw, 350px\" \/><\/div><\/div><\/div><br \/>\n<section  class='av_textblock_section av-5wqhz-5-2998999c55520028f868ed08bb6b5030 '   itemscope=\"itemscope\" itemtype=\"https:\/\/schema.org\/CreativeWork\" ><div class='avia_textblock'  itemprop=\"text\" ><h3 style=\"text-align: center;\">Services<br \/>\nAssistance<\/h3>\n<\/div><\/section><\/p>\n<\/div><\/div>\n<style type=\"text\/css\" data-created_by=\"avia_inline_auto\" id=\"style-css-av-dj0wqf-7e1a676123955c80e32bb2a5cb070049\">\n.flex_cell.av-dj0wqf-7e1a676123955c80e32bb2a5cb070049{\nvertical-align:middle;\n}\n.responsive #top #wrap_all .flex_cell.av-dj0wqf-7e1a676123955c80e32bb2a5cb070049{\npadding:30px 70px 30px 70px !important;\n}\n<\/style>\n<div class='flex_cell av-dj0wqf-7e1a676123955c80e32bb2a5cb070049 av-gridrow-cell av_four_fifth no_margin  avia-builder-el-5  el_after_av_cell_one_fifth  avia-builder-el-last '  ><div class='flex_cell_inner'><p>\n<style type=\"text\/css\" data-created_by=\"avia_inline_auto\" id=\"style-css-av-8wjo7-0127cd95dcfbd9e7af57b0a6ffb792b6\">\n#top .av-special-heading.av-8wjo7-0127cd95dcfbd9e7af57b0a6ffb792b6{\npadding-bottom:10px;\nfont-size:37px;\n}\nbody .av-special-heading.av-8wjo7-0127cd95dcfbd9e7af57b0a6ffb792b6 .av-special-heading-tag .heading-char{\nfont-size:25px;\n}\n#top #wrap_all .av-special-heading.av-8wjo7-0127cd95dcfbd9e7af57b0a6ffb792b6 .av-special-heading-tag{\nfont-size:37px;\n}\n.av-special-heading.av-8wjo7-0127cd95dcfbd9e7af57b0a6ffb792b6 .av-subheading{\nfont-size:18px;\n}\n\n@media only screen and (min-width: 480px) and (max-width: 767px){ \n#top #wrap_all .av-special-heading.av-8wjo7-0127cd95dcfbd9e7af57b0a6ffb792b6 .av-special-heading-tag{\nfont-size:0.8em;\n}\n}\n\n@media only screen and (max-width: 479px){ \n#top #wrap_all .av-special-heading.av-8wjo7-0127cd95dcfbd9e7af57b0a6ffb792b6 .av-special-heading-tag{\nfont-size:0.8em;\n}\n}\n<\/style>\n<div  class='av-special-heading av-8wjo7-0127cd95dcfbd9e7af57b0a6ffb792b6 av-special-heading-h3 blockquote modern-quote  avia-builder-el-6  el_before_av_hr  avia-builder-el-first  av-inherit-size'><h3 class='av-special-heading-tag'  itemprop=\"headline\"  >Si vous avez une panne, contactez le service client Pando<\/h3><div class=\"special-heading-border\"><div class=\"special-heading-inner-border\"><\/div><\/div><\/div><br \/>\n<div  class='hr av-aqfid3-47885c0d9f0a69c5f95ad3ceafa037e3 hr-default  avia-builder-el-7  el_after_av_heading  el_before_av_textblock '><span class='hr-inner '><span class=\"hr-inner-style\"><\/span><\/span><\/div><br \/>\n<section  class='av_textblock_section av-90yxl3-b4a9d64b68e8e408aba519d36f3cc66c '   itemscope=\"itemscope\" itemtype=\"https:\/\/schema.org\/CreativeWork\" ><div class='avia_textblock'  itemprop=\"text\" ><h3>Service Client Agr\u00e9e <em>Pando <\/em><\/h3>\n<p>Tous les Services Agr\u00e9es d&rsquo;Assistance Technique <strong>Pando<\/strong> ont \u00e9t\u00e9 approuv\u00e9s par nous et ont pass\u00e9 de mani\u00e8re satisfaisante aux diff\u00e9rentes exigences techniques, de service client et de qualit\u00e9 que notre marque exige.<\/p>\n<h3>Les Services Agr\u00e9es d&rsquo;Assistance Technique ont la garantie de <em><strong>Pando<\/strong><\/em><\/h3>\n<p>Tous les Services Agr\u00e9es d&rsquo;Assistance Technique Pando ont la garantie Pando des pi\u00e8ces de rechange d&rsquo;origine et un tarif de pi\u00e8ces de rechange bien d\u00e9fini.<\/p>\n<h3>Si vous r\u00e9sidez en France et avez besoin de pi\u00e8ces d\u00e9tach\u00e9es d&rsquo;origine PANDO, s.v.p. contactez:<\/h3>\n<p><strong>DEMS<\/strong><br \/>\n430 Boulevard de Lery<br \/>\nZac Les Playes<br \/>\n83140 Six-Fours Les Plages<br \/>\nT\u00e9l.: 09 71 05 65 11<br \/>\n<a href=\"mailto:pandofrance@dems83.fr\">pandofrance@dems83.fr<\/a><\/p>\n<\/div><\/section><br \/>\n<div  class='hr av-aqfid3-4-12f0ed64a5250862b03269b4149240a0 hr-default  avia-builder-el-9  el_after_av_textblock  el_before_av_textblock '><span class='hr-inner '><span class=\"hr-inner-style\"><\/span><\/span><\/div><br \/>\n<section  class='av_textblock_section av-90yxl3-3-87a3793c712c0e000dd9dbb4e73ea382 '   itemscope=\"itemscope\" itemtype=\"https:\/\/schema.org\/CreativeWork\" ><div class='avia_textblock'  itemprop=\"text\" ><h3>Consultez la liste globale de nos Services Agr\u00e9es d\u2019Assistance Technique :<\/h3>\n<\/div><\/section><br \/>\n\n<style type=\"text\/css\" data-created_by=\"avia_inline_auto\" id=\"style-css-av-aqfid3-2-a3a7d26a1b28835919d3641dcb526cf4\">\n#top .hr.hr-invisible.av-aqfid3-2-a3a7d26a1b28835919d3641dcb526cf4{\nheight:30px;\n}\n<\/style>\n<div  class='hr av-aqfid3-2-a3a7d26a1b28835919d3641dcb526cf4 hr-invisible  avia-builder-el-11  el_after_av_textblock  el_before_av_one_fifth '><span class='hr-inner '><span class=\"hr-inner-style\"><\/span><\/span><\/div><br \/>\n<div  class='flex_column av-7xngsn-3005994feeabed10d19034abced372c8 av_one_fifth  avia-builder-el-12  el_after_av_hr  el_before_av_one_fifth  first flex_column_div  '     ><div  class='avia-button-wrap av-ck5br-433c0dade031401a964c2e072759ab9e-wrap avia-button-center  avia-builder-el-13  avia-builder-el-no-sibling '><a href='https:\/\/www.pando.es\/docs\/Listado-SAT-Oficiales-Pando-EXP.pdf' class='avia-button av-ck5br-433c0dade031401a964c2e072759ab9e avia-icon_select-yes-left-icon avia-size-small avia-position-center av-icon-on-hover avia-color-theme-color' target=\"_blank\" rel=\"noopener noreferrer\"><span class='avia_button_icon avia_button_icon_left' aria-hidden='true' data-av_icon='\ue82d' data-av_iconfont='entypo-fontello'><\/span><span class='avia_iconbox_title' >Liste SAV<\/span><\/a><\/div><\/div>\n<style type=\"text\/css\" data-created_by=\"avia_inline_auto\" id=\"style-css-av-2bfdgn-6b95a99004605b9d56967467a94271f1\">\n.flex_column.av-2bfdgn-6b95a99004605b9d56967467a94271f1{\nborder-radius:0px 0px 0px 0px;\npadding:0px 0px 0px 0px;\n}\n<\/style>\n<div  class='flex_column av-2bfdgn-6b95a99004605b9d56967467a94271f1 av_one_fifth  avia-builder-el-14  el_after_av_one_fifth  el_before_av_three_fifth  flex_column_div av-zero-column-padding  '     ><div  class='avia-button-wrap av-k6gbtggh-499f6639cfec29423e67a2b743bbaf60-wrap avia-button-center  avia-builder-el-15  avia-builder-el-no-sibling '><a href='http:\/\/www.pando.es\/wp-content\/uploads\/Pando-ACCESORIOS-Feb20.pdf' class='avia-button av-k6gbtggh-499f6639cfec29423e67a2b743bbaf60 avia-icon_select-yes-left-icon avia-size-small avia-position-center av-icon-on-hover avia-color-theme-color' target=\"_blank\" rel=\"noopener noreferrer\"><span class='avia_button_icon avia_button_icon_left' aria-hidden='true' data-av_icon='\ue82d' data-av_iconfont='entypo-fontello'><\/span><span class='avia_iconbox_title' >Liste d\u2019accessoires<\/span><\/a><\/div><\/div>\n<style type=\"text\/css\" data-created_by=\"avia_inline_auto\" id=\"style-css-av-2bfdgn-1-3d89277546b4cb39470d74310f1eeb4d\">\n.flex_column.av-2bfdgn-1-3d89277546b4cb39470d74310f1eeb4d{\nborder-radius:0px 0px 0px 0px;\npadding:0px 0px 0px 0px;\n}\n<\/style>\n<div  class='flex_column av-2bfdgn-1-3d89277546b4cb39470d74310f1eeb4d av_three_fifth  avia-builder-el-16  el_after_av_one_fifth  avia-builder-el-last  flex_column_div av-zero-column-padding  '     ><\/div><\/p>\n<\/div><\/div><\/div>\n","protected":false},"excerpt":{"rendered":"","protected":false},"author":7,"featured_media":0,"parent":39252,"menu_order":0,"comment_status":"closed","ping_status":"closed","template":"","meta":{"_acf_changed":false,"footnotes":""},"class_list":["post-5415","page","type-page","status-publish","hentry"],"acf":[],"yoast_head":"<!-- This site is optimized with the Yoast SEO Premium plugin v23.0 (Yoast SEO v26.9) - https:\/\/yoast.com\/product\/yoast-seo-premium-wordpress\/ -->\n<title>Services Assistance - Pando<\/title>\n<meta name=\"robots\" content=\"index, follow, max-snippet:-1, max-image-preview:large, max-video-preview:-1\" \/>\n<link rel=\"canonical\" href=\"https:\/\/pando.es\/fr\/service-apres-vente\/services-assistance\/\" \/>\n<meta property=\"og:locale\" content=\"fr_FR\" \/>\n<meta property=\"og:type\" content=\"article\" \/>\n<meta property=\"og:title\" content=\"Services Assistance\" \/>\n<meta property=\"og:url\" content=\"https:\/\/pando.es\/fr\/service-apres-vente\/services-assistance\/\" \/>\n<meta property=\"og:site_name\" content=\"Pando\" \/>\n<meta property=\"article:publisher\" content=\"https:\/\/www.facebook.com\/PandoIntegralCooking\" \/>\n<meta property=\"article:modified_time\" content=\"2026-03-02T07:16:34+00:00\" \/>\n<meta name=\"twitter:card\" content=\"summary_large_image\" \/>\n<meta name=\"twitter:site\" content=\"@pandocampanas\" \/>\n<script type=\"application\/ld+json\" class=\"yoast-schema-graph\">{\"@context\":\"https:\/\/schema.org\",\"@graph\":[{\"@type\":\"WebPage\",\"@id\":\"https:\/\/pando.es\/fr\/service-apres-vente\/services-assistance\/\",\"url\":\"https:\/\/pando.es\/fr\/service-apres-vente\/services-assistance\/\",\"name\":\"Services Assistance - Pando\",\"isPartOf\":{\"@id\":\"https:\/\/pando.es\/fr\/#website\"},\"datePublished\":\"2013-11-26T10:18:07+00:00\",\"dateModified\":\"2026-03-02T07:16:34+00:00\",\"breadcrumb\":{\"@id\":\"https:\/\/pando.es\/fr\/service-apres-vente\/services-assistance\/#breadcrumb\"},\"inLanguage\":\"fr-FR\",\"potentialAction\":[{\"@type\":\"ReadAction\",\"target\":[\"https:\/\/pando.es\/fr\/service-apres-vente\/services-assistance\/\"]}]},{\"@type\":\"BreadcrumbList\",\"@id\":\"https:\/\/pando.es\/fr\/service-apres-vente\/services-assistance\/#breadcrumb\",\"itemListElement\":[{\"@type\":\"ListItem\",\"position\":1,\"name\":\"Portada\",\"item\":\"https:\/\/pando.es\/fr\/inicio-fr\/\"},{\"@type\":\"ListItem\",\"position\":2,\"name\":\"Service apr\u00e8s-vente\",\"item\":\"https:\/\/pando.es\/fr\/service-apres-vente\/\"},{\"@type\":\"ListItem\",\"position\":3,\"name\":\"Services Assistance\"}]},{\"@type\":\"WebSite\",\"@id\":\"https:\/\/pando.es\/fr\/#website\",\"url\":\"https:\/\/pando.es\/fr\/\",\"name\":\"Pando\",\"description\":\"Campanas decorativas de cocina\",\"publisher\":{\"@id\":\"https:\/\/pando.es\/fr\/#organization\"},\"potentialAction\":[{\"@type\":\"SearchAction\",\"target\":{\"@type\":\"EntryPoint\",\"urlTemplate\":\"https:\/\/pando.es\/fr\/?s={search_term_string}\"},\"query-input\":{\"@type\":\"PropertyValueSpecification\",\"valueRequired\":true,\"valueName\":\"search_term_string\"}}],\"inLanguage\":\"fr-FR\"},{\"@type\":\"Organization\",\"@id\":\"https:\/\/pando.es\/fr\/#organization\",\"name\":\"Pando\",\"url\":\"https:\/\/pando.es\/fr\/\",\"logo\":{\"@type\":\"ImageObject\",\"inLanguage\":\"fr-FR\",\"@id\":\"https:\/\/pando.es\/fr\/#\/schema\/logo\/image\/\",\"url\":\"https:\/\/pando.es\/wp-content\/uploads\/logo-Pando-integral-cooking.png\",\"contentUrl\":\"https:\/\/pando.es\/wp-content\/uploads\/logo-Pando-integral-cooking.png\",\"width\":500,\"height\":250,\"caption\":\"Pando\"},\"image\":{\"@id\":\"https:\/\/pando.es\/fr\/#\/schema\/logo\/image\/\"},\"sameAs\":[\"https:\/\/www.facebook.com\/PandoIntegralCooking\",\"https:\/\/x.com\/pandocampanas\",\"https:\/\/www.pinterest.es\/pandocampanas\/\",\"https:\/\/www.youtube.com\/pandocampanas\",\"https:\/\/www.linkedin.com\/company\/pando-inoxpan\/\",\"https:\/\/www.instagram.com\/pandointegralcooking.es\/\"]}]}<\/script>\n<!-- \/ Yoast SEO Premium plugin. -->","yoast_head_json":{"title":"Services Assistance - Pando","robots":{"index":"index","follow":"follow","max-snippet":"max-snippet:-1","max-image-preview":"max-image-preview:large","max-video-preview":"max-video-preview:-1"},"canonical":"https:\/\/pando.es\/fr\/service-apres-vente\/services-assistance\/","og_locale":"fr_FR","og_type":"article","og_title":"Services Assistance","og_url":"https:\/\/pando.es\/fr\/service-apres-vente\/services-assistance\/","og_site_name":"Pando","article_publisher":"https:\/\/www.facebook.com\/PandoIntegralCooking","article_modified_time":"2026-03-02T07:16:34+00:00","twitter_card":"summary_large_image","twitter_site":"@pandocampanas","schema":{"@context":"https:\/\/schema.org","@graph":[{"@type":"WebPage","@id":"https:\/\/pando.es\/fr\/service-apres-vente\/services-assistance\/","url":"https:\/\/pando.es\/fr\/service-apres-vente\/services-assistance\/","name":"Services Assistance - Pando","isPartOf":{"@id":"https:\/\/pando.es\/fr\/#website"},"datePublished":"2013-11-26T10:18:07+00:00","dateModified":"2026-03-02T07:16:34+00:00","breadcrumb":{"@id":"https:\/\/pando.es\/fr\/service-apres-vente\/services-assistance\/#breadcrumb"},"inLanguage":"fr-FR","potentialAction":[{"@type":"ReadAction","target":["https:\/\/pando.es\/fr\/service-apres-vente\/services-assistance\/"]}]},{"@type":"BreadcrumbList","@id":"https:\/\/pando.es\/fr\/service-apres-vente\/services-assistance\/#breadcrumb","itemListElement":[{"@type":"ListItem","position":1,"name":"Portada","item":"https:\/\/pando.es\/fr\/inicio-fr\/"},{"@type":"ListItem","position":2,"name":"Service apr\u00e8s-vente","item":"https:\/\/pando.es\/fr\/service-apres-vente\/"},{"@type":"ListItem","position":3,"name":"Services Assistance"}]},{"@type":"WebSite","@id":"https:\/\/pando.es\/fr\/#website","url":"https:\/\/pando.es\/fr\/","name":"Pando","description":"Campanas decorativas de cocina","publisher":{"@id":"https:\/\/pando.es\/fr\/#organization"},"potentialAction":[{"@type":"SearchAction","target":{"@type":"EntryPoint","urlTemplate":"https:\/\/pando.es\/fr\/?s={search_term_string}"},"query-input":{"@type":"PropertyValueSpecification","valueRequired":true,"valueName":"search_term_string"}}],"inLanguage":"fr-FR"},{"@type":"Organization","@id":"https:\/\/pando.es\/fr\/#organization","name":"Pando","url":"https:\/\/pando.es\/fr\/","logo":{"@type":"ImageObject","inLanguage":"fr-FR","@id":"https:\/\/pando.es\/fr\/#\/schema\/logo\/image\/","url":"https:\/\/pando.es\/wp-content\/uploads\/logo-Pando-integral-cooking.png","contentUrl":"https:\/\/pando.es\/wp-content\/uploads\/logo-Pando-integral-cooking.png","width":500,"height":250,"caption":"Pando"},"image":{"@id":"https:\/\/pando.es\/fr\/#\/schema\/logo\/image\/"},"sameAs":["https:\/\/www.facebook.com\/PandoIntegralCooking","https:\/\/x.com\/pandocampanas","https:\/\/www.pinterest.es\/pandocampanas\/","https:\/\/www.youtube.com\/pandocampanas","https:\/\/www.linkedin.com\/company\/pando-inoxpan\/","https:\/\/www.instagram.com\/pandointegralcooking.es\/"]}]}},"_links":{"self":[{"href":"https:\/\/pando.es\/fr\/wp-json\/wp\/v2\/pages\/5415","targetHints":{"allow":["GET"]}}],"collection":[{"href":"https:\/\/pando.es\/fr\/wp-json\/wp\/v2\/pages"}],"about":[{"href":"https:\/\/pando.es\/fr\/wp-json\/wp\/v2\/types\/page"}],"author":[{"embeddable":true,"href":"https:\/\/pando.es\/fr\/wp-json\/wp\/v2\/users\/7"}],"replies":[{"embeddable":true,"href":"https:\/\/pando.es\/fr\/wp-json\/wp\/v2\/comments?post=5415"}],"version-history":[{"count":30,"href":"https:\/\/pando.es\/fr\/wp-json\/wp\/v2\/pages\/5415\/revisions"}],"predecessor-version":[{"id":52758,"href":"https:\/\/pando.es\/fr\/wp-json\/wp\/v2\/pages\/5415\/revisions\/52758"}],"up":[{"embeddable":true,"href":"https:\/\/pando.es\/fr\/wp-json\/wp\/v2\/pages\/39252"}],"wp:attachment":[{"href":"https:\/\/pando.es\/fr\/wp-json\/wp\/v2\/media?parent=5415"}],"curies":[{"name":"wp","href":"https:\/\/api.w.org\/{rel}","templated":true}]}}