{"id":5461,"date":"2015-07-09T08:16:32","date_gmt":"2015-07-09T08:16:32","guid":{"rendered":"http:\/\/www.pando.es\/fr\/service-apres-vente\/garantia-pando\/"},"modified":"2025-10-31T08:58:58","modified_gmt":"2025-10-31T07:58:58","slug":"garantie-pando","status":"publish","type":"page","link":"https:\/\/pando.es\/fr\/service-apres-vente\/garantie-pando\/","title":{"rendered":"Garantie Pando"},"content":{"rendered":"<div id='av-layout-grid-1'  class='av-layout-grid-container av-e6v3tx-214dd9035690315d13d52817359330e9 entry-content-wrapper main_color av-flex-cells  avia-builder-el-0  avia-builder-el-no-sibling   container_wrap sidebar_right'  >\n\n<style type=\"text\/css\" data-created_by=\"avia_inline_auto\" id=\"style-css-av-cyko51-40c2aca0eec331350f89f6f17dd3f2f7\">\n.flex_cell.av-cyko51-40c2aca0eec331350f89f6f17dd3f2f7{\nvertical-align:top;\nheight:600px;\nmin-height:600px;\nbackground-color:#f7f7f7;\n}\n.responsive #top #wrap_all .flex_cell.av-cyko51-40c2aca0eec331350f89f6f17dd3f2f7{\npadding:30px 30px 30px 30px !important;\n}\n<\/style>\n<div class='flex_cell av-cyko51-40c2aca0eec331350f89f6f17dd3f2f7 av-gridrow-cell av_one_fourth no_margin  avia-builder-el-1  el_before_av_cell_three_fourth  avia-builder-el-first '  ><div class='flex_cell_inner'><section  class='av_textblock_section av-9iqib9-abcafe6180b2cfdcbba330b642de2377 '   itemscope=\"itemscope\" itemtype=\"https:\/\/schema.org\/CreativeWork\" ><div class='avia_textblock'  itemprop=\"text\" ><h3 style=\"text-align: center;\">Garantie<br \/>\nPando<\/h3>\n<\/div><\/section><br \/>\n\n<style type=\"text\/css\" data-created_by=\"avia_inline_auto\" id=\"style-css-av-ag2kh1-6f3f30b6c401ee96142b6ab13042c64f\">\n.avia-image-container.av-ag2kh1-6f3f30b6c401ee96142b6ab13042c64f img.avia_image{\nbox-shadow:none;\n}\n.avia-image-container.av-ag2kh1-6f3f30b6c401ee96142b6ab13042c64f .av-image-caption-overlay-center{\ncolor:#ffffff;\n}\n<\/style>\n<div  class='avia-image-container av-ag2kh1-6f3f30b6c401ee96142b6ab13042c64f av-styling- avia-align-center  avia-builder-el-3  el_after_av_textblock  el_before_av_hr '   itemprop=\"image\" itemscope=\"itemscope\" itemtype=\"https:\/\/schema.org\/ImageObject\" ><div class=\"avia-image-container-inner\"><div class=\"avia-image-overlay-wrap\"><img fetchpriority=\"high\" fetchpriority=\"high\" decoding=\"async\" fetchpriority=\"high\" class='wp-image-3376 avia-img-lazy-loading-not-3376 avia_image ' src=\"https:\/\/pando.es\/wp-content\/uploads\/Pando-icono-garantia.png\" alt='' title='Pando-icono-garantia'  height=\"350\" width=\"350\"  itemprop=\"thumbnailUrl\" srcset=\"https:\/\/pando.es\/wp-content\/uploads\/Pando-icono-garantia.png 350w, https:\/\/pando.es\/wp-content\/uploads\/Pando-icono-garantia-80x80.png 80w, https:\/\/pando.es\/wp-content\/uploads\/Pando-icono-garantia-300x300.png 300w, https:\/\/pando.es\/wp-content\/uploads\/Pando-icono-garantia-36x36.png 36w, https:\/\/pando.es\/wp-content\/uploads\/Pando-icono-garantia-180x180.png 180w, https:\/\/pando.es\/wp-content\/uploads\/Pando-icono-garantia-120x120.png 120w\" sizes=\"(max-width: 350px) 100vw, 350px\" \/><\/div><\/div><\/div><br \/>\n\n<style type=\"text\/css\" data-created_by=\"avia_inline_auto\" id=\"style-css-av-7otlxh-9431ea00bb171e906516b063897ed68a\">\n#top .hr.hr-invisible.av-7otlxh-9431ea00bb171e906516b063897ed68a{\nheight:25px;\n}\n<\/style>\n<div  class='hr av-7otlxh-9431ea00bb171e906516b063897ed68a hr-invisible  avia-builder-el-4  el_after_av_image  avia-builder-el-last '><span class='hr-inner '><span class=\"hr-inner-style\"><\/span><\/span><\/div><\/p>\n<\/div><\/div>\n<style type=\"text\/css\" data-created_by=\"avia_inline_auto\" id=\"style-css-av-38ecz9-27bbc149c7daee064f6d4fc639c26152\">\n.flex_cell.av-38ecz9-27bbc149c7daee064f6d4fc639c26152{\nvertical-align:middle;\nheight:600px;\nmin-height:600px;\n}\n.responsive #top #wrap_all .flex_cell.av-38ecz9-27bbc149c7daee064f6d4fc639c26152{\npadding:30px 70px 30px 70px !important;\n}\n<\/style>\n<div class='flex_cell av-38ecz9-27bbc149c7daee064f6d4fc639c26152 av-gridrow-cell av_three_fourth no_margin  avia-builder-el-5  el_after_av_cell_one_fourth  avia-builder-el-last '  ><div class='flex_cell_inner'><section  class='av_textblock_section av-k5qnw1w2-b5bdd1a3df9f25a749656e83bad28e18 '   itemscope=\"itemscope\" itemtype=\"https:\/\/schema.org\/CreativeWork\" ><div class='avia_textblock'  itemprop=\"text\" ><h1 class=\"p1\">GARANTIE PANDO.<\/h1>\n<h3><\/h3>\n<p>Merci d&rsquo;avoir choisi notre marque et de faire confiance \u00e0 un produit <em><strong>Pando<\/strong><\/em>, standard de Qualit\u00e9, Design et Innovation. Une marque \u00e0 la hauteur de ses origines et de ses engagements.<\/p>\n<p>La Garantie <em><strong>Pando<\/strong><\/em> est g\u00e9n\u00e9r\u00e9e \u00e0 partir de la date d&rsquo;achat, couvrant tous les d\u00e9fauts du produit qui affectent son fonctionnement. Pour la valider, il est obligatoire d&rsquo;avoir la facture ou le ticket de caisse pour le montrer au Service Client Officiel.<\/p>\n<p>Pendant le p\u00e9riode de garantie, la Soci\u00e9t\u00e9 s&rsquo;engage \u00e0 r\u00e9parer ou remplacer gratuitement toute pi\u00e8ce d\u00e9fectueuse caus\u00e9e par un d\u00e9faut de fabrication du produit afin qu&rsquo;il puisse \u00e0 nouveau fonctionner correctement.<\/p>\n<p>La Garantie <em><strong>PANDO<\/strong><\/em> ne sera valable qu&rsquo;accompagn\u00e9e de la facture ou du ticket de caisse indiquant la date d&rsquo;achat.<\/p>\n<h3>AVIS DE NON-RESPONSABILIT\u00c9 PANDO :<\/h3>\n<p>Les exclusions indiqu\u00e9es dans le Certificat de Garantie, joint au manuel d&rsquo;utilisation du produit, ne seront pas couvertes par la garantie ou pourraient \u00eatre la cause de son annulation.<\/p>\n<p>Dans ce cas, l&rsquo;utilisateur sera responsable des frais de mat\u00e9riaux, de main-d&rsquo;\u0153uvre et de d\u00e9placement du service technique.<\/p>\n<p>La garantie ne sera pas valable lorsque l&rsquo;appareil est destin\u00e9 \u00e0 un usage NON domestique, auquel il n&rsquo;est pas destin\u00e9.<\/p>\n<p><strong>INOXPAN, S.L., est express\u00e9ment exclue de toute responsabilit\u00e9 pour d&rsquo;\u00e9ventuels dommages directs ou indirects aux personnes ou aux choses dus \u00e0 des pannes ou des d\u00e9fauts de l&rsquo;appareil caus\u00e9s par une mauvaise manipulation de celui-ci.<\/strong><\/p>\n<\/div><\/section><br \/>\n\n<style type=\"text\/css\" data-created_by=\"avia_inline_auto\" id=\"style-css-av-k7bo06at-330ff6a1a01ff5fd083662307f3d6075\">\n#top .hr.hr-invisible.av-k7bo06at-330ff6a1a01ff5fd083662307f3d6075{\nheight:30px;\n}\n<\/style>\n<div  class='hr av-k7bo06at-330ff6a1a01ff5fd083662307f3d6075 hr-invisible  avia-builder-el-7  el_after_av_textblock  el_before_av_textblock '><span class='hr-inner '><span class=\"hr-inner-style\"><\/span><\/span><\/div><br \/>\n<section  class='av_textblock_section av-6lzaf9-36679bf3c37196c2b6cfac8cb7a1395f '   itemscope=\"itemscope\" itemtype=\"https:\/\/schema.org\/CreativeWork\" ><div class='avia_textblock'  itemprop=\"text\" ><h3>Formulaire de demande d\u2019Assistance Technique Service Apr\u00e8s-Vente Officiel Pando<\/h3>\n<\/div><\/section><br \/>\n<div  class='avia-button-wrap av-kqjmc2gu-89a38aabbba5f452c406a12beed5ab36-wrap avia-button-left  avia-builder-el-9  el_after_av_textblock  avia-builder-el-last '><a href='https:\/\/pando.es\/fr\/service-apres-vente\/garantie-pando\/formulaire-de-garantie-sat-pando\/'  class='avia-button av-kqjmc2gu-89a38aabbba5f452c406a12beed5ab36 avia-icon_select-yes-left-icon avia-size-large avia-position-left av-icon-on-hover avia-color-theme-color'  target=\"_blank\"  rel=\"noopener noreferrer\" ><span class='avia_button_icon avia_button_icon_left' aria-hidden='true' data-av_icon='\ue835' data-av_iconfont='entypo-fontello'><\/span><span class='avia_iconbox_title' >Formulaire<\/span><\/a><\/div><\/p>\n<\/div><\/div><\/div>\n","protected":false},"excerpt":{"rendered":"","protected":false},"author":7,"featured_media":0,"parent":39252,"menu_order":0,"comment_status":"open","ping_status":"closed","template":"","meta":{"_acf_changed":false,"footnotes":""},"class_list":["post-5461","page","type-page","status-publish","hentry"],"acf":[],"yoast_head":"<!-- This site is optimized with the Yoast SEO Premium plugin v23.0 (Yoast SEO v26.9) - https:\/\/yoast.com\/product\/yoast-seo-premium-wordpress\/ -->\n<title>Garantie Pando - Pando<\/title>\n<meta name=\"robots\" content=\"index, follow, max-snippet:-1, max-image-preview:large, max-video-preview:-1\" \/>\n<link rel=\"canonical\" href=\"https:\/\/pando.es\/fr\/service-apres-vente\/garantie-pando\/\" \/>\n<meta property=\"og:locale\" content=\"fr_FR\" \/>\n<meta property=\"og:type\" content=\"article\" \/>\n<meta property=\"og:title\" content=\"Garantie Pando\" \/>\n<meta property=\"og:url\" content=\"https:\/\/pando.es\/fr\/service-apres-vente\/garantie-pando\/\" \/>\n<meta property=\"og:site_name\" content=\"Pando\" \/>\n<meta property=\"article:publisher\" content=\"https:\/\/www.facebook.com\/PandoIntegralCooking\" \/>\n<meta property=\"article:modified_time\" content=\"2025-10-31T07:58:58+00:00\" \/>\n<meta name=\"twitter:card\" content=\"summary_large_image\" \/>\n<meta name=\"twitter:site\" content=\"@pandocampanas\" \/>\n<script type=\"application\/ld+json\" class=\"yoast-schema-graph\">{\"@context\":\"https:\/\/schema.org\",\"@graph\":[{\"@type\":\"WebPage\",\"@id\":\"https:\/\/pando.es\/fr\/service-apres-vente\/garantie-pando\/\",\"url\":\"https:\/\/pando.es\/fr\/service-apres-vente\/garantie-pando\/\",\"name\":\"Garantie Pando - Pando\",\"isPartOf\":{\"@id\":\"https:\/\/pando.es\/fr\/#website\"},\"datePublished\":\"2015-07-09T08:16:32+00:00\",\"dateModified\":\"2025-10-31T07:58:58+00:00\",\"breadcrumb\":{\"@id\":\"https:\/\/pando.es\/fr\/service-apres-vente\/garantie-pando\/#breadcrumb\"},\"inLanguage\":\"fr-FR\",\"potentialAction\":[{\"@type\":\"ReadAction\",\"target\":[\"https:\/\/pando.es\/fr\/service-apres-vente\/garantie-pando\/\"]}]},{\"@type\":\"BreadcrumbList\",\"@id\":\"https:\/\/pando.es\/fr\/service-apres-vente\/garantie-pando\/#breadcrumb\",\"itemListElement\":[{\"@type\":\"ListItem\",\"position\":1,\"name\":\"Portada\",\"item\":\"https:\/\/pando.es\/fr\/inicio-fr\/\"},{\"@type\":\"ListItem\",\"position\":2,\"name\":\"Service apr\u00e8s-vente\",\"item\":\"https:\/\/pando.es\/fr\/service-apres-vente\/\"},{\"@type\":\"ListItem\",\"position\":3,\"name\":\"Garantie Pando\"}]},{\"@type\":\"WebSite\",\"@id\":\"https:\/\/pando.es\/fr\/#website\",\"url\":\"https:\/\/pando.es\/fr\/\",\"name\":\"Pando\",\"description\":\"Campanas decorativas de cocina\",\"publisher\":{\"@id\":\"https:\/\/pando.es\/fr\/#organization\"},\"potentialAction\":[{\"@type\":\"SearchAction\",\"target\":{\"@type\":\"EntryPoint\",\"urlTemplate\":\"https:\/\/pando.es\/fr\/?s={search_term_string}\"},\"query-input\":{\"@type\":\"PropertyValueSpecification\",\"valueRequired\":true,\"valueName\":\"search_term_string\"}}],\"inLanguage\":\"fr-FR\"},{\"@type\":\"Organization\",\"@id\":\"https:\/\/pando.es\/fr\/#organization\",\"name\":\"Pando\",\"url\":\"https:\/\/pando.es\/fr\/\",\"logo\":{\"@type\":\"ImageObject\",\"inLanguage\":\"fr-FR\",\"@id\":\"https:\/\/pando.es\/fr\/#\/schema\/logo\/image\/\",\"url\":\"https:\/\/pando.es\/wp-content\/uploads\/logo-Pando-integral-cooking.png\",\"contentUrl\":\"https:\/\/pando.es\/wp-content\/uploads\/logo-Pando-integral-cooking.png\",\"width\":500,\"height\":250,\"caption\":\"Pando\"},\"image\":{\"@id\":\"https:\/\/pando.es\/fr\/#\/schema\/logo\/image\/\"},\"sameAs\":[\"https:\/\/www.facebook.com\/PandoIntegralCooking\",\"https:\/\/x.com\/pandocampanas\",\"https:\/\/www.pinterest.es\/pandocampanas\/\",\"https:\/\/www.youtube.com\/pandocampanas\",\"https:\/\/www.linkedin.com\/company\/pando-inoxpan\/\",\"https:\/\/www.instagram.com\/pandointegralcooking.es\/\"]}]}<\/script>\n<!-- \/ Yoast SEO Premium plugin. -->","yoast_head_json":{"title":"Garantie Pando - Pando","robots":{"index":"index","follow":"follow","max-snippet":"max-snippet:-1","max-image-preview":"max-image-preview:large","max-video-preview":"max-video-preview:-1"},"canonical":"https:\/\/pando.es\/fr\/service-apres-vente\/garantie-pando\/","og_locale":"fr_FR","og_type":"article","og_title":"Garantie Pando","og_url":"https:\/\/pando.es\/fr\/service-apres-vente\/garantie-pando\/","og_site_name":"Pando","article_publisher":"https:\/\/www.facebook.com\/PandoIntegralCooking","article_modified_time":"2025-10-31T07:58:58+00:00","twitter_card":"summary_large_image","twitter_site":"@pandocampanas","schema":{"@context":"https:\/\/schema.org","@graph":[{"@type":"WebPage","@id":"https:\/\/pando.es\/fr\/service-apres-vente\/garantie-pando\/","url":"https:\/\/pando.es\/fr\/service-apres-vente\/garantie-pando\/","name":"Garantie Pando - Pando","isPartOf":{"@id":"https:\/\/pando.es\/fr\/#website"},"datePublished":"2015-07-09T08:16:32+00:00","dateModified":"2025-10-31T07:58:58+00:00","breadcrumb":{"@id":"https:\/\/pando.es\/fr\/service-apres-vente\/garantie-pando\/#breadcrumb"},"inLanguage":"fr-FR","potentialAction":[{"@type":"ReadAction","target":["https:\/\/pando.es\/fr\/service-apres-vente\/garantie-pando\/"]}]},{"@type":"BreadcrumbList","@id":"https:\/\/pando.es\/fr\/service-apres-vente\/garantie-pando\/#breadcrumb","itemListElement":[{"@type":"ListItem","position":1,"name":"Portada","item":"https:\/\/pando.es\/fr\/inicio-fr\/"},{"@type":"ListItem","position":2,"name":"Service apr\u00e8s-vente","item":"https:\/\/pando.es\/fr\/service-apres-vente\/"},{"@type":"ListItem","position":3,"name":"Garantie Pando"}]},{"@type":"WebSite","@id":"https:\/\/pando.es\/fr\/#website","url":"https:\/\/pando.es\/fr\/","name":"Pando","description":"Campanas decorativas de cocina","publisher":{"@id":"https:\/\/pando.es\/fr\/#organization"},"potentialAction":[{"@type":"SearchAction","target":{"@type":"EntryPoint","urlTemplate":"https:\/\/pando.es\/fr\/?s={search_term_string}"},"query-input":{"@type":"PropertyValueSpecification","valueRequired":true,"valueName":"search_term_string"}}],"inLanguage":"fr-FR"},{"@type":"Organization","@id":"https:\/\/pando.es\/fr\/#organization","name":"Pando","url":"https:\/\/pando.es\/fr\/","logo":{"@type":"ImageObject","inLanguage":"fr-FR","@id":"https:\/\/pando.es\/fr\/#\/schema\/logo\/image\/","url":"https:\/\/pando.es\/wp-content\/uploads\/logo-Pando-integral-cooking.png","contentUrl":"https:\/\/pando.es\/wp-content\/uploads\/logo-Pando-integral-cooking.png","width":500,"height":250,"caption":"Pando"},"image":{"@id":"https:\/\/pando.es\/fr\/#\/schema\/logo\/image\/"},"sameAs":["https:\/\/www.facebook.com\/PandoIntegralCooking","https:\/\/x.com\/pandocampanas","https:\/\/www.pinterest.es\/pandocampanas\/","https:\/\/www.youtube.com\/pandocampanas","https:\/\/www.linkedin.com\/company\/pando-inoxpan\/","https:\/\/www.instagram.com\/pandointegralcooking.es\/"]}]}},"_links":{"self":[{"href":"https:\/\/pando.es\/fr\/wp-json\/wp\/v2\/pages\/5461","targetHints":{"allow":["GET"]}}],"collection":[{"href":"https:\/\/pando.es\/fr\/wp-json\/wp\/v2\/pages"}],"about":[{"href":"https:\/\/pando.es\/fr\/wp-json\/wp\/v2\/types\/page"}],"author":[{"embeddable":true,"href":"https:\/\/pando.es\/fr\/wp-json\/wp\/v2\/users\/7"}],"replies":[{"embeddable":true,"href":"https:\/\/pando.es\/fr\/wp-json\/wp\/v2\/comments?post=5461"}],"version-history":[{"count":26,"href":"https:\/\/pando.es\/fr\/wp-json\/wp\/v2\/pages\/5461\/revisions"}],"predecessor-version":[{"id":50613,"href":"https:\/\/pando.es\/fr\/wp-json\/wp\/v2\/pages\/5461\/revisions\/50613"}],"up":[{"embeddable":true,"href":"https:\/\/pando.es\/fr\/wp-json\/wp\/v2\/pages\/39252"}],"wp:attachment":[{"href":"https:\/\/pando.es\/fr\/wp-json\/wp\/v2\/media?parent=5461"}],"curies":[{"name":"wp","href":"https:\/\/api.w.org\/{rel}","templated":true}]}}