{"id":5463,"date":"2015-07-09T09:35:24","date_gmt":"2015-07-09T09:35:24","guid":{"rendered":"http:\/\/www.pando.es\/fr\/service-apres-vente\/eficiencia-energetica\/"},"modified":"2016-01-07T18:22:32","modified_gmt":"2016-01-07T18:22:32","slug":"efficacite-energetique","status":"publish","type":"page","link":"https:\/\/pando.es\/fr\/service-apres-vente\/efficacite-energetique\/","title":{"rendered":"Efficacit\u00e9 \u00c9nerg\u00e9tique"},"content":{"rendered":"<div id='av-layout-grid-1'  class='av-layout-grid-container av-av_layout_row-3584cf931cb1e88b4a46cb8ceb184dfd entry-content-wrapper main_color av-flex-cells  avia-builder-el-0  avia-builder-el-no-sibling   container_wrap sidebar_right'  >\n\n<style type=\"text\/css\" data-created_by=\"avia_inline_auto\" id=\"style-css-av-av_cell_one_fifth-ab032cefe129b34e8ada7951192ba2ac\">\n.flex_cell.av-av_cell_one_fifth-ab032cefe129b34e8ada7951192ba2ac{\nvertical-align:top;\nheight:600px;\nmin-height:600px;\nbackground-color:#f7f7f7;\n}\n.responsive #top #wrap_all .flex_cell.av-av_cell_one_fifth-ab032cefe129b34e8ada7951192ba2ac{\npadding:30px 30px 30px 30px !important;\n}\n<\/style>\n<div class='flex_cell av-av_cell_one_fifth-ab032cefe129b34e8ada7951192ba2ac av-gridrow-cell av_one_fifth no_margin  avia-builder-el-1  el_before_av_cell_four_fifth  avia-builder-el-first '  ><div class='flex_cell_inner'><p>\n<style type=\"text\/css\" data-created_by=\"avia_inline_auto\" id=\"style-css-av-av_image-8bf47ce92e9f9d89e8ad187bebeac263\">\n.avia-image-container.av-av_image-8bf47ce92e9f9d89e8ad187bebeac263 img.avia_image{\nbox-shadow:none;\n}\n.avia-image-container.av-av_image-8bf47ce92e9f9d89e8ad187bebeac263 .av-image-caption-overlay-center{\ncolor:#ffffff;\n}\n<\/style>\n<div  class='avia-image-container av-av_image-8bf47ce92e9f9d89e8ad187bebeac263 av-styling- avia-align-center  avia-builder-el-2  el_before_av_textblock  avia-builder-el-first '   itemprop=\"image\" itemscope=\"itemscope\" itemtype=\"https:\/\/schema.org\/ImageObject\" ><div class=\"avia-image-container-inner\"><div class=\"avia-image-overlay-wrap\"><img fetchpriority=\"high\" fetchpriority=\"high\" decoding=\"async\" fetchpriority=\"high\" class='wp-image-3380 avia-img-lazy-loading-not-3380 avia_image ' src=\"https:\/\/pando.es\/wp-content\/uploads\/Pando-icono-etiqueta-energetica.png\" alt='' title='Pando-icono-etiqueta-energetica'  height=\"350\" width=\"350\"  itemprop=\"thumbnailUrl\" srcset=\"https:\/\/pando.es\/wp-content\/uploads\/Pando-icono-etiqueta-energetica.png 350w, https:\/\/pando.es\/wp-content\/uploads\/Pando-icono-etiqueta-energetica-80x80.png 80w, https:\/\/pando.es\/wp-content\/uploads\/Pando-icono-etiqueta-energetica-300x300.png 300w, https:\/\/pando.es\/wp-content\/uploads\/Pando-icono-etiqueta-energetica-36x36.png 36w, https:\/\/pando.es\/wp-content\/uploads\/Pando-icono-etiqueta-energetica-180x180.png 180w, https:\/\/pando.es\/wp-content\/uploads\/Pando-icono-etiqueta-energetica-120x120.png 120w\" sizes=\"(max-width: 350px) 100vw, 350px\" \/><\/div><\/div><\/div><br \/>\n<section  class='av_textblock_section av-av_textblock-0366cc7376be6c9e82a3e9cc8987b64f '   itemscope=\"itemscope\" itemtype=\"https:\/\/schema.org\/CreativeWork\" ><div class='avia_textblock'  itemprop=\"text\" ><h3 style=\"text-align: center;\">Efficacit\u00e9<br \/>\n\u00c9nerg\u00e9tique<\/h3>\n<\/div><\/section><\/p>\n<\/div><\/div>\n<style type=\"text\/css\" data-created_by=\"avia_inline_auto\" id=\"style-css-av-av_cell_four_fifth-c10b872d2110f0c8549365354976ff18\">\n.flex_cell.av-av_cell_four_fifth-c10b872d2110f0c8549365354976ff18{\nvertical-align:middle;\nheight:600px;\nmin-height:600px;\n}\n.responsive #top #wrap_all .flex_cell.av-av_cell_four_fifth-c10b872d2110f0c8549365354976ff18{\npadding:30px 70px 30px 70px !important;\n}\n<\/style>\n<div class='flex_cell av-av_cell_four_fifth-c10b872d2110f0c8549365354976ff18 av-gridrow-cell av_four_fifth no_margin  avia-builder-el-4  el_after_av_cell_one_fifth  avia-builder-el-last '  ><div class='flex_cell_inner'><p><div  class='flex_column av-av_one_third-2a9015ff38129c418a3f2eafba3e9512 av_one_third  avia-builder-el-5  el_before_av_two_third  avia-builder-el-first  first flex_column_div  '     ><style type=\"text\/css\" data-created_by=\"avia_inline_auto\" id=\"style-css-av-av_image-866ef82421d51a7cf9425ca72fbcafa7\">\n.avia-image-container.av-av_image-866ef82421d51a7cf9425ca72fbcafa7 img.avia_image{\nbox-shadow:none;\n}\n.avia-image-container.av-av_image-866ef82421d51a7cf9425ca72fbcafa7 .av-image-caption-overlay-center{\ncolor:#ffffff;\n}\n<\/style>\n<div  class='avia-image-container av-av_image-866ef82421d51a7cf9425ca72fbcafa7 av-styling- avia-align-center  avia-builder-el-6  avia-builder-el-no-sibling '   itemprop=\"image\" itemscope=\"itemscope\" itemtype=\"https:\/\/schema.org\/ImageObject\" ><div class=\"avia-image-container-inner\"><div class=\"avia-image-overlay-wrap\"><img fetchpriority=\"high\" decoding=\"async\" fetchpriority=\"high\" fetchpriority=\"high\" class='wp-image-3414 avia-img-lazy-loading-not-3414 avia_image ' src=\"https:\/\/pando.es\/wp-content\/uploads\/logo-pando-eco.png\" alt='' title='logo-pando-eco'  height=\"159\" width=\"364\"  itemprop=\"thumbnailUrl\" srcset=\"https:\/\/pando.es\/wp-content\/uploads\/logo-pando-eco.png 364w, https:\/\/pando.es\/wp-content\/uploads\/logo-pando-eco-300x131.png 300w\" sizes=\"(max-width: 364px) 100vw, 364px\" \/><\/div><\/div><\/div><\/div><div  class='flex_column av-av_two_third-e8b5fe92f046e7242c54fd1caeab6ce2 av_two_third  avia-builder-el-7  el_after_av_one_third  el_before_av_hr  flex_column_div  '     ><p>\n<style type=\"text\/css\" data-created_by=\"avia_inline_auto\" id=\"style-css-av-av_heading-354538ec95e8ef1e9997067864679dd4\">\n#top .av-special-heading.av-av_heading-354538ec95e8ef1e9997067864679dd4{\npadding-bottom:10px;\ncolor:#000000;\nfont-size:37px;\n}\nbody .av-special-heading.av-av_heading-354538ec95e8ef1e9997067864679dd4 .av-special-heading-tag .heading-char{\nfont-size:25px;\n}\n#top #wrap_all .av-special-heading.av-av_heading-354538ec95e8ef1e9997067864679dd4 .av-special-heading-tag{\nfont-size:37px;\n}\n.av-special-heading.av-av_heading-354538ec95e8ef1e9997067864679dd4 .special-heading-inner-border{\nborder-color:#000000;\n}\n.av-special-heading.av-av_heading-354538ec95e8ef1e9997067864679dd4 .av-subheading{\nfont-size:15px;\n}\n\n@media only screen and (min-width: 480px) and (max-width: 767px){ \n#top #wrap_all .av-special-heading.av-av_heading-354538ec95e8ef1e9997067864679dd4 .av-special-heading-tag{\nfont-size:0.8em;\n}\n}\n\n@media only screen and (max-width: 479px){ \n#top #wrap_all .av-special-heading.av-av_heading-354538ec95e8ef1e9997067864679dd4 .av-special-heading-tag{\nfont-size:0.8em;\n}\n}\n<\/style>\n<div  class='av-special-heading av-av_heading-354538ec95e8ef1e9997067864679dd4 av-special-heading-h3 custom-color-heading blockquote modern-quote  avia-builder-el-8  el_before_av_textblock  avia-builder-el-first  av-inherit-size'><h3 class='av-special-heading-tag'  itemprop=\"headline\"  >Engagement envers l\u2019environnement<\/h3><div class=\"special-heading-border\"><div class=\"special-heading-inner-border\"><\/div><\/div><\/div><br \/>\n<section  class='av_textblock_section av-av_textblock-0366cc7376be6c9e82a3e9cc8987b64f '   itemscope=\"itemscope\" itemtype=\"https:\/\/schema.org\/CreativeWork\" ><div class='avia_textblock'  itemprop=\"text\" ><p><em><strong>Pando<\/strong><\/em> enforce son engagement envers ses clients et l\u2019environnement avec de nouvelles lignes de syst\u00e8mes de haute performance et une consommation minimale.<\/p>\n<p>Les syst\u00e8mes \u00e9co-efficaces <em><strong>Pando<\/strong><\/em> sont compos\u00e9s d\u2019une nouvelle s\u00e9rie de moteurs de haute performance qui permettent d\u2019\u00e9conomiser jusqu\u2019\u00e0 76% d\u2019\u00e9nergie et de r\u00e9duire le bruit de 17%, sans jamais perdre de leur puissance d\u2019aspiration.<\/p>\n<p>Ils disposent \u00e9galement d\u2019un \u00e9clairage led qui r\u00e9duit la consommation d\u2019\u00e9nergie jusqu\u2019\u00e0 94% par rapport aux halog\u00e8nes classiques.<\/p>\n<\/div><\/section><br \/>\n\n<style type=\"text\/css\" data-created_by=\"avia_inline_auto\" id=\"style-css-av-av_image-506043e10c3487a4eb3edde47e3a7341\">\n.avia-image-container.av-av_image-506043e10c3487a4eb3edde47e3a7341 img.avia_image{\nbox-shadow:none;\n}\n.avia-image-container.av-av_image-506043e10c3487a4eb3edde47e3a7341 .av-image-caption-overlay-center{\ncolor:#ffffff;\n}\n<\/style>\n<div  class='avia-image-container av-av_image-506043e10c3487a4eb3edde47e3a7341 av-styling- avia-align-center  avia-builder-el-10  el_after_av_textblock  avia-builder-el-last '   itemprop=\"image\" itemscope=\"itemscope\" itemtype=\"https:\/\/schema.org\/ImageObject\" ><div class=\"avia-image-container-inner\"><div class=\"avia-image-overlay-wrap\"><img fetchpriority=\"high\" decoding=\"async\" fetchpriority=\"high\" fetchpriority=\"high\" class='wp-image-3418 avia-img-lazy-loading-not-3418 avia_image ' src=\"https:\/\/pando.es\/wp-content\/uploads\/pando-iconos-eficiencia-energetica.png\" alt='' title='pando-iconos-eficiencia-energetica'  height=\"159\" width=\"520\"  itemprop=\"thumbnailUrl\" srcset=\"https:\/\/pando.es\/wp-content\/uploads\/pando-iconos-eficiencia-energetica.png 520w, https:\/\/pando.es\/wp-content\/uploads\/pando-iconos-eficiencia-energetica-300x92.png 300w, https:\/\/pando.es\/wp-content\/uploads\/pando-iconos-eficiencia-energetica-450x138.png 450w\" sizes=\"(max-width: 520px) 100vw, 520px\" \/><\/div><\/div><\/div><\/p><\/div>\n<style type=\"text\/css\" data-created_by=\"avia_inline_auto\" id=\"style-css-av-av_hr-f46280a6bf373fa8e92001edb108048f\">\n#top .hr.av-av_hr-f46280a6bf373fa8e92001edb108048f{\nmargin-top:30px;\nmargin-bottom:30px;\n}\n.hr.av-av_hr-f46280a6bf373fa8e92001edb108048f .hr-inner{\nwidth:100%;\nmax-width:45%;\n}\n<\/style>\n<div  class='hr av-av_hr-f46280a6bf373fa8e92001edb108048f hr-custom  avia-builder-el-11  el_after_av_two_third  el_before_av_one_third  hr-center hr-icon-yes'><span class='hr-inner inner-border-av-border-thin'><span class=\"hr-inner-style\"><\/span><\/span><span class='av-seperator-icon' aria-hidden='true' data-av_icon='\ue808' data-av_iconfont='entypo-fontello'><\/span><span class='hr-inner inner-border-av-border-thin'><span class=\"hr-inner-style\"><\/span><\/span><\/div><br \/>\n<div  class='flex_column av-av_one_third-2a9015ff38129c418a3f2eafba3e9512 av_one_third  avia-builder-el-12  el_after_av_hr  el_before_av_two_third  first flex_column_div  '     ><style type=\"text\/css\" data-created_by=\"avia_inline_auto\" id=\"style-css-av-av_image-133a2e6b64dd7a3a055f85dacf1bc1a6\">\n.avia-image-container.av-av_image-133a2e6b64dd7a3a055f85dacf1bc1a6 img.avia_image{\nbox-shadow:none;\n}\n.avia-image-container.av-av_image-133a2e6b64dd7a3a055f85dacf1bc1a6 .av-image-caption-overlay-center{\ncolor:#ffffff;\n}\n<\/style>\n<div  class='avia-image-container av-av_image-133a2e6b64dd7a3a055f85dacf1bc1a6 av-styling- avia-align-center  avia-builder-el-13  avia-builder-el-no-sibling '   itemprop=\"image\" itemscope=\"itemscope\" itemtype=\"https:\/\/schema.org\/ImageObject\" ><div class=\"avia-image-container-inner\"><div class=\"avia-image-overlay-wrap\"><img fetchpriority=\"high\" decoding=\"async\" fetchpriority=\"high\" fetchpriority=\"high\" class='wp-image-3416 avia-img-lazy-loading-not-3416 avia_image ' src=\"https:\/\/pando.es\/wp-content\/uploads\/logo-etiqueta-eficiencia-energetica.png\" alt='' title='logo-etiqueta-eficiencia-energetica'  height=\"500\" width=\"364\"  itemprop=\"thumbnailUrl\" srcset=\"https:\/\/pando.es\/wp-content\/uploads\/logo-etiqueta-eficiencia-energetica.png 364w, https:\/\/pando.es\/wp-content\/uploads\/logo-etiqueta-eficiencia-energetica-218x300.png 218w\" sizes=\"(max-width: 364px) 100vw, 364px\" \/><\/div><\/div><\/div><\/div><div  class='flex_column av-av_two_third-e8b5fe92f046e7242c54fd1caeab6ce2 av_two_third  avia-builder-el-14  el_after_av_one_third  avia-builder-el-last  flex_column_div  '     ><p>\n<style type=\"text\/css\" data-created_by=\"avia_inline_auto\" id=\"style-css-av-av_heading-a916d8731270c92d9d2879c9429d0602\">\n#top .av-special-heading.av-av_heading-a916d8731270c92d9d2879c9429d0602{\npadding-bottom:10px;\ncolor:#000000;\nfont-size:37px;\n}\nbody .av-special-heading.av-av_heading-a916d8731270c92d9d2879c9429d0602 .av-special-heading-tag .heading-char{\nfont-size:25px;\n}\n#top #wrap_all .av-special-heading.av-av_heading-a916d8731270c92d9d2879c9429d0602 .av-special-heading-tag{\nfont-size:37px;\n}\n.av-special-heading.av-av_heading-a916d8731270c92d9d2879c9429d0602 .special-heading-inner-border{\nborder-color:#000000;\n}\n.av-special-heading.av-av_heading-a916d8731270c92d9d2879c9429d0602 .av-subheading{\nfont-size:15px;\n}\n\n@media only screen and (min-width: 480px) and (max-width: 767px){ \n#top #wrap_all .av-special-heading.av-av_heading-a916d8731270c92d9d2879c9429d0602 .av-special-heading-tag{\nfont-size:0.8em;\n}\n}\n\n@media only screen and (max-width: 479px){ \n#top #wrap_all .av-special-heading.av-av_heading-a916d8731270c92d9d2879c9429d0602 .av-special-heading-tag{\nfont-size:0.8em;\n}\n}\n<\/style>\n<div  class='av-special-heading av-av_heading-a916d8731270c92d9d2879c9429d0602 av-special-heading-h3 custom-color-heading blockquote modern-quote  avia-builder-el-15  el_before_av_textblock  avia-builder-el-first  av-inherit-size'><h3 class='av-special-heading-tag'  itemprop=\"headline\"  >Classification \u00c9nerg\u00e9tique de nos produits<\/h3><div class=\"special-heading-border\"><div class=\"special-heading-inner-border\"><\/div><\/div><\/div><br \/>\n<section  class='av_textblock_section av-av_textblock-0366cc7376be6c9e82a3e9cc8987b64f '   itemscope=\"itemscope\" itemtype=\"https:\/\/schema.org\/CreativeWork\" ><div class='avia_textblock'  itemprop=\"text\" ><p>Notre engagement envers nos clients et l\u2019environnement implique de notre part un processus constant d\u2019\u00e9tude et d\u2019innovation des am\u00e9liorations technologiques, avec nos ressources internes (d\u00e9partements de R &amp; D + i et d\u2019assistance technique) et de r\u00e9guli\u00e8res collaborations ext\u00e9rieures (Centres de Recherches universitaires, etc.).<\/p>\n<p>Dans cette liste de tarifs 2015 vous trouverez les classifications \u00e9nerg\u00e9tiques en vigueur de nos produits au moment de son impression. N\u00e9anmoins <em><strong>Pando<\/strong><\/em> travaille tous les jours pour am\u00e9liorer quantitativement et qualitativement le niveau technique et technologique de ses produits. Voil\u00e0 pourquoi nous vous recommandons de visiter r\u00e9guli\u00e8rement notre site internet. Vous y trouverez la derni\u00e8re mise \u00e0 jour concernant les classifications \u00e9nerg\u00e9tiques et les sp\u00e9cifications techniques de tous nos produits.<\/p>\n<\/div><\/section><\/p><\/div><\/p>\n<\/div><\/div><\/div>\n","protected":false},"excerpt":{"rendered":"","protected":false},"author":7,"featured_media":0,"parent":39252,"menu_order":0,"comment_status":"open","ping_status":"closed","template":"","meta":{"_acf_changed":false,"footnotes":""},"class_list":["post-5463","page","type-page","status-publish","hentry"],"acf":[],"yoast_head":"<!-- This site is optimized with the Yoast SEO Premium plugin v23.0 (Yoast SEO v26.9) - https:\/\/yoast.com\/product\/yoast-seo-premium-wordpress\/ -->\n<title>Efficacit\u00e9 \u00c9nerg\u00e9tique - Pando<\/title>\n<meta name=\"robots\" content=\"index, follow, max-snippet:-1, max-image-preview:large, max-video-preview:-1\" \/>\n<link rel=\"canonical\" href=\"https:\/\/pando.es\/fr\/service-apres-vente\/efficacite-energetique\/\" \/>\n<meta property=\"og:locale\" content=\"fr_FR\" \/>\n<meta property=\"og:type\" content=\"article\" \/>\n<meta property=\"og:title\" content=\"Efficacit\u00e9 \u00c9nerg\u00e9tique\" \/>\n<meta property=\"og:url\" content=\"https:\/\/pando.es\/fr\/service-apres-vente\/efficacite-energetique\/\" \/>\n<meta property=\"og:site_name\" content=\"Pando\" \/>\n<meta property=\"article:publisher\" content=\"https:\/\/www.facebook.com\/PandoIntegralCooking\" \/>\n<meta property=\"article:modified_time\" content=\"2016-01-07T18:22:32+00:00\" \/>\n<meta name=\"twitter:card\" content=\"summary_large_image\" \/>\n<meta name=\"twitter:site\" content=\"@pandocampanas\" \/>\n<script type=\"application\/ld+json\" class=\"yoast-schema-graph\">{\"@context\":\"https:\/\/schema.org\",\"@graph\":[{\"@type\":\"WebPage\",\"@id\":\"https:\/\/pando.es\/fr\/service-apres-vente\/efficacite-energetique\/\",\"url\":\"https:\/\/pando.es\/fr\/service-apres-vente\/efficacite-energetique\/\",\"name\":\"Efficacit\u00e9 \u00c9nerg\u00e9tique - Pando\",\"isPartOf\":{\"@id\":\"https:\/\/pando.es\/fr\/#website\"},\"datePublished\":\"2015-07-09T09:35:24+00:00\",\"dateModified\":\"2016-01-07T18:22:32+00:00\",\"breadcrumb\":{\"@id\":\"https:\/\/pando.es\/fr\/service-apres-vente\/efficacite-energetique\/#breadcrumb\"},\"inLanguage\":\"fr-FR\",\"potentialAction\":[{\"@type\":\"ReadAction\",\"target\":[\"https:\/\/pando.es\/fr\/service-apres-vente\/efficacite-energetique\/\"]}]},{\"@type\":\"BreadcrumbList\",\"@id\":\"https:\/\/pando.es\/fr\/service-apres-vente\/efficacite-energetique\/#breadcrumb\",\"itemListElement\":[{\"@type\":\"ListItem\",\"position\":1,\"name\":\"Portada\",\"item\":\"https:\/\/pando.es\/fr\/inicio-fr\/\"},{\"@type\":\"ListItem\",\"position\":2,\"name\":\"Service apr\u00e8s-vente\",\"item\":\"https:\/\/pando.es\/fr\/service-apres-vente\/\"},{\"@type\":\"ListItem\",\"position\":3,\"name\":\"Efficacit\u00e9 \u00c9nerg\u00e9tique\"}]},{\"@type\":\"WebSite\",\"@id\":\"https:\/\/pando.es\/fr\/#website\",\"url\":\"https:\/\/pando.es\/fr\/\",\"name\":\"Pando\",\"description\":\"Campanas decorativas de cocina\",\"publisher\":{\"@id\":\"https:\/\/pando.es\/fr\/#organization\"},\"potentialAction\":[{\"@type\":\"SearchAction\",\"target\":{\"@type\":\"EntryPoint\",\"urlTemplate\":\"https:\/\/pando.es\/fr\/?s={search_term_string}\"},\"query-input\":{\"@type\":\"PropertyValueSpecification\",\"valueRequired\":true,\"valueName\":\"search_term_string\"}}],\"inLanguage\":\"fr-FR\"},{\"@type\":\"Organization\",\"@id\":\"https:\/\/pando.es\/fr\/#organization\",\"name\":\"Pando\",\"url\":\"https:\/\/pando.es\/fr\/\",\"logo\":{\"@type\":\"ImageObject\",\"inLanguage\":\"fr-FR\",\"@id\":\"https:\/\/pando.es\/fr\/#\/schema\/logo\/image\/\",\"url\":\"https:\/\/pando.es\/wp-content\/uploads\/logo-Pando-integral-cooking.png\",\"contentUrl\":\"https:\/\/pando.es\/wp-content\/uploads\/logo-Pando-integral-cooking.png\",\"width\":500,\"height\":250,\"caption\":\"Pando\"},\"image\":{\"@id\":\"https:\/\/pando.es\/fr\/#\/schema\/logo\/image\/\"},\"sameAs\":[\"https:\/\/www.facebook.com\/PandoIntegralCooking\",\"https:\/\/x.com\/pandocampanas\",\"https:\/\/www.pinterest.es\/pandocampanas\/\",\"https:\/\/www.youtube.com\/pandocampanas\",\"https:\/\/www.linkedin.com\/company\/pando-inoxpan\/\",\"https:\/\/www.instagram.com\/pandointegralcooking.es\/\"]}]}<\/script>\n<!-- \/ Yoast SEO Premium plugin. -->","yoast_head_json":{"title":"Efficacit\u00e9 \u00c9nerg\u00e9tique - Pando","robots":{"index":"index","follow":"follow","max-snippet":"max-snippet:-1","max-image-preview":"max-image-preview:large","max-video-preview":"max-video-preview:-1"},"canonical":"https:\/\/pando.es\/fr\/service-apres-vente\/efficacite-energetique\/","og_locale":"fr_FR","og_type":"article","og_title":"Efficacit\u00e9 \u00c9nerg\u00e9tique","og_url":"https:\/\/pando.es\/fr\/service-apres-vente\/efficacite-energetique\/","og_site_name":"Pando","article_publisher":"https:\/\/www.facebook.com\/PandoIntegralCooking","article_modified_time":"2016-01-07T18:22:32+00:00","twitter_card":"summary_large_image","twitter_site":"@pandocampanas","schema":{"@context":"https:\/\/schema.org","@graph":[{"@type":"WebPage","@id":"https:\/\/pando.es\/fr\/service-apres-vente\/efficacite-energetique\/","url":"https:\/\/pando.es\/fr\/service-apres-vente\/efficacite-energetique\/","name":"Efficacit\u00e9 \u00c9nerg\u00e9tique - Pando","isPartOf":{"@id":"https:\/\/pando.es\/fr\/#website"},"datePublished":"2015-07-09T09:35:24+00:00","dateModified":"2016-01-07T18:22:32+00:00","breadcrumb":{"@id":"https:\/\/pando.es\/fr\/service-apres-vente\/efficacite-energetique\/#breadcrumb"},"inLanguage":"fr-FR","potentialAction":[{"@type":"ReadAction","target":["https:\/\/pando.es\/fr\/service-apres-vente\/efficacite-energetique\/"]}]},{"@type":"BreadcrumbList","@id":"https:\/\/pando.es\/fr\/service-apres-vente\/efficacite-energetique\/#breadcrumb","itemListElement":[{"@type":"ListItem","position":1,"name":"Portada","item":"https:\/\/pando.es\/fr\/inicio-fr\/"},{"@type":"ListItem","position":2,"name":"Service apr\u00e8s-vente","item":"https:\/\/pando.es\/fr\/service-apres-vente\/"},{"@type":"ListItem","position":3,"name":"Efficacit\u00e9 \u00c9nerg\u00e9tique"}]},{"@type":"WebSite","@id":"https:\/\/pando.es\/fr\/#website","url":"https:\/\/pando.es\/fr\/","name":"Pando","description":"Campanas decorativas de cocina","publisher":{"@id":"https:\/\/pando.es\/fr\/#organization"},"potentialAction":[{"@type":"SearchAction","target":{"@type":"EntryPoint","urlTemplate":"https:\/\/pando.es\/fr\/?s={search_term_string}"},"query-input":{"@type":"PropertyValueSpecification","valueRequired":true,"valueName":"search_term_string"}}],"inLanguage":"fr-FR"},{"@type":"Organization","@id":"https:\/\/pando.es\/fr\/#organization","name":"Pando","url":"https:\/\/pando.es\/fr\/","logo":{"@type":"ImageObject","inLanguage":"fr-FR","@id":"https:\/\/pando.es\/fr\/#\/schema\/logo\/image\/","url":"https:\/\/pando.es\/wp-content\/uploads\/logo-Pando-integral-cooking.png","contentUrl":"https:\/\/pando.es\/wp-content\/uploads\/logo-Pando-integral-cooking.png","width":500,"height":250,"caption":"Pando"},"image":{"@id":"https:\/\/pando.es\/fr\/#\/schema\/logo\/image\/"},"sameAs":["https:\/\/www.facebook.com\/PandoIntegralCooking","https:\/\/x.com\/pandocampanas","https:\/\/www.pinterest.es\/pandocampanas\/","https:\/\/www.youtube.com\/pandocampanas","https:\/\/www.linkedin.com\/company\/pando-inoxpan\/","https:\/\/www.instagram.com\/pandointegralcooking.es\/"]}]}},"_links":{"self":[{"href":"https:\/\/pando.es\/fr\/wp-json\/wp\/v2\/pages\/5463","targetHints":{"allow":["GET"]}}],"collection":[{"href":"https:\/\/pando.es\/fr\/wp-json\/wp\/v2\/pages"}],"about":[{"href":"https:\/\/pando.es\/fr\/wp-json\/wp\/v2\/types\/page"}],"author":[{"embeddable":true,"href":"https:\/\/pando.es\/fr\/wp-json\/wp\/v2\/users\/7"}],"replies":[{"embeddable":true,"href":"https:\/\/pando.es\/fr\/wp-json\/wp\/v2\/comments?post=5463"}],"version-history":[{"count":6,"href":"https:\/\/pando.es\/fr\/wp-json\/wp\/v2\/pages\/5463\/revisions"}],"predecessor-version":[{"id":16832,"href":"https:\/\/pando.es\/fr\/wp-json\/wp\/v2\/pages\/5463\/revisions\/16832"}],"up":[{"embeddable":true,"href":"https:\/\/pando.es\/fr\/wp-json\/wp\/v2\/pages\/39252"}],"wp:attachment":[{"href":"https:\/\/pando.es\/fr\/wp-json\/wp\/v2\/media?parent=5463"}],"curies":[{"name":"wp","href":"https:\/\/api.w.org\/{rel}","templated":true}]}}