{"id":5510,"date":"2015-07-09T10:30:18","date_gmt":"2015-07-09T10:30:18","guid":{"rendered":"http:\/\/www.pando.es\/fr\/zona-descargas\/"},"modified":"2025-06-27T12:25:13","modified_gmt":"2025-06-27T10:25:13","slug":"telechargements","status":"publish","type":"page","link":"https:\/\/pando.es\/fr\/telechargements\/","title":{"rendered":"T\u00e9l\u00e9chargements"},"content":{"rendered":"<div id='av-layout-grid-1'  class='av-layout-grid-container av-l7eyyu-337e9448396d9bb2bcd241ac4b6ac765 entry-content-wrapper main_color av-flex-cells  avia-builder-el-0  avia-builder-el-no-sibling   container_wrap sidebar_right'  >\n\n<style type=\"text\/css\" data-created_by=\"avia_inline_auto\" id=\"style-css-av-1w0192-3cb160465c711c85f342a58ee9804667\">\n.flex_cell.av-1w0192-3cb160465c711c85f342a58ee9804667{\nvertical-align:top;\nheight:600px;\nmin-height:600px;\nbackground-color:#f7f7f7;\n}\n.responsive #top #wrap_all .flex_cell.av-1w0192-3cb160465c711c85f342a58ee9804667{\npadding:30px 30px 30px 30px !important;\n}\n<\/style>\n<div class='flex_cell av-1w0192-3cb160465c711c85f342a58ee9804667 av-gridrow-cell av_one_fifth no_margin  avia-builder-el-1  el_before_av_cell_four_fifth  avia-builder-el-first '  ><div class='flex_cell_inner'><p>\n<style type=\"text\/css\" data-created_by=\"avia_inline_auto\" id=\"style-css-av-h6vzva-c3fa2dd95fc44796971109264a2c79a0\">\n.avia-image-container.av-h6vzva-c3fa2dd95fc44796971109264a2c79a0 img.avia_image{\nbox-shadow:none;\n}\n.avia-image-container.av-h6vzva-c3fa2dd95fc44796971109264a2c79a0 .av-image-caption-overlay-center{\ncolor:#ffffff;\n}\n<\/style>\n<div  class='avia-image-container av-h6vzva-c3fa2dd95fc44796971109264a2c79a0 av-styling- avia-align-center  avia-builder-el-2  el_before_av_textblock  avia-builder-el-first '   itemprop=\"image\" itemscope=\"itemscope\" itemtype=\"https:\/\/schema.org\/ImageObject\" ><div class=\"avia-image-container-inner\"><div class=\"avia-image-overlay-wrap\"><img fetchpriority=\"high\" fetchpriority=\"high\" decoding=\"async\" fetchpriority=\"high\" class='wp-image-3374 avia-img-lazy-loading-not-3374 avia_image ' src=\"https:\/\/pando.es\/wp-content\/uploads\/Pando-icono-descargas.png\" alt='' title='Pando-icono-descargas'  height=\"350\" width=\"350\"  itemprop=\"thumbnailUrl\" srcset=\"https:\/\/pando.es\/wp-content\/uploads\/Pando-icono-descargas.png 350w, https:\/\/pando.es\/wp-content\/uploads\/Pando-icono-descargas-80x80.png 80w, https:\/\/pando.es\/wp-content\/uploads\/Pando-icono-descargas-300x300.png 300w, https:\/\/pando.es\/wp-content\/uploads\/Pando-icono-descargas-36x36.png 36w, https:\/\/pando.es\/wp-content\/uploads\/Pando-icono-descargas-180x180.png 180w, https:\/\/pando.es\/wp-content\/uploads\/Pando-icono-descargas-120x120.png 120w\" sizes=\"(max-width: 350px) 100vw, 350px\" \/><\/div><\/div><\/div><br \/>\n<section  class='av_textblock_section av-ft033a-4f01b58e1728e2f9b4a3943d942855a8 '   itemscope=\"itemscope\" itemtype=\"https:\/\/schema.org\/CreativeWork\" ><div class='avia_textblock'  itemprop=\"text\" ><h3 style=\"text-align: center;\">T\u00e9l\u00e9chargements des<br \/>\nCatalogues<\/h3>\n<\/div><\/section><\/p>\n<\/div><\/div>\n<style type=\"text\/css\" data-created_by=\"avia_inline_auto\" id=\"style-css-av-eqkrpi-fceff781bef5ae3944231dd60e4791a8\">\n.flex_cell.av-eqkrpi-fceff781bef5ae3944231dd60e4791a8{\nvertical-align:middle;\nheight:600px;\nmin-height:600px;\n}\n.responsive #top #wrap_all .flex_cell.av-eqkrpi-fceff781bef5ae3944231dd60e4791a8{\npadding:30px 70px 30px 70px !important;\n}\n<\/style>\n<div class='flex_cell av-eqkrpi-fceff781bef5ae3944231dd60e4791a8 av-gridrow-cell av_four_fifth no_margin  avia-builder-el-4  el_after_av_cell_one_fifth  avia-builder-el-last '  ><div class='flex_cell_inner'><p><div class='flex_column_table av-cj11km-a5fcbda1fe57f12971c67515afef7abf sc-av_three_fifth av-equal-height-column-flextable'><div  class='flex_column av-cj11km-a5fcbda1fe57f12971c67515afef7abf av_three_fifth  avia-builder-el-5  el_before_av_two_fifth  avia-builder-el-first  first flex_column_table_cell av-equal-height-column av-align-middle  '     ><style type=\"text\/css\" data-created_by=\"avia_inline_auto\" id=\"style-css-av-k7n9ydaj-ef01ffa0b69379547ed934e987912ece\">\n.avia-image-container.av-k7n9ydaj-ef01ffa0b69379547ed934e987912ece img.avia_image{\nbox-shadow:none;\n}\n.avia-image-container.av-k7n9ydaj-ef01ffa0b69379547ed934e987912ece .av-image-caption-overlay-center{\ncolor:#ffffff;\n}\n<\/style>\n<div  class='avia-image-container av-k7n9ydaj-ef01ffa0b69379547ed934e987912ece av-styling- avia-align-center  avia-builder-el-6  avia-builder-el-no-sibling '   itemprop=\"image\" itemscope=\"itemscope\" itemtype=\"https:\/\/schema.org\/ImageObject\" ><div class=\"avia-image-container-inner\"><div class=\"avia-image-overlay-wrap\"><img fetchpriority=\"high\" decoding=\"async\" fetchpriority=\"high\" fetchpriority=\"high\" class='wp-image-47926 avia-img-lazy-loading-not-47926 avia_image ' src=\"https:\/\/pando.es\/wp-content\/uploads\/Cat-Gral-2025_Portada-FRA.jpg\" alt='' title='Cat-Gral-2025_Portada-FRA'  height=\"1000\" width=\"1500\"  itemprop=\"thumbnailUrl\" srcset=\"https:\/\/pando.es\/wp-content\/uploads\/Cat-Gral-2025_Portada-FRA.jpg 1500w, https:\/\/pando.es\/wp-content\/uploads\/Cat-Gral-2025_Portada-FRA-300x200.jpg 300w, https:\/\/pando.es\/wp-content\/uploads\/Cat-Gral-2025_Portada-FRA-1030x687.jpg 1030w, https:\/\/pando.es\/wp-content\/uploads\/Cat-Gral-2025_Portada-FRA-768x512.jpg 768w, https:\/\/pando.es\/wp-content\/uploads\/Cat-Gral-2025_Portada-FRA-705x470.jpg 705w\" sizes=\"(max-width: 1500px) 100vw, 1500px\" \/><\/div><\/div><\/div><\/div><div class='av-flex-placeholder'><\/div>\n<style type=\"text\/css\" data-created_by=\"avia_inline_auto\" id=\"style-css-av-7dxlba-1902642f2527a3dfefd45d5b0bd3af75\">\n.flex_column.av-7dxlba-1902642f2527a3dfefd45d5b0bd3af75{\nborder-radius:0px 0px 0px 0px;\npadding:0px 0px 0px 0px;\n}\n<\/style>\n<div  class='flex_column av-7dxlba-1902642f2527a3dfefd45d5b0bd3af75 av_two_fifth  avia-builder-el-7  el_after_av_three_fifth  avia-builder-el-last  flex_column_table_cell av-equal-height-column av-align-middle av-zero-column-padding  '     ><p>\n<style type=\"text\/css\" data-created_by=\"avia_inline_auto\" id=\"style-css-av-mcenreym-b6f5df2dba119334d8bf62c3a5e69220\">\n#top .av-special-heading.av-mcenreym-b6f5df2dba119334d8bf62c3a5e69220{\npadding-bottom:10px;\nfont-size:37px;\n}\nbody .av-special-heading.av-mcenreym-b6f5df2dba119334d8bf62c3a5e69220 .av-special-heading-tag .heading-char{\nfont-size:25px;\n}\n#top #wrap_all .av-special-heading.av-mcenreym-b6f5df2dba119334d8bf62c3a5e69220 .av-special-heading-tag{\nfont-size:37px;\n}\n.av-special-heading.av-mcenreym-b6f5df2dba119334d8bf62c3a5e69220 .av-subheading{\nfont-size:15px;\n}\n\n@media only screen and (min-width: 480px) and (max-width: 767px){ \n#top #wrap_all .av-special-heading.av-mcenreym-b6f5df2dba119334d8bf62c3a5e69220 .av-special-heading-tag{\nfont-size:0.8em;\n}\n}\n\n@media only screen and (max-width: 479px){ \n#top #wrap_all .av-special-heading.av-mcenreym-b6f5df2dba119334d8bf62c3a5e69220 .av-special-heading-tag{\nfont-size:0.8em;\n}\n}\n<\/style>\n<div  class='av-special-heading av-mcenreym-b6f5df2dba119334d8bf62c3a5e69220 av-special-heading-h3 blockquote modern-quote modern-centered  avia-builder-el-8  el_before_av_hr  avia-builder-el-first  av-inherit-size av-linked-heading'><h3 class='av-special-heading-tag'  itemprop=\"headline\"  >Catalogue Pando Integral Cooking 2025\/2026<\/h3><div class=\"special-heading-border\"><div class=\"special-heading-inner-border\"><\/div><\/div><\/div><br \/>\n\n<style type=\"text\/css\" data-created_by=\"avia_inline_auto\" id=\"style-css-av-mcenrw0e-d1ee94364051df537a3b074bdcfcb33f\">\n#top .hr.hr-invisible.av-mcenrw0e-d1ee94364051df537a3b074bdcfcb33f{\nheight:30px;\n}\n<\/style>\n<div  class='hr av-mcenrw0e-d1ee94364051df537a3b074bdcfcb33f hr-invisible  avia-builder-el-9  el_after_av_heading  el_before_av_textblock '><span class='hr-inner '><span class=\"hr-inner-style\"><\/span><\/span><\/div><br \/>\n<section  class='av_textblock_section av-9p4pdy-0c4548a0205fe2770ae603cca920bc1a '   itemscope=\"itemscope\" itemtype=\"https:\/\/schema.org\/CreativeWork\" ><div class='avia_textblock'  itemprop=\"text\" ><h5 style=\"text-align: center;\">Catalogue g\u00e9n\u00e9ral de Pando pour 2025\/2026 avec tous les mod\u00e8les des 7 gammes de produits, ainsi que des r\u00e9f\u00e9rences, des informations techniques, des sch\u00e9mas, et d&rsquo;autres d\u00e9tails d&rsquo;int\u00e9r\u00eat pour chaque produit.<\/h5>\n<\/div><\/section><br \/>\n\n<style type=\"text\/css\" data-created_by=\"avia_inline_auto\" id=\"style-css-av-av_hr-af89a52d51412774536fa272e468f7cd\">\n#top .hr.hr-invisible.av-av_hr-af89a52d51412774536fa272e468f7cd{\nheight:30px;\n}\n<\/style>\n<div  class='hr av-av_hr-af89a52d51412774536fa272e468f7cd hr-invisible  avia-builder-el-11  el_after_av_textblock  el_before_av_button '><span class='hr-inner '><span class=\"hr-inner-style\"><\/span><\/span><\/div><br \/>\n<div  class='avia-button-wrap av-mcenvdua-3b119e2b1cace3fc8580d70126abba2e-wrap avia-button-center  avia-builder-el-12  el_after_av_hr  avia-builder-el-last '><a href='https:\/\/pando.es\/PDFCAT\/Catalogo-Pando-2025-FRANCE.pdf' class='avia-button av-mcenvdua-3b119e2b1cace3fc8580d70126abba2e avia-icon_select-yes-left-icon avia-size-small avia-position-center avia-color-theme-color' target=\"_blank\" rel=\"noopener noreferrer\"><span class='avia_button_icon avia_button_icon_left' aria-hidden='true' data-av_icon='\ue82d' data-av_iconfont='entypo-fontello'><\/span><span class='avia_iconbox_title' >T\u00e9l\u00e9charger le PDF<\/span><\/a><\/div><\/p><\/div><\/div><!--close column table wrapper. Autoclose: 1 --><\/p>\n<\/div><\/div><\/div>\n","protected":false},"excerpt":{"rendered":"","protected":false},"author":7,"featured_media":0,"parent":0,"menu_order":0,"comment_status":"open","ping_status":"closed","template":"","meta":{"_acf_changed":false,"footnotes":""},"class_list":["post-5510","page","type-page","status-publish","hentry"],"acf":[],"yoast_head":"<!-- This site is optimized with the Yoast SEO Premium plugin v23.0 (Yoast SEO v26.9) - https:\/\/yoast.com\/product\/yoast-seo-premium-wordpress\/ -->\n<title>T\u00e9l\u00e9chargements - Pando<\/title>\n<meta name=\"robots\" content=\"index, follow, max-snippet:-1, max-image-preview:large, max-video-preview:-1\" \/>\n<link rel=\"canonical\" href=\"https:\/\/pando.es\/fr\/telechargements\/\" \/>\n<meta property=\"og:locale\" content=\"fr_FR\" \/>\n<meta property=\"og:type\" content=\"article\" \/>\n<meta property=\"og:title\" content=\"T\u00e9l\u00e9chargements\" \/>\n<meta property=\"og:url\" content=\"https:\/\/pando.es\/fr\/telechargements\/\" \/>\n<meta property=\"og:site_name\" content=\"Pando\" \/>\n<meta property=\"article:publisher\" content=\"https:\/\/www.facebook.com\/PandoIntegralCooking\" \/>\n<meta property=\"article:modified_time\" content=\"2025-06-27T10:25:13+00:00\" \/>\n<meta name=\"twitter:card\" content=\"summary_large_image\" \/>\n<meta name=\"twitter:site\" content=\"@pandocampanas\" \/>\n<script type=\"application\/ld+json\" class=\"yoast-schema-graph\">{\"@context\":\"https:\/\/schema.org\",\"@graph\":[{\"@type\":\"WebPage\",\"@id\":\"https:\/\/pando.es\/fr\/telechargements\/\",\"url\":\"https:\/\/pando.es\/fr\/telechargements\/\",\"name\":\"T\u00e9l\u00e9chargements - Pando\",\"isPartOf\":{\"@id\":\"https:\/\/pando.es\/fr\/#website\"},\"datePublished\":\"2015-07-09T10:30:18+00:00\",\"dateModified\":\"2025-06-27T10:25:13+00:00\",\"breadcrumb\":{\"@id\":\"https:\/\/pando.es\/fr\/telechargements\/#breadcrumb\"},\"inLanguage\":\"fr-FR\",\"potentialAction\":[{\"@type\":\"ReadAction\",\"target\":[\"https:\/\/pando.es\/fr\/telechargements\/\"]}]},{\"@type\":\"BreadcrumbList\",\"@id\":\"https:\/\/pando.es\/fr\/telechargements\/#breadcrumb\",\"itemListElement\":[{\"@type\":\"ListItem\",\"position\":1,\"name\":\"Portada\",\"item\":\"https:\/\/pando.es\/fr\/inicio-fr\/\"},{\"@type\":\"ListItem\",\"position\":2,\"name\":\"T\u00e9l\u00e9chargements\"}]},{\"@type\":\"WebSite\",\"@id\":\"https:\/\/pando.es\/fr\/#website\",\"url\":\"https:\/\/pando.es\/fr\/\",\"name\":\"Pando\",\"description\":\"Campanas decorativas de cocina\",\"publisher\":{\"@id\":\"https:\/\/pando.es\/fr\/#organization\"},\"potentialAction\":[{\"@type\":\"SearchAction\",\"target\":{\"@type\":\"EntryPoint\",\"urlTemplate\":\"https:\/\/pando.es\/fr\/?s={search_term_string}\"},\"query-input\":{\"@type\":\"PropertyValueSpecification\",\"valueRequired\":true,\"valueName\":\"search_term_string\"}}],\"inLanguage\":\"fr-FR\"},{\"@type\":\"Organization\",\"@id\":\"https:\/\/pando.es\/fr\/#organization\",\"name\":\"Pando\",\"url\":\"https:\/\/pando.es\/fr\/\",\"logo\":{\"@type\":\"ImageObject\",\"inLanguage\":\"fr-FR\",\"@id\":\"https:\/\/pando.es\/fr\/#\/schema\/logo\/image\/\",\"url\":\"https:\/\/pando.es\/wp-content\/uploads\/logo-Pando-integral-cooking.png\",\"contentUrl\":\"https:\/\/pando.es\/wp-content\/uploads\/logo-Pando-integral-cooking.png\",\"width\":500,\"height\":250,\"caption\":\"Pando\"},\"image\":{\"@id\":\"https:\/\/pando.es\/fr\/#\/schema\/logo\/image\/\"},\"sameAs\":[\"https:\/\/www.facebook.com\/PandoIntegralCooking\",\"https:\/\/x.com\/pandocampanas\",\"https:\/\/www.pinterest.es\/pandocampanas\/\",\"https:\/\/www.youtube.com\/pandocampanas\",\"https:\/\/www.linkedin.com\/company\/pando-inoxpan\/\",\"https:\/\/www.instagram.com\/pandointegralcooking.es\/\"]}]}<\/script>\n<!-- \/ Yoast SEO Premium plugin. -->","yoast_head_json":{"title":"T\u00e9l\u00e9chargements - Pando","robots":{"index":"index","follow":"follow","max-snippet":"max-snippet:-1","max-image-preview":"max-image-preview:large","max-video-preview":"max-video-preview:-1"},"canonical":"https:\/\/pando.es\/fr\/telechargements\/","og_locale":"fr_FR","og_type":"article","og_title":"T\u00e9l\u00e9chargements","og_url":"https:\/\/pando.es\/fr\/telechargements\/","og_site_name":"Pando","article_publisher":"https:\/\/www.facebook.com\/PandoIntegralCooking","article_modified_time":"2025-06-27T10:25:13+00:00","twitter_card":"summary_large_image","twitter_site":"@pandocampanas","schema":{"@context":"https:\/\/schema.org","@graph":[{"@type":"WebPage","@id":"https:\/\/pando.es\/fr\/telechargements\/","url":"https:\/\/pando.es\/fr\/telechargements\/","name":"T\u00e9l\u00e9chargements - Pando","isPartOf":{"@id":"https:\/\/pando.es\/fr\/#website"},"datePublished":"2015-07-09T10:30:18+00:00","dateModified":"2025-06-27T10:25:13+00:00","breadcrumb":{"@id":"https:\/\/pando.es\/fr\/telechargements\/#breadcrumb"},"inLanguage":"fr-FR","potentialAction":[{"@type":"ReadAction","target":["https:\/\/pando.es\/fr\/telechargements\/"]}]},{"@type":"BreadcrumbList","@id":"https:\/\/pando.es\/fr\/telechargements\/#breadcrumb","itemListElement":[{"@type":"ListItem","position":1,"name":"Portada","item":"https:\/\/pando.es\/fr\/inicio-fr\/"},{"@type":"ListItem","position":2,"name":"T\u00e9l\u00e9chargements"}]},{"@type":"WebSite","@id":"https:\/\/pando.es\/fr\/#website","url":"https:\/\/pando.es\/fr\/","name":"Pando","description":"Campanas decorativas de cocina","publisher":{"@id":"https:\/\/pando.es\/fr\/#organization"},"potentialAction":[{"@type":"SearchAction","target":{"@type":"EntryPoint","urlTemplate":"https:\/\/pando.es\/fr\/?s={search_term_string}"},"query-input":{"@type":"PropertyValueSpecification","valueRequired":true,"valueName":"search_term_string"}}],"inLanguage":"fr-FR"},{"@type":"Organization","@id":"https:\/\/pando.es\/fr\/#organization","name":"Pando","url":"https:\/\/pando.es\/fr\/","logo":{"@type":"ImageObject","inLanguage":"fr-FR","@id":"https:\/\/pando.es\/fr\/#\/schema\/logo\/image\/","url":"https:\/\/pando.es\/wp-content\/uploads\/logo-Pando-integral-cooking.png","contentUrl":"https:\/\/pando.es\/wp-content\/uploads\/logo-Pando-integral-cooking.png","width":500,"height":250,"caption":"Pando"},"image":{"@id":"https:\/\/pando.es\/fr\/#\/schema\/logo\/image\/"},"sameAs":["https:\/\/www.facebook.com\/PandoIntegralCooking","https:\/\/x.com\/pandocampanas","https:\/\/www.pinterest.es\/pandocampanas\/","https:\/\/www.youtube.com\/pandocampanas","https:\/\/www.linkedin.com\/company\/pando-inoxpan\/","https:\/\/www.instagram.com\/pandointegralcooking.es\/"]}]}},"_links":{"self":[{"href":"https:\/\/pando.es\/fr\/wp-json\/wp\/v2\/pages\/5510","targetHints":{"allow":["GET"]}}],"collection":[{"href":"https:\/\/pando.es\/fr\/wp-json\/wp\/v2\/pages"}],"about":[{"href":"https:\/\/pando.es\/fr\/wp-json\/wp\/v2\/types\/page"}],"author":[{"embeddable":true,"href":"https:\/\/pando.es\/fr\/wp-json\/wp\/v2\/users\/7"}],"replies":[{"embeddable":true,"href":"https:\/\/pando.es\/fr\/wp-json\/wp\/v2\/comments?post=5510"}],"version-history":[{"count":32,"href":"https:\/\/pando.es\/fr\/wp-json\/wp\/v2\/pages\/5510\/revisions"}],"predecessor-version":[{"id":47938,"href":"https:\/\/pando.es\/fr\/wp-json\/wp\/v2\/pages\/5510\/revisions\/47938"}],"wp:attachment":[{"href":"https:\/\/pando.es\/fr\/wp-json\/wp\/v2\/media?parent=5510"}],"curies":[{"name":"wp","href":"https:\/\/api.w.org\/{rel}","templated":true}]}}