{"id":5553,"date":"2015-07-08T17:10:04","date_gmt":"2015-07-08T17:10:04","guid":{"rendered":"http:\/\/www.pando.es\/fr\/aviso-legal\/"},"modified":"2016-01-07T12:29:02","modified_gmt":"2016-01-07T12:29:02","slug":"mentions-legales","status":"publish","type":"page","link":"https:\/\/pando.es\/fr\/mentions-legales\/","title":{"rendered":"Mentions l\u00e9gales"},"content":{"rendered":"<div  class='flex_column av-av_one_full-2a9015ff38129c418a3f2eafba3e9512 av_one_full  avia-builder-el-0  avia-builder-el-no-sibling  first flex_column_div  '     ><p>\n<style type=\"text\/css\" data-created_by=\"avia_inline_auto\" id=\"style-css-av-av_image-80fd0c5aacf9e5d88e6e2e99a1ec8cc3\">\n.avia-image-container.av-av_image-80fd0c5aacf9e5d88e6e2e99a1ec8cc3 img.avia_image{\nbox-shadow:none;\n}\n.avia-image-container.av-av_image-80fd0c5aacf9e5d88e6e2e99a1ec8cc3 .av-image-caption-overlay-center{\ncolor:#ffffff;\n}\n<\/style>\n<div  class='avia-image-container av-av_image-80fd0c5aacf9e5d88e6e2e99a1ec8cc3 av-styling- avia-align-right  avia-builder-el-1  el_before_av_heading  avia-builder-el-first '   itemprop=\"image\" itemscope=\"itemscope\" itemtype=\"https:\/\/schema.org\/ImageObject\" ><div class=\"avia-image-container-inner\"><div class=\"avia-image-overlay-wrap\"><img fetchpriority=\"high\" decoding=\"async\" fetchpriority=\"high\" fetchpriority=\"high\" class='wp-image-3090 avia-img-lazy-loading-not-3090 avia_image ' src=\"https:\/\/pando.es\/wp-content\/uploads\/Pando-logo-vell.png\" alt='' title='Pando-logo-vell'  height=\"87\" width=\"316\"  itemprop=\"thumbnailUrl\" srcset=\"https:\/\/pando.es\/wp-content\/uploads\/Pando-logo-vell.png 316w, https:\/\/pando.es\/wp-content\/uploads\/Pando-logo-vell-300x83.png 300w\" sizes=\"(max-width: 316px) 100vw, 316px\" \/><\/div><\/div><\/div><br \/>\n\n<style type=\"text\/css\" data-created_by=\"avia_inline_auto\" id=\"style-css-av-av_heading-d11cead352fe1afa345643782022553b\">\n#top .av-special-heading.av-av_heading-d11cead352fe1afa345643782022553b{\npadding-bottom:10px;\nfont-size:37px;\n}\nbody .av-special-heading.av-av_heading-d11cead352fe1afa345643782022553b .av-special-heading-tag .heading-char{\nfont-size:25px;\n}\n#top #wrap_all .av-special-heading.av-av_heading-d11cead352fe1afa345643782022553b .av-special-heading-tag{\nfont-size:37px;\n}\n.av-special-heading.av-av_heading-d11cead352fe1afa345643782022553b .av-subheading{\nfont-size:15px;\n}\n\n@media only screen and (min-width: 480px) and (max-width: 767px){ \n#top #wrap_all .av-special-heading.av-av_heading-d11cead352fe1afa345643782022553b .av-special-heading-tag{\nfont-size:0.8em;\n}\n}\n\n@media only screen and (max-width: 479px){ \n#top #wrap_all .av-special-heading.av-av_heading-d11cead352fe1afa345643782022553b .av-special-heading-tag{\nfont-size:0.8em;\n}\n}\n<\/style>\n<div  class='av-special-heading av-av_heading-d11cead352fe1afa345643782022553b av-special-heading-h3 blockquote modern-quote  avia-builder-el-2  el_after_av_image  el_before_av_textblock  av-inherit-size'><h3 class='av-special-heading-tag'  itemprop=\"headline\"  >Mentions l\u00e9gales<\/h3><div class=\"special-heading-border\"><div class=\"special-heading-inner-border\"><\/div><\/div><\/div><br \/>\n<section  class='av_textblock_section av-av_textblock-0366cc7376be6c9e82a3e9cc8987b64f '   itemscope=\"itemscope\" itemtype=\"https:\/\/schema.org\/CreativeWork\" ><div class='avia_textblock'  itemprop=\"text\" ><table class=\"t1\" width=\"810.0\" cellspacing=\"0\" cellpadding=\"0\">\n<tbody>\n<tr>\n<td class=\"td1\" valign=\"middle\">Conformement \u00e0 la loi 34\/2002 sur les Services de la Soci\u00e9t\u00e9 de l\u2019Information et du Commerce \u00c9lectronique d\u2019Espagne INOXPAN S.L., soci\u00e9t\u00e9 domicili\u00e9e \u00e0 Argentona (Espagne), en Pol. INd. El Cros \u2013Cam\u00ed del Cros, s\/n \u2013 Bo\u00eete postale n\u00ba 21, 08310, et code d\u2019identification fiscale espagnol B64325194 et inscrite au Registre du Commerce de Barcelone: Tome 39.566, Feuillet 66, Feuille B-332675 Inscription n\u00ba 11est titulaire de la page web http:\/\/www.pando.es\/ (ci-apr\u00e8s page web)<br \/>\nPour plus d\u2019information ou de propositions veuillez nous contacter via email com.pando@pando.es ou par telephone +34 937579411.<br \/>\nCette page web est r\u00e9gie par la r\u00e9glementation aplicable exclusivement en Espagne. Les citoyens nationaux bien que les \u00e9trangers qui utilisent cette page web sont soumis \u00e0 cette l\u00e9gislation.<br \/>\nL\u2019acc\u00e8s \u00e0 notre page web est totalement gratuit et implique la lecture et l\u2019acceptation int\u00e8gre en tant qu\u2019Utilisateur et sans r\u00e9serves d\u2019aucune sorte de pr\u00e9sentes <strong>CONDITIONS G\u00c9N\u00c9RALES D\u2019 UTILISATION<\/strong> en vigeur au momentd\u2019acc\u00e8s \u00e0 notre page web. Merci de bien vouloir lire attentivement les pr\u00e9sentes conditions g\u00e9n\u00e9rales d\u2019utilisation. L\u2019UTILISATEUR qui utilise le contenu ou les services de notre portail, accepte et se soumet aux conditions g\u00e9n\u00e9rales d\u2019utilisation de notre page web.Si l\u2019utilisateur <strong>n\u2019accepte pas les Conditions d\u2019Utilisation , il doit s\u2019abstenir la page web<\/strong> et ne plus l\u2019utiliser.<br \/>\nINOXPAN S.L. pourra \u00e0 tout moment et sans pr\u00e9avis modifier la pr\u00e9sentation et la configuration de sa page web, amplier ou r\u00e9duire ses services et contenu, ou m\u00eame la supprimer de l\u2019Internet.<strong>A. PROPRI\u00c9T\u00c9 INTELLECTUELLE<\/strong><br \/>\nTout le contenu pr\u00e9sent sur le site wwwpando.es y compris notamment les textes, images, codes est la propri\u00e9t\u00e9 intellectuelle de la soci\u00e9t\u00e9 INOXPAN S.L. ou des tiers titulaires de cette propri\u00e9t\u00e9 qui ont autoris\u00e9 leur insertion dans la page web, et est prot\u00e9g\u00e9e par des droits de Propri\u00e9t\u00e9 Intellectuelle et Industrielle.<br \/>\nIl est par cons\u00e9quent interdit d\u2019 utiliser, de modifier, de reproduir ou distribuir ces contenus sans l\u2019autorization expr\u00e8s de INOXPAN S.L. et\/ou de titulaire des droits de propri\u00e9t\u00e9 intellectuelle des contenus.<br \/>\nL\u2019\u00e9tablissement des liens vers notre Portail ne conf\u00e8re aucun droit sur celui-ci. Et autorise exclusivement l\u2019acc\u00e8s \u00e0 notre page web. Toute reproduction, totale ou partielle, des images et de contenu de ce page web.<br \/>\nL\u2019 \u00e9tablissement de liens vers notre page web ne donne aucun droit d\u2019\u00eatre le collaborateur ou l\u2019associ\u00e9 de INOXPAN S.L.<br \/>\nIl est totalement interdit l\u2019imitation totale ou partielle de notre Portail.<\/p>\n<p><strong>B. CONDITIONS D\u2019ACC\u00c8S<\/strong><br \/>\nL\u2019acc\u00e9s \u00e0 notre page web est gratuit et ne requiert aucune souscription ou enregistremnet pr\u00e9alable. Cependant, INOXPAN S.L. se r\u00e9serve le droit d\u2019offrir certains services qui requierent l\u2019enregistrement pr\u00e9alable d\u2019utilisatuer. De toute fa\u00e7on, ces services seront d\u00fbment identifi\u00e9s avec les indications faciles de l\u2019enregistrement sur notre page web.<br \/>\nL\u2019Utilisateur doit acceder \u00e0 notre page web en conformit\u00e9 avec la bonne foi, les r\u00e8gles d\u2019ordre public et aux pr\u00e9sentes Conditions G\u00e9nerales d\u2019Utilisation. L\u2019acc\u00e9s \u00e0 notre page web se realise sous la seule et unique responsabilit\u00e9 de l\u2019utilisateur qui r\u00e9pondra dans tous cas des dommages et pr\u00e9judices caus\u00e9s aux tiers ou \u00e0 nous-m\u00eames.<br \/>\nIl est interdit l\u2019utilisation et l\u2019obtention des services et contenus de la pr\u00e9sente page web par proc\u00e9d\u00e9s autres que ceux stipul\u00e9s dans les pr\u00e9sentes conditions d\u2019utilisation et dans les conditions particuli\u00e8res qui r\u00e9glent l\u2019acc\u00e9s aux services determin\u00e9s.<br \/>\nCompte tenu du fait qu\u2019il est impossible de contr\u00f4ler l\u2019information, les contenus et les services fournis par d\u2019autres sites web accesibles \u00e0 travers les liens que notre page web met \u00e0 votre disposition , nous vous informons que INOXPAN S.L. est d\u00e9gag\u00e9e de toute r\u00e9sponsabilit\u00e9 pour les dommages ou pr\u00e9judices de toute sorte qui pourraient subir l\u2019Utilisateur en utilisant les sites web \u00e9trangers \u00e0 notre enterprise.<br \/>\nINOXPAN S.L. se r\u00e9serve le droit d\u2019\u00e9xercer les actions l\u00e9gales opportunes contre les UTILISATEURS qui ne respectent pas les pr\u00e9sentes conditions d\u2019utilisation. L\u2019UTILISATEUR accepte que le fait de ne pas entreprendre ces actions n\u2019\u00e9quivaut nullement \u00e0 un renoncement formel \u00e0 le faire,restant en vigueur jusq\u2019aux d\u00e9lais de pr\u00e9scription des infractions.<\/p>\n<p><strong>C. PROTECTION DES DONN\u00c9ES PERSONNELLES<\/strong><\/p>\n<p>La confidentialit\u00e9, le secret professionnel et la securit\u00e9 sont les valeurs primordials de INOXPAN S.L., qui s\u2019engage \u00e0 garantir la privacit\u00e9 de l\u2019utilisateur ou de visiteur \u00e0 tout moment et dans toutes interactions avec celui-ci. INOXPAN, S.L. s\u2019engage \u00e0 ne pas divulguer d\u2019informations inutiles de l\u2019Utilisateur. De la m\u00eame mani\u00e8re, nous prometons la confidentialit\u00e9 des donn\u00e9es de caract\u00e8re personnel fournies par l\u2019Utilisateur \u00e0 travers de notre page web.<br \/>\nConformement \u00e0 la Loi Organique 15\/1999 en vigueur sur la Protection des Donn\u00e9es de Caract\u00e8re Personnel (LOPD) et au Royal 1720\/ D\u00e9cret Royal 1720\/2007, autorisant le R\u00e8glement de d\u00e9veloppement de LOPD, nous vous informons que pour l\u2019utilisation des services d\u00e9termin\u00e9s de notre page web, il est n\u00e9cessaire que vous nous fournissez au pr\u00e9alable les donn\u00e9es personnelles d\u00e9termin\u00e9es \u00e0 travers des formulaires d\u2019enregistrement ou d\u2019envoi de m\u00e9l, qui seront incorpor\u00e9s aux fichiers , dont la responsable et titulaire est INOXPAN S.L. L\u2019Utilisateur donne son consentement et autorize \u00e0 traiter ses donn\u00e9es personnelles de mani\u00e8re r\u00e9volcable et sans effet r\u00e9troactif.<br \/>\nNous vous informons que nos fichiers sont l\u00e9galement inscrits au R\u00e9gistre G\u00e9n\u00e9rale de l\u2019Agence Espagnole de Protection des Donn\u00e9es. De la m\u00eame mani\u00e8re, pour sauvegarder la s\u00e9curit\u00e9 de vos donn\u00e9es personnelles on s\u2019appliquera les moyens de s\u00e9curit\u00e9 t\u00e9chniques et organisationnelles, exig\u00e9s par le D\u00e9cret Royal 1720\/2007, qui approuve le R\u00e9glament de la S\u00e9curit\u00e9 des fichiers qui contiennent les donn\u00e9s de caract\u00e8re personnel.<\/p>\n<p><strong>Utilisation des don\u00e9es personnelles <\/strong><\/p>\n<p>Les donn\u00e9es sollicit\u00e9es sont apropies, pertinentes et strictement n\u00e9cessaires \u00e0 la finalit\u00e9 pour laquelle elles sont collect\u00e9es, et en aucun cas l\u2019utilisateur est oblig\u00e9 de nous les fournir. De cette mani\u00e8re, l\u2019utilisateur nous assure que toutes les donn\u00e9es fournies sont v\u00e9ridiques, exactes et pertinentes \u00e0 la finalit\u00e9 pour laquelle elles sont coll\u00e9ct\u00e9es.<br \/>\nNotre page web obtient les donn\u00e9es personnelles par le biais de la r\u00e9ception de divers formulaires et par le biais du courrier \u00e9lectronique, o\u00f9 vous pouvez solliciter touts renseignements, information ou m\u00eame nous \u00e9xpidier votre curriculum vitae. L\u2019envoi de cette information implique votre autorisation de l\u2019incorporer \u00e0 nos fichiers correspondants, si INOXPAN S.L. le consid\u00e8re convenable.Ces fichiers seront control\u00e9s par la pr\u00e9sente politique de la confidentialit\u00e9.Vos donn\u00e9es personnelles seront int\u00e9gr\u00e9es \u00e0 nos fichiers de traitement des donn\u00e9es.<br \/>\nINOXPAN S.L. se r\u00e9serve le droit d\u2019incorporer ou ne pas incirporer vos donn\u00e9es personnelles \u00e0 ses fichiers..<\/p>\n<p><strong>Droits d\u2019acc\u00e8s, de rectification et de canc\u00e9lation de vos donn\u00e9es personnelles. <\/strong><\/p>\n<p>A tout moment vous pouvez opposer \u00e0 nos courriers commerciaux ainsi que exerce vos droits d\u2019acc\u00e8s, de rectification et de canc\u00e9lation en termes l\u00e9galement \u00e9tablis. Vous pouvez vous adresser \u00e0 INOXPAN S.L. par le biais du courrier \u00e9lectronique com.pando@pando.es ou par la poste \u00e0 l\u2019adresse suivante: INOXPAN, S.L. Pol. Ind. El Cros &#8211; Cam\u00ed del Cros, S\/N &#8211; Apdo. N\u00ba 21 &#8211; 08310 ARGENTONA (Barcelona) &#8211; Espa\u00f1a<br \/>\n<strong>Comunication des donn\u00e9es personnelles<\/strong><\/p>\n<p>INOXPAN, S.L.vous informe que vos donn\u00e9es sont trait\u00e9es en toute confidentialit\u00e9 et qu\u2019elles sont exclusivement utilis\u00e9es en interne et aux fins indiqu\u00e9s, par cons\u00e9quent nous ne les c\u00e9dons, ni les communiquons \u00e0 aucun tiers, sauf si L\u2019UTILISATEUR nous autorise \u00e0 le faire.<\/p>\n<p><strong>S\u00e9curit\u00e9 des donn\u00e9es personnelles<\/strong><\/p>\n<p>INOXPAN S.L., tenant en compte de l\u2019importance de la protection des donn\u00e9es personnelles, vous informe qu\u2019elle a adopt\u00e9 touts les moyens t\u00e9chniques et organisationnels n\u00e9cessaires pour garantir la s\u00e9curit\u00e9 des donn\u00e9es personnelles, \u00e9xig\u00e9s par le D\u00e9cret Royal 1720\/2007 qui approuve le R\u00e9glament de la S\u00e9curit\u00e9 des fichiers qui contiennent les donn\u00e9es de caract\u00e8re personnel.<\/p>\n<p><strong>Actualisation de vos donn\u00e9es personnelles<\/strong><br \/>\nAfin de maintenir vos donn\u00e9es personnelles actualis\u00e9s, nous vous remercions de nous informer de toute modification vous concernant. Dans le cas contraire, nous ne sommes pas responsable de la v\u00e9racit\u00e9 de vos donn\u00e9es personnelles.<br \/>\nSi vous n\u2019annulez pas expr\u00e9ssemment vos donn\u00e9es de nos fichiers , vous \u00eates toujours int\u00e9ress\u00e9 \u00e0 faire partie de ceux-ci, jusqu\u2019\u00e0 ce que INOXPAN S.L. le consid\u00e8re opportun et appropi\u00e9 aux fins pour lesquelles elles sont \u00e9t\u00e9 obtenues.<\/p>\n<p>INOXPAN S.L., n\u2019est pas responsable de la politique de confidentialit\u00e9 concernant les donn\u00e9es personnelles que vous pourriez fournir \u00e0 travers les liens disponibles sur notre page web.<br \/>\nINOXPAN S.L. peut modifier la pr\u00e9sente politique de la confidentialit\u00e9 pour l\u2019adapter aux modifications susceptibles qui peuvent \u00eatre produites sur notre page web, ainsi qu\u2019 aux modifications de la l\u00e9gislation et de la jurisprudence en mati\u00e8re des donn\u00e9es personnelles.<br \/>\nVous serez donc tenu de lire la pr\u00e9sente politique de confidentialit\u00e9 chaque fois que vous nous communiquez vos donn\u00e9es \u00e0 travers de cette page web.<\/p>\n<p><strong>D. RESPONSABILIT\u00c9<\/strong><br \/>\nEn mettant cette page web \u00e0 disposition de l\u2019Utilisateur, nous souhaitons lui offrir une s\u00e9rie de contenus et de s\u00e9rvices de qualit\u00e9. Nous utilisons la plus grande diligence dans la prestation de ceux-ci, ainsi que dans les moyens t\u00e9chniques utilis\u00e9s.Toutefois, nous d\u00e9clinons toute r\u00e9sponsabilit\u00e9 en cas de la pr\u00e9sence de virus ou autres \u00e9l\u00e9ments qui pourraient endommager le syst\u00e8me informatique de l\u2019utilisateur.<br \/>\nIl est totalement interdit \u00e0 l\u2019Utilisateur de commettre toute type d\u2019action sur notre portail, qui pourrait produire une surcharge de fonctionnement sur nos syst\u00e8mes informatiques, d\u2019introduire des virus ou d\u2019installer des robots ou du logiciel , qui pourraient alt\u00e9rer le fonctionnement habituel de notre page web, ou, en d\u00e9finitive, endommager nos syst\u00e8mes informatiques.<br \/>\nL\u2019utilisateur assume toute la r\u00e9sponsabilit\u00e9 li\u00e9e \u00e0 l\u2019utilisation de notre page web, comme l\u2019unique responsable de tout effet direct ou qui en d\u00e9coulerait, y compris, de fa\u00e7on \u00e9noncitive, mais non limitative toute repercusi\u00f3n \u00e9conomique, technique et\/ou juridique adverse, ainsi que la fraude des expectatives engendr\u00e9es par notre portail. Ainsi, l \u2018utilisateur s\u2019engage \u00e0 tenir INOXPAN S.L. indemne de toute r\u00e9clamation deriv\u00e9e de fa\u00e7on directe ou indirecte de tels faits.<br \/>\nINOXPAN S.L. d\u00e9cline toute responsabilit\u00e9 concernant les droits de propri\u00e9t\u00e9 intellectuelle des articles et images publi\u00e9s sur son portail, ne garantie non plus la exactitude, la veracit\u00e9 des contenus de cette page web, qu\u2019ils soient sa propri\u00e9t\u00e9 , qu\u2019ils appartiennent \u00e0 des tiers ou qu\u2019ils renvoient \u00e0 d\u2019autres sites web par des liens. Dans ces cas, INOXPAN S.L. est exon\u00e9r\u00e9e de toute responsabilit\u00e9 quant \u00e0 l\u2019utilisation de ces contenus.<br \/>\nINOXPAN S.L.est exon\u00e9r\u00e9e de toute responsabilic\u00e9 quant \u00e0 toute r\u00e9clamation, y compris le versement d\u2019honoraires \u00e0 des avocats, pour les requ\u00eates et r\u00e9clamations \u00e9manant des tiers dans le cas o\u00fa l\u2019UTILISATEUR ne respecterait pas nos conditions d\u2019utilisation et d\u2019acc\u00e9s \u00e0 la page web et de la politique de condidentialit\u00e9 , ou pour toute autre r\u00e9clamation pour non-respect de la l\u00e9gislation en vigueur.<br \/>\nL\u2019UTILISATEUR reconna\u00eet qu\u2019il a compris toutes les informations li\u00e9es aux conditions de l\u2019utilisation de notre portail et qu\u2019elles suffisent \u00e0 exclure toute erreur s\u2019y rapportant. L\u2019UTILISATEUR accepte enti\u00e8rement et express\u00e9ment les pr\u00e9sentes conditions d\u2019utilisation.<br \/>\nL\u2019UTILISATEUR est conscient que le fait de naviguer sur la pr\u00e9sente page web et l\u2019utilisation de ses services signifient qu\u2019il accepte les pr\u00e9sentes conditions d\u2019utilisation.<br \/>\nTout ce qui se rapporte \u00e0 notre page web est r\u00e9gi exclusivement par la l\u00e9gislation espagnole. Dans les cas o\u00f9 il existerait le moindre d\u00e9saccord ou diff\u00e9rence entre les parties ayant trait \u00e0 l\u2019int\u00e9rpr\u00e9tation et au contenu de la pr\u00e9sente page web, toutes les parties acceptent de se soumettre aux tribunaux de Barcelone et renoncent expr\u00e9ssement \u00e0 saisir toute autre juridiction.<\/p>\n<p><strong>E. VIGUEUR DES CONDITIONS G\u00c9N\u00c9RALES D\u2019 UTILISATION<\/strong><\/p>\n<p>Les pr\u00e9sentes Conditions G\u00e9n\u00e9rales d\u2019Utilisation ont \u00e9t\u00e9 modifi\u00e9es la date 02\/10\/2009.<br \/>\nCes Conditions G\u00e9n\u00e9reales d\u2019Utilisation peuvent \u00eatre modifi\u00e9es \u00e0 tout moment, veuillez prouver, s\u2019il vous pla\u00eet,la date d\u2019\u00e9mission chaque fois que vous acc\u00e9dez \u00e0 notre page web. Cette mani\u00e8re de faire vous permet d\u2019assurer en ne pas \u00eatre affecter par les posibles modifications efectu\u00e9es dans les Conditions G\u00e9n\u00e9rales d\u2019Utilisation.<br \/>\nSi vous avez des questions concernant nos Conditions d&rsquo;Utilisation,n&rsquo;h\u00e9sitez pas \u00e0 nous contacter par e-mail, indiqu\u00e9 ci-dessus.<\/td>\n<\/tr>\n<\/tbody>\n<\/table>\n<\/div><\/section><\/p><\/div>\n","protected":false},"excerpt":{"rendered":"","protected":false},"author":7,"featured_media":0,"parent":0,"menu_order":0,"comment_status":"open","ping_status":"open","template":"","meta":{"_acf_changed":false,"footnotes":""},"class_list":["post-5553","page","type-page","status-publish","hentry"],"acf":[],"yoast_head":"<!-- This site is optimized with the Yoast SEO Premium plugin v23.0 (Yoast SEO v26.9) - https:\/\/yoast.com\/product\/yoast-seo-premium-wordpress\/ -->\n<title>Mentions l\u00e9gales - Pando<\/title>\n<meta name=\"robots\" content=\"index, follow, max-snippet:-1, max-image-preview:large, max-video-preview:-1\" \/>\n<link rel=\"canonical\" href=\"https:\/\/pando.es\/fr\/mentions-legales\/\" \/>\n<meta property=\"og:locale\" content=\"fr_FR\" \/>\n<meta property=\"og:type\" content=\"article\" \/>\n<meta property=\"og:title\" content=\"Mentions l\u00e9gales\" \/>\n<meta property=\"og:url\" content=\"https:\/\/pando.es\/fr\/mentions-legales\/\" \/>\n<meta property=\"og:site_name\" content=\"Pando\" \/>\n<meta property=\"article:publisher\" content=\"https:\/\/www.facebook.com\/PandoIntegralCooking\" \/>\n<meta property=\"article:modified_time\" content=\"2016-01-07T12:29:02+00:00\" \/>\n<meta name=\"twitter:card\" content=\"summary_large_image\" \/>\n<meta name=\"twitter:site\" content=\"@pandocampanas\" \/>\n<script type=\"application\/ld+json\" class=\"yoast-schema-graph\">{\"@context\":\"https:\/\/schema.org\",\"@graph\":[{\"@type\":\"WebPage\",\"@id\":\"https:\/\/pando.es\/fr\/mentions-legales\/\",\"url\":\"https:\/\/pando.es\/fr\/mentions-legales\/\",\"name\":\"Mentions l\u00e9gales - Pando\",\"isPartOf\":{\"@id\":\"https:\/\/pando.es\/fr\/#website\"},\"datePublished\":\"2015-07-08T17:10:04+00:00\",\"dateModified\":\"2016-01-07T12:29:02+00:00\",\"breadcrumb\":{\"@id\":\"https:\/\/pando.es\/fr\/mentions-legales\/#breadcrumb\"},\"inLanguage\":\"fr-FR\",\"potentialAction\":[{\"@type\":\"ReadAction\",\"target\":[\"https:\/\/pando.es\/fr\/mentions-legales\/\"]}]},{\"@type\":\"BreadcrumbList\",\"@id\":\"https:\/\/pando.es\/fr\/mentions-legales\/#breadcrumb\",\"itemListElement\":[{\"@type\":\"ListItem\",\"position\":1,\"name\":\"Portada\",\"item\":\"https:\/\/pando.es\/fr\/inicio-fr\/\"},{\"@type\":\"ListItem\",\"position\":2,\"name\":\"Mentions l\u00e9gales\"}]},{\"@type\":\"WebSite\",\"@id\":\"https:\/\/pando.es\/fr\/#website\",\"url\":\"https:\/\/pando.es\/fr\/\",\"name\":\"Pando\",\"description\":\"Campanas decorativas de cocina\",\"publisher\":{\"@id\":\"https:\/\/pando.es\/fr\/#organization\"},\"potentialAction\":[{\"@type\":\"SearchAction\",\"target\":{\"@type\":\"EntryPoint\",\"urlTemplate\":\"https:\/\/pando.es\/fr\/?s={search_term_string}\"},\"query-input\":{\"@type\":\"PropertyValueSpecification\",\"valueRequired\":true,\"valueName\":\"search_term_string\"}}],\"inLanguage\":\"fr-FR\"},{\"@type\":\"Organization\",\"@id\":\"https:\/\/pando.es\/fr\/#organization\",\"name\":\"Pando\",\"url\":\"https:\/\/pando.es\/fr\/\",\"logo\":{\"@type\":\"ImageObject\",\"inLanguage\":\"fr-FR\",\"@id\":\"https:\/\/pando.es\/fr\/#\/schema\/logo\/image\/\",\"url\":\"https:\/\/pando.es\/wp-content\/uploads\/logo-Pando-integral-cooking.png\",\"contentUrl\":\"https:\/\/pando.es\/wp-content\/uploads\/logo-Pando-integral-cooking.png\",\"width\":500,\"height\":250,\"caption\":\"Pando\"},\"image\":{\"@id\":\"https:\/\/pando.es\/fr\/#\/schema\/logo\/image\/\"},\"sameAs\":[\"https:\/\/www.facebook.com\/PandoIntegralCooking\",\"https:\/\/x.com\/pandocampanas\",\"https:\/\/www.pinterest.es\/pandocampanas\/\",\"https:\/\/www.youtube.com\/pandocampanas\",\"https:\/\/www.linkedin.com\/company\/pando-inoxpan\/\",\"https:\/\/www.instagram.com\/pandointegralcooking.es\/\"]}]}<\/script>\n<!-- \/ Yoast SEO Premium plugin. -->","yoast_head_json":{"title":"Mentions l\u00e9gales - Pando","robots":{"index":"index","follow":"follow","max-snippet":"max-snippet:-1","max-image-preview":"max-image-preview:large","max-video-preview":"max-video-preview:-1"},"canonical":"https:\/\/pando.es\/fr\/mentions-legales\/","og_locale":"fr_FR","og_type":"article","og_title":"Mentions l\u00e9gales","og_url":"https:\/\/pando.es\/fr\/mentions-legales\/","og_site_name":"Pando","article_publisher":"https:\/\/www.facebook.com\/PandoIntegralCooking","article_modified_time":"2016-01-07T12:29:02+00:00","twitter_card":"summary_large_image","twitter_site":"@pandocampanas","schema":{"@context":"https:\/\/schema.org","@graph":[{"@type":"WebPage","@id":"https:\/\/pando.es\/fr\/mentions-legales\/","url":"https:\/\/pando.es\/fr\/mentions-legales\/","name":"Mentions l\u00e9gales - Pando","isPartOf":{"@id":"https:\/\/pando.es\/fr\/#website"},"datePublished":"2015-07-08T17:10:04+00:00","dateModified":"2016-01-07T12:29:02+00:00","breadcrumb":{"@id":"https:\/\/pando.es\/fr\/mentions-legales\/#breadcrumb"},"inLanguage":"fr-FR","potentialAction":[{"@type":"ReadAction","target":["https:\/\/pando.es\/fr\/mentions-legales\/"]}]},{"@type":"BreadcrumbList","@id":"https:\/\/pando.es\/fr\/mentions-legales\/#breadcrumb","itemListElement":[{"@type":"ListItem","position":1,"name":"Portada","item":"https:\/\/pando.es\/fr\/inicio-fr\/"},{"@type":"ListItem","position":2,"name":"Mentions l\u00e9gales"}]},{"@type":"WebSite","@id":"https:\/\/pando.es\/fr\/#website","url":"https:\/\/pando.es\/fr\/","name":"Pando","description":"Campanas decorativas de cocina","publisher":{"@id":"https:\/\/pando.es\/fr\/#organization"},"potentialAction":[{"@type":"SearchAction","target":{"@type":"EntryPoint","urlTemplate":"https:\/\/pando.es\/fr\/?s={search_term_string}"},"query-input":{"@type":"PropertyValueSpecification","valueRequired":true,"valueName":"search_term_string"}}],"inLanguage":"fr-FR"},{"@type":"Organization","@id":"https:\/\/pando.es\/fr\/#organization","name":"Pando","url":"https:\/\/pando.es\/fr\/","logo":{"@type":"ImageObject","inLanguage":"fr-FR","@id":"https:\/\/pando.es\/fr\/#\/schema\/logo\/image\/","url":"https:\/\/pando.es\/wp-content\/uploads\/logo-Pando-integral-cooking.png","contentUrl":"https:\/\/pando.es\/wp-content\/uploads\/logo-Pando-integral-cooking.png","width":500,"height":250,"caption":"Pando"},"image":{"@id":"https:\/\/pando.es\/fr\/#\/schema\/logo\/image\/"},"sameAs":["https:\/\/www.facebook.com\/PandoIntegralCooking","https:\/\/x.com\/pandocampanas","https:\/\/www.pinterest.es\/pandocampanas\/","https:\/\/www.youtube.com\/pandocampanas","https:\/\/www.linkedin.com\/company\/pando-inoxpan\/","https:\/\/www.instagram.com\/pandointegralcooking.es\/"]}]}},"_links":{"self":[{"href":"https:\/\/pando.es\/fr\/wp-json\/wp\/v2\/pages\/5553","targetHints":{"allow":["GET"]}}],"collection":[{"href":"https:\/\/pando.es\/fr\/wp-json\/wp\/v2\/pages"}],"about":[{"href":"https:\/\/pando.es\/fr\/wp-json\/wp\/v2\/types\/page"}],"author":[{"embeddable":true,"href":"https:\/\/pando.es\/fr\/wp-json\/wp\/v2\/users\/7"}],"replies":[{"embeddable":true,"href":"https:\/\/pando.es\/fr\/wp-json\/wp\/v2\/comments?post=5553"}],"version-history":[{"count":2,"href":"https:\/\/pando.es\/fr\/wp-json\/wp\/v2\/pages\/5553\/revisions"}],"predecessor-version":[{"id":5565,"href":"https:\/\/pando.es\/fr\/wp-json\/wp\/v2\/pages\/5553\/revisions\/5565"}],"wp:attachment":[{"href":"https:\/\/pando.es\/fr\/wp-json\/wp\/v2\/media?parent=5553"}],"curies":[{"name":"wp","href":"https:\/\/api.w.org\/{rel}","templated":true}]}}