{"id":5585,"date":"2013-11-26T10:19:38","date_gmt":"2013-11-26T10:19:38","guid":{"rendered":"http:\/\/www.pando.es\/fr\/contacto\/"},"modified":"2025-03-27T17:58:05","modified_gmt":"2025-03-27T16:58:05","slug":"contact-2","status":"publish","type":"page","link":"https:\/\/pando.es\/fr\/contact-2\/","title":{"rendered":"Contact"},"content":{"rendered":"<div id='av-layout-grid-1'  class='av-layout-grid-container av-1d8augh-cffa3dc23be5061af41da868f5cd0c4f entry-content-wrapper main_color av-flex-cells  avia-builder-el-0  avia-builder-el-no-sibling   container_wrap sidebar_right'  >\n\n<style type=\"text\/css\" data-created_by=\"avia_inline_auto\" id=\"style-css-av-1b3nxgx-1ab7b2cf6e232b60c4c1d507b2fbe663\">\n.flex_cell.av-1b3nxgx-1ab7b2cf6e232b60c4c1d507b2fbe663{\nvertical-align:top;\nheight:600px;\nmin-height:600px;\nbackground-color:#f7f7f7;\n}\n.responsive #top #wrap_all .flex_cell.av-1b3nxgx-1ab7b2cf6e232b60c4c1d507b2fbe663{\npadding:30px 30px 30px 30px !important;\n}\n<\/style>\n<div class='flex_cell av-1b3nxgx-1ab7b2cf6e232b60c4c1d507b2fbe663 av-gridrow-cell av_one_fourth no_margin  avia-builder-el-1  el_before_av_cell_one_half  avia-builder-el-first '  ><div class='flex_cell_inner'><p>\n<style type=\"text\/css\" data-created_by=\"avia_inline_auto\" id=\"style-css-av-19l4eqp-5fe3e6231bcf1e33996a8d4180d2b61f\">\n.avia-image-container.av-19l4eqp-5fe3e6231bcf1e33996a8d4180d2b61f img.avia_image{\nbox-shadow:none;\n}\n.avia-image-container.av-19l4eqp-5fe3e6231bcf1e33996a8d4180d2b61f .av-image-caption-overlay-center{\ncolor:#ffffff;\n}\n<\/style>\n<div  class='avia-image-container av-19l4eqp-5fe3e6231bcf1e33996a8d4180d2b61f av-styling- avia-align-center  avia-builder-el-2  el_before_av_textblock  avia-builder-el-first '   itemprop=\"image\" itemscope=\"itemscope\" itemtype=\"https:\/\/schema.org\/ImageObject\" ><div class=\"avia-image-container-inner\"><div class=\"avia-image-overlay-wrap\"><img fetchpriority=\"high\" fetchpriority=\"high\" decoding=\"async\" fetchpriority=\"high\" class='wp-image-3384 avia-img-lazy-loading-not-3384 avia_image ' src=\"https:\/\/pando.es\/wp-content\/uploads\/Pando-icono-contactar.png\" alt='' title='Pando-icono-contactar'  height=\"350\" width=\"350\"  itemprop=\"thumbnailUrl\" srcset=\"https:\/\/pando.es\/wp-content\/uploads\/Pando-icono-contactar.png 350w, https:\/\/pando.es\/wp-content\/uploads\/Pando-icono-contactar-80x80.png 80w, https:\/\/pando.es\/wp-content\/uploads\/Pando-icono-contactar-300x300.png 300w, https:\/\/pando.es\/wp-content\/uploads\/Pando-icono-contactar-36x36.png 36w, https:\/\/pando.es\/wp-content\/uploads\/Pando-icono-contactar-180x180.png 180w, https:\/\/pando.es\/wp-content\/uploads\/Pando-icono-contactar-120x120.png 120w\" sizes=\"(max-width: 350px) 100vw, 350px\" \/><\/div><\/div><\/div><br \/>\n<section  class='av_textblock_section av-17uv40h-dd5e5d2f9b79b17a8fe8115cdf20eed2 '   itemscope=\"itemscope\" itemtype=\"https:\/\/schema.org\/CreativeWork\" ><div class='avia_textblock'  itemprop=\"text\" ><h3 style=\"text-align: center;\">Contact<\/h3>\n<\/div><\/section><\/p>\n<\/div><\/div>\n<style type=\"text\/css\" data-created_by=\"avia_inline_auto\" id=\"style-css-av-16vllup-c4e834ce838d9ce0f7c502e21d768c17\">\n.flex_cell.av-16vllup-c4e834ce838d9ce0f7c502e21d768c17{\nvertical-align:middle;\nheight:600px;\nmin-height:600px;\n}\n.responsive #top #wrap_all .flex_cell.av-16vllup-c4e834ce838d9ce0f7c502e21d768c17{\npadding:30px 70px 30px 70px !important;\n}\n<\/style>\n<div class='flex_cell av-16vllup-c4e834ce838d9ce0f7c502e21d768c17 av-gridrow-cell av_one_half no_margin  avia-builder-el-4  el_after_av_cell_one_fourth  el_before_av_cell_one_fourth '  ><div class='flex_cell_inner'><p>\n<style type=\"text\/css\" data-created_by=\"avia_inline_auto\" id=\"style-css-av-av_heading-15f9e7d98390708b248759b9b76103b8\">\n#top .av-special-heading.av-av_heading-15f9e7d98390708b248759b9b76103b8{\npadding-bottom:10px;\nfont-size:37px;\n}\nbody .av-special-heading.av-av_heading-15f9e7d98390708b248759b9b76103b8 .av-special-heading-tag .heading-char{\nfont-size:25px;\n}\n#top #wrap_all .av-special-heading.av-av_heading-15f9e7d98390708b248759b9b76103b8 .av-special-heading-tag{\nfont-size:37px;\n}\n.av-special-heading.av-av_heading-15f9e7d98390708b248759b9b76103b8 .av-subheading{\nfont-size:15px;\n}\n\n@media only screen and (min-width: 480px) and (max-width: 767px){ \n#top #wrap_all .av-special-heading.av-av_heading-15f9e7d98390708b248759b9b76103b8 .av-special-heading-tag{\nfont-size:0.8em;\n}\n}\n\n@media only screen and (max-width: 479px){ \n#top #wrap_all .av-special-heading.av-av_heading-15f9e7d98390708b248759b9b76103b8 .av-special-heading-tag{\nfont-size:0.8em;\n}\n}\n<\/style>\n<div  class='av-special-heading av-av_heading-15f9e7d98390708b248759b9b76103b8 av-special-heading-h3 blockquote modern-quote  avia-builder-el-5  el_before_av_textblock  avia-builder-el-first  av-inherit-size'><h3 class='av-special-heading-tag'  itemprop=\"headline\"  >Formulaire de contact<\/h3><div class=\"special-heading-border\"><div class=\"special-heading-inner-border\"><\/div><\/div><\/div><br \/>\n<section  class='av_textblock_section av-13evq1t-ea6d612fac317094b8c68a2b855a9c6f '   itemscope=\"itemscope\" itemtype=\"https:\/\/schema.org\/CreativeWork\" ><div class='avia_textblock'  itemprop=\"text\" ><h3>Pol\u00edgono industrial El Cros<br \/>\nAv. El Mol\u00ed de les Mateves, 11<br \/>\nApdo. Correos n\u00ba 21<br \/>\n08310 \u2013 ARGENTONA<br \/>\n(Barcelona \u2013 Spain)<\/h3>\n<\/div><\/section><br \/>\n\n<style type=\"text\/css\" data-created_by=\"avia_inline_auto\" id=\"style-css-av-zbkfu9-d6accc7d5718faed3329fc20f78046c9\">\n#top .hr.hr-invisible.av-zbkfu9-d6accc7d5718faed3329fc20f78046c9{\nheight:50px;\n}\n<\/style>\n<div  class='hr av-zbkfu9-d6accc7d5718faed3329fc20f78046c9 hr-invisible  avia-builder-el-7  el_after_av_textblock  el_before_av_textblock '><span class='hr-inner '><span class=\"hr-inner-style\"><\/span><\/span><\/div><br \/>\n<section  class='av_textblock_section av-13evq1t-ea6d612fac317094b8c68a2b855a9c6f '   itemscope=\"itemscope\" itemtype=\"https:\/\/schema.org\/CreativeWork\" ><div class='avia_textblock'  itemprop=\"text\" ><h3>Vous pouvez aussi contacter en t\u00e9l\u00e9phonant au 0034 93 741 55 11 ou en remplissant, si vous pr\u00e9f\u00e9rez, le formulaire suivant.<br \/>\nNous prendrons contact avec vous dans les plus brefs d\u00e9lais.<\/h3>\n<\/div><\/section><br \/>\n\n<style type=\"text\/css\" data-created_by=\"avia_inline_auto\" id=\"style-css-av-zbkfu9-d6accc7d5718faed3329fc20f78046c9\">\n#top .hr.hr-invisible.av-zbkfu9-d6accc7d5718faed3329fc20f78046c9{\nheight:50px;\n}\n<\/style>\n<div  class='hr av-zbkfu9-d6accc7d5718faed3329fc20f78046c9 hr-invisible  avia-builder-el-9  el_after_av_textblock  el_before_av_contact '><span class='hr-inner '><span class=\"hr-inner-style\"><\/span><\/span><\/div><br \/>\n<form action=\"https:\/\/pando.es\/fr\/contact-2\/\" method=\"post\" data-fields-with-error=\"Erreurs trouv\u00e9es dans les champs suivants :\" class=\"avia_ajax_form av-form-labels-visible   avia-builder-el-10  el_after_av_hr  avia-builder-el-last   \" data-avia-form-id=\"1\" data-avia-redirect='' ><fieldset><p class='  first_form  form_element form_element_half' id='element_avia_1_1'><label for=\"avia_1_1\">Nom: <abbr class=\"required\" title=\"requis(e)\">*<\/abbr><\/label> <input name=\"avia_1_1\" class=\"text_input is_empty\" type=\"text\" id=\"avia_1_1\" value=\"\" \/><\/p><p class='  form_element form_element_half' id='element_avia_2_1'><label for=\"avia_2_1\">Nom de famille:<\/label> <input name=\"avia_2_1\" class=\"text_input \" type=\"text\" id=\"avia_2_1\" value=\"\" \/><\/p><p class='  first_form  form_element form_element_half' id='element_avia_3_1'><label for=\"avia_3_1\">Phone: <abbr class=\"required\" title=\"requis(e)\">*<\/abbr><\/label> <input name=\"avia_3_1\" class=\"text_input is_empty\" type=\"text\" id=\"avia_3_1\" value=\"\" \/><\/p><p class='  form_element form_element_half' id='element_avia_4_1'><label for=\"avia_4_1\">e-mail: <abbr class=\"required\" title=\"requis(e)\">*<\/abbr><\/label> <input name=\"avia_4_1\" class=\"text_input is_email\" type=\"text\" id=\"avia_4_1\" value=\"\" \/><\/p><p class='  first_form  form_element form_element_half' id='element_avia_5_1'><label for=\"avia_5_1\">Adresse:<\/label> <input name=\"avia_5_1\" class=\"text_input \" type=\"text\" id=\"avia_5_1\" value=\"\" \/><\/p><p class='  form_element form_element_half' id='element_avia_6_1'><label for=\"avia_6_1\">Ville:<\/label> <input name=\"avia_6_1\" class=\"text_input \" type=\"text\" id=\"avia_6_1\" value=\"\" \/><\/p><p class='  first_form  form_element form_element_third' id='element_avia_7_1'><label for=\"avia_7_1\">Code postal: <abbr class=\"required\" title=\"requis(e)\">*<\/abbr><\/label> <input name=\"avia_7_1\" class=\"text_input is_empty\" type=\"text\" id=\"avia_7_1\" value=\"\" \/><\/p><p class='  form_element form_element_third' id='element_avia_8_1'><label for=\"avia_8_1\">Province:<\/label> <input name=\"avia_8_1\" class=\"text_input \" type=\"text\" id=\"avia_8_1\" value=\"\" \/><\/p><p class='  form_element form_element_fourth' id='element_avia_9_1'><label for=\"avia_9_1\">Pays:<\/label> <input name=\"avia_9_1\" class=\"text_input \" type=\"text\" id=\"avia_9_1\" value=\"\" \/><\/p><p class='  first_form  form_element form_element_third' id='element_avia_10_1'><label for=\"avia_10_1\">Vous \u00eates: <abbr class=\"required\" title=\"requis(e)\">*<\/abbr><\/label><select  name=\"avia_10_1\" class=\"select is_empty\" id=\"avia_10_1\"><option  selected=\"selected\" value=''><\/option><option   value='Utilisateur final'>Utilisateur final<\/option><option   value='Installateur'>Installateur<\/option><option   value='Distributeur'>Distributeur<\/option><option   value='D\u00e9corateur d\u2019int\u00e9rieur\/Architecte'>D\u00e9corateur d\u2019int\u00e9rieur\/Architecte<\/option><option   value='Autres'>Autres<\/option><\/select><\/p><p class='  form_element form_element_third' id='element_avia_11_1'><label for=\"avia_11_1\">Motif de votre consultation: <abbr class=\"required\" title=\"requis(e)\">*<\/abbr><\/label><select  name=\"avia_11_1\" class=\"select is_empty\" id=\"avia_11_1\"><option  selected=\"selected\" value=''><\/option><option   value='Assistance Technique'>Assistance Technique<\/option><option   value='Information commerciale'>Information commerciale<\/option><option   value='Achat d\u2019accessoires'>Achat d\u2019accessoires<\/option><option   value='Pi\u00e8ces D\u00e9tach\u00e9es'>Pi\u00e8ces D\u00e9tach\u00e9es<\/option><option   value='Projets sur mesure'>Projets sur mesure<\/option><option   value='Suggestions'>Suggestions<\/option><option   value='Visite du Showroom'>Visite du Showroom<\/option><option   value='Autres'>Autres<\/option><\/select><\/p><p class='  form_element form_element_third' id='element_avia_12_1'><label for=\"avia_12_1\">Produit\/Mod\u00e8le:<\/label> <input name=\"avia_12_1\" class=\"text_input \" type=\"text\" id=\"avia_12_1\" value=\"\" \/><\/p><p class='  first_form  form_element form_fullwidth' id='element_avia_13_1'><label for=\"avia_13_1\">Objet: <abbr class=\"required\" title=\"requis(e)\">*<\/abbr><\/label> <input name=\"avia_13_1\" class=\"text_input is_empty\" type=\"text\" id=\"avia_13_1\" value=\"\" \/><\/p><p class='  first_form  form_element form_fullwidth' id='element_avia_14_1'><label for=\"avia_14_1\" class=\"textare_label hidden textare_label_avia_14_1\">Message <abbr class=\"required\" title=\"requis(e)\">*<\/abbr><\/label><textarea  name=\"avia_14_1\" class=\"text_area is_empty\" cols=\"40\" rows=\"7\" id=\"avia_14_1\" ><\/textarea><\/p><div id='avia_15_1' class='av-form-text'><p>\n<strong>INFORMATIONS PROTECTION DES DONN\u00c9ES\u00a0PANDO<br \/>\n<\/strong><\/p>\n<p><strong>Finalit\u00e9s:<\/strong> R\u00e9pondre \u00e0 vos demandes et vous transmettre des informations commerciales sur nos produits et services, y compris \u00e0 travers des moyens \u00e9lectroniques. <strong>Justification:<\/strong> Consentement de l&rsquo;int\u00e9ress\u00e9. <strong>Destinataires:<\/strong> \u00a0Aucune cession de donn\u00e9es n&rsquo;est pr\u00e9vue. <strong>Droits:<\/strong>\u00a0 Vous pouvez renoncer \u00e0 votre consentement \u00e0 tout moment, ainsi qu&rsquo;acc\u00e9der, rectifier, supprimer vos donn\u00e9es, et autres droits sur <a href=\"mailto:export@pando.es\">export@pando.es<\/a>. <strong>Informations compl\u00e9mentaires:<\/strong> Vous pouvez obtenir d&rsquo;autres informations en cliquant sur le lien <a href=\"https:\/\/www.pando.es\/fr\/mention-legale\/\"><strong>Mention l\u00e9gale<\/strong><\/a>.<\/p>\n<\/div><p class='  first_form  form_element form_fullwidth' id='element_avia_16_1'><input  name=\"avia_16_1\" class=\"input_checkbox \" type=\"checkbox\" id=\"avia_16_1\" value=\"true\"\/><label class=\"input_checkbox_label\" for=\"avia_16_1\">J\u2019accepte de recevoir des informations commerciales y compris par courrier \u00e9lectronique. <\/label><\/p><p class=\"hidden\"><input type=\"text\" name=\"avia_17_1\" class=\"hidden \" id=\"avia_17_1\" value=\"\" \/><\/p><div id='avia_18_1' class='av-recaptcha-area  first_form  form_element form_fullwidth av-last-visible-form-element '  data-container_class=\"\" data-custom_class=\"\" data-context=\"av_contact_form\" data-token_input=\"av_recaptcha_token\" data-version=\"avia_recaptcha_v3\" data-theme=\"light\" data-size=\"normal\" data-score=\"0.5\" data-text_to_preview=\"\" data-value=\"\"><div class=\"av-google-badge-message hidden\">Ce site est prot\u00e9g\u00e9 par reCAPTCHA et la <a href=\"https:\/\/policies.google.com\/privacy\">politique de confidentialit\u00e9<\/a> de Google et <a href=\"https:\/\/policies.google.com\/terms\">leur conditions d\u2019utilisation<\/a> s\u2019appliquent.<\/div><\/div><p class=' av_form_privacy_check av_contact_privacy_check first_form  form_element form_fullwidth' id='element_avia_19_1'><input  name=\"avia_19_1\" class=\"input_checkbox is_empty\" type=\"checkbox\" id=\"avia_19_1\" value=\"true\"\/><label class=\"input_checkbox_label\" for=\"avia_19_1\">J'ai lu et j'accepte la <a href='https:\/\/pando.es\/fr\/politique-de-confidentialite\/' target='_blank'>Politique de Confidentialit\u00e9<\/a> <abbr class=\"required\" title=\"requis(e)\">*<\/abbr><\/label><\/p><p class=\"form_element \"><input type=\"hidden\" value=\"1\" name=\"avia_generated_form1\" \/><input type=\"submit\" value=\"Envoyer\" class=\"button\"  data-sending-label=\"Envoi\"\/><\/p><\/fieldset><div class=\"avia-disabled-form\">Ce formulaire est d\u00e9sactiv\u00e9 dans la mesure o\u00f9 vous refusez d\u2019accepter le service Google reCAPTCHA n\u00e9cessaire pour valider toute exp\u00e9dition de message depuis celui-ci.<\/div><\/form><div id=\"ajaxresponse_1\" class=\"ajaxresponse ajaxresponse_1 hidden\"><\/div><\/p>\n<\/div><\/div>\n<style type=\"text\/css\" data-created_by=\"avia_inline_auto\" id=\"style-css-av-7nio7l-bfb39e204f0c42e6adeae05315fde988\">\n.flex_cell.av-7nio7l-bfb39e204f0c42e6adeae05315fde988{\nvertical-align:top;\nheight:600px;\nmin-height:600px;\n}\n.responsive #top #wrap_all .flex_cell.av-7nio7l-bfb39e204f0c42e6adeae05315fde988{\npadding:30px 30px 30px 30px !important;\n}\n<\/style>\n<div class='flex_cell av-7nio7l-bfb39e204f0c42e6adeae05315fde988 av-gridrow-cell av_one_fourth no_margin  avia-builder-el-11  el_after_av_cell_one_half  avia-builder-el-last '  ><div class='flex_cell_inner'><p>\n<style type=\"text\/css\" data-created_by=\"avia_inline_auto\" id=\"style-css-av-av_heading-824ad374965df98d3cbdffa676441e43\">\n#top .av-special-heading.av-av_heading-824ad374965df98d3cbdffa676441e43{\npadding-bottom:10px;\nfont-size:30px;\n}\nbody .av-special-heading.av-av_heading-824ad374965df98d3cbdffa676441e43 .av-special-heading-tag .heading-char{\nfont-size:25px;\n}\n#top #wrap_all .av-special-heading.av-av_heading-824ad374965df98d3cbdffa676441e43 .av-special-heading-tag{\nfont-size:30px;\n}\n.av-special-heading.av-av_heading-824ad374965df98d3cbdffa676441e43 .av-subheading{\nfont-size:15px;\n}\n\n@media only screen and (min-width: 480px) and (max-width: 767px){ \n#top #wrap_all .av-special-heading.av-av_heading-824ad374965df98d3cbdffa676441e43 .av-special-heading-tag{\nfont-size:0.8em;\n}\n}\n\n@media only screen and (max-width: 479px){ \n#top #wrap_all .av-special-heading.av-av_heading-824ad374965df98d3cbdffa676441e43 .av-special-heading-tag{\nfont-size:0.8em;\n}\n}\n<\/style>\n<div  class='av-special-heading av-av_heading-824ad374965df98d3cbdffa676441e43 av-special-heading-h3 blockquote modern-quote  avia-builder-el-12  el_before_av_textblock  avia-builder-el-first  av-inherit-size'><h3 class='av-special-heading-tag'  itemprop=\"headline\"  >INOXPAN, SL<\/h3><div class=\"special-heading-border\"><div class=\"special-heading-inner-border\"><\/div><\/div><\/div><br \/>\n<section  class='av_textblock_section av-46iabl-15616daf85492d3db8907024878a3644 '   itemscope=\"itemscope\" itemtype=\"https:\/\/schema.org\/CreativeWork\" ><div class='avia_textblock'  itemprop=\"text\" ><p>Pol\u00edgono industrial El Cros<br \/>\nAv. El Mol\u00ed de les Mateves, 11<br \/>\nApdo. Correos n\u00ba 21<br \/>\n08310 &#8211; ARGENTONA<br \/>\n(Barcelona &#8211; Spain)<\/p>\n<p class=\"SubtitolEslogan\">Tel. +34 93 757 94 11<br \/>\nFax. +34 93 757 96 53<\/p>\n<p class=\"SubtitolEslogan\"><strong>Service Technique:<\/strong><\/p>\n<p class=\"SubtitolEslogan\"><strong>Espagne et Portugal<\/strong> : +34 93 741 55 10<br \/>\n<strong>Exportation<\/strong> : +34 93 741 55 11<\/p>\n<\/div><\/section><br \/>\n<section  class='av_textblock_section av-305xs1-6f139122eea7143f21a4122700bb8a6d '   itemscope=\"itemscope\" itemtype=\"https:\/\/schema.org\/CreativeWork\" ><div class='avia_textblock'  itemprop=\"text\" ><p><iframe style=\"border: 0;\" src=\"https:\/\/www.google.com\/maps\/embed?pb=!1m23!1m12!1m3!1d3780.2456332009842!2d2.417745949723142!3d41.53568251194067!2m3!1f0!2f0!3f0!3m2!1i1024!2i768!4f13.1!4m8!3e6!4m5!1s0x12a4b455669f11e3%3A0xf58fbbff718bdb8!2sAvinguda+el+Mol%C3%AD+de+les+Mateves%2C+11%2C+Argentona%2C+Barcelona!3m2!1d41.5354563!2d2.4200794!4m0!5e0!3m2!1sca!2ses!4v1438170613787\" width=\"350\" height=\"350\" frameborder=\"0\" allowfullscreen=\"allowfullscreen\"><\/iframe><\/p>\n<\/div><\/section><\/p>\n<\/div><\/div><\/div>\n","protected":false},"excerpt":{"rendered":"","protected":false},"author":7,"featured_media":0,"parent":0,"menu_order":0,"comment_status":"open","ping_status":"open","template":"","meta":{"_acf_changed":false,"footnotes":""},"class_list":["post-5585","page","type-page","status-publish","hentry"],"acf":[],"yoast_head":"<!-- This site is optimized with the Yoast SEO Premium plugin v23.0 (Yoast SEO v26.9) - https:\/\/yoast.com\/product\/yoast-seo-premium-wordpress\/ -->\n<title>Contact - Pando<\/title>\n<meta name=\"robots\" content=\"index, follow, max-snippet:-1, max-image-preview:large, max-video-preview:-1\" \/>\n<link rel=\"canonical\" href=\"https:\/\/pando.es\/fr\/contact-2\/\" \/>\n<meta property=\"og:locale\" content=\"fr_FR\" \/>\n<meta property=\"og:type\" content=\"article\" \/>\n<meta property=\"og:title\" content=\"Contact\" \/>\n<meta property=\"og:url\" content=\"https:\/\/pando.es\/fr\/contact-2\/\" \/>\n<meta property=\"og:site_name\" content=\"Pando\" \/>\n<meta property=\"article:publisher\" content=\"https:\/\/www.facebook.com\/PandoIntegralCooking\" \/>\n<meta property=\"article:modified_time\" content=\"2025-03-27T16:58:05+00:00\" \/>\n<meta name=\"twitter:card\" content=\"summary_large_image\" \/>\n<meta name=\"twitter:site\" content=\"@pandocampanas\" \/>\n<script type=\"application\/ld+json\" class=\"yoast-schema-graph\">{\"@context\":\"https:\/\/schema.org\",\"@graph\":[{\"@type\":\"WebPage\",\"@id\":\"https:\/\/pando.es\/fr\/contact-2\/\",\"url\":\"https:\/\/pando.es\/fr\/contact-2\/\",\"name\":\"Contact - Pando\",\"isPartOf\":{\"@id\":\"https:\/\/pando.es\/fr\/#website\"},\"datePublished\":\"2013-11-26T10:19:38+00:00\",\"dateModified\":\"2025-03-27T16:58:05+00:00\",\"breadcrumb\":{\"@id\":\"https:\/\/pando.es\/fr\/contact-2\/#breadcrumb\"},\"inLanguage\":\"fr-FR\",\"potentialAction\":[{\"@type\":\"ReadAction\",\"target\":[\"https:\/\/pando.es\/fr\/contact-2\/\"]}]},{\"@type\":\"BreadcrumbList\",\"@id\":\"https:\/\/pando.es\/fr\/contact-2\/#breadcrumb\",\"itemListElement\":[{\"@type\":\"ListItem\",\"position\":1,\"name\":\"Portada\",\"item\":\"https:\/\/pando.es\/fr\/inicio-fr\/\"},{\"@type\":\"ListItem\",\"position\":2,\"name\":\"Contact\"}]},{\"@type\":\"WebSite\",\"@id\":\"https:\/\/pando.es\/fr\/#website\",\"url\":\"https:\/\/pando.es\/fr\/\",\"name\":\"Pando\",\"description\":\"Campanas decorativas de cocina\",\"publisher\":{\"@id\":\"https:\/\/pando.es\/fr\/#organization\"},\"potentialAction\":[{\"@type\":\"SearchAction\",\"target\":{\"@type\":\"EntryPoint\",\"urlTemplate\":\"https:\/\/pando.es\/fr\/?s={search_term_string}\"},\"query-input\":{\"@type\":\"PropertyValueSpecification\",\"valueRequired\":true,\"valueName\":\"search_term_string\"}}],\"inLanguage\":\"fr-FR\"},{\"@type\":\"Organization\",\"@id\":\"https:\/\/pando.es\/fr\/#organization\",\"name\":\"Pando\",\"url\":\"https:\/\/pando.es\/fr\/\",\"logo\":{\"@type\":\"ImageObject\",\"inLanguage\":\"fr-FR\",\"@id\":\"https:\/\/pando.es\/fr\/#\/schema\/logo\/image\/\",\"url\":\"https:\/\/pando.es\/wp-content\/uploads\/logo-Pando-integral-cooking.png\",\"contentUrl\":\"https:\/\/pando.es\/wp-content\/uploads\/logo-Pando-integral-cooking.png\",\"width\":500,\"height\":250,\"caption\":\"Pando\"},\"image\":{\"@id\":\"https:\/\/pando.es\/fr\/#\/schema\/logo\/image\/\"},\"sameAs\":[\"https:\/\/www.facebook.com\/PandoIntegralCooking\",\"https:\/\/x.com\/pandocampanas\",\"https:\/\/www.pinterest.es\/pandocampanas\/\",\"https:\/\/www.youtube.com\/pandocampanas\",\"https:\/\/www.linkedin.com\/company\/pando-inoxpan\/\",\"https:\/\/www.instagram.com\/pandointegralcooking.es\/\"]}]}<\/script>\n<!-- \/ Yoast SEO Premium plugin. -->","yoast_head_json":{"title":"Contact - Pando","robots":{"index":"index","follow":"follow","max-snippet":"max-snippet:-1","max-image-preview":"max-image-preview:large","max-video-preview":"max-video-preview:-1"},"canonical":"https:\/\/pando.es\/fr\/contact-2\/","og_locale":"fr_FR","og_type":"article","og_title":"Contact","og_url":"https:\/\/pando.es\/fr\/contact-2\/","og_site_name":"Pando","article_publisher":"https:\/\/www.facebook.com\/PandoIntegralCooking","article_modified_time":"2025-03-27T16:58:05+00:00","twitter_card":"summary_large_image","twitter_site":"@pandocampanas","schema":{"@context":"https:\/\/schema.org","@graph":[{"@type":"WebPage","@id":"https:\/\/pando.es\/fr\/contact-2\/","url":"https:\/\/pando.es\/fr\/contact-2\/","name":"Contact - Pando","isPartOf":{"@id":"https:\/\/pando.es\/fr\/#website"},"datePublished":"2013-11-26T10:19:38+00:00","dateModified":"2025-03-27T16:58:05+00:00","breadcrumb":{"@id":"https:\/\/pando.es\/fr\/contact-2\/#breadcrumb"},"inLanguage":"fr-FR","potentialAction":[{"@type":"ReadAction","target":["https:\/\/pando.es\/fr\/contact-2\/"]}]},{"@type":"BreadcrumbList","@id":"https:\/\/pando.es\/fr\/contact-2\/#breadcrumb","itemListElement":[{"@type":"ListItem","position":1,"name":"Portada","item":"https:\/\/pando.es\/fr\/inicio-fr\/"},{"@type":"ListItem","position":2,"name":"Contact"}]},{"@type":"WebSite","@id":"https:\/\/pando.es\/fr\/#website","url":"https:\/\/pando.es\/fr\/","name":"Pando","description":"Campanas decorativas de cocina","publisher":{"@id":"https:\/\/pando.es\/fr\/#organization"},"potentialAction":[{"@type":"SearchAction","target":{"@type":"EntryPoint","urlTemplate":"https:\/\/pando.es\/fr\/?s={search_term_string}"},"query-input":{"@type":"PropertyValueSpecification","valueRequired":true,"valueName":"search_term_string"}}],"inLanguage":"fr-FR"},{"@type":"Organization","@id":"https:\/\/pando.es\/fr\/#organization","name":"Pando","url":"https:\/\/pando.es\/fr\/","logo":{"@type":"ImageObject","inLanguage":"fr-FR","@id":"https:\/\/pando.es\/fr\/#\/schema\/logo\/image\/","url":"https:\/\/pando.es\/wp-content\/uploads\/logo-Pando-integral-cooking.png","contentUrl":"https:\/\/pando.es\/wp-content\/uploads\/logo-Pando-integral-cooking.png","width":500,"height":250,"caption":"Pando"},"image":{"@id":"https:\/\/pando.es\/fr\/#\/schema\/logo\/image\/"},"sameAs":["https:\/\/www.facebook.com\/PandoIntegralCooking","https:\/\/x.com\/pandocampanas","https:\/\/www.pinterest.es\/pandocampanas\/","https:\/\/www.youtube.com\/pandocampanas","https:\/\/www.linkedin.com\/company\/pando-inoxpan\/","https:\/\/www.instagram.com\/pandointegralcooking.es\/"]}]}},"_links":{"self":[{"href":"https:\/\/pando.es\/fr\/wp-json\/wp\/v2\/pages\/5585","targetHints":{"allow":["GET"]}}],"collection":[{"href":"https:\/\/pando.es\/fr\/wp-json\/wp\/v2\/pages"}],"about":[{"href":"https:\/\/pando.es\/fr\/wp-json\/wp\/v2\/types\/page"}],"author":[{"embeddable":true,"href":"https:\/\/pando.es\/fr\/wp-json\/wp\/v2\/users\/7"}],"replies":[{"embeddable":true,"href":"https:\/\/pando.es\/fr\/wp-json\/wp\/v2\/comments?post=5585"}],"version-history":[{"count":22,"href":"https:\/\/pando.es\/fr\/wp-json\/wp\/v2\/pages\/5585\/revisions"}],"predecessor-version":[{"id":45259,"href":"https:\/\/pando.es\/fr\/wp-json\/wp\/v2\/pages\/5585\/revisions\/45259"}],"wp:attachment":[{"href":"https:\/\/pando.es\/fr\/wp-json\/wp\/v2\/media?parent=5585"}],"curies":[{"name":"wp","href":"https:\/\/api.w.org\/{rel}","templated":true}]}}